{"id":69199,"date":"2026-05-06T13:55:33","date_gmt":"2026-05-06T11:55:33","guid":{"rendered":"https:\/\/memorabilia-germany.de\/produkt\/nikola-jokic-denver-nuggetsnuggets-pro-style-jersey-icon-edition-custom\/"},"modified":"2026-05-06T16:04:24","modified_gmt":"2026-05-06T14:04:24","slug":"nikola-jokic-denver-nuggetsnuggets-pro-style-jersey-icon-edition-custom","status":"publish","type":"product","link":"https:\/\/memorabilia-germany.de\/it\/produkt\/nikola-jokic-denver-nuggetsnuggets-pro-style-jersey-icon-edition-custom\/","title":{"rendered":"NIKOLA JOKIC (Denver Nuggets)<\/br>Nuggets Pro Style Jersey, Icon Edition Custom"},"content":{"rendered":"","protected":false},"excerpt":{"rendered":"<p><strong>Nikola Joki\u0107 gioca a basket in un modo che sembra quasi senza sforzo &#8211; e proprio per questo \u00e8 cos\u00ec straordinario. Grazie a una comprensione unica del gioco, a un&#8217;incredibile visione d&#8217;insieme e a una calma che rimane palpabile anche nei momenti pi\u00f9 importanti, controlla il gioco come nessun altro della sua generazione. Jokic non \u00e8 sinonimo di grande produzione, ma di pura classe, efficienza e QI cestistico ai massimi livelli.  <\/strong><\/p>\n<p><strong>Questo pregiato Show-Frames sottolinea con stile questa straordinaria presenza:<\/strong><\/p>\n<p><strong>Maglia da basket firmata Pro Style, incorniciata in una Show-Frame con aspetto 3D. L&#8217;autografo di Nikola Joki\u0107 sulla maglia. Tutti gli autografi NBA sono autenticati e hanno un numero di serie. Per ulteriori informazioni, vedere sotto.<\/strong><\/p>\n<ul style=\"padding-left: 25px; list-style-type: square;\">\n<li>Team Style: Denver, Icon Edition Style<\/li>\n<li>Modello: Pro Style Custom Basketball Jersey (I nomi e i numeri dei giocatori sono cuciti, non stampati)<\/li>\n<li>Autografo: Nikola Joki\u0107, matita colorata nera<\/li>\n<li>Autenticazione: Autenticazione Beckett (con numero di serie)<\/li>\n<li>Documenti: Digital Certificate of Authenticity + ologramma di sicurezza con codice QR sulla maglia.<\/li>\n<li>Taglia della maglia: XL<\/li>\n<li>Dimensioni della cornice dello Show-Frames: circa 75x95x5cm<\/li>\n<li>La maglia da basket viene consegnata in una &#8220;Show-Frame&#8221; nera, ovvero una cornice in legno predisposta per l&#8217;esposizione con montaggio a parete sul retro. La lastra di vetro frontale \u00e8 in vetro acrilico per motivi di sicurezza, per proteggere la maglia da eventuali danni da taglio in caso di rottura.<\/li>\n<li>La cornice \u00e8 stata creata da &#8220;Memorabilia Germany Showframe Manufaktur&#8221; e i materiali sono lavorati in modo tale da creare un elegante aspetto 3D nella cornice per mostrare la maglia al meglio. La targa incorporata nella Show-Frame \u00e8 in alluminio e riporta il nome del giocatore e alcune altre informazioni.<\/li>\n<li>Tutte le maglie da basket autografate sono verificate da uno degli autenticatori statunitensi leader di mercato e sono dotate di elementi di sicurezza numerati in serie che confermano l&#8217;autenticit\u00e0 degli autografi (Certificate of Authenticity e\/o ologramma di sicurezza). Gli autenticatori di autografi NBA sono disponibili su <strong><a href=\"https:\/\/memorabilia-germany.de\/it\/noi-memorabilia-germany\/\">Memorabilia Germany<\/a><\/strong> esclusivamente: <strong><a href=\"https:\/\/memorabilia-germany.de\/it\/autenticazione-della-firma\/#signature-authentication-beckett\">Beckett<\/a><\/strong>, <strong><a href=\"https:\/\/memorabilia-germany.de\/it\/autenticazione-della-firma\/#signature-authentication-james-spence\">James Spence Authentication<\/a><\/strong>, <strong><a href=\"https:\/\/memorabilia-germany.de\/it\/autenticazione-della-firma\/#signature-authentication-psa-dna\">PSA\/DNA<\/a><\/strong> o <strong><a href=\"https:\/\/memorabilia-germany.de\/it\/autenticazione-della-firma\/#signature-authentication-fanatics\">Fanatics<\/a><\/strong>. Ulteriori informazioni su questo importante argomento l&#8217;autenticazione sono disponibili <strong><a href=\"https:\/\/memorabilia-germany.de\/it\/autenticazione-della-firma\/\">qui<\/a><\/strong>.<\/li>\n<\/ul>\n<p>Custom Authentic<br \/>\nQual \u00e8 la differenza tra maglie e magliette? Puoi trovare maggiori informazioni nelle nostre<strong><a href=\"https:\/\/memorabilia-germany.de\/it\/sports-memorabilia-faq-it\/#faq-jersey-types\">FAQ<\/a><\/strong><\/p>\n<p>Puoi trovare altri Basketball Memorabilia autografati <strong><a href=\"https:\/\/memorabilia-germany.de\/it\/basketball-memorabilia-it\/\">qui<\/a><\/strong>.<\/p>\n","protected":false},"featured_media":69032,"template":"","meta":{"_acf_changed":false,"ocean_post_layout":"","ocean_both_sidebars_style":"","ocean_both_sidebars_content_width":0,"ocean_both_sidebars_sidebars_width":0,"ocean_sidebar":"0","ocean_second_sidebar":"0","ocean_disable_margins":"enable","ocean_add_body_class":"","ocean_shortcode_before_top_bar":"","ocean_shortcode_after_top_bar":"","ocean_shortcode_before_header":"","ocean_shortcode_after_header":"","ocean_has_shortcode":"","ocean_shortcode_after_title":"","ocean_shortcode_before_footer_widgets":"","ocean_shortcode_after_footer_widgets":"","ocean_shortcode_before_footer_bottom":"","ocean_shortcode_after_footer_bottom":"","ocean_display_top_bar":"default","ocean_display_header":"default","ocean_header_style":"","ocean_center_header_left_menu":"0","ocean_custom_header_template":"0","ocean_custom_logo":0,"ocean_custom_retina_logo":0,"ocean_custom_logo_max_width":0,"ocean_custom_logo_tablet_max_width":0,"ocean_custom_logo_mobile_max_width":0,"ocean_custom_logo_max_height":0,"ocean_custom_logo_tablet_max_height":0,"ocean_custom_logo_mobile_max_height":0,"ocean_header_custom_menu":"0","ocean_menu_typo_font_family":"0","ocean_menu_typo_font_subset":"","ocean_menu_typo_font_size":0,"ocean_menu_typo_font_size_tablet":0,"ocean_menu_typo_font_size_mobile":0,"ocean_menu_typo_font_size_unit":"px","ocean_menu_typo_font_weight":"","ocean_menu_typo_font_weight_tablet":"","ocean_menu_typo_font_weight_mobile":"","ocean_menu_typo_transform":"","ocean_menu_typo_transform_tablet":"","ocean_menu_typo_transform_mobile":"","ocean_menu_typo_line_height":0,"ocean_menu_typo_line_height_tablet":0,"ocean_menu_typo_line_height_mobile":0,"ocean_menu_typo_line_height_unit":"","ocean_menu_typo_spacing":0,"ocean_menu_typo_spacing_tablet":0,"ocean_menu_typo_spacing_mobile":0,"ocean_menu_typo_spacing_unit":"","ocean_menu_link_color":"","ocean_menu_link_color_hover":"","ocean_menu_link_color_active":"","ocean_menu_link_background":"","ocean_menu_link_hover_background":"","ocean_menu_link_active_background":"","ocean_menu_social_links_bg":"","ocean_menu_social_hover_links_bg":"","ocean_menu_social_links_color":"","ocean_menu_social_hover_links_color":"","ocean_disable_title":"default","ocean_disable_heading":"default","ocean_post_title":"","ocean_post_subheading":"","ocean_post_title_style":"","ocean_post_title_background_color":"","ocean_post_title_background":0,"ocean_post_title_bg_image_position":"","ocean_post_title_bg_image_attachment":"","ocean_post_title_bg_image_repeat":"","ocean_post_title_bg_image_size":"","ocean_post_title_height":0,"ocean_post_title_bg_overlay":0.5,"ocean_post_title_bg_overlay_color":"","ocean_disable_breadcrumbs":"default","ocean_breadcrumbs_color":"","ocean_breadcrumbs_separator_color":"","ocean_breadcrumbs_links_color":"","ocean_breadcrumbs_links_hover_color":"","ocean_display_footer_widgets":"default","ocean_display_footer_bottom":"default","ocean_custom_footer_template":"0","ofc_enable_fullscreen":"disable","ofc_fullscreen_speed":0,"ofc_fullscreen_nav":"enable","ofc_fullscreen_nav_pos":"right","ofc_fullscreen_nav_color":"","ofc_fullscreen_nav_tooltip_color":"","ofc_fullscreen_responsive":0},"product_brand":[],"product_cat":[4397],"product_tag":[],"class_list":{"0":"post-69199","1":"product","2":"type-product","3":"status-publish","4":"has-post-thumbnail","6":"product_cat-nikola-jokic-denver-nuggets-nuggets-pro-style-jersey-icon-edition-custom","7":"product_shipping_class-classe-di-spedizione_a","9":"entry","10":"has-media","12":"first","13":"instock","14":"taxable","15":"shipping-taxable","16":"purchasable","17":"product-type-simple","18":"col","19":"span_1_of_4","20":"owp-content-center","21":"owp-thumbs-layout-horizontal","22":"owp-btn-normal","23":"owp-tabs-layout-horizontal"},"acf":[],"_links":{"self":[{"href":"https:\/\/memorabilia-germany.de\/it\/wp-json\/wp\/v2\/product\/69199","targetHints":{"allow":["GET"]}}],"collection":[{"href":"https:\/\/memorabilia-germany.de\/it\/wp-json\/wp\/v2\/product"}],"about":[{"href":"https:\/\/memorabilia-germany.de\/it\/wp-json\/wp\/v2\/types\/product"}],"version-history":[{"count":0,"href":"https:\/\/memorabilia-germany.de\/it\/wp-json\/wp\/v2\/product\/69199\/revisions"}],"wp:featuredmedia":[{"embeddable":true,"href":"https:\/\/memorabilia-germany.de\/it\/wp-json\/wp\/v2\/media\/69032"}],"wp:attachment":[{"href":"https:\/\/memorabilia-germany.de\/it\/wp-json\/wp\/v2\/media?parent=69199"}],"wp:term":[{"taxonomy":"product_brand","embeddable":true,"href":"https:\/\/memorabilia-germany.de\/it\/wp-json\/wp\/v2\/product_brand?post=69199"},{"taxonomy":"product_cat","embeddable":true,"href":"https:\/\/memorabilia-germany.de\/it\/wp-json\/wp\/v2\/product_cat?post=69199"},{"taxonomy":"product_tag","embeddable":true,"href":"https:\/\/memorabilia-germany.de\/it\/wp-json\/wp\/v2\/product_tag?post=69199"}],"curies":[{"name":"wp","href":"https:\/\/api.w.org\/{rel}","templated":true}]}}