{"id":67930,"date":"2026-04-09T17:09:41","date_gmt":"2026-04-09T15:09:41","guid":{"rendered":"https:\/\/memorabilia-germany.de\/produkt\/nfl-graded-cards-mystery-boxdirty-slabs-club-level-edition\/"},"modified":"2026-04-09T17:17:23","modified_gmt":"2026-04-09T15:17:23","slug":"nfl-graded-cards-mystery-boxdirty-slabs-club-level-edition","status":"publish","type":"product","link":"https:\/\/memorabilia-germany.de\/it\/produkt\/nfl-graded-cards-mystery-boxdirty-slabs-club-level-edition\/","title":{"rendered":"NFL Graded Cards Mystery Box<\/br>(Dirty Slabs \u2013 Club Level Edition)"},"content":{"rendered":"","protected":false},"excerpt":{"rendered":"<p><strong>Club Level \u2013 right in the action!<\/strong><\/p>\n<p><strong>Ogni scatola \u00e8 sigillata e contiene una NFL Trading Card in una \u201eSlab&#8221;. Le figurine sono state classificate senza eccezioni dalle societ\u00e0 di classificazione PSA, CGC o Beckett. <\/strong><\/p>\n<p><strong>Inoltre, con un po&#8217; di fortuna potrai trovare Memorabilia firmate della NFL in questa edizione! Dalle fotografie XL alle maglie e alle sorprese dal mondo delle Trading Cards e dei Memorabilia Cards firmati: le tue possibilit\u00e0 di trovare dei successi non sono mai state cos\u00ec alte! Scopri di pi\u00f9 qui sotto.  <\/strong><\/p>\n<p><strong>Informazioni sul prodotto:<\/strong><\/p>\n<ul style=\"padding-left: 25px; list-style-type: square;\">\n<li>Contenuto di ogni scatola: 1 graded card in una lastra<\/li>\n<li>Club Level Edition: questa edizione \u00e8 caratterizzata da un solido livello di successo. Valori di inseguimento fino a 2.500 \u20ac <\/li>\n<li>Grading Companies di questa serie sono esclusivamente: PSA, CGC e Beckett.<\/li>\n<li>Questa serie contiene solo Trading Cards di Topps, Panini e Upper Deck.<\/li>\n<li>High-Grades only: tutte le Trading Cards classificate di questa serie hanno un voto di 9 o superiore!<\/li>\n<li><strong>Opportunit\u00e0:<\/strong>\n<ul style=\"padding-left: 30px; list-style-type: circle;\">\n<li><strong>Rookie Cards\/Parallels\/Inserts\/Numbered Cards<\/strong><\/li>\n<li><strong>On Card Autographs<\/strong><\/li>\n<li><strong>Memorabilia Cards<\/strong><\/li>\n<li><strong>Memorabilia firmate e autenticate della NFL<\/strong><\/li>\n<li><strong>Vintage Trading Card Packs<\/strong><\/li>\n<li><strong>Surprise Redemption Vouchers (Hobby Boxes, Caschi NFL e altre offerte speciali)<\/strong><\/li>\n<\/ul>\n<\/li>\n<li>Card Release Dates: la maggior parte delle carte proviene da edizioni moderne come Donruss Optic, Flawless, Contenders, Chrome, Certified o National Treasures. Tuttavia, nelle scatole nascondiamo anche alcuni vecchi tesori che possono risalire agli anni &#8217;70. <\/li>\n<li>Promessa &#8220;No Trash&#8221;: nelle scatole non ci sono noiose carte base 08\/15 di giocatori a caso.<\/li>\n<li>Caratteristiche speciali:\n<ul style=\"padding-left: 30px; list-style-type: circle;\">\n<li>On Card Autograph un avviso: alcune scatole possono contenere carte che sono state successivamente firmate &#8220;sulla carta&#8221; da una star della NFL. Anche queste figurine sono protette da una lastra di classificazione, ma \u00e8 possibile che la figurina non sia stata classificata, ma che l&#8217;etichetta riporti uno stato di autenticazione e\/o una nota di classificazione della firma (ad esempio &#8220;Beckett Witnessed&#8221;\/Autograph 10). <\/li>\n<li>Vintage Card Grading Notes: alcune scatole possono contenere carte classificate che sono state rilasciate prima del 1990. Le note di valutazione di queste carte potrebbero essere inferiori al grado 9, ma saranno comunque in grado di deliziarti. <\/li>\n<\/ul>\n<\/li>\n<\/ul>\n","protected":false},"featured_media":68098,"template":"","meta":{"_acf_changed":false,"ocean_post_layout":"","ocean_both_sidebars_style":"","ocean_both_sidebars_content_width":0,"ocean_both_sidebars_sidebars_width":0,"ocean_sidebar":"0","ocean_second_sidebar":"0","ocean_disable_margins":"enable","ocean_add_body_class":"","ocean_shortcode_before_top_bar":"","ocean_shortcode_after_top_bar":"","ocean_shortcode_before_header":"","ocean_shortcode_after_header":"","ocean_has_shortcode":"","ocean_shortcode_after_title":"","ocean_shortcode_before_footer_widgets":"","ocean_shortcode_after_footer_widgets":"","ocean_shortcode_before_footer_bottom":"","ocean_shortcode_after_footer_bottom":"","ocean_display_top_bar":"default","ocean_display_header":"default","ocean_header_style":"","ocean_center_header_left_menu":"0","ocean_custom_header_template":"0","ocean_custom_logo":0,"ocean_custom_retina_logo":0,"ocean_custom_logo_max_width":0,"ocean_custom_logo_tablet_max_width":0,"ocean_custom_logo_mobile_max_width":0,"ocean_custom_logo_max_height":0,"ocean_custom_logo_tablet_max_height":0,"ocean_custom_logo_mobile_max_height":0,"ocean_header_custom_menu":"0","ocean_menu_typo_font_family":"0","ocean_menu_typo_font_subset":"","ocean_menu_typo_font_size":0,"ocean_menu_typo_font_size_tablet":0,"ocean_menu_typo_font_size_mobile":0,"ocean_menu_typo_font_size_unit":"px","ocean_menu_typo_font_weight":"","ocean_menu_typo_font_weight_tablet":"","ocean_menu_typo_font_weight_mobile":"","ocean_menu_typo_transform":"","ocean_menu_typo_transform_tablet":"","ocean_menu_typo_transform_mobile":"","ocean_menu_typo_line_height":0,"ocean_menu_typo_line_height_tablet":0,"ocean_menu_typo_line_height_mobile":0,"ocean_menu_typo_line_height_unit":"","ocean_menu_typo_spacing":0,"ocean_menu_typo_spacing_tablet":0,"ocean_menu_typo_spacing_mobile":0,"ocean_menu_typo_spacing_unit":"","ocean_menu_link_color":"","ocean_menu_link_color_hover":"","ocean_menu_link_color_active":"","ocean_menu_link_background":"","ocean_menu_link_hover_background":"","ocean_menu_link_active_background":"","ocean_menu_social_links_bg":"","ocean_menu_social_hover_links_bg":"","ocean_menu_social_links_color":"","ocean_menu_social_hover_links_color":"","ocean_disable_title":"default","ocean_disable_heading":"default","ocean_post_title":"","ocean_post_subheading":"","ocean_post_title_style":"","ocean_post_title_background_color":"","ocean_post_title_background":0,"ocean_post_title_bg_image_position":"","ocean_post_title_bg_image_attachment":"","ocean_post_title_bg_image_repeat":"","ocean_post_title_bg_image_size":"","ocean_post_title_height":0,"ocean_post_title_bg_overlay":0.5,"ocean_post_title_bg_overlay_color":"","ocean_disable_breadcrumbs":"default","ocean_breadcrumbs_color":"","ocean_breadcrumbs_separator_color":"","ocean_breadcrumbs_links_color":"","ocean_breadcrumbs_links_hover_color":"","ocean_display_footer_widgets":"default","ocean_display_footer_bottom":"default","ocean_custom_footer_template":"0","ofc_enable_fullscreen":"disable","ofc_fullscreen_speed":0,"ofc_fullscreen_nav":"enable","ofc_fullscreen_nav_pos":"right","ofc_fullscreen_nav_color":"","ofc_fullscreen_nav_tooltip_color":"","ofc_fullscreen_responsive":0},"product_brand":[],"product_cat":[4342],"product_tag":[],"class_list":{"0":"post-67930","1":"product","2":"type-product","3":"status-publish","4":"has-post-thumbnail","6":"product_cat-nfl-graded-cards-mystery-box-dirty-slabs-club-level-edition","7":"product_shipping_class-classe-di-spedizione_a","9":"entry","10":"has-media","12":"first","13":"instock","14":"taxable","15":"shipping-taxable","16":"purchasable","17":"product-type-simple","18":"col","19":"span_1_of_4","20":"owp-content-center","21":"owp-thumbs-layout-horizontal","22":"owp-btn-normal","23":"owp-tabs-layout-horizontal"},"acf":[],"_links":{"self":[{"href":"https:\/\/memorabilia-germany.de\/it\/wp-json\/wp\/v2\/product\/67930","targetHints":{"allow":["GET"]}}],"collection":[{"href":"https:\/\/memorabilia-germany.de\/it\/wp-json\/wp\/v2\/product"}],"about":[{"href":"https:\/\/memorabilia-germany.de\/it\/wp-json\/wp\/v2\/types\/product"}],"version-history":[{"count":0,"href":"https:\/\/memorabilia-germany.de\/it\/wp-json\/wp\/v2\/product\/67930\/revisions"}],"wp:featuredmedia":[{"embeddable":true,"href":"https:\/\/memorabilia-germany.de\/it\/wp-json\/wp\/v2\/media\/68098"}],"wp:attachment":[{"href":"https:\/\/memorabilia-germany.de\/it\/wp-json\/wp\/v2\/media?parent=67930"}],"wp:term":[{"taxonomy":"product_brand","embeddable":true,"href":"https:\/\/memorabilia-germany.de\/it\/wp-json\/wp\/v2\/product_brand?post=67930"},{"taxonomy":"product_cat","embeddable":true,"href":"https:\/\/memorabilia-germany.de\/it\/wp-json\/wp\/v2\/product_cat?post=67930"},{"taxonomy":"product_tag","embeddable":true,"href":"https:\/\/memorabilia-germany.de\/it\/wp-json\/wp\/v2\/product_tag?post=67930"}],"curies":[{"name":"wp","href":"https:\/\/api.w.org\/{rel}","templated":true}]}}