{"id":67743,"date":"2026-04-04T14:17:33","date_gmt":"2026-04-04T12:17:33","guid":{"rendered":"https:\/\/memorabilia-germany.de\/produkt\/basketball-jersey-mystery-box2026-bank-is-open-series-1-nba-draft-pick-special-chances\/"},"modified":"2026-04-04T14:48:59","modified_gmt":"2026-04-04T12:48:59","slug":"basketball-jersey-mystery-box2026-bank-is-open-series-1-nba-draft-pick-special-chances","status":"publish","type":"product","link":"https:\/\/memorabilia-germany.de\/it\/produkt\/basketball-jersey-mystery-box2026-bank-is-open-series-1-nba-draft-pick-special-chances\/","title":{"rendered":"Basketball Jersey Mystery Box:<\/br>2026 BANK IS OPEN Series<\/br>(#1 NBA Draft Pick Special Chances!)"},"content":{"rendered":"<p><strong>Ulteriori informazioni su questa serie di Mystery Box in jersey:<\/strong><\/p>\n<ul style=\"list-style-type: square;\">\n<li>Nota: Custom Basketball Trikots sono maglie autografate da collezionare o da incorniciare che non presentano loghi o etichette della squadra. Potete trovare le differenze rispetto alle maglie Authentic qui.<\/li>\n<li>Le maglie sono state distribuite casualmente tra le scatole.<\/li>\n<li>Tutti i cimeli contenuti in una Jersey Mystery Box sono stati verificati da un autenticatore statunitense leader di mercato e sono dotati di funzionalit\u00e0 di sicurezza con numero di serie (Certificate of Authenticity e\/o ologramma di sicurezza). Gli autenticatori sono esclusivamente: Beckett, James Spence Authentication, PSA\/DNA o Fanatics. Ulteriori informazioni su questo importante argomento l&#8217;autenticazione sono disponibili qui.<\/li>\n<li>Con noi ottieni una panoramica COMPLETA dell&#8217;elenco dei giocatori inclusi in questa serie Mystery Box:<\/li>\n<\/ul>\n<p style=\"text-align: center;\">Luka Doncic<br \/>\nVictor Wembanyama<br \/>\nCooper Flagg, Paolo Banchero &amp; Kareem Abdul-Jabbar #1 Pick Special Inserts<br \/>\nShai Gilgeous-Alexander<br \/>\nV. J. Edgecombe<br \/>\nDirk Nowitzki<br \/>\nStephen Curry<br \/>\nKon Knueppel<br \/>\nNikola Jokic<br \/>\nFranz Wagner<br \/>\nDonovan Mitchell<br \/>\nIsaiah Hartenstein<br \/>\nKarl Malone<br \/>\nLarry Bird<br \/>\nShaquille O&#8217;Neal<br \/>\nLaMelo Ball<br \/>\nChet Holmgren<br \/>\nMagic Johnson<br \/>\nDennis Rodman<br \/>\nGiannis Antetokounmpo<br \/>\nKevin Durant<br \/>\nHakeem Olajuwon<br \/>\nJa Morant<br \/>\nAce Bailey<br \/>\nAmen Thompson<br \/>\nJalen Brunson<br \/>\nAllen Iverson<br \/>\nMoses Moody<br \/>\nJerry West<br \/>\nDamian Lillard<br \/>\nDonte DiVincenzo<br \/>\nGary Payton<br \/>\nDerik Queen<br \/>\nGary Payton II<br \/>\nAustin Reaves<br \/>\nTony Parker<br \/>\nDetlef Schrempf<br \/>\nTim Hardaway<br \/>\nDesmond Bane<br \/>\nDylan Harper<br \/>\nTari Eason<br \/>\nRon Holland<br \/>\nAlexandre Sarr<br \/>\nMatas Buzelis<br \/>\nDerrick White<br \/>\nCedric Maxwell<br \/>\nToni Kukoc<br \/>\nJoe Dumars<br \/>\nChristian Braun<br \/>\nSpud Webb<br \/>\nTyler Herro<br \/>\nJrue Holiday<br \/>\nChris Mullin<br \/>\nAlonzo Mourning<br \/>\nPenny Hardaway<br \/>\nLarry Johnson<br \/>\nRobert Horry<br \/>\nGrayson Allen<br \/>\nDamon Stoudamire<br \/>\nDominique Wilkins<br \/>\nDuncan Robinson<br \/>\nDerek Harper<br \/>\nStephon Marbury<br \/>\nShawn Kemp<br \/>\nRalph Sampson<br \/>\nGlen Rice<br \/>\nMichael Cooper<br \/>\nTy Jerome<br \/>\nBernard King<br \/>\nArtis Gilmore<br \/>\nAl Horford<\/p>\n<p>Se una serie contiene pi\u00f9 di un Basketball Memorabilia dello stesso giocatore, riceverete un &#8220;No Double Option&#8221;. Ci\u00f2 significa che sicuramente non otterrai un giocatore duplicato se acquisti pi\u00f9 di una scatola.<\/p>\n<p>Come funziona una Mystery Box in jersey?<\/p>\n<p>Potete trovare informazioni al riguardo nelle nostre <strong><a href=\"https:\/\/memorabilia-germany.de\/it\/sports-memorabilia-faq-it\/#memorabilia-mystery-box\"><u>FAQ<\/u><\/a><\/strong>!<\/p>\n<p>Qual \u00e8 la differenza tra maglie Custom e maglie Authentic?<\/p>\n<p>Potete trovare informazioni al riguardo nelle nostre <strong><a href=\"https:\/\/memorabilia-germany.de\/it\/sports-memorabilia-faq-it\/#faq-jersey-types\"><u>FAQ<\/u><\/a><\/strong>!<\/p>\n<p>\u00c8 possibile trovare altri Basketball Memorabilia <strong><a href=\"https:\/\/memorabilia-germany.de\/it\/basketball-memorabilia-it\/\">qui<\/a><\/strong>.<\/p>\n","protected":false},"excerpt":{"rendered":"<p><strong>The bank is open, ladies and gentlemen! L&#8217;NBA \u00e8 ci\u00f2 che ci tiene svegli la notte: partite da brivido, leggende, giocate indimenticabili. \u00c8 pi\u00f9 di uno sport, \u00e8 un sentimento che ci unisce tutti. Ed \u00e8 proprio questo il sentimento presente in ogni scatola di questa Mystery Edition.   <\/strong><\/p>\n<p><strong>La serie \u00e8 limitata a un totale di soli 100 esemplari. <a href=\"https:\/\/memorabilia-germany.de\/it\/sports-memorabilia-faq-it\/#memorabilia-mystery-box\"><u>Mystery Box<\/u><\/a> limitate. Ogni scatola \u00e8 numerata singolarmente. In questa serie troverai le maglie da basket autografate di superstar attuali dell&#8217;NBA come Victor Wembanyama, V.J. Edgecombe, Shai Gilgeous-Alexander o Luka Doncic e di leggende dell&#8217;NBA come Karl Malone o Allen Iverson.  <\/strong><\/p>\n<p><strong>Inoltre, in questa serie abbiamo nascosto alcuni Special Inserts firmati dalle NBA Draft First Overall Picks, tra cui un autografo della Superstar NBA Rookie Cooper Flagg!<\/strong><\/p>\n<p><strong>Panoramica rapida:<\/strong><\/p>\n<ul style=\"list-style-type: square;\">\n<li>Contenuto di ogni confezione: maglia da basket firmata <a href=\"https:\/\/memorabilia-germany.de\/it\/sports-memorabilia-faq-it\/#faq-jersey-types\"><strong><u>maglia da basket Custom<\/u><\/strong><\/a>. Le immagini ti danno un piccolo spaccato del segreto della serie!<\/li>\n<li>Tutte le maglie sono autografate da almeno una stella o leggenda della NBA attuale. Inoltre, molte maglie sono anche autografate con le Inscriptions dei giocatori!<\/li>\n<li>Special Chances: alcune scatole contengono maglie NBA firmate da Nike, Jordan e Mitchell &amp; Ness, anche di club come Los Angeles Lakers, Orlando Magic, Chicago Bulls o Oklahoma City Thunder con autografi dei giocatori.<\/li>\n<li>#1 NBA Draft Pick Mystery: trova uno dei tre Special Inserts firmati dalle prime scelte assolute Cooper Flagg, Paolo Banchero o Kareem Abdul-Jabbar, oltre a una maglia in tre scatole!<\/li>\n<li>Autenticazione degli autografi (solo): <strong><a href=\"https:\/\/memorabilia-germany.de\/it\/autenticazione-della-firma\/#signature-authentication-beckett\">Beckett<\/a><\/strong>, <strong><a href=\"https:\/\/memorabilia-germany.de\/it\/autenticazione-della-firma\/#signature-authentication-james-spence\">James Spence Authentication<\/a><\/strong>, <strong><a href=\"https:\/\/memorabilia-germany.de\/it\/autenticazione-della-firma\/#signature-authentication-psa-dna\">PSA\/DNA<\/a><\/strong> o <strong><a href=\"https:\/\/memorabilia-germany.de\/it\/autenticazione-della-firma\/#signature-authentication-fanatics\">Fanatics<\/a><\/strong>.<\/li>\n<\/ul>\n","protected":false},"featured_media":67703,"template":"","meta":{"_acf_changed":false,"ocean_post_layout":"","ocean_both_sidebars_style":"","ocean_both_sidebars_content_width":0,"ocean_both_sidebars_sidebars_width":0,"ocean_sidebar":"0","ocean_second_sidebar":"0","ocean_disable_margins":"enable","ocean_add_body_class":"","ocean_shortcode_before_top_bar":"","ocean_shortcode_after_top_bar":"","ocean_shortcode_before_header":"","ocean_shortcode_after_header":"","ocean_has_shortcode":"","ocean_shortcode_after_title":"","ocean_shortcode_before_footer_widgets":"","ocean_shortcode_after_footer_widgets":"","ocean_shortcode_before_footer_bottom":"","ocean_shortcode_after_footer_bottom":"","ocean_display_top_bar":"default","ocean_display_header":"default","ocean_header_style":"","ocean_center_header_left_menu":"0","ocean_custom_header_template":"0","ocean_custom_logo":0,"ocean_custom_retina_logo":0,"ocean_custom_logo_max_width":0,"ocean_custom_logo_tablet_max_width":0,"ocean_custom_logo_mobile_max_width":0,"ocean_custom_logo_max_height":0,"ocean_custom_logo_tablet_max_height":0,"ocean_custom_logo_mobile_max_height":0,"ocean_header_custom_menu":"0","ocean_menu_typo_font_family":"0","ocean_menu_typo_font_subset":"","ocean_menu_typo_font_size":0,"ocean_menu_typo_font_size_tablet":0,"ocean_menu_typo_font_size_mobile":0,"ocean_menu_typo_font_size_unit":"px","ocean_menu_typo_font_weight":"","ocean_menu_typo_font_weight_tablet":"","ocean_menu_typo_font_weight_mobile":"","ocean_menu_typo_transform":"","ocean_menu_typo_transform_tablet":"","ocean_menu_typo_transform_mobile":"","ocean_menu_typo_line_height":0,"ocean_menu_typo_line_height_tablet":0,"ocean_menu_typo_line_height_mobile":0,"ocean_menu_typo_line_height_unit":"","ocean_menu_typo_spacing":0,"ocean_menu_typo_spacing_tablet":0,"ocean_menu_typo_spacing_mobile":0,"ocean_menu_typo_spacing_unit":"","ocean_menu_link_color":"","ocean_menu_link_color_hover":"","ocean_menu_link_color_active":"","ocean_menu_link_background":"","ocean_menu_link_hover_background":"","ocean_menu_link_active_background":"","ocean_menu_social_links_bg":"","ocean_menu_social_hover_links_bg":"","ocean_menu_social_links_color":"","ocean_menu_social_hover_links_color":"","ocean_disable_title":"default","ocean_disable_heading":"default","ocean_post_title":"","ocean_post_subheading":"","ocean_post_title_style":"","ocean_post_title_background_color":"","ocean_post_title_background":0,"ocean_post_title_bg_image_position":"","ocean_post_title_bg_image_attachment":"","ocean_post_title_bg_image_repeat":"","ocean_post_title_bg_image_size":"","ocean_post_title_height":0,"ocean_post_title_bg_overlay":0.5,"ocean_post_title_bg_overlay_color":"","ocean_disable_breadcrumbs":"default","ocean_breadcrumbs_color":"","ocean_breadcrumbs_separator_color":"","ocean_breadcrumbs_links_color":"","ocean_breadcrumbs_links_hover_color":"","ocean_display_footer_widgets":"default","ocean_display_footer_bottom":"default","ocean_custom_footer_template":"0","ofc_enable_fullscreen":"disable","ofc_fullscreen_speed":0,"ofc_fullscreen_nav":"enable","ofc_fullscreen_nav_pos":"right","ofc_fullscreen_nav_color":"","ofc_fullscreen_nav_tooltip_color":"","ofc_fullscreen_responsive":0},"product_brand":[],"product_cat":[4326],"product_tag":[],"class_list":{"0":"post-67743","1":"product","2":"type-product","3":"status-publish","4":"has-post-thumbnail","6":"product_cat-basketball-jersey-mystery-box-2026-bank-is-open-series-1-nba-draft-pick-special-chances","7":"product_shipping_class-classe-di-spedizione_a","9":"entry","10":"has-media","12":"first","13":"instock","14":"taxable","15":"shipping-taxable","16":"purchasable","17":"product-type-simple","18":"col","19":"span_1_of_4","20":"owp-content-center","21":"owp-thumbs-layout-horizontal","22":"owp-btn-normal","23":"owp-tabs-layout-horizontal"},"acf":[],"_links":{"self":[{"href":"https:\/\/memorabilia-germany.de\/it\/wp-json\/wp\/v2\/product\/67743","targetHints":{"allow":["GET"]}}],"collection":[{"href":"https:\/\/memorabilia-germany.de\/it\/wp-json\/wp\/v2\/product"}],"about":[{"href":"https:\/\/memorabilia-germany.de\/it\/wp-json\/wp\/v2\/types\/product"}],"version-history":[{"count":0,"href":"https:\/\/memorabilia-germany.de\/it\/wp-json\/wp\/v2\/product\/67743\/revisions"}],"wp:featuredmedia":[{"embeddable":true,"href":"https:\/\/memorabilia-germany.de\/it\/wp-json\/wp\/v2\/media\/67703"}],"wp:attachment":[{"href":"https:\/\/memorabilia-germany.de\/it\/wp-json\/wp\/v2\/media?parent=67743"}],"wp:term":[{"taxonomy":"product_brand","embeddable":true,"href":"https:\/\/memorabilia-germany.de\/it\/wp-json\/wp\/v2\/product_brand?post=67743"},{"taxonomy":"product_cat","embeddable":true,"href":"https:\/\/memorabilia-germany.de\/it\/wp-json\/wp\/v2\/product_cat?post=67743"},{"taxonomy":"product_tag","embeddable":true,"href":"https:\/\/memorabilia-germany.de\/it\/wp-json\/wp\/v2\/product_tag?post=67743"}],"curies":[{"name":"wp","href":"https:\/\/api.w.org\/{rel}","templated":true}]}}