{"id":65979,"date":"2026-02-09T16:36:49","date_gmt":"2026-02-09T15:36:49","guid":{"rendered":"https:\/\/memorabilia-germany.de\/?post_type=product&#038;p=65979"},"modified":"2026-02-09T19:09:56","modified_gmt":"2026-02-09T18:09:56","slug":"nba-trading-cards-pocket-packblack-edition-20265-unopened-packs","status":"publish","type":"product","link":"https:\/\/memorabilia-germany.de\/it\/produkt\/nba-trading-cards-pocket-packblack-edition-20265-unopened-packs\/","title":{"rendered":"NBA Trading Cards Pocket Pack<\/br>\u201cBlack Edition 2026\u201d<\/br>(5 unopened packs)"},"content":{"rendered":"<p style=\"text-align: center;\"><strong>Tutte le confezioni di questa serie provengono esclusivamente dalle seguenti scatole di Trading Cards:<\/strong><br \/>\n&nbsp;<br \/>\n1999\/2000 Upper Deck MVP Basketball (Hobby Box)<br \/>\n2024\/25 Panini Donruss Optic Basketball (Hobby Box)<br \/>\n2006\/07 Upper Deck Basketball (Hobby &amp; Retail Box)<br \/>\n2000\/01 Topps Gallery Premium NBA Basketball Cards (Hobby Box)<br \/>\n2025\/26 Topps NBA Basketball (Hobby Box)<br \/>\n2024\/25 Topps Chrome NBA Basketball (Hobby &amp; Blaster Box)<br \/>\n2025\/26 Topps Holiday Basketball (Mega Box)<br \/>\n2002\/03 Topps NBA Basketball Cards (Retail Box)<br \/>\n1992 USA Basketball Cards Dream Team Edition (Hobby Box)<br \/>\n1999\/00 Fleer Skybox Impact Basketball (Hobby Box)<br \/>\n1990 Fleer Basketball Player Photo Cards (Wax Box)<br \/>\n1994\/95 Fleer Ultra Basketball (Hobby Box)<br \/>\n1993\/94 Fleer Basketball Cards (Hobby Box)<br \/>\n1994\/95 Upper Deck NBA Basketball Cards (Hobby Box)<br \/>\n2023\/24 Panini Prizm Basketball (Scatola di vendita)<br \/>\n2024\/25 Panini Donruss Basketball (Retail &amp; Blaster Box)<br \/>\n1992\/93 SkyBox Basketball Cards (Hobby Box)<br \/>\n1992\/93 Fleer Ultra Basketball Cards (Wax Box)<br \/>\n1994 Skybox USA Basketball Trading Cards (Hobby Box)<br \/>\n1993\/94 SkyBox Premium Edition Basketball Cards (Hobby Box)<br \/>\n1990\/91 NBA HOOPS (Wax Box)<br \/>\n1991\/92 NBA HOOPS (Wax Box)<br \/>\n1992\/93 NBA HOOPS (Wax Box)<br \/>\n1993\/94 NBA HOOPS (Wax Box)<br \/>\n1994\/95 NBA HOOPS (Wax Box)<br \/>\n1993\/94 Topps Stadium Club Super Color Cards (Wax Box)<br \/>\n2024\/25 Panini Donruss Optic Basketball (Mega &amp; Retail Box)<br \/>\n2022\/23 Panini NBA Chronicles Draft Picks (Blaster Box)<br \/>\n1991\/92 Upper Deck NBA Basketball Cards Inaugural Edition (Hobby Box)<br \/>\n1994\/95 Skybox Premium Basketball Cards (Hobby Box)<br \/>\n1990\/91 SkyBox Inaugural Edition Basketball Cards (Wax Box)<br \/>\n1991\/92 Skybox Basketball Cards (Wax Box)<br \/>\n1993\/94 SkyBox Premium Edition Basketball Cards (Hobby Box)<br \/>\n1994 Topps Stadium Club NBA Basketball Cards (Hobby Box)<br \/>\n1991 Fleer Basketball Player Photo Cards (Wax Box)<br \/>\n2025\/26 Topps NBA Basketball (Mega &amp; Blaster Box)\n<\/p>\n<p>Nota: tutte le confezioni di Trading Cards sono state controllate da Memorabilia Germany per verificarne le condizioni e le Mystery Box contengono solo confezioni in ottime condizioni che non sono mai state aperte. Tieni presente, tuttavia, che le carte hanno fino a 35 anni e quindi non possiamo garantire le condizioni dei pacchetti.<\/p>\n<p>Come funziona una Mystery Box?<br \/>\nPuoi trovare maggiori informazioni nelle nostre <strong><a href=\"https:\/\/memorabilia-germany.de\/it\/sports-memorabilia-faq-it\/#memorabilia-mystery-box\"><u>FAQ<\/u><\/a><\/strong>!<\/p>\n","protected":false},"excerpt":{"rendered":"<p><strong>Questa serie \u00e8 limitata a un totale di 100 Pocket Pack di NBA Trading Cards. Ogni confezione \u00e8 sigillata e ha un numero di serie. I pacchetti contengono confezioni non aperte delle edizioni di Trading Cards pi\u00f9 esclusive di oggi e delle edizioni esaurite dei decenni passati. Puoi trovare carte rare degli anni &#8217;80, &#8217;90 e 2000, ad esempio di Kobe Bryant, Larry Bird, Michael Jordan o Shaquille O&#8217;Neal, ma anche le ultime carte Autograph Cards, Parallels o altri Inserts delle superstar di oggi! <\/strong><\/p>\n<p><strong>Informazioni sul prodotto:<\/strong><\/p>\n<ul style=\"list-style-type: square;\">\n<li>Contenuto di ogni confezione: 5 confezioni non aperte dalla fine degli anni &#8217;80 all&#8217;attuale stagione NBA (elenco dettagliato sotto).<\/li>\n<li>Tutti i pacchetti provengono da scatole &#8220;factory sealed&#8221;.<\/li>\n<li>Trova le Trading Cards originali di stelle dell&#8217;NBA come Michael Jordan, Cooper Flagg, LeBron James, Kobe Bryant, Shaquille O&#8217;Neal, Larry Bird, Magic Johnson, Steph Curry, James Harden, Nikola Jokic, Dennis Rodman, Grant Hill, Giannis Antetokounmpo, Luka Doncic o Victor Wembanyama.<\/li>\n<\/ul>\n<p>&nbsp;<br \/>\n<strong>Highlight Chances:<\/strong><\/p>\n<ul style=\"list-style-type: square;\">\n<li>1999\/2000 Upper Deck MVP Autographs, Memorabilia Cards &amp; Special Inserts von 1999:\n<ul style=\"list-style-type: circle;\">\n<li>Michael Jordan Gold Scripts, Game Used Memorabilia Cards &amp; Autograph Pro Sign Cards<\/li>\n<li>Jordan\u2019s MVP Moments<\/li>\n<li>Pro Sign Autograph Cards &amp; Game Used Memorabilia Cards<\/li>\n<li>Gold Scripts, Super Scripts, Electrifying<\/li>\n<li>MVP Theatre, Jam Time, 21s Century &amp; Dynamics Inserts<\/li>\n<li>Draw Your Own Contest Cards<\/li>\n<\/ul>\n<\/li>\n<li>2024\/25 Panini Donruss Optic Autographs, Parallels &amp; Inserts:\n<ul style=\"list-style-type: circle;\">\n<li>Black Pandora Rated Rookies Signatures<\/li>\n<li>Opti-Graphs Gold Vinyl Autographs<\/li>\n<li>Rookie Dual Signatures<\/li>\n<li>Downtown Vinyls &amp; Alter Ego Golds<\/li>\n<li>Elite Dominators, Rising Suns, Red Hot Rookies &amp; Net Marvels Inserts<\/li>\n<\/ul>\n<\/li>\n<li>2006\/07 Upper Deck LeBron James Memorabilia Cards:\n<ul style=\"list-style-type: circle;\">\n<li>\u201cUD Game Jerseys\u201d<\/li>\n<li>\u201cLeBrons Commercial Worn Memorabilia\u201d<\/li>\n<li>\u201cLeBrons Commercial Worn Memorabilia\u201d (Duals &amp; Quads: numbered to 50 and 10)<\/li>\n<\/ul>\n<\/li>\n<li>2000\/01 Topps Gallery Autographs, Memorabilia Cards &amp; Parallels:\n<ul style=\"list-style-type: circle;\">\n<li>NBA Superstar Autographs<\/li>\n<li>Player Worn Jersey Memorabilia Cards<\/li>\n<li>Gallery Signatures, Rookie Originals &amp; Rookie Veterans<\/li>\n<li>Gallery Heritage + Charity Gallery<\/li>\n<\/ul>\n<\/li>\n<li>2025\/26 Topps Basketball Autograph Cards, Relics &amp; Special Inserts:\n<ul style=\"list-style-type: circle;\">\n<li>Flagship Real One Rookie Autographs<\/li>\n<li>Rookie Photoshoot Dual Autographs<\/li>\n<li>Rise to the Occasion Relics + Rookie Roundball Remnants<\/li>\n<li>1980\/81 Topps Basketball Autograph Specials<\/li>\n<li>Social Followback Program: Athlete Instagram Followback for 1\/1 finders!<\/li>\n<li>All Kings, Hardwood Stars + Team Color Border Variation SSPs<\/li>\n<\/ul>\n<\/li>\n<li>1993 Michael Jordan Center Stage Cards<\/li>\n<li>1992 Larry Bird &amp; Magic Johnson Retirement Insert Cards<\/li>\n<\/ul>\n","protected":false},"featured_media":65864,"template":"","meta":{"_acf_changed":false,"ocean_post_layout":"","ocean_both_sidebars_style":"","ocean_both_sidebars_content_width":0,"ocean_both_sidebars_sidebars_width":0,"ocean_sidebar":"0","ocean_second_sidebar":"0","ocean_disable_margins":"enable","ocean_add_body_class":"","ocean_shortcode_before_top_bar":"","ocean_shortcode_after_top_bar":"","ocean_shortcode_before_header":"","ocean_shortcode_after_header":"","ocean_has_shortcode":"","ocean_shortcode_after_title":"","ocean_shortcode_before_footer_widgets":"","ocean_shortcode_after_footer_widgets":"","ocean_shortcode_before_footer_bottom":"","ocean_shortcode_after_footer_bottom":"","ocean_display_top_bar":"default","ocean_display_header":"default","ocean_header_style":"","ocean_center_header_left_menu":"0","ocean_custom_header_template":"0","ocean_custom_logo":0,"ocean_custom_retina_logo":0,"ocean_custom_logo_max_width":0,"ocean_custom_logo_tablet_max_width":0,"ocean_custom_logo_mobile_max_width":0,"ocean_custom_logo_max_height":0,"ocean_custom_logo_tablet_max_height":0,"ocean_custom_logo_mobile_max_height":0,"ocean_header_custom_menu":"0","ocean_menu_typo_font_family":"0","ocean_menu_typo_font_subset":"","ocean_menu_typo_font_size":0,"ocean_menu_typo_font_size_tablet":0,"ocean_menu_typo_font_size_mobile":0,"ocean_menu_typo_font_size_unit":"px","ocean_menu_typo_font_weight":"","ocean_menu_typo_font_weight_tablet":"","ocean_menu_typo_font_weight_mobile":"","ocean_menu_typo_transform":"","ocean_menu_typo_transform_tablet":"","ocean_menu_typo_transform_mobile":"","ocean_menu_typo_line_height":0,"ocean_menu_typo_line_height_tablet":0,"ocean_menu_typo_line_height_mobile":0,"ocean_menu_typo_line_height_unit":"","ocean_menu_typo_spacing":0,"ocean_menu_typo_spacing_tablet":0,"ocean_menu_typo_spacing_mobile":0,"ocean_menu_typo_spacing_unit":"","ocean_menu_link_color":"","ocean_menu_link_color_hover":"","ocean_menu_link_color_active":"","ocean_menu_link_background":"","ocean_menu_link_hover_background":"","ocean_menu_link_active_background":"","ocean_menu_social_links_bg":"","ocean_menu_social_hover_links_bg":"","ocean_menu_social_links_color":"","ocean_menu_social_hover_links_color":"","ocean_disable_title":"default","ocean_disable_heading":"default","ocean_post_title":"","ocean_post_subheading":"","ocean_post_title_style":"","ocean_post_title_background_color":"","ocean_post_title_background":0,"ocean_post_title_bg_image_position":"","ocean_post_title_bg_image_attachment":"","ocean_post_title_bg_image_repeat":"","ocean_post_title_bg_image_size":"","ocean_post_title_height":0,"ocean_post_title_bg_overlay":0.5,"ocean_post_title_bg_overlay_color":"","ocean_disable_breadcrumbs":"default","ocean_breadcrumbs_color":"","ocean_breadcrumbs_separator_color":"","ocean_breadcrumbs_links_color":"","ocean_breadcrumbs_links_hover_color":"","ocean_display_footer_widgets":"default","ocean_display_footer_bottom":"default","ocean_custom_footer_template":"0","ofc_enable_fullscreen":"disable","ofc_fullscreen_speed":0,"ofc_fullscreen_nav":"enable","ofc_fullscreen_nav_pos":"right","ofc_fullscreen_nav_color":"","ofc_fullscreen_nav_tooltip_color":"","ofc_fullscreen_responsive":0},"product_brand":[],"product_cat":[4212],"product_tag":[],"class_list":{"0":"post-65979","1":"product","2":"type-product","3":"status-publish","4":"has-post-thumbnail","6":"product_cat-nba-trading-cards-pocket-pack-black-edition-2026-5-unopened-packs","7":"product_shipping_class-classe-di-spedizione_a","9":"entry","10":"has-media","12":"first","13":"instock","14":"taxable","15":"shipping-taxable","16":"purchasable","17":"product-type-simple","18":"col","19":"span_1_of_4","20":"owp-content-center","21":"owp-thumbs-layout-horizontal","22":"owp-btn-normal","23":"owp-tabs-layout-horizontal"},"acf":[],"_links":{"self":[{"href":"https:\/\/memorabilia-germany.de\/it\/wp-json\/wp\/v2\/product\/65979","targetHints":{"allow":["GET"]}}],"collection":[{"href":"https:\/\/memorabilia-germany.de\/it\/wp-json\/wp\/v2\/product"}],"about":[{"href":"https:\/\/memorabilia-germany.de\/it\/wp-json\/wp\/v2\/types\/product"}],"version-history":[{"count":0,"href":"https:\/\/memorabilia-germany.de\/it\/wp-json\/wp\/v2\/product\/65979\/revisions"}],"wp:featuredmedia":[{"embeddable":true,"href":"https:\/\/memorabilia-germany.de\/it\/wp-json\/wp\/v2\/media\/65864"}],"wp:attachment":[{"href":"https:\/\/memorabilia-germany.de\/it\/wp-json\/wp\/v2\/media?parent=65979"}],"wp:term":[{"taxonomy":"product_brand","embeddable":true,"href":"https:\/\/memorabilia-germany.de\/it\/wp-json\/wp\/v2\/product_brand?post=65979"},{"taxonomy":"product_cat","embeddable":true,"href":"https:\/\/memorabilia-germany.de\/it\/wp-json\/wp\/v2\/product_cat?post=65979"},{"taxonomy":"product_tag","embeddable":true,"href":"https:\/\/memorabilia-germany.de\/it\/wp-json\/wp\/v2\/product_tag?post=65979"}],"curies":[{"name":"wp","href":"https:\/\/api.w.org\/{rel}","templated":true}]}}