{"id":65009,"date":"2025-12-30T15:20:07","date_gmt":"2025-12-30T14:20:07","guid":{"rendered":"https:\/\/memorabilia-germany.de\/produkt\/taylor-swift-album-autografato-the-life-of-a-showgirl\/"},"modified":"2025-12-30T15:26:59","modified_gmt":"2025-12-30T14:26:59","slug":"taylor-swift-album-autografato-the-life-of-a-showgirl","status":"publish","type":"product","link":"https:\/\/memorabilia-germany.de\/it\/produkt\/taylor-swift-album-autografato-the-life-of-a-showgirl\/","title":{"rendered":"TAYLOR SWIFT album autografato<\/br> The Life of a Showgirl"},"content":{"rendered":"","protected":false},"excerpt":{"rendered":"<p><strong>Copia firmata dell&#8217;album &#8220;The Life of a Showgirl&#8221;. Autografo della superstar Taylor Swift sull&#8217;Inserts del CD. <\/strong><\/p>\n<p><strong>Taylor Swift \u00e8 una delle musiciste di maggior successo al mondo. \u00c8 l&#8217;artista itinerante di maggior successo e la musicista pi\u00f9 ricca del mondo. Sette dei suoi album hanno venduto pi\u00f9 di un milione di copie nella prima settimana dall&#8217;uscita solo negli Stati Uniti, rendendola l&#8217;unica detentrice del record di tutti gli artisti musicali del mondo. La rivista Rolling Stone classifica la Swift come una delle pi\u00f9 grandi artiste della storia ed \u00e8 l&#8217;unica artista ad essere stata nominata Persona dell&#8217;Anno dalla rivista Time.   <\/strong><\/p>\n<p><strong>&#8220;The Life of a Showgirl&#8221; \u00e8 il nuovo album di Taylor Swift, pubblicato nell&#8217;ottobre del 2025. Taylor Swift ha dichiarato che la musica del nuovo album \u00e8 stata influenzata dalle esperienze vissute durante il tour Eras e dalla sua relazione con il tight end di Kansas City Travis Kelce. The Life of a Showgirl ha raggiunto immediatamente la vetta delle classifiche in Europa, Asia e Stati Uniti ed \u00e8 diventato l&#8217;album statunitense venduto pi\u00f9 velocemente di tutti i tempi.   Tutti gli autografi dei musicisti sono autenticati e hanno un numero di serie. Per ulteriori informazioni, vedere sotto.<\/strong><\/p>\n<ul style=\"list-style-type: square;\">\n<li>Nome dell&#8217;album: The Life of a Showgirl<\/li>\n<li>Tipo di supporto audio: CD<\/li>\n<li>Autografo: Taylor Swift, matita colorata nera<\/li>\n<li>Collocazione dell&#8217;autografo: inserto del CD<\/li>\n<li>Autenticazione: James Spence Authentication (con numero di serie)<\/li>\n<li>Documenti: Digital Certificate of Authenticity + ologramma di sicurezza con codice QR sull&#8217;etichetta<\/li>\n<li>Ogni memorabilia musicale firmata viene verificata da uno degli autenticatori statunitensi leader di mercato e viene fornita con elementi di sicurezza numerati in serie che confermano l&#8217;autenticit\u00e0 dell&#8217;autografo (Certificate of Authenticity e\/o ologramma di sicurezza). Gli autenticatori di autografi di musicisti sono un&#8217;esclusiva di Memorabilia Germany: <strong><a href=\"https:\/\/memorabilia-germany.de\/it\/autenticazione-della-firma\/#signature-authentication-beckett\">Beckett<\/a><\/strong>, <strong><a href=\"https:\/\/memorabilia-germany.de\/it\/autenticazione-della-firma\/#signature-authentication-james-spence\">James Spence Authentication<\/a><\/strong>, <strong><a href=\"https:\/\/memorabilia-germany.de\/it\/autenticazione-della-firma\/#signature-authentication-psa-dna\">PSA\/DNA<\/a><\/strong> o <strong><a href=\"https:\/\/memorabilia-germany.de\/it\/autenticazione-della-firma\/#signature-authentication-fanatics\">Fanatics<\/a><\/strong>. Ulteriori informazioni su questo importante argomento l&#8217;autenticazione sono disponibili <strong><a href=\"https:\/\/memorabilia-germany.de\/it\/autenticazione-della-firma\/\">qui<\/a><\/strong>.<\/li>\n<\/ul>\n<p>Puoi trovare altri memorabilia musicali <strong><a href=\"https:\/\/memorabilia-germany.de\/it\/memorabili-musicali\/\">qui<\/a><\/strong>.<\/p>\n","protected":false},"featured_media":64982,"template":"","meta":{"_acf_changed":false,"ocean_post_layout":"","ocean_both_sidebars_style":"","ocean_both_sidebars_content_width":0,"ocean_both_sidebars_sidebars_width":0,"ocean_sidebar":"0","ocean_second_sidebar":"0","ocean_disable_margins":"enable","ocean_add_body_class":"","ocean_shortcode_before_top_bar":"","ocean_shortcode_after_top_bar":"","ocean_shortcode_before_header":"","ocean_shortcode_after_header":"","ocean_has_shortcode":"","ocean_shortcode_after_title":"","ocean_shortcode_before_footer_widgets":"","ocean_shortcode_after_footer_widgets":"","ocean_shortcode_before_footer_bottom":"","ocean_shortcode_after_footer_bottom":"","ocean_display_top_bar":"default","ocean_display_header":"default","ocean_header_style":"","ocean_center_header_left_menu":"0","ocean_custom_header_template":"0","ocean_custom_logo":0,"ocean_custom_retina_logo":0,"ocean_custom_logo_max_width":0,"ocean_custom_logo_tablet_max_width":0,"ocean_custom_logo_mobile_max_width":0,"ocean_custom_logo_max_height":0,"ocean_custom_logo_tablet_max_height":0,"ocean_custom_logo_mobile_max_height":0,"ocean_header_custom_menu":"0","ocean_menu_typo_font_family":"0","ocean_menu_typo_font_subset":"","ocean_menu_typo_font_size":0,"ocean_menu_typo_font_size_tablet":0,"ocean_menu_typo_font_size_mobile":0,"ocean_menu_typo_font_size_unit":"px","ocean_menu_typo_font_weight":"","ocean_menu_typo_font_weight_tablet":"","ocean_menu_typo_font_weight_mobile":"","ocean_menu_typo_transform":"","ocean_menu_typo_transform_tablet":"","ocean_menu_typo_transform_mobile":"","ocean_menu_typo_line_height":0,"ocean_menu_typo_line_height_tablet":0,"ocean_menu_typo_line_height_mobile":0,"ocean_menu_typo_line_height_unit":"","ocean_menu_typo_spacing":0,"ocean_menu_typo_spacing_tablet":0,"ocean_menu_typo_spacing_mobile":0,"ocean_menu_typo_spacing_unit":"","ocean_menu_link_color":"","ocean_menu_link_color_hover":"","ocean_menu_link_color_active":"","ocean_menu_link_background":"","ocean_menu_link_hover_background":"","ocean_menu_link_active_background":"","ocean_menu_social_links_bg":"","ocean_menu_social_hover_links_bg":"","ocean_menu_social_links_color":"","ocean_menu_social_hover_links_color":"","ocean_disable_title":"default","ocean_disable_heading":"default","ocean_post_title":"","ocean_post_subheading":"","ocean_post_title_style":"","ocean_post_title_background_color":"","ocean_post_title_background":0,"ocean_post_title_bg_image_position":"","ocean_post_title_bg_image_attachment":"","ocean_post_title_bg_image_repeat":"","ocean_post_title_bg_image_size":"","ocean_post_title_height":0,"ocean_post_title_bg_overlay":0.5,"ocean_post_title_bg_overlay_color":"","ocean_disable_breadcrumbs":"default","ocean_breadcrumbs_color":"","ocean_breadcrumbs_separator_color":"","ocean_breadcrumbs_links_color":"","ocean_breadcrumbs_links_hover_color":"","ocean_display_footer_widgets":"default","ocean_display_footer_bottom":"default","ocean_custom_footer_template":"0","ofc_enable_fullscreen":"disable","ofc_fullscreen_speed":0,"ofc_fullscreen_nav":"enable","ofc_fullscreen_nav_pos":"right","ofc_fullscreen_nav_color":"","ofc_fullscreen_nav_tooltip_color":"","ofc_fullscreen_responsive":0},"product_brand":[],"product_cat":[4156],"product_tag":[],"class_list":{"0":"post-65009","1":"product","2":"type-product","3":"status-publish","4":"has-post-thumbnail","6":"product_cat-taylor-swift-album-autografato-the-life-of-a-showgirl","7":"product_shipping_class-classe-di-spedizione_a","9":"entry","10":"has-media","12":"first","13":"instock","14":"taxable","15":"shipping-taxable","16":"purchasable","17":"product-type-simple","18":"col","19":"span_1_of_4","20":"owp-content-center","21":"owp-thumbs-layout-horizontal","22":"owp-btn-normal","23":"owp-tabs-layout-horizontal"},"acf":[],"_links":{"self":[{"href":"https:\/\/memorabilia-germany.de\/it\/wp-json\/wp\/v2\/product\/65009","targetHints":{"allow":["GET"]}}],"collection":[{"href":"https:\/\/memorabilia-germany.de\/it\/wp-json\/wp\/v2\/product"}],"about":[{"href":"https:\/\/memorabilia-germany.de\/it\/wp-json\/wp\/v2\/types\/product"}],"version-history":[{"count":0,"href":"https:\/\/memorabilia-germany.de\/it\/wp-json\/wp\/v2\/product\/65009\/revisions"}],"wp:featuredmedia":[{"embeddable":true,"href":"https:\/\/memorabilia-germany.de\/it\/wp-json\/wp\/v2\/media\/64982"}],"wp:attachment":[{"href":"https:\/\/memorabilia-germany.de\/it\/wp-json\/wp\/v2\/media?parent=65009"}],"wp:term":[{"taxonomy":"product_brand","embeddable":true,"href":"https:\/\/memorabilia-germany.de\/it\/wp-json\/wp\/v2\/product_brand?post=65009"},{"taxonomy":"product_cat","embeddable":true,"href":"https:\/\/memorabilia-germany.de\/it\/wp-json\/wp\/v2\/product_cat?post=65009"},{"taxonomy":"product_tag","embeddable":true,"href":"https:\/\/memorabilia-germany.de\/it\/wp-json\/wp\/v2\/product_tag?post=65009"}],"curies":[{"name":"wp","href":"https:\/\/api.w.org\/{rel}","templated":true}]}}