{"id":64335,"date":"2025-11-20T14:46:28","date_gmt":"2025-11-20T13:46:28","guid":{"rendered":"https:\/\/memorabilia-germany.de\/produkt\/mike-tyson-vs-evander-holyfield-brguanto-boxing-showcase-xxleverlast-rosso\/"},"modified":"2025-12-04T12:20:26","modified_gmt":"2025-12-04T11:20:26","slug":"mike-tyson-vs-evander-holyfield-brguanto-boxing-showcase-xxleverlast-rosso","status":"publish","type":"product","link":"https:\/\/memorabilia-germany.de\/it\/produkt\/mike-tyson-vs-evander-holyfield-brguanto-boxing-showcase-xxleverlast-rosso\/","title":{"rendered":"MIKE TYSON vs EVANDER HOLYFIELD<\/br>Boxing XXL Showcase<\/br>Guanto da boxe (Everlast) rosso"},"content":{"rendered":"","protected":false},"excerpt":{"rendered":"<p><strong>Boxing Showcase in formato XXL in vetro di sicurezza. Due guantoni da boxe firmati da Everlast nella vetrina. L&#8217;autografo di Mike Tyson su uno e l&#8217;autografo di Evander Holyfield sull&#8217;altro guantone. Questo Showcase rende omaggio alla rivalit\u00e0 tra &#8220;Iron&#8221; Mike e &#8220;Real Deal&#8221; Holyfield. Una rivalit\u00e0 che \u00e8 stata caratterizzata da un enorme scandalo ma che si \u00e8 conclusa con una stretta amicizia dopo molti anni.     Per ulteriori informazioni, vedere sotto.<\/strong><\/p>\n<p><strong>Mike Tyson vs. Evander Holyfield &#8211; il duello tra queste due leggende della boxe, che si \u00e8 svolto in due incontri alla MGM Grand Garden Arena di Las Vegas tra il 1996 e il 1997, \u00e8 probabilmente uno dei duelli pi\u00f9 leggendari della storia della boxe. Sebbene entrambi i pugili siano indiscutibilmente tra i migliori pesi massimi di tutti i tempi, Mike Tyson era il chiaro favorito dai bookmaker. E questo nonostante il fatto che fosse uscito di prigione solo un anno prima. Ciononostante, Holyfield riusc\u00ec a vincere il primo incontro, diventando il primo pugile dai tempi di Muhammad Ali a diventare per tre volte campione dei pesi massimi.<br \/><!-- -->Il secondo incontro, sette mesi dopo, si concluse con il pi\u00f9 grande scandalo pugilistico di tutti i tempi: il &#8220;Bite Fight&#8221; fu annullato dopo tre round perch\u00e9 Tyson aveva morso un pezzo di orecchio del suo avversario e lo aveva sputato sul pavimento del ring. La serata si concluse nel caos pi\u00f9 totale, ma allo stesso tempo entr\u00f2 nella storia della boxe.<br \/>\nNonostante tutti gli incidenti, i due pugili rimangono molto amici ancora oggi, a distanza di molti anni dalle loro leggendarie carriere.    <\/strong><\/p>\n<ul style=\"list-style-type: square;\">\n<li>Marca dei guantoni da boxe: Everlast<\/li>\n<li>Modello: Guanto da boxe rosso, Full Size (mano destra e sinistra)<\/li>\n<li>Autografi: &#8220;Iron&#8221; Mike Tyson + Evander Holyfield, matita nera colorata<\/li>\n<li>Iscrizione: &#8220;PHIL 4:13&#8221; (Holyfield: riferimento al versetto biblico Filippesi 4:11-13: &#8220;I can do all things through Christ which strengthens me.&#8221;).<\/li>\n<li>Autenticazione: Autenticazione Beckett (entrambi i guanti, con numero di serie)<\/li>\n<li>Documenti: Certificate of Authenticity digitale + ologramma di sicurezza con codice QR sul guantone da boxe<\/li>\n<li>Stato del certificato: Witnessed (firmato in presenza di un esperto Beckett)<\/li>\n<li>Showcase XXL: circa 36 x 27 x 28 cm<\/li>\n<li>Supporto abbinato per una migliore presentazione dei guanti su due livelli incluso nello Showcase<\/li>\n<li>I guantoni da boxe sono accompagnati da una teca per esposizione; la teca \u00e8 di qualit\u00e0 solida e robusta. Il vetro \u00e8 in acrilico. La base \u00e8 nera e la parete posteriore \u00e8 decorata con uno specchio per mostrare al meglio i guantoni da boxe.  Lo Showcase \u00e8 dotato di viti di alta qualit\u00e0 e si chiude completamente. La targhetta frontale \u00e8 in alluminio.<\/li>\n<li>Tutti i guantoni da boxe firmati sono verificati da uno degli autenticatori statunitensi leader di mercato e sono dotati di elementi di sicurezza numerati in serie che confermano l&#8217;autenticit\u00e0 degli autografi (Certificate of Authenticity e\/o ologramma di sicurezza). Gli autenticatori di autografi di pugili sono disponibili su <strong><a href=\"https:\/\/memorabilia-germany.de\/it\/noi-memorabilia-germany\/\">Memorabilia Germany<\/a><\/strong> esclusivamente: <strong><a href=\"https:\/\/memorabilia-germany.de\/it\/autenticazione-della-firma\/#signature-authentication-beckett\">Beckett<\/a><\/strong>, <strong><a href=\"https:\/\/memorabilia-germany.de\/it\/autenticazione-della-firma\/#signature-authentication-james-spence\">James Spence Authentication<\/a><\/strong>, <strong><a href=\"https:\/\/memorabilia-germany.de\/it\/autenticazione-della-firma\/#signature-authentication-psa-dna\">PSA\/DNA<\/a><\/strong> o <strong><a href=\"https:\/\/memorabilia-germany.de\/it\/autenticazione-della-firma\/#signature-authentication-fanatics\">Fanatics<\/a><\/strong>. Ulteriori informazioni su questo importante argomento l&#8217;autenticazione sono disponibili <strong><a href=\"https:\/\/memorabilia-germany.de\/it\/autenticazione-della-firma\/\">qui<\/a><\/strong>.<\/li>\n<\/ul>\n<p>Puoi trovare altri Boxing Showcase <strong><a href=\"https:\/\/memorabilia-germany.de\/it\/produkt-kategorie\/boxe-memorabilia-it\/boxe-showcase\/\">qui<\/a><\/strong>.<\/p>\n","protected":false},"featured_media":64285,"template":"","meta":{"_acf_changed":false,"ocean_post_layout":"","ocean_both_sidebars_style":"","ocean_both_sidebars_content_width":0,"ocean_both_sidebars_sidebars_width":0,"ocean_sidebar":"0","ocean_second_sidebar":"0","ocean_disable_margins":"enable","ocean_add_body_class":"","ocean_shortcode_before_top_bar":"","ocean_shortcode_after_top_bar":"","ocean_shortcode_before_header":"","ocean_shortcode_after_header":"","ocean_has_shortcode":"","ocean_shortcode_after_title":"","ocean_shortcode_before_footer_widgets":"","ocean_shortcode_after_footer_widgets":"","ocean_shortcode_before_footer_bottom":"","ocean_shortcode_after_footer_bottom":"","ocean_display_top_bar":"default","ocean_display_header":"default","ocean_header_style":"","ocean_center_header_left_menu":"0","ocean_custom_header_template":"0","ocean_custom_logo":0,"ocean_custom_retina_logo":0,"ocean_custom_logo_max_width":0,"ocean_custom_logo_tablet_max_width":0,"ocean_custom_logo_mobile_max_width":0,"ocean_custom_logo_max_height":0,"ocean_custom_logo_tablet_max_height":0,"ocean_custom_logo_mobile_max_height":0,"ocean_header_custom_menu":"0","ocean_menu_typo_font_family":"0","ocean_menu_typo_font_subset":"","ocean_menu_typo_font_size":0,"ocean_menu_typo_font_size_tablet":0,"ocean_menu_typo_font_size_mobile":0,"ocean_menu_typo_font_size_unit":"px","ocean_menu_typo_font_weight":"","ocean_menu_typo_font_weight_tablet":"","ocean_menu_typo_font_weight_mobile":"","ocean_menu_typo_transform":"","ocean_menu_typo_transform_tablet":"","ocean_menu_typo_transform_mobile":"","ocean_menu_typo_line_height":0,"ocean_menu_typo_line_height_tablet":0,"ocean_menu_typo_line_height_mobile":0,"ocean_menu_typo_line_height_unit":"","ocean_menu_typo_spacing":0,"ocean_menu_typo_spacing_tablet":0,"ocean_menu_typo_spacing_mobile":0,"ocean_menu_typo_spacing_unit":"","ocean_menu_link_color":"","ocean_menu_link_color_hover":"","ocean_menu_link_color_active":"","ocean_menu_link_background":"","ocean_menu_link_hover_background":"","ocean_menu_link_active_background":"","ocean_menu_social_links_bg":"","ocean_menu_social_hover_links_bg":"","ocean_menu_social_links_color":"","ocean_menu_social_hover_links_color":"","ocean_disable_title":"default","ocean_disable_heading":"default","ocean_post_title":"","ocean_post_subheading":"","ocean_post_title_style":"","ocean_post_title_background_color":"","ocean_post_title_background":0,"ocean_post_title_bg_image_position":"","ocean_post_title_bg_image_attachment":"","ocean_post_title_bg_image_repeat":"","ocean_post_title_bg_image_size":"","ocean_post_title_height":0,"ocean_post_title_bg_overlay":0.5,"ocean_post_title_bg_overlay_color":"","ocean_disable_breadcrumbs":"default","ocean_breadcrumbs_color":"","ocean_breadcrumbs_separator_color":"","ocean_breadcrumbs_links_color":"","ocean_breadcrumbs_links_hover_color":"","ocean_display_footer_widgets":"default","ocean_display_footer_bottom":"default","ocean_custom_footer_template":"0","ofc_enable_fullscreen":"disable","ofc_fullscreen_speed":0,"ofc_fullscreen_nav":"enable","ofc_fullscreen_nav_pos":"right","ofc_fullscreen_nav_color":"","ofc_fullscreen_nav_tooltip_color":"","ofc_fullscreen_responsive":0},"product_brand":[],"product_cat":[4136],"product_tag":[],"class_list":{"0":"post-64335","1":"product","2":"type-product","3":"status-publish","4":"has-post-thumbnail","6":"product_cat-guantone-da-boxe-xxl-showcase-everlast-rosso-mike-tyson-vs-evander-holyfield","7":"product_shipping_class-classe-di-spedizione_a","9":"entry","10":"has-media","12":"first","13":"instock","14":"taxable","15":"shipping-taxable","16":"purchasable","17":"product-type-simple","18":"col","19":"span_1_of_4","20":"owp-content-center","21":"owp-thumbs-layout-horizontal","22":"owp-btn-normal","23":"owp-tabs-layout-horizontal"},"acf":[],"_links":{"self":[{"href":"https:\/\/memorabilia-germany.de\/it\/wp-json\/wp\/v2\/product\/64335","targetHints":{"allow":["GET"]}}],"collection":[{"href":"https:\/\/memorabilia-germany.de\/it\/wp-json\/wp\/v2\/product"}],"about":[{"href":"https:\/\/memorabilia-germany.de\/it\/wp-json\/wp\/v2\/types\/product"}],"version-history":[{"count":0,"href":"https:\/\/memorabilia-germany.de\/it\/wp-json\/wp\/v2\/product\/64335\/revisions"}],"wp:featuredmedia":[{"embeddable":true,"href":"https:\/\/memorabilia-germany.de\/it\/wp-json\/wp\/v2\/media\/64285"}],"wp:attachment":[{"href":"https:\/\/memorabilia-germany.de\/it\/wp-json\/wp\/v2\/media?parent=64335"}],"wp:term":[{"taxonomy":"product_brand","embeddable":true,"href":"https:\/\/memorabilia-germany.de\/it\/wp-json\/wp\/v2\/product_brand?post=64335"},{"taxonomy":"product_cat","embeddable":true,"href":"https:\/\/memorabilia-germany.de\/it\/wp-json\/wp\/v2\/product_cat?post=64335"},{"taxonomy":"product_tag","embeddable":true,"href":"https:\/\/memorabilia-germany.de\/it\/wp-json\/wp\/v2\/product_tag?post=64335"}],"curies":[{"name":"wp","href":"https:\/\/api.w.org\/{rel}","templated":true}]}}