{"id":63073,"date":"2025-08-08T16:12:28","date_gmt":"2025-08-08T14:12:28","guid":{"rendered":"https:\/\/memorabilia-germany.de\/produkt\/keepsake-bruce-lee-collection50th-anniversary-edition-hobby-box-serie-2\/"},"modified":"2025-08-08T16:33:11","modified_gmt":"2025-08-08T14:33:11","slug":"keepsake-bruce-lee-collection50th-anniversary-edition-hobby-box-serie-2","status":"publish","type":"product","link":"https:\/\/memorabilia-germany.de\/it\/produkt\/keepsake-bruce-lee-collection50th-anniversary-edition-hobby-box-serie-2\/","title":{"rendered":"Keepsake Bruce Lee Collection<\/br>(50th Anniversary Edition Hobby Box &#8211; Serie 2!)"},"content":{"rendered":"","protected":false},"excerpt":{"rendered":"<p><strong>Bruce Lee &#8211; l&#8217;uomo, la leggenda! Il &#8220;King of Kung-Fu&#8221; \u00e8 considerato il pi\u00f9 grande artista marziale di tutti i tempi ed \u00e8 stato uno degli Martial Artists pi\u00f9 influenti della storia del cinema. Super Break, leader del mercato americano delle Entertainment Trading Cards, dedica a Bruce Lee questa fantastica edizione di carte collezionabili &#8220;Keepsake&#8221;.  <\/strong><\/p>\n<p><strong>Questa collezione offre esclusive trading cards della leggenda di Bruce Lee in un&#8217;elegante Hobby Box.<\/strong><\/p>\n<p><strong>Oggetti di scena originali provenienti dai set dei film, firme e opere scritte a mano sono stati utilizzati per le Relic Cards, gli Autograph Cards e molti altri Inserts.<\/strong><\/p>\n<p><strong>Oltre agli autografi e al materiale sul set, \u00e8 possibile trovare anche spettacolari cimeli di Bruce Lee. Guanti da allenamento, tessere di iscrizione al &#8220;Jun Fan Gung Fu Institute&#8221; o documenti dell&#8217;amico di Lee, Taky Kimura, per citare solo alcuni esempi. Secondo il produttore in &#8220;qualit\u00e0 museale&#8221;!  <\/strong><\/p>\n<p><strong>Le Hobby Boxes appartengono alla serie 2, decisamente migliore! Le percentuali medie di successo di queste scatole sono molto pi\u00f9 alte di quelle della prima serie. Ogni Hobby Box contiene una preziosa Bruce Lee Relic Trading Card, protetta da una Hard Card Sleeve, e una confezione sigillata con altre 5 Trading Cards. Quindi almeno un colpo \u00e8 garantito! Ogni scatola contiene anche uno stand-up per presentare il pezzo forte della scatola.    <\/strong><\/p>\n<ul style=\"list-style-type: square;\">\n<li>Contenuto della scatola: 1 Bruce Lee Relic Card in Hard Card Sleeve + Stand Up + Confezione con 5 Bruce Lee Trading Cards (almeno 1 colpo in ogni scatola)<\/li>\n<li>Condizioni: non aperto e originariamente incartato in un involucro di plastica<\/li>\n<li>Argomento: Bruce Lee<\/li>\n<li>Folie: Factory sealed. La scatola \u00e8 sigillata nella pellicola originale del produttore.<\/li>\n<li>Marchio: Super Break<\/li>\n<li>50th Anniversary Keepsake Serie 2 (tasso di successo significativamente migliore rispetto alla Serie 1!)<\/li>\n<li>Paese: USA<\/li>\n<li>Ogni scatola ha un&#8217;illuminazione &#8220;Luxury Jewellery Light&#8221;!<\/li>\n<li>Trova le Relic Cards che contengono parti degli oggetti di scena originali utilizzati nei film pi\u00f9 famosi di Bruce Lee. Alcune carte contengono fino a 4 Relics! <\/li>\n<li>L&#8217;edizione include Autographs, Relics &amp; Memorabilia Inserts che contengono materiali utilizzati nella produzione dei film di Bruce Lee: corrispondenza scritta a mano con amici, partner e produttori cinematografici, parti delle bobine originali, attrezzature per arti marziali provenienti dagli oggetti personali di Bruce Lee e molto altro ancora.<\/li>\n<li>Panoramica delle reliquie di questa edizione:\n<ul style=\"list-style-type: circle;\">\n<li>Fight Worn Relics<\/li>\n<li>Cut Autograph One of Ones<\/li>\n<li>Reliquie scritte a mano &#8220;In My Hand&#8221;<\/li>\n<li>Gem Relics<\/li>\n<li>Jumbo Relics<\/li>\n<li>Dual, Triple &amp; Quad Relics<\/li>\n<li>Negative Film Reels<\/li>\n<li>Personally used Relics<\/li>\n<\/ul>\n<\/li>\n<li>Bruce Lee Inserts: Diamonds, Rubies, Opals, Sapphires, Gold &amp; Jade<\/li>\n<\/ul>\n<p>Puoi trovare altre informazioni su Trading Cards <strong><a href=\"https:\/\/memorabilia-germany.de\/it\/trading-cards\">qui<\/a><\/strong>.<\/p>\n","protected":false},"featured_media":63023,"template":"","meta":{"_acf_changed":false,"ocean_post_layout":"","ocean_both_sidebars_style":"","ocean_both_sidebars_content_width":0,"ocean_both_sidebars_sidebars_width":0,"ocean_sidebar":"0","ocean_second_sidebar":"0","ocean_disable_margins":"enable","ocean_add_body_class":"","ocean_shortcode_before_top_bar":"","ocean_shortcode_after_top_bar":"","ocean_shortcode_before_header":"","ocean_shortcode_after_header":"","ocean_has_shortcode":"","ocean_shortcode_after_title":"","ocean_shortcode_before_footer_widgets":"","ocean_shortcode_after_footer_widgets":"","ocean_shortcode_before_footer_bottom":"","ocean_shortcode_after_footer_bottom":"","ocean_display_top_bar":"default","ocean_display_header":"default","ocean_header_style":"","ocean_center_header_left_menu":"0","ocean_custom_header_template":"0","ocean_custom_logo":0,"ocean_custom_retina_logo":0,"ocean_custom_logo_max_width":0,"ocean_custom_logo_tablet_max_width":0,"ocean_custom_logo_mobile_max_width":0,"ocean_custom_logo_max_height":0,"ocean_custom_logo_tablet_max_height":0,"ocean_custom_logo_mobile_max_height":0,"ocean_header_custom_menu":"0","ocean_menu_typo_font_family":"0","ocean_menu_typo_font_subset":"","ocean_menu_typo_font_size":0,"ocean_menu_typo_font_size_tablet":0,"ocean_menu_typo_font_size_mobile":0,"ocean_menu_typo_font_size_unit":"px","ocean_menu_typo_font_weight":"","ocean_menu_typo_font_weight_tablet":"","ocean_menu_typo_font_weight_mobile":"","ocean_menu_typo_transform":"","ocean_menu_typo_transform_tablet":"","ocean_menu_typo_transform_mobile":"","ocean_menu_typo_line_height":0,"ocean_menu_typo_line_height_tablet":0,"ocean_menu_typo_line_height_mobile":0,"ocean_menu_typo_line_height_unit":"","ocean_menu_typo_spacing":0,"ocean_menu_typo_spacing_tablet":0,"ocean_menu_typo_spacing_mobile":0,"ocean_menu_typo_spacing_unit":"","ocean_menu_link_color":"","ocean_menu_link_color_hover":"","ocean_menu_link_color_active":"","ocean_menu_link_background":"","ocean_menu_link_hover_background":"","ocean_menu_link_active_background":"","ocean_menu_social_links_bg":"","ocean_menu_social_hover_links_bg":"","ocean_menu_social_links_color":"","ocean_menu_social_hover_links_color":"","ocean_disable_title":"default","ocean_disable_heading":"default","ocean_post_title":"","ocean_post_subheading":"","ocean_post_title_style":"","ocean_post_title_background_color":"","ocean_post_title_background":0,"ocean_post_title_bg_image_position":"","ocean_post_title_bg_image_attachment":"","ocean_post_title_bg_image_repeat":"","ocean_post_title_bg_image_size":"","ocean_post_title_height":0,"ocean_post_title_bg_overlay":0.5,"ocean_post_title_bg_overlay_color":"","ocean_disable_breadcrumbs":"default","ocean_breadcrumbs_color":"","ocean_breadcrumbs_separator_color":"","ocean_breadcrumbs_links_color":"","ocean_breadcrumbs_links_hover_color":"","ocean_display_footer_widgets":"default","ocean_display_footer_bottom":"default","ocean_custom_footer_template":"0","ofc_enable_fullscreen":"disable","ofc_fullscreen_speed":0,"ofc_fullscreen_nav":"enable","ofc_fullscreen_nav_pos":"right","ofc_fullscreen_nav_color":"","ofc_fullscreen_nav_tooltip_color":"","ofc_fullscreen_responsive":0},"product_brand":[],"product_cat":[4101],"product_tag":[],"class_list":{"0":"post-63073","1":"product","2":"type-product","3":"status-publish","4":"has-post-thumbnail","6":"product_cat-keepsake-bruce-lee-collection-50th-anniversary-edition-hobby-box-serie-2","7":"product_shipping_class-classe-di-spedizione_a","9":"entry","10":"has-media","12":"first","13":"outofstock","14":"taxable","15":"shipping-taxable","16":"purchasable","17":"product-type-simple","18":"col","19":"span_1_of_4","20":"owp-content-center","21":"owp-thumbs-layout-horizontal","22":"owp-btn-normal","23":"owp-tabs-layout-horizontal"},"acf":[],"_links":{"self":[{"href":"https:\/\/memorabilia-germany.de\/it\/wp-json\/wp\/v2\/product\/63073","targetHints":{"allow":["GET"]}}],"collection":[{"href":"https:\/\/memorabilia-germany.de\/it\/wp-json\/wp\/v2\/product"}],"about":[{"href":"https:\/\/memorabilia-germany.de\/it\/wp-json\/wp\/v2\/types\/product"}],"version-history":[{"count":0,"href":"https:\/\/memorabilia-germany.de\/it\/wp-json\/wp\/v2\/product\/63073\/revisions"}],"wp:featuredmedia":[{"embeddable":true,"href":"https:\/\/memorabilia-germany.de\/it\/wp-json\/wp\/v2\/media\/63023"}],"wp:attachment":[{"href":"https:\/\/memorabilia-germany.de\/it\/wp-json\/wp\/v2\/media?parent=63073"}],"wp:term":[{"taxonomy":"product_brand","embeddable":true,"href":"https:\/\/memorabilia-germany.de\/it\/wp-json\/wp\/v2\/product_brand?post=63073"},{"taxonomy":"product_cat","embeddable":true,"href":"https:\/\/memorabilia-germany.de\/it\/wp-json\/wp\/v2\/product_cat?post=63073"},{"taxonomy":"product_tag","embeddable":true,"href":"https:\/\/memorabilia-germany.de\/it\/wp-json\/wp\/v2\/product_tag?post=63073"}],"curies":[{"name":"wp","href":"https:\/\/api.w.org\/{rel}","templated":true}]}}