{"id":61276,"date":"2025-06-14T15:34:21","date_gmt":"2025-06-14T13:34:21","guid":{"rendered":"https:\/\/memorabilia-germany.de\/produkt\/kobe-bryantbasketball-showcase-los-angeles-lakerspallone-da-basket-autografato-rookie-honor-edition\/"},"modified":"2025-06-14T15:44:40","modified_gmt":"2025-06-14T13:44:40","slug":"kobe-bryantbasketball-showcase-los-angeles-lakerspallone-da-basket-autografato-rookie-honor-edition","status":"publish","type":"product","link":"https:\/\/memorabilia-germany.de\/it\/produkt\/kobe-bryantbasketball-showcase-los-angeles-lakerspallone-da-basket-autografato-rookie-honor-edition\/","title":{"rendered":"KOBE BRYANT<\/br>Basketball Showcase (Los Angeles Lakers)<\/br>pallone da basket autografato, Rookie Honor Edition"},"content":{"rendered":"","protected":false},"excerpt":{"rendered":"<p><strong>Basketball Showcase in vetro di sicurezza. Pallone da basket firmato e in edizione limitata con logo NBA e pannello Kobe Rookie Honor di Spalding in una custodia. Autografo della leggenda dell&#8217;NBA Kobe Bryant sulla palla da basket. Certificato raro &#8211; Kobe Bryant ha firmato il pallone nel 2001 davanti a un esperto del leader del mercato dell&#8217;autenticazione PSA\/DNA, un evento considerato estremamente raro all&#8217;epoca. Tutti gli autografi NBA sono autenticati e hanno un numero di serie.<\/strong><br \/>\n<strong>Informazioni sul prezzo: I Memorabilia di Kobe Bryant non sono solo considerati dagli esperti come il pezzo forte di ogni collezione, ma anche come un investimento finanziario. L&#8217;antefatto \u00e8 l&#8217;altissimo valore di mercato dei pezzi firmati, legato al tragico destino della superstar. Kobe Bryant \u00e8 morto in un incidente in elicottero insieme alla figlia Gianna e ad altri sette passeggeri a Calabasas, in California, nel 2020. Il premio NBA All-Star MVP \u00e8 stato rinominato in suo onore. Il prezzo qui stabilito \u00e8 stato calcolato con attenzione ed \u00e8 composto da vari fattori, tra cui il modello di pallone, la qualit\u00e0 della firma, l&#8217;autenticazione e il fatto che lo sdoganamento sia gi\u00e0 stato completato nell&#8217;UE. Per ulteriori informazioni, vedere sotto.<\/strong><\/p>\n<ul style=\"list-style-type: square;\">\n<li>Marca di basket: Spalding<\/li>\n<li>Squadra: Los Angeles Lakers<\/li>\n<li>Modello: Official NBA Game Ball, 1996 Rookie Honor Limited Edition Basketball, Full Size<\/li>\n<li>Autografo: Kobe Bryant, matita colorata nera<\/li>\n<li>Collocazione della firma: a tutta superficie e centrata sul pannello frontale del pallone (sopra il logo Spalding)<\/li>\n<li>Autenticazione: PSA\/DNA (con numero di serie)<\/li>\n<li>Data della firma: 22\/06\/2001 a Streamwood, Illinois, USA<\/li>\n<li>Documenti: ologramma di sicurezza di PSA\/DNA sul pallone da basket (solo Digital Certificate of Authenticity )<\/li>\n<li>Stato del certificato: In-the-presence (firmato in presenza di un esperto di PSA\/DNA)<\/li>\n<li>Dimensioni Showcase: circa 28 x 27,5 x 31 cm<\/li>\n<li>Trading Cards e supporto per la palla inclusi<\/li>\n<li>Particolarit\u00e0 della palla: si tratta di un esemplare raro per vari motivi. Uno dei motivi \u00e8 che il pallone raffigura David J. Stern, deceduto nel 2020, come commissario NBA sotto il logo NBA. Stern \u00e8 stato commissario della NBA dal 1984 al 2014 ed \u00e8 considerato il padre della moderna NBA. \u00c8 stato inserito nella Basketball Hall of Fame nel 2014. Un altro motivo \u00e8 che si tratta di un modello di pallone in edizione limitata che onora la selezione di Kobe al Draft NBA. Il pallone presenta un raro pannello che mostra la stagione da rookie del 1996-97. Il pannello presenta anche il famoso numero 8 del giocatore e la scelta di Kobe al Draft 1996: 1\u00b0 giro, 13\u00b0 posto assoluto, LA Lakers (via Charlotte).  <\/li>\n<li>Il pallone da basket viene fornito con una Basketball Showcase da esporre, di qualit\u00e0 solida e robusta. Il vetro \u00e8 in acrilico, la base e la parete posteriore sono nere per mettere in risalto idealmente il pallone da basket. Lo Showcase \u00e8 dotato di viti di alta qualit\u00e0 e si chiude completamente. Anche il portapalle \u00e8 di qualit\u00e0 solida. La targhetta frontale \u00e8 in alluminio.<\/li>\n<li>Ogni pallone da basket firmato \u00e8 verificato da uno degli autenticatori statunitensi leader di mercato e viene fornito con caratteristiche di sicurezza numerate in serie che confermano l&#8217;autenticit\u00e0 dell&#8217;autografo (Certificate of Authenticity e\/o ologramma di sicurezza). Gli autenticatori di autografi NBA sono disponibili su <strong><a href=\"https:\/\/memorabilia-germany.de\/it\/noi-memorabilia-germany\/\">Memorabilia Germany<\/a><\/strong> esclusivamente: <strong><a href=\"https:\/\/memorabilia-germany.de\/it\/autenticazione-della-firma\/#signature-authentication-beckett\">Beckett<\/a><\/strong>, <strong><a href=\"https:\/\/memorabilia-germany.de\/it\/autenticazione-della-firma\/#signature-authentication-james-spence\">James Spence Authentication<\/a><\/strong>, <strong><a href=\"https:\/\/memorabilia-germany.de\/it\/autenticazione-della-firma\/#signature-authentication-psa-dna\">PSA\/DNA<\/a><\/strong> o <strong><a href=\"https:\/\/memorabilia-germany.de\/it\/autenticazione-della-firma\/#signature-authentication-fanatics\">Fanatics<\/a><\/strong>. Ulteriori informazioni su questo importante argomento l&#8217;autenticazione sono disponibili <strong><a href=\"https:\/\/memorabilia-germany.de\/it\/autenticazione-della-firma\/\">qui<\/a><\/strong>.<\/li>\n<\/ul>\n<p>Puoi trovare altre Basketball Showcase <strong><a href=\"https:\/\/memorabilia-germany.de\/it\/produkt-kategorie\/basketball-memorabilia-it\/basketball-showcase-it\/\">qui<\/a><\/strong>.<\/p>\n","protected":false},"featured_media":61221,"template":"","meta":{"_acf_changed":false,"ocean_post_layout":"","ocean_both_sidebars_style":"","ocean_both_sidebars_content_width":0,"ocean_both_sidebars_sidebars_width":0,"ocean_sidebar":"0","ocean_second_sidebar":"0","ocean_disable_margins":"enable","ocean_add_body_class":"","ocean_shortcode_before_top_bar":"","ocean_shortcode_after_top_bar":"","ocean_shortcode_before_header":"","ocean_shortcode_after_header":"","ocean_has_shortcode":"","ocean_shortcode_after_title":"","ocean_shortcode_before_footer_widgets":"","ocean_shortcode_after_footer_widgets":"","ocean_shortcode_before_footer_bottom":"","ocean_shortcode_after_footer_bottom":"","ocean_display_top_bar":"default","ocean_display_header":"default","ocean_header_style":"","ocean_center_header_left_menu":"0","ocean_custom_header_template":"0","ocean_custom_logo":0,"ocean_custom_retina_logo":0,"ocean_custom_logo_max_width":0,"ocean_custom_logo_tablet_max_width":0,"ocean_custom_logo_mobile_max_width":0,"ocean_custom_logo_max_height":0,"ocean_custom_logo_tablet_max_height":0,"ocean_custom_logo_mobile_max_height":0,"ocean_header_custom_menu":"0","ocean_menu_typo_font_family":"0","ocean_menu_typo_font_subset":"","ocean_menu_typo_font_size":0,"ocean_menu_typo_font_size_tablet":0,"ocean_menu_typo_font_size_mobile":0,"ocean_menu_typo_font_size_unit":"px","ocean_menu_typo_font_weight":"","ocean_menu_typo_font_weight_tablet":"","ocean_menu_typo_font_weight_mobile":"","ocean_menu_typo_transform":"","ocean_menu_typo_transform_tablet":"","ocean_menu_typo_transform_mobile":"","ocean_menu_typo_line_height":0,"ocean_menu_typo_line_height_tablet":0,"ocean_menu_typo_line_height_mobile":0,"ocean_menu_typo_line_height_unit":"","ocean_menu_typo_spacing":0,"ocean_menu_typo_spacing_tablet":0,"ocean_menu_typo_spacing_mobile":0,"ocean_menu_typo_spacing_unit":"","ocean_menu_link_color":"","ocean_menu_link_color_hover":"","ocean_menu_link_color_active":"","ocean_menu_link_background":"","ocean_menu_link_hover_background":"","ocean_menu_link_active_background":"","ocean_menu_social_links_bg":"","ocean_menu_social_hover_links_bg":"","ocean_menu_social_links_color":"","ocean_menu_social_hover_links_color":"","ocean_disable_title":"default","ocean_disable_heading":"default","ocean_post_title":"","ocean_post_subheading":"","ocean_post_title_style":"","ocean_post_title_background_color":"","ocean_post_title_background":0,"ocean_post_title_bg_image_position":"","ocean_post_title_bg_image_attachment":"","ocean_post_title_bg_image_repeat":"","ocean_post_title_bg_image_size":"","ocean_post_title_height":0,"ocean_post_title_bg_overlay":0.5,"ocean_post_title_bg_overlay_color":"","ocean_disable_breadcrumbs":"default","ocean_breadcrumbs_color":"","ocean_breadcrumbs_separator_color":"","ocean_breadcrumbs_links_color":"","ocean_breadcrumbs_links_hover_color":"","ocean_display_footer_widgets":"default","ocean_display_footer_bottom":"default","ocean_custom_footer_template":"0","ofc_enable_fullscreen":"disable","ofc_fullscreen_speed":0,"ofc_fullscreen_nav":"enable","ofc_fullscreen_nav_pos":"right","ofc_fullscreen_nav_color":"","ofc_fullscreen_nav_tooltip_color":"","ofc_fullscreen_responsive":0},"product_brand":[],"product_cat":[4018],"product_tag":[],"class_list":{"0":"post-61276","1":"product","2":"type-product","3":"status-publish","4":"has-post-thumbnail","6":"product_cat-kobe-bryant-basketball-showcase-los-angeles-lakers-firmato-basketball-rookie-honor-edition","7":"product_shipping_class-classe-di-spedizione_a","9":"entry","10":"has-media","12":"first","13":"instock","14":"taxable","15":"shipping-taxable","16":"purchasable","17":"product-type-simple","18":"col","19":"span_1_of_4","20":"owp-content-center","21":"owp-thumbs-layout-horizontal","22":"owp-btn-normal","23":"owp-tabs-layout-horizontal"},"acf":[],"_links":{"self":[{"href":"https:\/\/memorabilia-germany.de\/it\/wp-json\/wp\/v2\/product\/61276","targetHints":{"allow":["GET"]}}],"collection":[{"href":"https:\/\/memorabilia-germany.de\/it\/wp-json\/wp\/v2\/product"}],"about":[{"href":"https:\/\/memorabilia-germany.de\/it\/wp-json\/wp\/v2\/types\/product"}],"version-history":[{"count":0,"href":"https:\/\/memorabilia-germany.de\/it\/wp-json\/wp\/v2\/product\/61276\/revisions"}],"wp:featuredmedia":[{"embeddable":true,"href":"https:\/\/memorabilia-germany.de\/it\/wp-json\/wp\/v2\/media\/61221"}],"wp:attachment":[{"href":"https:\/\/memorabilia-germany.de\/it\/wp-json\/wp\/v2\/media?parent=61276"}],"wp:term":[{"taxonomy":"product_brand","embeddable":true,"href":"https:\/\/memorabilia-germany.de\/it\/wp-json\/wp\/v2\/product_brand?post=61276"},{"taxonomy":"product_cat","embeddable":true,"href":"https:\/\/memorabilia-germany.de\/it\/wp-json\/wp\/v2\/product_cat?post=61276"},{"taxonomy":"product_tag","embeddable":true,"href":"https:\/\/memorabilia-germany.de\/it\/wp-json\/wp\/v2\/product_tag?post=61276"}],"curies":[{"name":"wp","href":"https:\/\/api.w.org\/{rel}","templated":true}]}}