{"id":57261,"date":"2025-02-20T12:41:19","date_gmt":"2025-02-20T11:41:19","guid":{"rendered":"https:\/\/memorabilia-germany.de\/produkt\/1999-upper-deck-mvp-basketballsingle-pack-hobby-box\/"},"modified":"2025-11-16T14:03:42","modified_gmt":"2025-11-16T13:03:42","slug":"1999-upper-deck-mvp-basketballsingle-pack-hobby-box","status":"publish","type":"product","link":"https:\/\/memorabilia-germany.de\/it\/produkt\/1999-upper-deck-mvp-basketballsingle-pack-hobby-box\/","title":{"rendered":"1999 Upper Deck MVP Basketball<\/br>Single Pack (Hobby Box)"},"content":{"rendered":"","protected":false},"excerpt":{"rendered":"<p><strong>Confezione non aperta di NBA Trading Cards, originale del 1999 con la possibilit\u00e0 di avere Michael Jordan Gold Scripts, Pro Sign Autographs e Hobby Exclusive Game Used. Memorabilia Cards. Leggende come Kobe Bryant, Kevin Garnett o Shaquille O&#8217;Neal hanno giocato nell&#8217;NBA e la stagione dell&#8217;ultimo anno del vecchio millennio ha portato con s\u00e9 alcuni cambiamenti. Charles Barkley sub\u00ec un grave infortunio ma riusc\u00ec a tornare per un&#8217;ultima partita prima del ritiro, il leggendario Patrick Ewing lasci\u00f2 i New York Knicks per Seattle e molte squadre si trasferirono nei loro nuovi stadi. Anche i Lakers e i Clippers hanno giocato per la prima volta nella loro nuova arena, lo Staples Centre. Mentre i Clippers hanno concluso la stagione regolare come la peggior squadra della lega, i Lakers sono riusciti a vincere le finali NBA contro Indiana. Per ulteriori informazioni, vedere sotto.<\/strong><\/p>\n<ul style=\"list-style-type: square;\">\n<li>Contenuto della confezione: 10 carte<\/li>\n<li>Anno di pubblicazione: 1999<\/li>\n<li>Marchio: Upper Deck MVP (Upper Deck)<\/li>\n<li>Paese: USA<\/li>\n<li>La confezione (&#8220;Single Pack&#8221;) proviene da una &#8220;Hobby Box&#8221; aperta. Memorabilia Germany aperta &#8220;Hobby Box&#8221;, che contiene un totale di 28 confezioni. Nonostante l\u2019et\u00e0, tutti i pacchi sono in condizioni perfette.<\/li>\n<li>Trova le Michael Jordan Gold Scripts, Game Used Memorabilia Cards e le Autograph Pro Sign Cards questa serie!<\/li>\n<li>Jordan\u2019s MVP Moments Inserts in questa serie!<\/li>\n<li>Trova le figurine originali delle leggende dell&#8217;NBA del 1999 come Kobe Bryant, Michael Jordan, Charles Barkley, Kevin Garnett, Patrick Ewing o Shaquille O&#8217;Neal. La serie include anche le figurine delle superstar del Draft NBA del 1999, come Shawn Marion, Steve Francis o Andre Miller. <\/li>\n<li>MVP Autographs, Memorabilia Cards &amp; Special Inserts von 1999:\n<ul style=\"list-style-type: circle;\">\n<li>Pro Sign Autograph Cards <\/li>\n<li>Game Used Memorabilia Cards<\/li>\n<li>Jordan\u2019s MVP Moments<\/li>\n<li>Gold Scripts<\/li>\n<li>Super Scripts<\/li>\n<li>Electrifying<\/li>\n<li>MVP Theatre<\/li>\n<li>Jam Time<\/li>\n<li>21s Century<\/li>\n<li>Dynamics Inserts<\/li>\n<li>Draw Your Own Contest Cards<\/li>\n<\/ul>\n<\/li>\n<li>Informazioni di base 1999: nell&#8217;ultimo anno del XX secolo, l&#8217;umanit\u00e0 si sta preparando per il millennio. Le voci sul collasso dei sistemi informatici e altri scenari si susseguono, ma si riveleranno false a fine anno. La leggenda dell&#8217;hockey su ghiaccio Wayne Gretzky termina la sua carriera ed \u00e8 ancora considerato il miglior giocatore NHL di tutti i tempi. Classici come &#8220;Blair Witch Project&#8221; e &#8220;Matrix&#8221; continuano a essere prodotti nei cinema e le canzoni di Britney Spears, dei Backstreet Boys e delle Destiny&#8217;s Child sono presenti nelle classifiche. Le nostre Trading Cards &#8220;Vintage&#8221; sono un sogno per tutti i nostalgici e i collezionisti, perch\u00e9 non sono riproduzioni delle carte precedenti, ma tutti i pacchetti sono originali dell&#8217;epoca in cui sono stati pubblicati.<\/li>\n<\/ul>\n<p>Puoi trovare altre Trading Cards del passato <strong><a href=\"https:\/\/memorabilia-germany.de\/it\/trading-cards-2\/\">qui<\/a><\/strong>.<\/p>\n","protected":false},"featured_media":57232,"template":"","meta":{"_acf_changed":false,"ocean_post_layout":"","ocean_both_sidebars_style":"","ocean_both_sidebars_content_width":0,"ocean_both_sidebars_sidebars_width":0,"ocean_sidebar":"0","ocean_second_sidebar":"0","ocean_disable_margins":"enable","ocean_add_body_class":"","ocean_shortcode_before_top_bar":"","ocean_shortcode_after_top_bar":"","ocean_shortcode_before_header":"","ocean_shortcode_after_header":"","ocean_has_shortcode":"","ocean_shortcode_after_title":"","ocean_shortcode_before_footer_widgets":"","ocean_shortcode_after_footer_widgets":"","ocean_shortcode_before_footer_bottom":"","ocean_shortcode_after_footer_bottom":"","ocean_display_top_bar":"default","ocean_display_header":"default","ocean_header_style":"","ocean_center_header_left_menu":"0","ocean_custom_header_template":"0","ocean_custom_logo":0,"ocean_custom_retina_logo":0,"ocean_custom_logo_max_width":0,"ocean_custom_logo_tablet_max_width":0,"ocean_custom_logo_mobile_max_width":0,"ocean_custom_logo_max_height":0,"ocean_custom_logo_tablet_max_height":0,"ocean_custom_logo_mobile_max_height":0,"ocean_header_custom_menu":"0","ocean_menu_typo_font_family":"0","ocean_menu_typo_font_subset":"","ocean_menu_typo_font_size":0,"ocean_menu_typo_font_size_tablet":0,"ocean_menu_typo_font_size_mobile":0,"ocean_menu_typo_font_size_unit":"px","ocean_menu_typo_font_weight":"","ocean_menu_typo_font_weight_tablet":"","ocean_menu_typo_font_weight_mobile":"","ocean_menu_typo_transform":"","ocean_menu_typo_transform_tablet":"","ocean_menu_typo_transform_mobile":"","ocean_menu_typo_line_height":0,"ocean_menu_typo_line_height_tablet":0,"ocean_menu_typo_line_height_mobile":0,"ocean_menu_typo_line_height_unit":"","ocean_menu_typo_spacing":0,"ocean_menu_typo_spacing_tablet":0,"ocean_menu_typo_spacing_mobile":0,"ocean_menu_typo_spacing_unit":"","ocean_menu_link_color":"","ocean_menu_link_color_hover":"","ocean_menu_link_color_active":"","ocean_menu_link_background":"","ocean_menu_link_hover_background":"","ocean_menu_link_active_background":"","ocean_menu_social_links_bg":"","ocean_menu_social_hover_links_bg":"","ocean_menu_social_links_color":"","ocean_menu_social_hover_links_color":"","ocean_disable_title":"default","ocean_disable_heading":"default","ocean_post_title":"","ocean_post_subheading":"","ocean_post_title_style":"","ocean_post_title_background_color":"","ocean_post_title_background":0,"ocean_post_title_bg_image_position":"","ocean_post_title_bg_image_attachment":"","ocean_post_title_bg_image_repeat":"","ocean_post_title_bg_image_size":"","ocean_post_title_height":0,"ocean_post_title_bg_overlay":0.5,"ocean_post_title_bg_overlay_color":"","ocean_disable_breadcrumbs":"default","ocean_breadcrumbs_color":"","ocean_breadcrumbs_separator_color":"","ocean_breadcrumbs_links_color":"","ocean_breadcrumbs_links_hover_color":"","ocean_display_footer_widgets":"default","ocean_display_footer_bottom":"default","ocean_custom_footer_template":"0","ofc_enable_fullscreen":"disable","ofc_fullscreen_speed":0,"ofc_fullscreen_nav":"enable","ofc_fullscreen_nav_pos":"right","ofc_fullscreen_nav_color":"","ofc_fullscreen_nav_tooltip_color":"","ofc_fullscreen_responsive":0},"product_brand":[],"product_cat":[3772],"product_tag":[],"class_list":{"0":"post-57261","1":"product","2":"type-product","3":"status-publish","4":"has-post-thumbnail","6":"product_cat-1999-upper-deck-mvp-basketball-single-pack-hobby-box-it","7":"product_shipping_class-versandklasse_b-it","9":"entry","10":"has-media","12":"first","13":"instock","14":"taxable","15":"shipping-taxable","16":"purchasable","17":"product-type-simple","18":"col","19":"span_1_of_4","20":"owp-content-center","21":"owp-thumbs-layout-horizontal","22":"owp-btn-normal","23":"owp-tabs-layout-horizontal"},"acf":[],"_links":{"self":[{"href":"https:\/\/memorabilia-germany.de\/it\/wp-json\/wp\/v2\/product\/57261","targetHints":{"allow":["GET"]}}],"collection":[{"href":"https:\/\/memorabilia-germany.de\/it\/wp-json\/wp\/v2\/product"}],"about":[{"href":"https:\/\/memorabilia-germany.de\/it\/wp-json\/wp\/v2\/types\/product"}],"version-history":[{"count":0,"href":"https:\/\/memorabilia-germany.de\/it\/wp-json\/wp\/v2\/product\/57261\/revisions"}],"wp:featuredmedia":[{"embeddable":true,"href":"https:\/\/memorabilia-germany.de\/it\/wp-json\/wp\/v2\/media\/57232"}],"wp:attachment":[{"href":"https:\/\/memorabilia-germany.de\/it\/wp-json\/wp\/v2\/media?parent=57261"}],"wp:term":[{"taxonomy":"product_brand","embeddable":true,"href":"https:\/\/memorabilia-germany.de\/it\/wp-json\/wp\/v2\/product_brand?post=57261"},{"taxonomy":"product_cat","embeddable":true,"href":"https:\/\/memorabilia-germany.de\/it\/wp-json\/wp\/v2\/product_cat?post=57261"},{"taxonomy":"product_tag","embeddable":true,"href":"https:\/\/memorabilia-germany.de\/it\/wp-json\/wp\/v2\/product_tag?post=57261"}],"curies":[{"name":"wp","href":"https:\/\/api.w.org\/{rel}","templated":true}]}}