{"id":57005,"date":"2025-02-19T13:41:46","date_gmt":"2025-02-19T12:49:37","guid":{"rendered":"https:\/\/memorabilia-germany.de\/produkt\/2002-topps-nba-basketball-cardsretail-pack\/"},"modified":"2025-02-19T13:50:47","modified_gmt":"2025-02-19T12:50:47","slug":"2002-topps-nba-basketball-cardsretail-pack","status":"publish","type":"product","link":"https:\/\/memorabilia-germany.de\/it\/produkt\/2002-topps-nba-basketball-cardsretail-pack\/","title":{"rendered":"2002 topps NBA Basketball Cards<\/br>Retail Pack"},"content":{"rendered":"","protected":false},"excerpt":{"rendered":"<p><strong>Confezione non aperta di NBA Trading Cards, originale del 2002, con la possibilit\u00e0 di vincere gli autografi delle superstar e la reliquia dell&#8217;attacco di Shaq. Memorabilia Cards. Il grande titolo della stagione NBA 2002\/03 \u00e8 stato probabilmente &#8220;l&#8217;ultimo ballo di Michael Jordan&#8221;: \u00e8 stata l&#8217;ultima stagione del pi\u00f9 grande giocatore di tutti i tempi, che ha attaccato per i Washington Wizards un&#8217;ultima volta tra il 2001 e il 2003. Il 16 aprile 2003, la leggenda diede l&#8217;addio al basket attivo per sempre durante la partita di Philadelphia. Fu anche la prima stagione dal 1998\/99 in cui i Los Angeles Lakers non raggiunsero le finali NBA. Gli Spurs batterono i New Jersey Nets in 6 partite e Tim Duncan fu l&#8217;MVP delle finali.     Per ulteriori informazioni, vedere sotto.<\/strong><\/p>\n<ul style=\"list-style-type: square;\">\n<li>Contenuto della confezione: 10 carte<\/li>\n<li>Anno di pubblicazione: 2002<\/li>\n<li>Marchio: topps<\/li>\n<li>Paese: USA<\/li>\n<li>La confezione (&#8220;Retail Pack&#8221;) proviene da una scatola al dettaglio che \u00e8 stata Memorabilia Germany aperta contenente un totale di 36 confezioni. Nonostante l\u2019et\u00e0, tutti i pacchi sono in condizioni perfette.<\/li>\n<li>La serie retail brilla con molti autografi &amp; Memorabilia Cardscome Shaq Attack, Slam Duncan o Dirk Nowitzki Relics.<\/li>\n<li>Michael Jordan\u2019s Final Season Wizards Cards in questa serie!<\/li>\n<li>Trova le Rookie Cards di Yao Ming in questa serie!<\/li>\n<li>Autografi Topps 2002, Memorabilia Cards &amp; Parallels:\n<ul style=\"list-style-type: circle;\">\n<li>Superstar Autographs <\/li>\n<li>Shaq Attack + Slam Duncan Relics <\/li>\n<li>All-Star Remnants Relics<\/li>\n<li>Coast to Coast Inserts<\/li>\n<li>Verticality Inserts<\/li>\n<li>Top Tandems<\/li>\n<li>Black Border Parallels<\/li>\n<li>Around the World<\/li>\n<\/ul>\n<\/li>\n<li>Trova le figurine originali di leggende dell&#8217;NBA del 2002 come Kobe Bryant, Tim Duncan, Allen Iverson, Kevin Garnett, Shaquille O&#8217;Neal, Dirk Nowitzki o Michael Jordan. La serie include anche le figurine delle superstar NBA successive come Yao Ming, Caron Butler e Amar&#8217;e Stoudemire! <\/li>\n<li>Informazioni di base 2002: l&#8217;euro diventa la valuta ufficiale in 12 dei 15 paesi dell&#8217;UE. Il sito web pi\u00f9 visitato al mondo \u00e8 AOL, ma &#8211; fatto divertente &#8211; il sito web medio impiega 16 secondi per caricarsi. In Formula 1, Michael Schumacher diventa campione del mondo per la quinta volta e i fratelli Klitschko eliminano tutto ci\u00f2 che non riesce a correre abbastanza velocemente.  <\/li>\n<\/ul>\n<p>Puoi trovare altre Trading Cards del passato <strong><a href=\"https:\/\/memorabilia-germany.de\/it\/trading-cards\">qui<\/a><\/strong>.<\/p>\n","protected":false},"featured_media":56975,"template":"","meta":{"_acf_changed":false,"ocean_post_layout":"","ocean_both_sidebars_style":"","ocean_both_sidebars_content_width":0,"ocean_both_sidebars_sidebars_width":0,"ocean_sidebar":"0","ocean_second_sidebar":"0","ocean_disable_margins":"enable","ocean_add_body_class":"","ocean_shortcode_before_top_bar":"","ocean_shortcode_after_top_bar":"","ocean_shortcode_before_header":"","ocean_shortcode_after_header":"","ocean_has_shortcode":"","ocean_shortcode_after_title":"","ocean_shortcode_before_footer_widgets":"","ocean_shortcode_after_footer_widgets":"","ocean_shortcode_before_footer_bottom":"","ocean_shortcode_after_footer_bottom":"","ocean_display_top_bar":"default","ocean_display_header":"default","ocean_header_style":"","ocean_center_header_left_menu":"0","ocean_custom_header_template":"0","ocean_custom_logo":0,"ocean_custom_retina_logo":0,"ocean_custom_logo_max_width":0,"ocean_custom_logo_tablet_max_width":0,"ocean_custom_logo_mobile_max_width":0,"ocean_custom_logo_max_height":0,"ocean_custom_logo_tablet_max_height":0,"ocean_custom_logo_mobile_max_height":0,"ocean_header_custom_menu":"0","ocean_menu_typo_font_family":"0","ocean_menu_typo_font_subset":"","ocean_menu_typo_font_size":0,"ocean_menu_typo_font_size_tablet":0,"ocean_menu_typo_font_size_mobile":0,"ocean_menu_typo_font_size_unit":"px","ocean_menu_typo_font_weight":"","ocean_menu_typo_font_weight_tablet":"","ocean_menu_typo_font_weight_mobile":"","ocean_menu_typo_transform":"","ocean_menu_typo_transform_tablet":"","ocean_menu_typo_transform_mobile":"","ocean_menu_typo_line_height":0,"ocean_menu_typo_line_height_tablet":0,"ocean_menu_typo_line_height_mobile":0,"ocean_menu_typo_line_height_unit":"","ocean_menu_typo_spacing":0,"ocean_menu_typo_spacing_tablet":0,"ocean_menu_typo_spacing_mobile":0,"ocean_menu_typo_spacing_unit":"","ocean_menu_link_color":"","ocean_menu_link_color_hover":"","ocean_menu_link_color_active":"","ocean_menu_link_background":"","ocean_menu_link_hover_background":"","ocean_menu_link_active_background":"","ocean_menu_social_links_bg":"","ocean_menu_social_hover_links_bg":"","ocean_menu_social_links_color":"","ocean_menu_social_hover_links_color":"","ocean_disable_title":"default","ocean_disable_heading":"default","ocean_post_title":"","ocean_post_subheading":"","ocean_post_title_style":"","ocean_post_title_background_color":"","ocean_post_title_background":0,"ocean_post_title_bg_image_position":"","ocean_post_title_bg_image_attachment":"","ocean_post_title_bg_image_repeat":"","ocean_post_title_bg_image_size":"","ocean_post_title_height":0,"ocean_post_title_bg_overlay":0.5,"ocean_post_title_bg_overlay_color":"","ocean_disable_breadcrumbs":"default","ocean_breadcrumbs_color":"","ocean_breadcrumbs_separator_color":"","ocean_breadcrumbs_links_color":"","ocean_breadcrumbs_links_hover_color":"","ocean_display_footer_widgets":"default","ocean_display_footer_bottom":"default","ocean_custom_footer_template":"0","ofc_enable_fullscreen":"disable","ofc_fullscreen_speed":0,"ofc_fullscreen_nav":"enable","ofc_fullscreen_nav_pos":"right","ofc_fullscreen_nav_color":"","ofc_fullscreen_nav_tooltip_color":"","ofc_fullscreen_responsive":0},"product_brand":[],"product_cat":[2491],"product_tag":[],"class_list":{"0":"post-57005","1":"product","2":"type-product","3":"status-publish","4":"has-post-thumbnail","6":"product_cat-non-categorizzato","7":"product_shipping_class-versandklasse_b-it","9":"entry","10":"has-media","12":"first","13":"instock","14":"taxable","15":"shipping-taxable","16":"purchasable","17":"product-type-simple","18":"col","19":"span_1_of_4","20":"owp-content-center","21":"owp-thumbs-layout-horizontal","22":"owp-btn-normal","23":"owp-tabs-layout-horizontal"},"acf":[],"_links":{"self":[{"href":"https:\/\/memorabilia-germany.de\/it\/wp-json\/wp\/v2\/product\/57005","targetHints":{"allow":["GET"]}}],"collection":[{"href":"https:\/\/memorabilia-germany.de\/it\/wp-json\/wp\/v2\/product"}],"about":[{"href":"https:\/\/memorabilia-germany.de\/it\/wp-json\/wp\/v2\/types\/product"}],"version-history":[{"count":0,"href":"https:\/\/memorabilia-germany.de\/it\/wp-json\/wp\/v2\/product\/57005\/revisions"}],"wp:featuredmedia":[{"embeddable":true,"href":"https:\/\/memorabilia-germany.de\/it\/wp-json\/wp\/v2\/media\/56975"}],"wp:attachment":[{"href":"https:\/\/memorabilia-germany.de\/it\/wp-json\/wp\/v2\/media?parent=57005"}],"wp:term":[{"taxonomy":"product_brand","embeddable":true,"href":"https:\/\/memorabilia-germany.de\/it\/wp-json\/wp\/v2\/product_brand?post=57005"},{"taxonomy":"product_cat","embeddable":true,"href":"https:\/\/memorabilia-germany.de\/it\/wp-json\/wp\/v2\/product_cat?post=57005"},{"taxonomy":"product_tag","embeddable":true,"href":"https:\/\/memorabilia-germany.de\/it\/wp-json\/wp\/v2\/product_tag?post=57005"}],"curies":[{"name":"wp","href":"https:\/\/api.w.org\/{rel}","templated":true}]}}