{"id":56952,"date":"2025-02-17T18:05:13","date_gmt":"2025-02-17T17:12:36","guid":{"rendered":"https:\/\/memorabilia-germany.de\/produkt\/2005-upper-deck-basketball-cardssingle-pack-hobby-box\/"},"modified":"2025-02-17T18:24:25","modified_gmt":"2025-02-17T17:24:25","slug":"2005-upper-deck-basketball-cardssingle-pack-hobby-box","status":"publish","type":"product","link":"https:\/\/memorabilia-germany.de\/it\/produkt\/2005-upper-deck-basketball-cardssingle-pack-hobby-box\/","title":{"rendered":"2005 Upper Deck Basketball Cards<\/br>Single Pack (Hobby Box)"},"content":{"rendered":"","protected":false},"excerpt":{"rendered":"<p><strong>Trading CardsConfezione non aperta di NBA, originale del 2005, con la possibilit\u00e0 di acquistare le Sensazioni di firma di Lebron James e i Buy Back di Michael Jordan.<\/strong><br \/>\n<strong>La stagione 2005\/06 \u00e8 stata la stagione del 60\u00b0 anniversario dell&#8217;NBA. L&#8217;MVP della stagione fu Steve Nash, che incontr\u00f2 i Lakers nel primo turno di playoff con i Suns, che naturalmente avevano tra le loro fila il capocannoniere della stagione Kobe Bryant insieme a Shaquille O&#8217;Neal. Tuttavia, Los Angeles dovette ammettere la sconfitta in 7 partite. Ma i Suns ottennero anche un biglietto per tornare a casa, grazie a Dirk Nowitzki e ai Dallas Mavericks. Dallas vinse la finale di conference e alla fine perse contro i Miami Heat in finale. L&#8217;MVP delle finali fu Dwyane Wade.      Per ulteriori informazioni, vedere sotto.<\/strong><\/p>\n<ul style=\"list-style-type: square;\">\n<li>Contenuto della confezione: 8 carte<\/li>\n<li>Anno di pubblicazione: 2005<\/li>\n<li>Marca: Upper Deck<\/li>\n<li>Paese: USA<\/li>\n<li>La confezione (&#8220;Hobby Pack&#8221;) proviene da una &#8220;Hobby Box&#8221; aperta da Memorabilia Germany, che contiene un totale di 24 confezioni. Tutti i pacchi sono in condizioni immacolate nonostante l&#8217;et\u00e0.<\/li>\n<li>Questa serie \u00e8 ricca di Autografi &amp; Memorabilia Cardscome Signature Sensations, All-Star Authentics o Rookie Review Materials.<\/li>\n<li>Trova l&#8217;autografo di LeBron James e Memorabilia Cards in questa serie!<\/li>\n<li>Upper Deck 2005 MVP Autographs, Memorabilia Cards &amp; Parallels:\n<ul style=\"list-style-type: circle;\">\n<li>Signature Sensations <\/li>\n<li>Performance Clause Autograph Jersey Redemption <\/li>\n<li>Rookie Review Materials <\/li>\n<li>All-StarAuthentics <\/li>\n<li>Performance Clause Jersey Redemption<\/li>\n<li>UD Game Jerseys<\/li>\n<li>UD Game Patches<\/li>\n<li>UD Materials<\/li>\n<li>Star Rookies Gold Parallels<\/li>\n<li>Star Rookies Silver Spectrum Parallels<\/li>\n<li>Regular Player Gold Parallels<\/li>\n<\/ul>\n<\/li>\n<li>Trova le figurine originali di leggende dell&#8217;NBA del 2005 come LeBron James, Kobe Bryant, Tim Duncan, Allen Iverson, Dwyane Wade, Shaquille O&#8217;Neal o Dirk Nowitzki. La serie include anche le figurine delle superstar NBA successive, come Andrew Bogut e Chris Paul! <\/li>\n<li>Informazioni di base 2005: Sebbene si siano verificati eventi storici, come l&#8217;elezione di Joseph Ratzinger a Papa o la messa online per la prima volta della piattaforma youtube, \u00e8 probabile che molte persone ricordino un disastro naturale quando ripensano al 2005. L&#8217;uragano Katrina si \u00e8 formato sulle Bahamas alla fine di agosto ed \u00e8 stato inizialmente classificato come &#8220;moderato&#8221;. Tuttavia, la tempesta si diriger\u00e0 verso gli Stati Uniti e si trasformer\u00e0 in breve tempo in uno degli uragani pi\u00f9 violenti mai registrati. In Louisiana e in Florida, l&#8217;uragano distrugger\u00e0 intere regioni e causer\u00e0 distruzioni di portata storica, soprattutto nella grande citt\u00e0 di New Orleans.   <\/li>\n<\/ul>\n<p>Puoi trovare altre Trading Cards del passato <strong><a href=\"https:\/\/memorabilia-germany.de\/it\/trading-cards\">qui<\/a><\/strong>.<\/p>\n","protected":false},"featured_media":56923,"template":"","meta":{"_acf_changed":false,"ocean_post_layout":"","ocean_both_sidebars_style":"","ocean_both_sidebars_content_width":0,"ocean_both_sidebars_sidebars_width":0,"ocean_sidebar":"0","ocean_second_sidebar":"0","ocean_disable_margins":"enable","ocean_add_body_class":"","ocean_shortcode_before_top_bar":"","ocean_shortcode_after_top_bar":"","ocean_shortcode_before_header":"","ocean_shortcode_after_header":"","ocean_has_shortcode":"","ocean_shortcode_after_title":"","ocean_shortcode_before_footer_widgets":"","ocean_shortcode_after_footer_widgets":"","ocean_shortcode_before_footer_bottom":"","ocean_shortcode_after_footer_bottom":"","ocean_display_top_bar":"default","ocean_display_header":"default","ocean_header_style":"","ocean_center_header_left_menu":"0","ocean_custom_header_template":"0","ocean_custom_logo":0,"ocean_custom_retina_logo":0,"ocean_custom_logo_max_width":0,"ocean_custom_logo_tablet_max_width":0,"ocean_custom_logo_mobile_max_width":0,"ocean_custom_logo_max_height":0,"ocean_custom_logo_tablet_max_height":0,"ocean_custom_logo_mobile_max_height":0,"ocean_header_custom_menu":"0","ocean_menu_typo_font_family":"0","ocean_menu_typo_font_subset":"","ocean_menu_typo_font_size":0,"ocean_menu_typo_font_size_tablet":0,"ocean_menu_typo_font_size_mobile":0,"ocean_menu_typo_font_size_unit":"px","ocean_menu_typo_font_weight":"","ocean_menu_typo_font_weight_tablet":"","ocean_menu_typo_font_weight_mobile":"","ocean_menu_typo_transform":"","ocean_menu_typo_transform_tablet":"","ocean_menu_typo_transform_mobile":"","ocean_menu_typo_line_height":0,"ocean_menu_typo_line_height_tablet":0,"ocean_menu_typo_line_height_mobile":0,"ocean_menu_typo_line_height_unit":"","ocean_menu_typo_spacing":0,"ocean_menu_typo_spacing_tablet":0,"ocean_menu_typo_spacing_mobile":0,"ocean_menu_typo_spacing_unit":"","ocean_menu_link_color":"","ocean_menu_link_color_hover":"","ocean_menu_link_color_active":"","ocean_menu_link_background":"","ocean_menu_link_hover_background":"","ocean_menu_link_active_background":"","ocean_menu_social_links_bg":"","ocean_menu_social_hover_links_bg":"","ocean_menu_social_links_color":"","ocean_menu_social_hover_links_color":"","ocean_disable_title":"default","ocean_disable_heading":"default","ocean_post_title":"","ocean_post_subheading":"","ocean_post_title_style":"","ocean_post_title_background_color":"","ocean_post_title_background":0,"ocean_post_title_bg_image_position":"","ocean_post_title_bg_image_attachment":"","ocean_post_title_bg_image_repeat":"","ocean_post_title_bg_image_size":"","ocean_post_title_height":0,"ocean_post_title_bg_overlay":0.5,"ocean_post_title_bg_overlay_color":"","ocean_disable_breadcrumbs":"default","ocean_breadcrumbs_color":"","ocean_breadcrumbs_separator_color":"","ocean_breadcrumbs_links_color":"","ocean_breadcrumbs_links_hover_color":"","ocean_display_footer_widgets":"default","ocean_display_footer_bottom":"default","ocean_custom_footer_template":"0","ofc_enable_fullscreen":"disable","ofc_fullscreen_speed":0,"ofc_fullscreen_nav":"enable","ofc_fullscreen_nav_pos":"right","ofc_fullscreen_nav_color":"","ofc_fullscreen_nav_tooltip_color":"","ofc_fullscreen_responsive":0},"product_brand":[],"product_cat":[3748],"product_tag":[],"class_list":{"0":"post-56952","1":"product","2":"type-product","3":"status-publish","4":"has-post-thumbnail","6":"product_cat-2005-upper-deck-basketball-cards-single-pack-hobby-box-it","7":"product_shipping_class-versandklasse_b-it","9":"entry","10":"has-media","12":"first","13":"instock","14":"taxable","15":"shipping-taxable","16":"purchasable","17":"product-type-simple","18":"col","19":"span_1_of_4","20":"owp-content-center","21":"owp-thumbs-layout-horizontal","22":"owp-btn-normal","23":"owp-tabs-layout-horizontal"},"acf":[],"_links":{"self":[{"href":"https:\/\/memorabilia-germany.de\/it\/wp-json\/wp\/v2\/product\/56952","targetHints":{"allow":["GET"]}}],"collection":[{"href":"https:\/\/memorabilia-germany.de\/it\/wp-json\/wp\/v2\/product"}],"about":[{"href":"https:\/\/memorabilia-germany.de\/it\/wp-json\/wp\/v2\/types\/product"}],"version-history":[{"count":0,"href":"https:\/\/memorabilia-germany.de\/it\/wp-json\/wp\/v2\/product\/56952\/revisions"}],"wp:featuredmedia":[{"embeddable":true,"href":"https:\/\/memorabilia-germany.de\/it\/wp-json\/wp\/v2\/media\/56923"}],"wp:attachment":[{"href":"https:\/\/memorabilia-germany.de\/it\/wp-json\/wp\/v2\/media?parent=56952"}],"wp:term":[{"taxonomy":"product_brand","embeddable":true,"href":"https:\/\/memorabilia-germany.de\/it\/wp-json\/wp\/v2\/product_brand?post=56952"},{"taxonomy":"product_cat","embeddable":true,"href":"https:\/\/memorabilia-germany.de\/it\/wp-json\/wp\/v2\/product_cat?post=56952"},{"taxonomy":"product_tag","embeddable":true,"href":"https:\/\/memorabilia-germany.de\/it\/wp-json\/wp\/v2\/product_tag?post=56952"}],"curies":[{"name":"wp","href":"https:\/\/api.w.org\/{rel}","templated":true}]}}