{"id":54523,"date":"2025-01-11T14:37:02","date_gmt":"2025-01-11T13:37:02","guid":{"rendered":"https:\/\/memorabilia-germany.de\/produkt\/nfl-mini-helmet-mystery-box-down-to-business-2025\/"},"modified":"2025-01-11T14:55:38","modified_gmt":"2025-01-11T13:55:38","slug":"nfl-mini-helmet-mystery-box-down-to-business-2025","status":"publish","type":"product","link":"https:\/\/memorabilia-germany.de\/it\/produkt\/nfl-mini-helmet-mystery-box-down-to-business-2025\/","title":{"rendered":"NFL Mini Helmet Mystery Box: Down to Business 2025"},"content":{"rendered":"<p><strong>Ulteriori informazioni su questa serie di Mini Helmet Mystery Box:<\/strong><\/p>\n<ul style=\"list-style-type: square;\">\n<li>Pi\u00f9 della met\u00e0 delle scatole di questa serie contiene mini caschi Riddell Limited Edition NFL di edizioni come: &#8220;Slate&#8221;, &#8220;Eclipse&#8221;, &#8220;Salute to Service&#8221;, &#8220;Camo&#8221;, &#8220;Flash&#8221;, &#8220;AMP&#8221; o &#8220;Matte&#8221;. Tutti i mini caschi sono caschi ufficiali delle squadre NFL. <\/li>\n<li>I caschi sono stati distribuiti alle scatole in modo casuale.<\/li>\n<li>Tutti i memorabilia contenuti in una Mini Helmet Mystery Box sono stati verificati da un autenticatore statunitense leader di mercato e sono dotati di caratteristiche di sicurezza seriali (Certificate of Authenticity e\/o ologramma di sicurezza). Gli autenticatori sono esclusivamente: Beckett, James Spence Authentication, PSA\/DNA o Fanatics. Ulteriori informazioni su questo importante argomento l&#8217;autenticazione sono disponibili <strong><a href=\"https:\/\/memorabilia-germany.de\/it\/autenticazione-della-firma\/\">qui<\/a><\/strong>.<\/li>\n<li>Con noi ottieni una panoramica COMPLETA dell&#8217;elenco dei giocatori inclusi in questa serie Mystery Box:<\/li>\n<\/ul>\n<p style=\"text-align: center;\">Patrick Mahomes<br \/>\nJoe Montana<br \/>\nJordan Love<br \/>\nBo Nix<br \/>\nBaker Mayfield<br \/>\nJ.J. McCarthy<br \/>\nDak Prescott<br \/>\nJalen Hurts<br \/>\nD.K. Metcalf<br \/>\nAmon-Ra St Brown<br \/>\nJared Goff<br \/>\nO.J. Simpson<br \/>\nBijan Robinson<br \/>\nGeorge Kittle<br \/>\nJerry Rice<br \/>\nAlvin Kamara<br \/>\nTravis Kelce<br \/>\nMinkah Fitzpatrick<br \/>\nTyreek Hill<br \/>\nKyler Murray<br \/>\nNajee Harris<br \/>\nDrake Maye<br \/>\nTravis Etienne Jr.<br \/>\nAaron Jones<br \/>\nDavante Adams<br \/>\nJames Cook<br \/>\nMalik Nabers<br \/>\nPuka Nacua<br \/>\nMichael Pittman Jr.<br \/>\nJaxon Smith-Njigba<br \/>\nBrock Bowers<br \/>\nAdam Thielen<br \/>\nJayden Reed<br \/>\nDeion Sanders<br \/>\nOdell Beckham Jr.<br \/>\nLuke Kuechly<br \/>\nKyren Williams<br \/>\nTank Dell<br \/>\nJameson Williams<br \/>\nJerry Jeudy<br \/>\nTony Pollard<br \/>\nTee Higgins<br \/>\nTyler Conklin<br \/>\nDe\u2019Von Achane<br \/>\nTerry McLaurin<br \/>\nZay Flowers<br \/>\nTerry McLaurin<br \/>\nSam Darnold<br \/>\nKurt Warner<br \/>\nRicky Pearsall<br \/>\nNick Bosa<br \/>\nJakobi Meyers<br \/>\nAmari Cooper<br \/>\nJoey Bosa<br \/>\nDevon Witherspoon<br \/>\nChris Olave<br \/>\nAustin Ekeler<br \/>\nDarius Slayton<br \/>\nKeenan Allen<br \/>\nAaron Donald<br \/>\nJavonte Williams<br \/>\nEd McCaffrey<br \/>\nJaylen Waddle<br \/>\nJoe Theismann<br \/>\nRomeo Doubs<br \/>\nFrank Gore<br \/>\nDre Greenlaw<br \/>\nMike Singletary<br \/>\nDaunte Culpepper<br \/>\nTrevon Diggs<br \/>\nD.J. Moore<br \/>\nLeo Chenal<br \/>\nBob Griese<br \/>\nSteve Largent<br \/>\nRicky Williams\n<\/p>\n<p>\nSe una serie contiene pi\u00f9 di un FOOTBALL AMERICANO MEMORABILIA dello stesso giocatore, riceverete un &#8220;No Double Option&#8221;. Ci\u00f2 significa che sicuramente non otterrai un giocatore duplicato se acquisti pi\u00f9 di una scatola.\n<\/p>\n<p>\nMystery Box<br \/>\nCome funziona un mini casco? Puoi trovare maggiori informazioni nelle nostre<strong><a href=\"https:\/\/memorabilia-germany.de\/it\/sports-memorabilia-faq-it\/#memorabilia-mystery-box\"><u>FAQ<\/u><\/a><\/strong>!\n<\/p>\n<p>\nPuoi trovare altri memorabilia di Football Americano <strong><a href=\"https:\/\/memorabilia-germany.de\/it\/football-americano-memorabilia\"><u>qui<\/u><\/a><\/strong>!<\/p>\n","protected":false},"excerpt":{"rendered":"<p><strong>Questa serie \u00e8 limitata a un totale di 100 Mini Helmet <a href=\"https:\/\/memorabilia-germany.de\/it\/sports-memorabilia-faq-it\/#memorabilia-mystery-box\"><u>Scatole misteriose<\/u><\/a> limitata. Ogni scatola ha un numero di serie. Trova i mini caschi NFL delle superstar di tutte le 32 squadre NFL! Nomi come Patrick Mahomes, Bo Nix o Joe Montana sono presenti in questa serie! <\/strong><\/p>\n<p><strong>Panoramica rapida:<\/strong><\/p>\n<ul style=\"list-style-type: square;\">\n<li>Contenuto di ogni scatola: mini casco NFL con licenza e firma di Riddell. Le immagini ti danno un piccolo spaccato del segreto della serie!<\/li>\n<li>Tutti i caschi sono firmati da una star attuale della NFL o da una leggenda della NFL. Inoltre, molti caschi sono anche firmati con le iscrizioni dei giocatori!<\/li>\n<li>Pi\u00f9 di 50 delle 100 scatole di questa serie contengono caschi in edizione limitata (vedi sotto per maggiori informazioni).<\/li>\n<li>La serie comprende i mini caschi di tutte le 32 squadre della NFL.<\/li>\n<li>Autenticazione degli autografi (solo): <strong><a href=\"https:\/\/memorabilia-germany.de\/it\/autenticazione-della-firma\/#signature-authentication-beckett\">Beckett<\/a><\/strong>, <strong><a href=\"https:\/\/memorabilia-germany.de\/it\/autenticazione-della-firma\/#signature-authentication-james-spence\">James Spence Authentication<\/a><\/strong>, <strong><a href=\"https:\/\/memorabilia-germany.de\/it\/autenticazione-della-firma\/#signature-authentication-psa-dna\">PSA\/DNA<\/a><\/strong> o <strong><a href=\"https:\/\/memorabilia-germany.de\/it\/autenticazione-della-firma\/#signature-authentication-fanatics\">Fanatics<\/a><\/strong>.<\/li>\n<\/ul>\n","protected":false},"featured_media":50153,"template":"","meta":{"_acf_changed":false,"ocean_post_layout":"","ocean_both_sidebars_style":"","ocean_both_sidebars_content_width":0,"ocean_both_sidebars_sidebars_width":0,"ocean_sidebar":"0","ocean_second_sidebar":"0","ocean_disable_margins":"enable","ocean_add_body_class":"","ocean_shortcode_before_top_bar":"","ocean_shortcode_after_top_bar":"","ocean_shortcode_before_header":"","ocean_shortcode_after_header":"","ocean_has_shortcode":"","ocean_shortcode_after_title":"","ocean_shortcode_before_footer_widgets":"","ocean_shortcode_after_footer_widgets":"","ocean_shortcode_before_footer_bottom":"","ocean_shortcode_after_footer_bottom":"","ocean_display_top_bar":"default","ocean_display_header":"default","ocean_header_style":"","ocean_center_header_left_menu":"0","ocean_custom_header_template":"0","ocean_custom_logo":0,"ocean_custom_retina_logo":0,"ocean_custom_logo_max_width":0,"ocean_custom_logo_tablet_max_width":0,"ocean_custom_logo_mobile_max_width":0,"ocean_custom_logo_max_height":0,"ocean_custom_logo_tablet_max_height":0,"ocean_custom_logo_mobile_max_height":0,"ocean_header_custom_menu":"0","ocean_menu_typo_font_family":"0","ocean_menu_typo_font_subset":"","ocean_menu_typo_font_size":0,"ocean_menu_typo_font_size_tablet":0,"ocean_menu_typo_font_size_mobile":0,"ocean_menu_typo_font_size_unit":"px","ocean_menu_typo_font_weight":"","ocean_menu_typo_font_weight_tablet":"","ocean_menu_typo_font_weight_mobile":"","ocean_menu_typo_transform":"","ocean_menu_typo_transform_tablet":"","ocean_menu_typo_transform_mobile":"","ocean_menu_typo_line_height":0,"ocean_menu_typo_line_height_tablet":0,"ocean_menu_typo_line_height_mobile":0,"ocean_menu_typo_line_height_unit":"","ocean_menu_typo_spacing":0,"ocean_menu_typo_spacing_tablet":0,"ocean_menu_typo_spacing_mobile":0,"ocean_menu_typo_spacing_unit":"","ocean_menu_link_color":"","ocean_menu_link_color_hover":"","ocean_menu_link_color_active":"","ocean_menu_link_background":"","ocean_menu_link_hover_background":"","ocean_menu_link_active_background":"","ocean_menu_social_links_bg":"","ocean_menu_social_hover_links_bg":"","ocean_menu_social_links_color":"","ocean_menu_social_hover_links_color":"","ocean_disable_title":"default","ocean_disable_heading":"default","ocean_post_title":"","ocean_post_subheading":"","ocean_post_title_style":"","ocean_post_title_background_color":"","ocean_post_title_background":0,"ocean_post_title_bg_image_position":"","ocean_post_title_bg_image_attachment":"","ocean_post_title_bg_image_repeat":"","ocean_post_title_bg_image_size":"","ocean_post_title_height":0,"ocean_post_title_bg_overlay":0.5,"ocean_post_title_bg_overlay_color":"","ocean_disable_breadcrumbs":"default","ocean_breadcrumbs_color":"","ocean_breadcrumbs_separator_color":"","ocean_breadcrumbs_links_color":"","ocean_breadcrumbs_links_hover_color":"","ocean_display_footer_widgets":"default","ocean_display_footer_bottom":"default","ocean_custom_footer_template":"0","ofc_enable_fullscreen":"disable","ofc_fullscreen_speed":0,"ofc_fullscreen_nav":"enable","ofc_fullscreen_nav_pos":"right","ofc_fullscreen_nav_color":"","ofc_fullscreen_nav_tooltip_color":"","ofc_fullscreen_responsive":0},"product_brand":[],"product_cat":[3642],"product_tag":[],"class_list":{"0":"post-54523","1":"product","2":"type-product","3":"status-publish","4":"has-post-thumbnail","6":"product_cat-nfl-mini-helmet-mystery-box-down-to-business-2025-it","7":"product_shipping_class-classe-di-spedizione_a","9":"entry","10":"has-media","12":"first","13":"instock","14":"taxable","15":"shipping-taxable","16":"purchasable","17":"product-type-simple","18":"col","19":"span_1_of_4","20":"owp-content-center","21":"owp-thumbs-layout-horizontal","22":"owp-btn-normal","23":"owp-tabs-layout-horizontal"},"acf":[],"_links":{"self":[{"href":"https:\/\/memorabilia-germany.de\/it\/wp-json\/wp\/v2\/product\/54523","targetHints":{"allow":["GET"]}}],"collection":[{"href":"https:\/\/memorabilia-germany.de\/it\/wp-json\/wp\/v2\/product"}],"about":[{"href":"https:\/\/memorabilia-germany.de\/it\/wp-json\/wp\/v2\/types\/product"}],"version-history":[{"count":0,"href":"https:\/\/memorabilia-germany.de\/it\/wp-json\/wp\/v2\/product\/54523\/revisions"}],"wp:featuredmedia":[{"embeddable":true,"href":"https:\/\/memorabilia-germany.de\/it\/wp-json\/wp\/v2\/media\/50153"}],"wp:attachment":[{"href":"https:\/\/memorabilia-germany.de\/it\/wp-json\/wp\/v2\/media?parent=54523"}],"wp:term":[{"taxonomy":"product_brand","embeddable":true,"href":"https:\/\/memorabilia-germany.de\/it\/wp-json\/wp\/v2\/product_brand?post=54523"},{"taxonomy":"product_cat","embeddable":true,"href":"https:\/\/memorabilia-germany.de\/it\/wp-json\/wp\/v2\/product_cat?post=54523"},{"taxonomy":"product_tag","embeddable":true,"href":"https:\/\/memorabilia-germany.de\/it\/wp-json\/wp\/v2\/product_tag?post=54523"}],"curies":[{"name":"wp","href":"https:\/\/api.w.org\/{rel}","templated":true}]}}