{"id":54009,"date":"2024-12-28T13:39:18","date_gmt":"2024-12-28T12:39:18","guid":{"rendered":"https:\/\/memorabilia-germany.de\/produkt\/nfl-trading-cards-pocket-packgold-edition-2024-255-unopened-packs\/"},"modified":"2024-12-28T14:09:01","modified_gmt":"2024-12-28T13:09:01","slug":"nfl-trading-cards-pocket-packgold-edition-2024-255-unopened-packs","status":"publish","type":"product","link":"https:\/\/memorabilia-germany.de\/it\/produkt\/nfl-trading-cards-pocket-packgold-edition-2024-255-unopened-packs\/","title":{"rendered":"NFL Trading Cards Pocket Pack<\/br>\u201cGold Edition 2024-25\u201d<\/br>(5 unopened packs)"},"content":{"rendered":"<p style=\"text-align: center;\"><strong>Tutti i pacchetti di questa serie provengono esclusivamente dalle seguenti scatole di carte collezionabili:<\/strong><br \/>\n2024 Panini Certified Football (Hobby Box)<br \/>\n2001 Upper Deck Pros &amp; Prospects Football (Hobby Box)<br \/>\n2004 Upper Deck Foundations Football (Hobby Box)<br \/>\n1988 Topps Football Picture &amp; Bubble Gum Cards (Wax Box)<br \/>\n2024 Panini Donruss Elite Football (Hobby Box)<br \/>\n2001 Upper Deck Ovation Football (Hobby Box)<br \/>\n2000 Topps Football (Hobby Box)<br \/>\n2024 Panini Prestige Football (Hobby H2 Box)<br \/>\n2016 Panini Donruss Optic Football (Mega Box)<br \/>\n2012 Upper Deck SP Authentic Football (Hobby Box)<br \/>\n2024 Panini Score Football (Hobby Box)<br \/>\n1999 Topps Football Cards (Hobby Box)<br \/>\n1996\/97 Upper Deck Football (Hobby Box)<br \/>\n2008 Upper Deck SP Football (Retail Box)<br \/>\n2024 Panini Mosaic Football (Mega Box)<br \/>\n2024 Panini Score Football (Retail Box)<br \/>\n1990 Action Packed All-Madden Football (Hobby Box)<br \/>\n1999 Upper Deck Football (Retail Box)<br \/>\n2024 Panini Prestige Football (Retail Box)<br \/>\n2024 Panini Donruss Elite Football (Blaster Box)<br \/>\n2013 Panini Rookies &amp; Stars Football (Multi Box)<br \/>\n1993 Action Packed Monday Night Football (Hobby Box)<br \/>\n1995 Collector\u2019s Edge Black Label NFL Trading Cards (Hobby Box)<br \/>\n1990 NFL Pro Set \u2013 The Official NFL Card (Wax Box)<br \/>\n1993 Bowman Football (Hobby Box)<br \/>\n1996 Score Select Football (Hobby Box)<br \/>\n1991 NFL Pacific Pro Football Plus Player Cards (Wax Box)<br \/>\n1994 Classic\u2019s NFL Experience Collection (Hobby Box)<br \/>\n1991 Upper Deck NFL Football Premiere Edition (Hobby Box)<br \/>\n1996 Donruss Football (Retail Box)<br \/>\n1992 Upper Deck NFL Football Cards (Hobby Box)<br \/>\n1989 Pro Set Football Cards (Wax Box)<br \/>\n1992 Topps Football Picture Cards (Wax Box)<br \/>\n1990 Score NFL Football (Wax Box)<br \/>\n1991 Pinnacle NFL Football Player Cards (Hobby Box)<br \/>\n1994 Skybox Premium Football (Hobby Box)<br \/>\n1996 Leaf Football Cards (Hobby Box)<br \/>\n1991 Upper Deck NFL Football Premiere Edition (Hobby Box)<br \/>\n1992 Topps Stadium Club Football (Hobby Box)\n<\/p>\n<p><strong>Nota<\/strong>: tutte le confezioni di Trading Cards sono state controllate da Memorabilia Germany per verificarne le condizioni e le Mystery Box contengono solo confezioni in ottime condizioni che non sono mai state aperte. Tieni presente, tuttavia, che le carte hanno fino a 35 anni e quindi non possiamo garantire le condizioni dei pacchetti.<\/p>\n<p>Mystery Box<br \/>\nCome funziona un&#8217;azione? Puoi trovare informazioni al riguardo nelle nostre<strong><a href=\"https:\/\/memorabilia-germany.de\/it\/sports-memorabilia-faq-it\/#memorabilia-mystery-box\"><u>FAQ<\/u><\/a><\/strong>!<\/p>\n","protected":false},"excerpt":{"rendered":"<p><strong>Trading Cards Questa serie \u00e8 limitata a un totale di 100 NFL Pocket Pack. Ogni confezione \u00e8 sigillata e ha un numero di serie. I pacchetti contengono confezioni non aperte delle edizioni di Trading Cards pi\u00f9 esclusive di oggi e delle edizioni esaurite dei decenni passati. Qui puoi trovare carte rare degli anni &#8217;80, &#8217;90 e 2000, ad esempio di Joe Montana, Tom Brady, Peyton Manning o Dan Marino, cos\u00ec come le ultime carte autografe, paralleli o altri inserti delle superstar di oggi!<\/strong><br \/>\n<strong>Dal Prestige al Certified e dal Foundations all&#8217;Elite: per questa edizione abbiamo messo insieme pacchetti di carte collezionabili esclusivi di Topps, Panini e Upper Deck. Inoltre, in 2 confezioni di questa serie potrai trovare un <a href=\"https:\/\/memorabilia-germany.de\/it\/sports-memorabilia-faq-it\/#redemption\"><u>Redemption Voucher<\/u><\/a>Mystery Box per una NFL Modern Superstars! <\/strong><\/p>\n<p><strong>Informazioni sul prodotto:<\/strong><\/p>\n<ul style=\"list-style-type: square;\">\n<li>Contenuto di ogni confezione: 5 confezioni non aperte dalla fine degli anni &#8217;80 all&#8217;attuale stagione NFL (vedi elenco dettagliato di seguito).<\/li>\n<li>Tutti i pacchetti provengono solo da scatole \u201cfactory sealed\u201d.<\/li>\n<li>Due confezioni contengono anche un <a href=\"https:\/\/memorabilia-germany.de\/it\/sports-memorabilia-faq-it\/#redemption\"><u>Redemption Voucher<\/u><\/a>Mystery Box per una delle serie NFL Modern Superstars!<\/li>\n<li>Trading Cards Trova le figurine originali delle stelle della NFL dagli anni &#8217;80 all&#8217;attuale stagione 2024-25. Le figurine includono nomi come Joe Montana, Tom Brady, Dan Marino, Patrick Mahomes, Peyton Manning, Bo Nix, Caleb Williams, John Elway, Christian McCaffrey, DK Metcalf, Aaron Rodgers, Drew Brees, Rob Gronkowski, CJ Stroud, Travis Kelce, Joe Burrow o Jayden Daniels.<\/li>\n<\/ul>\n<p>&nbsp;<\/p>\n<p><strong>Highlight Chances:<\/strong><\/p>\n<li><a href=\"https:\/\/memorabilia-germany.de\/it\/sports-memorabilia-faq-it\/#redemption\"><u>Redemption Voucher<\/u><\/a> : NFL Modern Superstars Mystery Box<\/li>\n<ul style=\"list-style-type: square;\">\n<li>2024 Panini Certified Football Autographs, Memorabilia Cards &amp; Parallels:\n<ul style=\"list-style-type: circle;\">\n<li>Freshman Fabric Signatures <\/li>\n<li>Canton Certified Signatures <\/li>\n<li>Piece of the Game Signatures<\/li>\n<li>Rookie Signatures<\/li>\n<li>Rookie Certifications<\/li>\n<li>The Mighty &amp; Night Moves Super Short Prints<\/li>\n<\/ul>\n<\/li>\n<li>2001 Upper Deck Pros &amp; Prospects Football Autographs, Memorabilia Cards &amp; Souvenirs:\n<ul style=\"list-style-type: circle;\">\n<li>Hall of Fame Game Jersey Autograph Cards<\/li>\n<li>NFL Pro Game Jersey Cards<\/li>\n<li>Piece of History Autographed Jersey Cards <\/li>\n<li>Combo Jersey Cards<\/li>\n<li>Centerpiece + Future Fame<\/li>\n<li>ProMotion &amp; ProActive<\/li>\n<\/ul>\n<\/li>\n<li>2004 Upper Deck Foundations Autographs, Limited Edition Jersey Inserts &amp; Patch Cards:\n<ul style=\"list-style-type: circle;\">\n<li>Rookie Foundations Rainbow Silver numbered to 10<\/li>\n<li>Rookie Foundations Autographed Patches numbered to 25<\/li>\n<li>Dual Endorsements Autographs: Rookie + Rookie &amp; Rookie + Veteran<\/li>\n<li>Signature Foundations<\/li>\n<li>Rookie Cards with a piece of a 2004 Rookie Photo Shoot worn jersey<\/li>\n<\/ul>\n<\/li>\n<li>2024 Panini Donruss Elite Autographs, Memorabilia Cards &amp; Rookie Parallels:\n<ul style=\"list-style-type: circle;\">\n<li>Pen Pals Signatures (incl. Doubles, Triples &amp; Quads!)<\/li>\n<li>Turn of the Century Autographs<\/li>\n<li>Passing the Torch Signatures<\/li>\n<li>Rookie Status Die-Cut Parallels (incl. Bo Nix, Caleb Williams, Michael Penix Jr. &amp; Jayden Daniels)<\/li>\n<li>Throwback Threads (Singles &amp; Doubles)<\/li>\n<li>Spellbounds + First Class<\/li>\n<\/ul>\n<\/li>\n<li>2000 Topps Football Autographs, Memorabilia Cards &amp; Parallels:\n<ul style=\"list-style-type: circle;\">\n<li>Hall of Fame Autographs<\/li>\n<li>Player Worn Pro Bowl Jersey Cards<\/li>\n<li>Johnny Unitas Reprints &amp; Autographs<\/li>\n<li>NFL Superstar Autographs<\/li>\n<li>MVP Promotions<\/li>\n<li>Rookie Premier Autographs<\/li>\n<\/ul>\n<\/li>\n<li>1988 topps NFL Football Highlight Cards &amp; Inserts:\n<ul style=\"list-style-type: circle;\">\n<li>1988 Super Rookies (incl. Bo Jackson)<\/li>\n<li>1,000 Yard Club<\/li>\n<li>Joe Montana Cover Cards<\/li>\n<li>Team Leader + AllPro<\/li>\n<\/ul>\n<\/li>\n<\/ul>\n","protected":false},"featured_media":55536,"template":"","meta":{"_acf_changed":false,"ocean_post_layout":"","ocean_both_sidebars_style":"","ocean_both_sidebars_content_width":0,"ocean_both_sidebars_sidebars_width":0,"ocean_sidebar":"0","ocean_second_sidebar":"0","ocean_disable_margins":"enable","ocean_add_body_class":"","ocean_shortcode_before_top_bar":"","ocean_shortcode_after_top_bar":"","ocean_shortcode_before_header":"","ocean_shortcode_after_header":"","ocean_has_shortcode":"","ocean_shortcode_after_title":"","ocean_shortcode_before_footer_widgets":"","ocean_shortcode_after_footer_widgets":"","ocean_shortcode_before_footer_bottom":"","ocean_shortcode_after_footer_bottom":"","ocean_display_top_bar":"default","ocean_display_header":"default","ocean_header_style":"","ocean_center_header_left_menu":"0","ocean_custom_header_template":"0","ocean_custom_logo":0,"ocean_custom_retina_logo":0,"ocean_custom_logo_max_width":0,"ocean_custom_logo_tablet_max_width":0,"ocean_custom_logo_mobile_max_width":0,"ocean_custom_logo_max_height":0,"ocean_custom_logo_tablet_max_height":0,"ocean_custom_logo_mobile_max_height":0,"ocean_header_custom_menu":"0","ocean_menu_typo_font_family":"0","ocean_menu_typo_font_subset":"","ocean_menu_typo_font_size":0,"ocean_menu_typo_font_size_tablet":0,"ocean_menu_typo_font_size_mobile":0,"ocean_menu_typo_font_size_unit":"px","ocean_menu_typo_font_weight":"","ocean_menu_typo_font_weight_tablet":"","ocean_menu_typo_font_weight_mobile":"","ocean_menu_typo_transform":"","ocean_menu_typo_transform_tablet":"","ocean_menu_typo_transform_mobile":"","ocean_menu_typo_line_height":0,"ocean_menu_typo_line_height_tablet":0,"ocean_menu_typo_line_height_mobile":0,"ocean_menu_typo_line_height_unit":"","ocean_menu_typo_spacing":0,"ocean_menu_typo_spacing_tablet":0,"ocean_menu_typo_spacing_mobile":0,"ocean_menu_typo_spacing_unit":"","ocean_menu_link_color":"","ocean_menu_link_color_hover":"","ocean_menu_link_color_active":"","ocean_menu_link_background":"","ocean_menu_link_hover_background":"","ocean_menu_link_active_background":"","ocean_menu_social_links_bg":"","ocean_menu_social_hover_links_bg":"","ocean_menu_social_links_color":"","ocean_menu_social_hover_links_color":"","ocean_disable_title":"default","ocean_disable_heading":"default","ocean_post_title":"","ocean_post_subheading":"","ocean_post_title_style":"","ocean_post_title_background_color":"","ocean_post_title_background":0,"ocean_post_title_bg_image_position":"","ocean_post_title_bg_image_attachment":"","ocean_post_title_bg_image_repeat":"","ocean_post_title_bg_image_size":"","ocean_post_title_height":0,"ocean_post_title_bg_overlay":0.5,"ocean_post_title_bg_overlay_color":"","ocean_disable_breadcrumbs":"default","ocean_breadcrumbs_color":"","ocean_breadcrumbs_separator_color":"","ocean_breadcrumbs_links_color":"","ocean_breadcrumbs_links_hover_color":"","ocean_display_footer_widgets":"default","ocean_display_footer_bottom":"default","ocean_custom_footer_template":"0","ofc_enable_fullscreen":"disable","ofc_fullscreen_speed":0,"ofc_fullscreen_nav":"enable","ofc_fullscreen_nav_pos":"right","ofc_fullscreen_nav_color":"","ofc_fullscreen_nav_tooltip_color":"","ofc_fullscreen_responsive":0},"product_brand":[],"product_cat":[3622],"product_tag":[],"class_list":{"0":"post-54009","1":"product","2":"type-product","3":"status-publish","4":"has-post-thumbnail","6":"product_cat-nfl-trading-cards-pocket-pack-gold-edition-2024-25-5-unopened-packs-it","7":"product_shipping_class-classe-di-spedizione_a","9":"entry","10":"has-media","12":"first","13":"instock","14":"taxable","15":"shipping-taxable","16":"purchasable","17":"product-type-simple","18":"col","19":"span_1_of_4","20":"owp-content-center","21":"owp-thumbs-layout-horizontal","22":"owp-btn-normal","23":"owp-tabs-layout-horizontal"},"acf":[],"_links":{"self":[{"href":"https:\/\/memorabilia-germany.de\/it\/wp-json\/wp\/v2\/product\/54009","targetHints":{"allow":["GET"]}}],"collection":[{"href":"https:\/\/memorabilia-germany.de\/it\/wp-json\/wp\/v2\/product"}],"about":[{"href":"https:\/\/memorabilia-germany.de\/it\/wp-json\/wp\/v2\/types\/product"}],"version-history":[{"count":0,"href":"https:\/\/memorabilia-germany.de\/it\/wp-json\/wp\/v2\/product\/54009\/revisions"}],"wp:featuredmedia":[{"embeddable":true,"href":"https:\/\/memorabilia-germany.de\/it\/wp-json\/wp\/v2\/media\/55536"}],"wp:attachment":[{"href":"https:\/\/memorabilia-germany.de\/it\/wp-json\/wp\/v2\/media?parent=54009"}],"wp:term":[{"taxonomy":"product_brand","embeddable":true,"href":"https:\/\/memorabilia-germany.de\/it\/wp-json\/wp\/v2\/product_brand?post=54009"},{"taxonomy":"product_cat","embeddable":true,"href":"https:\/\/memorabilia-germany.de\/it\/wp-json\/wp\/v2\/product_cat?post=54009"},{"taxonomy":"product_tag","embeddable":true,"href":"https:\/\/memorabilia-germany.de\/it\/wp-json\/wp\/v2\/product_tag?post=54009"}],"curies":[{"name":"wp","href":"https:\/\/api.w.org\/{rel}","templated":true}]}}