{"id":52750,"date":"2024-11-21T16:55:52","date_gmt":"2024-11-21T15:55:52","guid":{"rendered":"https:\/\/memorabilia-germany.de\/produkt\/mystery-boxmaglia-da-basket-serie-2024-25-buzzer-beater-occasioni-speciali\/"},"modified":"2025-03-18T15:54:35","modified_gmt":"2025-03-18T14:54:35","slug":"mystery-boxmaglia-da-basket-serie-2024-25-buzzer-beater-occasioni-speciali","status":"publish","type":"product","link":"https:\/\/memorabilia-germany.de\/it\/produkt\/mystery-boxmaglia-da-basket-serie-2024-25-buzzer-beater-occasioni-speciali\/","title":{"rendered":"Maglia da basket Mystery Box:<\/br>Serie BUZZER BEATER 2024-25 (Special Chances!)"},"content":{"rendered":"<p><strong>Ulteriori informazioni su questa serie di Mystery Box in jersey:<\/strong><\/p>\n<ul style=\"list-style-type: square;\">\n<li>Nota: Custom Basketball Trikots sono maglie autografate da collezionare o da incorniciare che non presentano loghi o etichette della squadra. Potete trovare le differenze rispetto alle maglie Authentic <a href=\"https:\/\/memorabilia-germany.de\/it\/sports-memorabilia-faq-it\/#faq-jersey-types\"><strong><u>qui<\/u><\/strong><\/a>.<u><\/u><\/li>\n<li>Le maglie sono state distribuite casualmente tra le scatole.<\/li>\n<li>Tutti i cimeli contenuti in una Jersey Mystery Box sono stati verificati da un autenticatore statunitense leader di mercato e sono dotati di funzionalit\u00e0 di sicurezza con numero di serie (Certificate of Authenticity e\/o ologramma di sicurezza). Gli autenticatori sono esclusivamente: Beckett, James Spence Authentication, PSA\/DNA o Fanatics. Ulteriori informazioni su questo importante argomento l&#8217;autenticazione sono disponibili <strong><a href=\"https:\/\/memorabilia-germany.de\/it\/autenticazione-della-firma\/\">qui<\/a><\/strong>.<\/li>\n<li>Con noi ottieni una panoramica COMPLETA dell&#8217;elenco dei giocatori inclusi in questa serie Mystery Box:<\/li>\n<\/ul>\n<p style=\"text-align: center;\">Victor Wembanyama<br \/>\nScottie Pippen<br \/>\nStephen Curry<br \/>\nSpeciale Jayson Tatum e Luka Doncic Inserts<br \/>\nCharles Barkley<br \/>\nNikola Jokic<br \/>\nDirk Nowitzki<br \/>\nLarry Bird<br \/>\nShaquille O&#8217;Neal<br \/>\nShai Gilgeous-Alexander<br \/>\nChet Holmgren<br \/>\nMagic Johnson<br \/>\nDennis Rodman<br \/>\nGiannis Antetokounmpo<br \/>\nKevin Durant<br \/>\nJa Morant<br \/>\nFranz Wagner<br \/>\nZach Edey<br \/>\nPaolo Banchero<br \/>\nJalen Brunson<br \/>\nAllen Iverson<br \/>\nKevon Looney<br \/>\nJerry West<br \/>\nTrae Young<br \/>\nKristaps Porzingis<br \/>\nDamian Lillard<br \/>\nGary Payton<br \/>\nGary Payton II<br \/>\nAustin Reaves<br \/>\nTony Parker<br \/>\nTrey Murphy III<br \/>\nClint Capela<br \/>\nDesmond Bane<br \/>\nZach LaVine<br \/>\nPatrick Williams<br \/>\nBam Adebayo<br \/>\nAlexandre Sarr<br \/>\nMatas Buzelis<br \/>\nDerrick White<br \/>\nCedric Maxwell<br \/>\nToni Kukoc<br \/>\nJoe Dumars<br \/>\nChristian Braun<br \/>\nGail Goodrich<br \/>\nTyler Herro<br \/>\nJrue Holiday<br \/>\nChris Mullin<br \/>\nAlonzo Mourning<br \/>\nPenny Hardaway<br \/>\nLarry Johnson<br \/>\nRobert Horry<br \/>\nGrayson Allen<br \/>\nDamon Stoudamire<br \/>\nDominique Wilkins<br \/>\nCorey Kispert<br \/>\nRichaun Holmes<br \/>\nJohn Collins<br \/>\nShawn Kemp<br \/>\nChauncey Billups<br \/>\nGlen Rice<br \/>\nMichael Cooper<br \/>\nAyo Dosunmu<br \/>\nBernard King<br \/>\nArtis Gilmore<br \/>\nSteve Nash\n<\/p>\n<p>Se una serie contiene pi\u00f9 di un Basketball Memorabilia dello stesso giocatore, riceverete un &#8220;No Double Option&#8221;. Ci\u00f2 significa che sicuramente non otterrai un giocatore duplicato se acquisti pi\u00f9 di una scatola.<\/p>\n<p>Come funziona una Mystery Box in jersey?<\/p>\n<p>Potete trovare informazioni al riguardo nelle nostre <strong><a href=\"https:\/\/memorabilia-germany.de\/it\/sports-memorabilia-faq-it\/#memorabilia-mystery-box\"><u>FAQ<\/u><\/a><\/strong>!<\/p>\n<p>Qual \u00e8 la differenza tra maglie Custom e maglie Authentic?<\/p>\n<p>Potete trovare informazioni al riguardo nelle nostre <strong><a href=\"https:\/\/memorabilia-germany.de\/it\/sports-memorabilia-faq-it\/#faq-jersey-types\"><u>FAQ<\/u><\/a><\/strong>!<\/p>\n<p>\u00c8 possibile trovare altri Basketball Memorabilia <strong><a href=\"https:\/\/memorabilia-germany.de\/it\/basketball-memorabilia-it\/\">qui<\/a><\/strong>.<\/p>\n","protected":false},"excerpt":{"rendered":"<p><strong>Questa serie \u00e8 limitata a un totale di 100 confezioni. <a href=\"https:\/\/memorabilia-germany.de\/it\/sports-memorabilia-faq-it\/#memorabilia-mystery-box\"><u>Scatole misteriose<\/u><\/a><\/p>\n<p>Ogni scatola ha un numero di serie. In questa serie troverai le maglie da basket autografate delle attuali superstar dell&#8217;NBA come Victor Wembanyama, Steph Curry o Nikola Jokic e di leggende dell&#8217;NBA come Charles Barkley o Magic Johnson.<\/strong><\/p>\n<p><strong>Panoramica rapida:<\/strong><\/p>\n<ul style=\"list-style-type: square;\">\n<li>Contenuto di ogni confezione: maglia da basket firmata <a href=\"https:\/\/memorabilia-germany.de\/it\/sports-memorabilia-faq-it\/#faq-jersey-types\"><strong><u>maglia da basket Custom<\/u><\/strong><\/a>. Le immagini ti danno un piccolo spaccato del segreto della serie!<\/li>\n<li>Tutte le maglie sono autografate da almeno una stella o leggenda della NBA attuale. Inoltre, molte maglie sono anche autografate con le Inscriptions dei giocatori!<\/li>\n<li>Occasioni speciali: alcune scatole contengono maglie NBA firmate da Nike, Jordan e Mitchell &amp; Ness, comprese quelle di club come Golden State Warriors, Orlando Magic, Chicago Bulls e Los Angeles Lakers con autografi dei giocatori.<\/li>\n<li>InsertsTrova una delle due scatole speciali, firmate da Jayson Tatum e Luka Doncic, oltre a una maglia in due scatole!<\/li>\n<li>Autenticazione degli autografi (solo): <strong><a href=\"https:\/\/memorabilia-germany.de\/it\/autenticazione-della-firma\/#signature-authentication-beckett\">Beckett<\/a><\/strong>, <strong><a href=\"https:\/\/memorabilia-germany.de\/it\/autenticazione-della-firma\/#signature-authentication-james-spence\">James Spence Authentication<\/a><\/strong>, <strong><a href=\"https:\/\/memorabilia-germany.de\/it\/autenticazione-della-firma\/#signature-authentication-psa-dna\">PSA\/DNA<\/a><\/strong> o <strong><a href=\"https:\/\/memorabilia-germany.de\/it\/autenticazione-della-firma\/#signature-authentication-fanatics\">Fanatics<\/a><\/strong>.<\/li>\n<\/ul>\n","protected":false},"featured_media":52665,"template":"","meta":{"_acf_changed":false,"ocean_post_layout":"","ocean_both_sidebars_style":"","ocean_both_sidebars_content_width":0,"ocean_both_sidebars_sidebars_width":0,"ocean_sidebar":"0","ocean_second_sidebar":"0","ocean_disable_margins":"enable","ocean_add_body_class":"","ocean_shortcode_before_top_bar":"","ocean_shortcode_after_top_bar":"","ocean_shortcode_before_header":"","ocean_shortcode_after_header":"","ocean_has_shortcode":"","ocean_shortcode_after_title":"","ocean_shortcode_before_footer_widgets":"","ocean_shortcode_after_footer_widgets":"","ocean_shortcode_before_footer_bottom":"","ocean_shortcode_after_footer_bottom":"","ocean_display_top_bar":"default","ocean_display_header":"default","ocean_header_style":"","ocean_center_header_left_menu":"0","ocean_custom_header_template":"0","ocean_custom_logo":0,"ocean_custom_retina_logo":0,"ocean_custom_logo_max_width":0,"ocean_custom_logo_tablet_max_width":0,"ocean_custom_logo_mobile_max_width":0,"ocean_custom_logo_max_height":0,"ocean_custom_logo_tablet_max_height":0,"ocean_custom_logo_mobile_max_height":0,"ocean_header_custom_menu":"0","ocean_menu_typo_font_family":"0","ocean_menu_typo_font_subset":"","ocean_menu_typo_font_size":0,"ocean_menu_typo_font_size_tablet":0,"ocean_menu_typo_font_size_mobile":0,"ocean_menu_typo_font_size_unit":"px","ocean_menu_typo_font_weight":"","ocean_menu_typo_font_weight_tablet":"","ocean_menu_typo_font_weight_mobile":"","ocean_menu_typo_transform":"","ocean_menu_typo_transform_tablet":"","ocean_menu_typo_transform_mobile":"","ocean_menu_typo_line_height":0,"ocean_menu_typo_line_height_tablet":0,"ocean_menu_typo_line_height_mobile":0,"ocean_menu_typo_line_height_unit":"","ocean_menu_typo_spacing":0,"ocean_menu_typo_spacing_tablet":0,"ocean_menu_typo_spacing_mobile":0,"ocean_menu_typo_spacing_unit":"","ocean_menu_link_color":"","ocean_menu_link_color_hover":"","ocean_menu_link_color_active":"","ocean_menu_link_background":"","ocean_menu_link_hover_background":"","ocean_menu_link_active_background":"","ocean_menu_social_links_bg":"","ocean_menu_social_hover_links_bg":"","ocean_menu_social_links_color":"","ocean_menu_social_hover_links_color":"","ocean_disable_title":"default","ocean_disable_heading":"default","ocean_post_title":"","ocean_post_subheading":"","ocean_post_title_style":"","ocean_post_title_background_color":"","ocean_post_title_background":0,"ocean_post_title_bg_image_position":"","ocean_post_title_bg_image_attachment":"","ocean_post_title_bg_image_repeat":"","ocean_post_title_bg_image_size":"","ocean_post_title_height":0,"ocean_post_title_bg_overlay":0.5,"ocean_post_title_bg_overlay_color":"","ocean_disable_breadcrumbs":"default","ocean_breadcrumbs_color":"","ocean_breadcrumbs_separator_color":"","ocean_breadcrumbs_links_color":"","ocean_breadcrumbs_links_hover_color":"","ocean_display_footer_widgets":"default","ocean_display_footer_bottom":"default","ocean_custom_footer_template":"0","ofc_enable_fullscreen":"disable","ofc_fullscreen_speed":0,"ofc_fullscreen_nav":"enable","ofc_fullscreen_nav_pos":"right","ofc_fullscreen_nav_color":"","ofc_fullscreen_nav_tooltip_color":"","ofc_fullscreen_responsive":0},"product_brand":[],"product_cat":[3562],"product_tag":[],"class_list":{"0":"post-52750","1":"product","2":"type-product","3":"status-publish","4":"has-post-thumbnail","6":"product_cat-mystery-boxmaglia-da-basket-serie-2024-25-buzzer-beater-occasioni-speciali","7":"product_shipping_class-classe-di-spedizione_a","9":"entry","10":"has-media","12":"first","13":"outofstock","14":"taxable","15":"shipping-taxable","16":"product-type-simple","17":"col","18":"span_1_of_4","19":"owp-content-center","20":"owp-thumbs-layout-horizontal","21":"owp-btn-normal","22":"owp-tabs-layout-horizontal"},"acf":[],"_links":{"self":[{"href":"https:\/\/memorabilia-germany.de\/it\/wp-json\/wp\/v2\/product\/52750","targetHints":{"allow":["GET"]}}],"collection":[{"href":"https:\/\/memorabilia-germany.de\/it\/wp-json\/wp\/v2\/product"}],"about":[{"href":"https:\/\/memorabilia-germany.de\/it\/wp-json\/wp\/v2\/types\/product"}],"version-history":[{"count":0,"href":"https:\/\/memorabilia-germany.de\/it\/wp-json\/wp\/v2\/product\/52750\/revisions"}],"wp:featuredmedia":[{"embeddable":true,"href":"https:\/\/memorabilia-germany.de\/it\/wp-json\/wp\/v2\/media\/52665"}],"wp:attachment":[{"href":"https:\/\/memorabilia-germany.de\/it\/wp-json\/wp\/v2\/media?parent=52750"}],"wp:term":[{"taxonomy":"product_brand","embeddable":true,"href":"https:\/\/memorabilia-germany.de\/it\/wp-json\/wp\/v2\/product_brand?post=52750"},{"taxonomy":"product_cat","embeddable":true,"href":"https:\/\/memorabilia-germany.de\/it\/wp-json\/wp\/v2\/product_cat?post=52750"},{"taxonomy":"product_tag","embeddable":true,"href":"https:\/\/memorabilia-germany.de\/it\/wp-json\/wp\/v2\/product_tag?post=52750"}],"curies":[{"name":"wp","href":"https:\/\/api.w.org\/{rel}","templated":true}]}}