{"id":52734,"date":"2024-11-21T15:19:32","date_gmt":"2024-11-21T14:19:32","guid":{"rendered":"https:\/\/memorabilia-germany.de\/produkt\/football-americano-mystery-box-maglia-serie-2024-25-man-in-motion-possibilita-di-inserti-speciali\/"},"modified":"2026-02-02T13:19:49","modified_gmt":"2026-02-02T12:19:49","slug":"football-americano-mystery-box-maglia-serie-2024-25-man-in-motion-possibilita-di-inserti-speciali","status":"publish","type":"product","link":"https:\/\/memorabilia-germany.de\/it\/produkt\/football-americano-mystery-box-maglia-serie-2024-25-man-in-motion-possibilita-di-inserti-speciali\/","title":{"rendered":"Football Americano Mystery Box Maglia : Serie 2024-25 MAN IN MOTION (Possibilit\u00e0 di inserti speciali!)"},"content":{"rendered":"<p><strong>Ulteriori informazioni su questa serie di Mystery Box in jersey:<\/strong><\/p>\n<ul style=\"list-style-type: square;\">\n<li>Nota: le maglie da calcio americane custom sono maglie autografate da collezionare o incorniciare che non presentano loghi o etichette della squadra. Potete trovare le differenze rispetto alle maglie Authentic <a href=\"https:\/\/memorabilia-germany.de\/it\/sports-memorabilia-faq-it\/#faq-jersey-types\"><strong><u>qui<\/u><\/strong><\/a>.<u><\/u><\/li>\n<li>Le maglie sono state distribuite casualmente tra le scatole.<\/li>\n<li>Tutti i cimeli contenuti in una Jersey Mystery Box sono stati verificati da un autenticatore statunitense leader di mercato e sono dotati di funzionalit\u00e0 di sicurezza con numero di serie (Certificate of Authenticity e\/o ologramma di sicurezza). Gli autenticatori sono esclusivamente: Beckett, James Spence Authentication, PSA\/DNA o Fanatics. Ulteriori informazioni su questo importante argomento l&#8217;autenticazione sono disponibili <strong><a href=\"https:\/\/memorabilia-germany.de\/it\/autenticazione-della-firma\/\">qui<\/a><\/strong>.<\/li>\n<li>Con noi ottieni una panoramica COMPLETA dell&#8217;elenco dei giocatori inclusi in questa serie Mystery Box:<\/li>\n<\/ul>\n<p style=\"text-align: center;\">Brock Purdy<br \/>\nJordan Love<br \/>\nDan Marino<br \/>\nBrett Favre, Barry Sanders und C. J. Stroud Special Inserts<br \/>\nJa&#8217;Marr Chase<br \/>\nBo Nix<br \/>\nAmon-Ra St. Brown<br \/>\nJustin Jefferson<br \/>\nChristian McCaffrey<br \/>\nJohn Elway<br \/>\nDavante Adams<br \/>\nTua Tagovailoa<br \/>\nTravis Kelce<br \/>\nDak Prescott<br \/>\nTyreek Hill<br \/>\nBaker Mayfield<br \/>\nRicky Pearsall<br \/>\nAlvin Kamara<br \/>\nJustin Fields<br \/>\nBijan Robinson<br \/>\nCeeDee Lamb<br \/>\nD.K. Metcalf<br \/>\nAidan Hutchinson<br \/>\nTee Higgins<br \/>\nMarquise \u201cHollywood\u201d Brown<br \/>\nTony Pollard<br \/>\nDeebo Samuel<br \/>\nOdell Beckham Jr.<br \/>\nGarrett Wilson<br \/>\nCooper Kupp<br \/>\nJames Cook<br \/>\nDeAndre Hopkins<br \/>\nJakobi Meyers<br \/>\nTank Dell<br \/>\nJerry Jeudy<br \/>\nJaxon Smith-Njigba<br \/>\nTrevon Diggs<br \/>\nDeshaun Watson<br \/>\nDavid Montgomery<br \/>\nDaniel Jones<br \/>\nMinkah Fitzpatrick<br \/>\nKenneth Walker III<br \/>\nJoe Mixon<br \/>\nBob Lilly<br \/>\nKyren Williams<br \/>\nJordan Davis<br \/>\nSteve Largent<br \/>\nBrian Urlacher<br \/>\nChristian Watson<br \/>\nDrake London<br \/>\nCharvarius Ward<br \/>\nNolan Smith Jr.<br \/>\nKeeanu Benton<br \/>\nJustin Tucker<br \/>\nMel Renfro<br \/>\nDrew Bledsoe<br \/>\nMichael Vick<br \/>\nDaunte Culpepper<br \/>\nWarren Moon<br \/>\nRicky Williams<br \/>\nEarl Campbell<br \/>\nMike Singletary<br \/>\nJoe Theismann\n<\/p>\n<p>Se una serie contiene pi\u00f9 di un FOOTBALL AMERICANO MEMORABILIA dello stesso giocatore, riceverete un &#8220;No Double Option&#8221;. Ci\u00f2 significa che sicuramente non otterrai un giocatore duplicato se acquisti pi\u00f9 di una scatola.<\/p>\n<p>Come funziona una Mystery Box in jersey?<\/p>\n<p>Potete trovare informazioni al riguardo nelle nostre <strong><a href=\"https:\/\/memorabilia-germany.de\/it\/sports-memorabilia-faq-it\/#memorabilia-mystery-box\"><u>FAQ<\/u><\/a><\/strong>!<\/p>\n<p>Qual \u00e8 la differenza tra maglie Custom e maglie Authentic?<\/p>\n<p>Potete trovare informazioni al riguardo nelle nostre <strong><a href=\"https:\/\/memorabilia-germany.de\/it\/sports-memorabilia-faq-it\/#faq-jersey-types\"><u>FAQ<\/u><\/a><\/strong>!<\/p>\n<p>\u00c8 possibile trovare altri memorabilia di Football Americano <strong><a href=\"https:\/\/memorabilia-germany.de\/it\/football-americano-memorabilia-it\/\">qui<\/a><\/strong>.<\/p>\n","protected":false},"excerpt":{"rendered":"<p><strong>Questa serie \u00e8 limitata a un totale di 100 confezioni. <a href=\"https:\/\/memorabilia-germany.de\/it\/sports-memorabilia-faq-it\/#memorabilia-mystery-box\"><u>Scatole misteriose<\/u><\/a><\/p>\n<p>Football Americano Ogni scatola ha un numero di serie. In questa serie troverai le maglie autografate di superstar attuali della NFL come Jordan Love, Christian McCaffrey o Travis Kelce e di leggende della NFL come Dan Marino o John Elway.<\/strong><\/p>\n<p><strong>Panoramica rapida:<\/strong><\/p>\n<ul style=\"list-style-type: square;\">\n<li>Contenuto di ogni scatola: signiertes <a href=\"https:\/\/memorabilia-germany.de\/it\/sports-memorabilia-faq-it\/#faq-jersey-types\"><strong><u>Custom Football Trikot <\/u><\/strong><\/a> autografata. Le immagini ti danno un piccolo spaccato del segreto della serie!<\/li>\n<li>Tutte le maglie sono firmate da almeno una stella o leggenda della NFL attuale. Inoltre, molte maglie sono anche autografate con le Inscriptions dei giocatori!<\/li>\n<li>InsertsTrova una delle tre scatole speciali, firmate da Brett Favre, Barry Sanders e C. J. Stroud, oltre a una maglia in tre scatole! J. Stroud oltre a una maglia in tre scatole!<\/li>\n<li>Autenticazione degli autografi (solo): <strong><a href=\"https:\/\/memorabilia-germany.de\/it\/autenticazione-della-firma\/#signature-authentication-beckett\">Beckett<\/a><\/strong>, <strong><a href=\"https:\/\/memorabilia-germany.de\/it\/autenticazione-della-firma\/#signature-authentication-james-spence\">James Spence Authentication<\/a><\/strong>, <strong><a href=\"https:\/\/memorabilia-germany.de\/it\/autenticazione-della-firma\/#signature-authentication-psa-dna\">PSA\/DNA<\/a><\/strong> o <strong><a href=\"https:\/\/memorabilia-germany.de\/it\/autenticazione-della-firma\/#signature-authentication-fanatics\">Fanatics<\/a><\/strong>.<\/li>\n<\/ul>\n","protected":false},"featured_media":65645,"template":"","meta":{"_acf_changed":false,"ocean_post_layout":"","ocean_both_sidebars_style":"","ocean_both_sidebars_content_width":0,"ocean_both_sidebars_sidebars_width":0,"ocean_sidebar":"0","ocean_second_sidebar":"0","ocean_disable_margins":"enable","ocean_add_body_class":"","ocean_shortcode_before_top_bar":"","ocean_shortcode_after_top_bar":"","ocean_shortcode_before_header":"","ocean_shortcode_after_header":"","ocean_has_shortcode":"","ocean_shortcode_after_title":"","ocean_shortcode_before_footer_widgets":"","ocean_shortcode_after_footer_widgets":"","ocean_shortcode_before_footer_bottom":"","ocean_shortcode_after_footer_bottom":"","ocean_display_top_bar":"default","ocean_display_header":"default","ocean_header_style":"","ocean_center_header_left_menu":"0","ocean_custom_header_template":"0","ocean_custom_logo":0,"ocean_custom_retina_logo":0,"ocean_custom_logo_max_width":0,"ocean_custom_logo_tablet_max_width":0,"ocean_custom_logo_mobile_max_width":0,"ocean_custom_logo_max_height":0,"ocean_custom_logo_tablet_max_height":0,"ocean_custom_logo_mobile_max_height":0,"ocean_header_custom_menu":"0","ocean_menu_typo_font_family":"0","ocean_menu_typo_font_subset":"","ocean_menu_typo_font_size":0,"ocean_menu_typo_font_size_tablet":0,"ocean_menu_typo_font_size_mobile":0,"ocean_menu_typo_font_size_unit":"px","ocean_menu_typo_font_weight":"","ocean_menu_typo_font_weight_tablet":"","ocean_menu_typo_font_weight_mobile":"","ocean_menu_typo_transform":"","ocean_menu_typo_transform_tablet":"","ocean_menu_typo_transform_mobile":"","ocean_menu_typo_line_height":0,"ocean_menu_typo_line_height_tablet":0,"ocean_menu_typo_line_height_mobile":0,"ocean_menu_typo_line_height_unit":"","ocean_menu_typo_spacing":0,"ocean_menu_typo_spacing_tablet":0,"ocean_menu_typo_spacing_mobile":0,"ocean_menu_typo_spacing_unit":"","ocean_menu_link_color":"","ocean_menu_link_color_hover":"","ocean_menu_link_color_active":"","ocean_menu_link_background":"","ocean_menu_link_hover_background":"","ocean_menu_link_active_background":"","ocean_menu_social_links_bg":"","ocean_menu_social_hover_links_bg":"","ocean_menu_social_links_color":"","ocean_menu_social_hover_links_color":"","ocean_disable_title":"default","ocean_disable_heading":"default","ocean_post_title":"","ocean_post_subheading":"","ocean_post_title_style":"","ocean_post_title_background_color":"","ocean_post_title_background":0,"ocean_post_title_bg_image_position":"","ocean_post_title_bg_image_attachment":"","ocean_post_title_bg_image_repeat":"","ocean_post_title_bg_image_size":"","ocean_post_title_height":0,"ocean_post_title_bg_overlay":0.5,"ocean_post_title_bg_overlay_color":"","ocean_disable_breadcrumbs":"default","ocean_breadcrumbs_color":"","ocean_breadcrumbs_separator_color":"","ocean_breadcrumbs_links_color":"","ocean_breadcrumbs_links_hover_color":"","ocean_display_footer_widgets":"default","ocean_display_footer_bottom":"default","ocean_custom_footer_template":"0","ofc_enable_fullscreen":"disable","ofc_fullscreen_speed":0,"ofc_fullscreen_nav":"enable","ofc_fullscreen_nav_pos":"right","ofc_fullscreen_nav_color":"","ofc_fullscreen_nav_tooltip_color":"","ofc_fullscreen_responsive":0},"product_brand":[],"product_cat":[3558],"product_tag":[],"class_list":{"0":"post-52734","1":"product","2":"type-product","3":"status-publish","4":"has-post-thumbnail","6":"product_cat-football-americano-mystery-box-maglia-serie-2024-25-man-in-motion-possibilita-di-inserti-speciali","7":"product_shipping_class-classe-di-spedizione_a","9":"entry","10":"has-media","12":"first","13":"instock","14":"taxable","15":"shipping-taxable","16":"purchasable","17":"product-type-simple","18":"col","19":"span_1_of_4","20":"owp-content-center","21":"owp-thumbs-layout-horizontal","22":"owp-btn-normal","23":"owp-tabs-layout-horizontal"},"acf":[],"_links":{"self":[{"href":"https:\/\/memorabilia-germany.de\/it\/wp-json\/wp\/v2\/product\/52734","targetHints":{"allow":["GET"]}}],"collection":[{"href":"https:\/\/memorabilia-germany.de\/it\/wp-json\/wp\/v2\/product"}],"about":[{"href":"https:\/\/memorabilia-germany.de\/it\/wp-json\/wp\/v2\/types\/product"}],"version-history":[{"count":0,"href":"https:\/\/memorabilia-germany.de\/it\/wp-json\/wp\/v2\/product\/52734\/revisions"}],"wp:featuredmedia":[{"embeddable":true,"href":"https:\/\/memorabilia-germany.de\/it\/wp-json\/wp\/v2\/media\/65645"}],"wp:attachment":[{"href":"https:\/\/memorabilia-germany.de\/it\/wp-json\/wp\/v2\/media?parent=52734"}],"wp:term":[{"taxonomy":"product_brand","embeddable":true,"href":"https:\/\/memorabilia-germany.de\/it\/wp-json\/wp\/v2\/product_brand?post=52734"},{"taxonomy":"product_cat","embeddable":true,"href":"https:\/\/memorabilia-germany.de\/it\/wp-json\/wp\/v2\/product_cat?post=52734"},{"taxonomy":"product_tag","embeddable":true,"href":"https:\/\/memorabilia-germany.de\/it\/wp-json\/wp\/v2\/product_tag?post=52734"}],"curies":[{"name":"wp","href":"https:\/\/api.w.org\/{rel}","templated":true}]}}