{"id":50917,"date":"2024-08-08T16:46:52","date_gmt":"2024-08-08T15:32:13","guid":{"rendered":"https:\/\/memorabilia-germany.de\/produkt\/b-b-king-the-king-of-the-blues-chitarra-autografata-les-paul-epiphone\/"},"modified":"2024-08-08T17:37:51","modified_gmt":"2024-08-08T15:37:51","slug":"b-b-king-the-king-of-the-blues-chitarra-autografata-les-paul-epiphone","status":"publish","type":"product","link":"https:\/\/memorabilia-germany.de\/it\/produkt\/b-b-king-the-king-of-the-blues-chitarra-autografata-les-paul-epiphone\/","title":{"rendered":"<\/br>B.B. KING (The King of the Blues) chitarra autografata, Les Paul Epiphone"},"content":{"rendered":"","protected":false},"excerpt":{"rendered":"<p><strong>Chitarra elettrica firmata del marchio Gibson &#8220;Les Paul Epiphone&#8221; con autografo del &#8220;King of Blues&#8221; B.B. King sul battipenna della chitarra. Il corpo della chitarra \u00e8 decorato con un dipinto di B.B. King.<\/strong><\/p>\n<p><strong>B.B. King, nato nel 1925, \u00e8 considerato uno dei pi\u00f9 grandi chitarristi di tutti i tempi, insieme ad altre leggende come Jimi Hendrix ed Eric Clapton. \u00c8 stato inserito nella Blues Hall of Fame nel 1980 e sette anni dopo nella Rock and Roll Hall of Fame. I suoi album hanno raggiunto un totale di 15 Grammy Awards, ha ricevuto una stella sulla Hollywood Walk of Fame e nel 2006 \u00e8 stato persino insignito della Presidential Medal of Freedom, la pi\u00f9 alta onorificenza civile degli Stati Uniti. BB King \u00e8 morto nel 2015 all&#8217;et\u00e0 di quasi 90 anni, ma la sua musica e la sua influenza sull&#8217;intera storia della musica manterranno il &#8220;Blues Boy&#8221; vivo per sempre.<\/strong><\/p>\n<ul style=\"list-style-type: square;\">\n<li>Tipo di chitarra: chitarra elettrica<\/li>\n<li>Marchio: Les Paul (Gibson), Epiphone<\/li>\n<li>Modello: Epiphone Junior Model, Full Size (il modello si chiama &#8220;Junior&#8221;, ma la chitarra \u00e8 Full Size)<\/li>\n<li>Autografo: B. B. King (&#8220;The King of the Blues&#8221;), matita color argento<\/li>\n<li>Posizione dell&#8217;autografo: battipenna della chitarra<\/li>\n<li>Autenticazione: James Spence Authentication (con numero di serie)<\/li>\n<li>Documenti: Letter of Authentic ity (documento a pagina intera, circa DIN A4, con le firme del presidente di James Spence e di un notaio dello stato americano del New Jersey su carta di sicurezza di James Spence).<\/li>\n<li>Particolarit\u00e0: la chitarra Les Paul \u00e8 stata decorata con un dipinto di B.B. King che, insieme alla firma, rappresenta perfettamente la scena dello strumento.<\/li>\n<li>Ogni memorabilia musicale firmata \u00e8 verificata da uno degli autenticatori statunitensi leader di mercato ed \u00e8 corredata da elementi di sicurezza numerati in serie che confermano l&#8217;autenticit\u00e0 dell&#8217;autografo (Certificate of Authenticity e\/o ologramma di sicurezza). Gli autenticatori di autografi di musicisti sono un&#8217;esclusiva di Memorabilia Germany: <strong><a href=\"https:\/\/memorabilia-germany.de\/it\/autenticazione-della-firma\/#signature-authentication-beckett\">Beckett<\/a><\/strong>, <strong><a href=\"https:\/\/memorabilia-germany.de\/it\/autenticazione-della-firma\/#signature-authentication-james-spence\">James Spence Authentication<\/a><\/strong>, <strong><a href=\"https:\/\/memorabilia-germany.de\/it\/autenticazione-della-firma\/#signature-authentication-psa-dna\">PSA\/DNA<\/a><\/strong> o <strong><a href=\"https:\/\/memorabilia-germany.de\/it\/autenticazione-della-firma\/#signature-authentication-fanatics\">Fanatics<\/a><\/strong>. Ulteriori informazioni su questo importante argomento l&#8217;autenticazione sono disponibili <strong><a href=\"https:\/\/memorabilia-germany.de\/it\/autenticazione-della-firma\/\">qui<\/a><\/strong>.<\/li>\n<\/ul>\n<p> Puoi trovare altri memorabilia musicali <strong><a href=\"https:\/\/memorabilia-germany.de\/it\/memorabili-musicali\/\">qui<\/a><\/strong>.<\/p>\n","protected":false},"featured_media":50841,"template":"","meta":{"_acf_changed":false,"ocean_post_layout":"","ocean_both_sidebars_style":"","ocean_both_sidebars_content_width":0,"ocean_both_sidebars_sidebars_width":0,"ocean_sidebar":"0","ocean_second_sidebar":"0","ocean_disable_margins":"enable","ocean_add_body_class":"","ocean_shortcode_before_top_bar":"","ocean_shortcode_after_top_bar":"","ocean_shortcode_before_header":"","ocean_shortcode_after_header":"","ocean_has_shortcode":"","ocean_shortcode_after_title":"","ocean_shortcode_before_footer_widgets":"","ocean_shortcode_after_footer_widgets":"","ocean_shortcode_before_footer_bottom":"","ocean_shortcode_after_footer_bottom":"","ocean_display_top_bar":"default","ocean_display_header":"default","ocean_header_style":"","ocean_center_header_left_menu":"0","ocean_custom_header_template":"0","ocean_custom_logo":0,"ocean_custom_retina_logo":0,"ocean_custom_logo_max_width":0,"ocean_custom_logo_tablet_max_width":0,"ocean_custom_logo_mobile_max_width":0,"ocean_custom_logo_max_height":0,"ocean_custom_logo_tablet_max_height":0,"ocean_custom_logo_mobile_max_height":0,"ocean_header_custom_menu":"0","ocean_menu_typo_font_family":"0","ocean_menu_typo_font_subset":"","ocean_menu_typo_font_size":0,"ocean_menu_typo_font_size_tablet":0,"ocean_menu_typo_font_size_mobile":0,"ocean_menu_typo_font_size_unit":"px","ocean_menu_typo_font_weight":"","ocean_menu_typo_font_weight_tablet":"","ocean_menu_typo_font_weight_mobile":"","ocean_menu_typo_transform":"","ocean_menu_typo_transform_tablet":"","ocean_menu_typo_transform_mobile":"","ocean_menu_typo_line_height":0,"ocean_menu_typo_line_height_tablet":0,"ocean_menu_typo_line_height_mobile":0,"ocean_menu_typo_line_height_unit":"","ocean_menu_typo_spacing":0,"ocean_menu_typo_spacing_tablet":0,"ocean_menu_typo_spacing_mobile":0,"ocean_menu_typo_spacing_unit":"","ocean_menu_link_color":"","ocean_menu_link_color_hover":"","ocean_menu_link_color_active":"","ocean_menu_link_background":"","ocean_menu_link_hover_background":"","ocean_menu_link_active_background":"","ocean_menu_social_links_bg":"","ocean_menu_social_hover_links_bg":"","ocean_menu_social_links_color":"","ocean_menu_social_hover_links_color":"","ocean_disable_title":"default","ocean_disable_heading":"default","ocean_post_title":"","ocean_post_subheading":"","ocean_post_title_style":"","ocean_post_title_background_color":"","ocean_post_title_background":0,"ocean_post_title_bg_image_position":"","ocean_post_title_bg_image_attachment":"","ocean_post_title_bg_image_repeat":"","ocean_post_title_bg_image_size":"","ocean_post_title_height":0,"ocean_post_title_bg_overlay":0.5,"ocean_post_title_bg_overlay_color":"","ocean_disable_breadcrumbs":"default","ocean_breadcrumbs_color":"","ocean_breadcrumbs_separator_color":"","ocean_breadcrumbs_links_color":"","ocean_breadcrumbs_links_hover_color":"","ocean_display_footer_widgets":"default","ocean_display_footer_bottom":"default","ocean_custom_footer_template":"0","ofc_enable_fullscreen":"disable","ofc_fullscreen_speed":0,"ofc_fullscreen_nav":"enable","ofc_fullscreen_nav_pos":"right","ofc_fullscreen_nav_color":"","ofc_fullscreen_nav_tooltip_color":"","ofc_fullscreen_responsive":0},"product_brand":[],"product_cat":[3446],"product_tag":[],"class_list":{"0":"post-50917","1":"product","2":"type-product","3":"status-publish","4":"has-post-thumbnail","6":"product_cat-b-b-king-the-king-of-the-blues-chitarra-les-paul-epiphone-autografata","7":"product_shipping_class-classe-di-spedizione_a","9":"entry","10":"has-media","12":"first","13":"instock","14":"taxable","15":"shipping-taxable","16":"purchasable","17":"product-type-simple","18":"col","19":"span_1_of_4","20":"owp-content-center","21":"owp-thumbs-layout-horizontal","22":"owp-btn-normal","23":"owp-tabs-layout-horizontal"},"acf":[],"_links":{"self":[{"href":"https:\/\/memorabilia-germany.de\/it\/wp-json\/wp\/v2\/product\/50917","targetHints":{"allow":["GET"]}}],"collection":[{"href":"https:\/\/memorabilia-germany.de\/it\/wp-json\/wp\/v2\/product"}],"about":[{"href":"https:\/\/memorabilia-germany.de\/it\/wp-json\/wp\/v2\/types\/product"}],"version-history":[{"count":0,"href":"https:\/\/memorabilia-germany.de\/it\/wp-json\/wp\/v2\/product\/50917\/revisions"}],"wp:featuredmedia":[{"embeddable":true,"href":"https:\/\/memorabilia-germany.de\/it\/wp-json\/wp\/v2\/media\/50841"}],"wp:attachment":[{"href":"https:\/\/memorabilia-germany.de\/it\/wp-json\/wp\/v2\/media?parent=50917"}],"wp:term":[{"taxonomy":"product_brand","embeddable":true,"href":"https:\/\/memorabilia-germany.de\/it\/wp-json\/wp\/v2\/product_brand?post=50917"},{"taxonomy":"product_cat","embeddable":true,"href":"https:\/\/memorabilia-germany.de\/it\/wp-json\/wp\/v2\/product_cat?post=50917"},{"taxonomy":"product_tag","embeddable":true,"href":"https:\/\/memorabilia-germany.de\/it\/wp-json\/wp\/v2\/product_tag?post=50917"}],"curies":[{"name":"wp","href":"https:\/\/api.w.org\/{rel}","templated":true}]}}