{"id":50162,"date":"2022-01-27T17:04:14","date_gmt":"2024-07-12T15:03:12","guid":{"rendered":"https:\/\/memorabilia-germany.de\/produkt\/mystery-box-di-caschi-nfl-full-size-superstar-hunter-series-possibilita-di-maglia-bonus\/"},"modified":"2025-01-07T11:28:48","modified_gmt":"2025-01-07T10:28:48","slug":"mystery-box-di-caschi-nfl-full-size-superstar-hunter-series-possibilita-di-maglia-bonus","status":"publish","type":"product","link":"https:\/\/memorabilia-germany.de\/it\/produkt\/mystery-box-di-caschi-nfl-full-size-superstar-hunter-series-possibilita-di-maglia-bonus\/","title":{"rendered":"Mystery Box di caschi NFL Full Size: SUPERSTAR HUNTER SERIES (possibilit\u00e0 di maglia bonus!)"},"content":{"rendered":"<p><strong>Ulteriori informazioni su questa serie di Mystery Box con casco Full Size:<\/strong><\/p>\n<ul style=\"list-style-type: square;\">\n<li>Molte scatole di questa serie contengono caschi Riddell Limited Edition NFL di edizioni come: &#8220;Eclipse Series&#8221;, &#8220;Lunar Eclipse Series&#8221;, &#8220;Camo&#8221;, &#8220;Flash&#8221; &#8220;AMP&#8221;, &#8220;Matte White&#8221;, &#8220;Matte Black&#8221;.<\/li>\n<li>I caschi da football americano sono stati distribuiti in modo casuale tra le scatole.<\/li>\n<li><strong>Nota di sicurezza:<\/strong> oggetti autografati. Non adatti all\u2019uso sportivo.<\/li>\n<li>Tutti i memorabilia contenuti nella Mystery Box di Full Size Helmet sono stati verificati da uno degli autenticatori statunitensi leader del mercato e sono dotati di caratteristiche di sicurezza seriali (Certificate of Authenticity e\/o ologramma di sicurezza). Gli autenticatori sono esclusivamente: Beckett, James Spence Authentication, PSA\/DNA o Fanatics. Ulteriori informazioni su questo importante argomento l&#8217;autenticazione sono disponibili <strong><a href=\"https:\/\/memorabilia-germany.de\/it\/autenticazione-della-firma\/\">qui<\/a><\/strong>.<\/li>\n<li>Qui trovi una panoramica completa dell&#8217;elenco dei giocatori i cui caschi sono inclusi in questa serie Mystery Box:<\/li>\n<\/ul>\n<p style=\"text-align: center;\">Joe Burrow<br \/>\nDrew Brees<br \/>\nKyler Murray<br \/>\nTrey Lance<br \/>\nTerry Bradshaw<br \/>\nOJ Simpson<br \/>\nDeandre Hopkins<br \/>\nD.K. Metcalf<br \/>\nClyde Edwards-Helaire<br \/>\nAlvin Kamara<br \/>\nDavante Adams<br \/>\nJames Cook<br \/>\nAmari Cooper<br \/>\nSteve Largent<br \/>\nDaunte Culpepper<br \/>\nMike Singletary<br \/>\nDevonta Smith<br \/>\nTyreek Hill<br \/>\nTyler Lockett<br \/>\nJuJu Smith-Schuster<br \/>\nDeebo Samuel<br \/>\nStefon Diggs<br \/>\nBrandon Aiyuk<br \/>\nBruce Matthews<br \/>\nDaniel Jones<br \/>\nCeeDee Lamb<br \/>\nFrank Gore<br \/>\nJerry Jeudy<br \/>\nNoah Fant<br \/>\nJalen Hurts<br \/>\nKeenan Allen<br \/>\nTrevon Diggs<br \/>\nSam Darnold<br \/>\nDarius Leonard<br \/>\nMichael Vick<br \/>\nRicky Williams<br \/>\nLawrence Taylor<br \/>\nThurman Thomas<br \/>\nD\u2019Andre Swift<br \/>\nNick Bosa<br \/>\nDick Butkus<br \/>\nMarquez Valdes-Scantling<br \/>\nWarren Moon<\/p>\n<p>Se una serie contiene pi\u00f9 di un FOOTBALL AMERICANO MEMORABILIA dello stesso giocatore, riceverete un &#8220;No Double Option&#8221;. Ci\u00f2 significa che sicuramente non otterrai un giocatore duplicato se acquisti pi\u00f9 di una scatola.<\/p>\n<p>Full Size Mystery Box<br \/>\nCome funziona un casco? Puoi trovare maggiori informazioni nelle nostre<strong><a href=\"https:\/\/memorabilia-germany.de\/it\/sports-memorabilia-faq-it\/#memorabilia-mystery-box\"><u>FAQ<\/u><\/a><\/strong>! Authentic Replica<br \/>\nQual \u00e8 la differenza tra un casco e l&#8217;altro della NFL? Puoi trovare maggiori informazioni nelle nostre<strong><a href=\"https:\/\/memorabilia-germany.de\/de\/sport-memorabilia-faq\/#faq-helm-arten\"><u>FAQ<\/u><\/a><\/strong>!<\/p>\n<p>Puoi trovare altri memorabilia di Football Americano <strong><a href=\"https:\/\/memorabilia-germany.de\/it\/football-americano-memorabilia\"><u>qui<\/u><\/a><\/strong>!<\/p>\n","protected":false},"excerpt":{"rendered":"<p><strong>Questa serie \u00e8 limitata a un totale di 60 caschi Full Size. <a href=\"https:\/\/memorabilia-germany.de\/it\/sports-memorabilia-faq-it\/#memorabilia-mystery-box\"><u>Mystery Box<\/u><\/a> limitata. Ogni scatola ha un numero di serie. In questa serie troverai caschi da football americano in edizione limitata di leggende della NFL come Drew Brees o Terry Bradshaw e di superstar attuali della NFL come Joe Burrow, D.K. Metcalf o Kyler Murray!<\/strong><\/p>\n<p><strong>Panoramica rapida:<\/strong><\/p>\n<ul style=\"list-style-type: square;\">\n<li>Contenuto di ogni confezione: licenza e firma <a href=\"https:\/\/memorabilia-germany.de\/de\/sport-memorabilia-faq\/#faq-helm-arten\"><strong><u>Replica di un casco Full Size della NFL<\/u><\/strong><\/a> di Riddell. Le immagini ti danno un piccolo spaccato del segreto della serie!<\/li>\n<li>Tutti i caschi sono firmati da una star attuale della NFL o da una leggenda della NFL. Inoltre, molti caschi sono anche firmati con le iscrizioni dei giocatori!<\/li>\n<li>Pi\u00f9 della met\u00e0 dei caschi di questa serie sono caschi NFL in edizione limitata (vedi sotto per maggiori informazioni).<\/li>\n<li><strong>Bonus Jersey Chance:<\/strong> alcune scatole di questa serie contengono anche una maglia Custom con la firma originale di una stella della NFL in omaggio!<\/li>\n<li>Autenticazione degli autografi (solo): <strong><a href=\"https:\/\/memorabilia-germany.de\/it\/autenticazione-della-firma\/#signature-authentication-beckett\">Beckett<\/a><\/strong>, <strong><a href=\"https:\/\/memorabilia-germany.de\/it\/autenticazione-della-firma\/#signature-authentication-james-spence\">James Spence Authentication<\/a><\/strong>, <strong><a href=\"https:\/\/memorabilia-germany.de\/it\/autenticazione-della-firma\/#signature-authentication-psa-dna\">PSA\/DNA<\/a><\/strong> o <strong><a href=\"https:\/\/memorabilia-germany.de\/it\/autenticazione-della-firma\/#signature-authentication-fanatics\">Fanatics<\/a><\/strong> (vale anche per tutte le maglie contenute nelle scatole).<\/li>\n<\/ul>\n","protected":false},"featured_media":50163,"template":"","meta":{"_acf_changed":false,"ocean_post_layout":"","ocean_both_sidebars_style":"","ocean_both_sidebars_content_width":0,"ocean_both_sidebars_sidebars_width":0,"ocean_sidebar":"0","ocean_second_sidebar":"0","ocean_disable_margins":"enable","ocean_add_body_class":"","ocean_shortcode_before_top_bar":"","ocean_shortcode_after_top_bar":"","ocean_shortcode_before_header":"","ocean_shortcode_after_header":"","ocean_has_shortcode":"","ocean_shortcode_after_title":"","ocean_shortcode_before_footer_widgets":"","ocean_shortcode_after_footer_widgets":"","ocean_shortcode_before_footer_bottom":"","ocean_shortcode_after_footer_bottom":"","ocean_display_top_bar":"default","ocean_display_header":"default","ocean_header_style":"","ocean_center_header_left_menu":"0","ocean_custom_header_template":"0","ocean_custom_logo":0,"ocean_custom_retina_logo":0,"ocean_custom_logo_max_width":0,"ocean_custom_logo_tablet_max_width":0,"ocean_custom_logo_mobile_max_width":0,"ocean_custom_logo_max_height":0,"ocean_custom_logo_tablet_max_height":0,"ocean_custom_logo_mobile_max_height":0,"ocean_header_custom_menu":"0","ocean_menu_typo_font_family":"0","ocean_menu_typo_font_subset":"","ocean_menu_typo_font_size":0,"ocean_menu_typo_font_size_tablet":0,"ocean_menu_typo_font_size_mobile":0,"ocean_menu_typo_font_size_unit":"px","ocean_menu_typo_font_weight":"","ocean_menu_typo_font_weight_tablet":"","ocean_menu_typo_font_weight_mobile":"","ocean_menu_typo_transform":"","ocean_menu_typo_transform_tablet":"","ocean_menu_typo_transform_mobile":"","ocean_menu_typo_line_height":0,"ocean_menu_typo_line_height_tablet":0,"ocean_menu_typo_line_height_mobile":0,"ocean_menu_typo_line_height_unit":"","ocean_menu_typo_spacing":0,"ocean_menu_typo_spacing_tablet":0,"ocean_menu_typo_spacing_mobile":0,"ocean_menu_typo_spacing_unit":"","ocean_menu_link_color":"","ocean_menu_link_color_hover":"","ocean_menu_link_color_active":"","ocean_menu_link_background":"","ocean_menu_link_hover_background":"","ocean_menu_link_active_background":"","ocean_menu_social_links_bg":"","ocean_menu_social_hover_links_bg":"","ocean_menu_social_links_color":"","ocean_menu_social_hover_links_color":"","ocean_disable_title":"default","ocean_disable_heading":"default","ocean_post_title":"","ocean_post_subheading":"","ocean_post_title_style":"","ocean_post_title_background_color":"","ocean_post_title_background":0,"ocean_post_title_bg_image_position":"","ocean_post_title_bg_image_attachment":"","ocean_post_title_bg_image_repeat":"","ocean_post_title_bg_image_size":"","ocean_post_title_height":0,"ocean_post_title_bg_overlay":0.5,"ocean_post_title_bg_overlay_color":"","ocean_disable_breadcrumbs":"default","ocean_breadcrumbs_color":"","ocean_breadcrumbs_separator_color":"","ocean_breadcrumbs_links_color":"","ocean_breadcrumbs_links_hover_color":"","ocean_display_footer_widgets":"default","ocean_display_footer_bottom":"default","ocean_custom_footer_template":"0","ofc_enable_fullscreen":"disable","ofc_fullscreen_speed":0,"ofc_fullscreen_nav":"enable","ofc_fullscreen_nav_pos":"right","ofc_fullscreen_nav_color":"","ofc_fullscreen_nav_tooltip_color":"","ofc_fullscreen_responsive":0},"product_brand":[],"product_cat":[2985],"product_tag":[],"class_list":{"0":"post-50162","1":"product","2":"type-product","3":"status-publish","4":"has-post-thumbnail","6":"product_cat-mystery-box-di-caschi-nfl-full-size-superstar-hunter-series-possibilita-di-maglia-bonus","7":"product_shipping_class-classe-di-spedizione_a","9":"entry","10":"has-media","12":"first","13":"outofstock","14":"taxable","15":"shipping-taxable","16":"purchasable","17":"product-type-simple","18":"col","19":"span_1_of_4","20":"owp-content-center","21":"owp-thumbs-layout-horizontal","22":"owp-btn-normal","23":"owp-tabs-layout-horizontal"},"acf":[],"_links":{"self":[{"href":"https:\/\/memorabilia-germany.de\/it\/wp-json\/wp\/v2\/product\/50162","targetHints":{"allow":["GET"]}}],"collection":[{"href":"https:\/\/memorabilia-germany.de\/it\/wp-json\/wp\/v2\/product"}],"about":[{"href":"https:\/\/memorabilia-germany.de\/it\/wp-json\/wp\/v2\/types\/product"}],"version-history":[{"count":0,"href":"https:\/\/memorabilia-germany.de\/it\/wp-json\/wp\/v2\/product\/50162\/revisions"}],"wp:featuredmedia":[{"embeddable":true,"href":"https:\/\/memorabilia-germany.de\/it\/wp-json\/wp\/v2\/media\/50163"}],"wp:attachment":[{"href":"https:\/\/memorabilia-germany.de\/it\/wp-json\/wp\/v2\/media?parent=50162"}],"wp:term":[{"taxonomy":"product_brand","embeddable":true,"href":"https:\/\/memorabilia-germany.de\/it\/wp-json\/wp\/v2\/product_brand?post=50162"},{"taxonomy":"product_cat","embeddable":true,"href":"https:\/\/memorabilia-germany.de\/it\/wp-json\/wp\/v2\/product_cat?post=50162"},{"taxonomy":"product_tag","embeddable":true,"href":"https:\/\/memorabilia-germany.de\/it\/wp-json\/wp\/v2\/product_tag?post=50162"}],"curies":[{"name":"wp","href":"https:\/\/api.w.org\/{rel}","templated":true}]}}