{"id":50152,"date":"2022-01-27T17:43:39","date_gmt":"2024-07-12T14:58:22","guid":{"rendered":"https:\/\/memorabilia-germany.de\/produkt\/mystery-box-di-mini-caschi-nfl-superstar-hunter-series\/"},"modified":"2024-07-12T16:58:22","modified_gmt":"2024-07-12T14:58:22","slug":"mystery-box-di-mini-caschi-nfl-superstar-hunter-series","status":"publish","type":"product","link":"https:\/\/memorabilia-germany.de\/it\/produkt\/mystery-box-di-mini-caschi-nfl-superstar-hunter-series\/","title":{"rendered":"Mystery Box di mini caschi NFL: SUPERSTAR HUNTER SERIES"},"content":{"rendered":"<p><strong>Ulteriori informazioni su questa serie di Mini Helmet Mystery Box:<\/strong><\/p>\n<ul style=\"list-style-type: square;\">\n<li>Molte scatole di questa serie contengono mini caschi Riddell Limited Edition NFL di edizioni come: &#8220;Eclipse Series&#8221;, &#8220;Lunar Eclipse Series&#8221;, &#8220;Camo&#8221;, &#8220;Flash&#8221; &#8220;AMP&#8221;, &#8220;Matte White&#8221;, &#8220;Matte Black&#8221;. Tutti i mini caschi sono caschi di squadre NFL.<\/li>\n<li>I mini caschi sono stati distribuiti in modo casuale tra le scatole.<\/li>\n<li>Tutti i memorabilia contenuti in una Mini Helmet Mystery Box sono stati verificati da un autenticatore statunitense leader di mercato e sono dotati di caratteristiche di sicurezza seriali (Certificate of Authenticity e\/o ologramma di sicurezza). Gli autenticatori sono esclusivamente: Beckett, James Spence Authentication, PSA\/DNA o Fanatics. Potete trovare ulteriori informazioni sull&#8217;importante tema dell&#8217;autenticazione <strong><a href=\"https:\/\/memorabilia-germany.de\/it\/autenticazione-della-firma\/\">qui<\/a><\/strong>.<\/li>\n<li>Con noi ottieni una panoramica COMPLETA dell&#8217;elenco dei giocatori inclusi in questa serie Mystery Box:<\/li>\n<\/ul>\n<p style=\"text-align: center;\">Joe Burrow<br \/>\nDak Prescott<br \/>\nKyler Murray<br \/>\nGeorge Kittle<br \/>\nTravis Kelce<br \/>\nChristian McCaffrey<br \/>\nD.K. Metcalf<br \/>\nTrey Lance<br \/>\nDeshaun Watson<br \/>\nRay Lewis<br \/>\nJoey Bosa<br \/>\nNick Bosa<br \/>\nAaron Donald<br \/>\nDaniel Jones<br \/>\nAlvin Kamara<br \/>\nMike Singletary<br \/>\nAntonio Brown<br \/>\nAaron Jones<br \/>\nGreg Olsen<br \/>\nKirk Cousins<br \/>\nMinkah Fitzpatrick<br \/>\nDeebo Samuel<br \/>\nRicky Williams<br \/>\nSterling Shepard<br \/>\nBob Griese<br \/>\nNoah Fant<br \/>\nJerry Jeudy<br \/>\nClyde Edwards-Helaire<br \/>\nTrevon Diggs<br \/>\nCameron Heyward<br \/>\nKeenan Allen<br \/>\nDarius Leonard<br \/>\nMichael Vick<br \/>\nMarquez Valdes-Scantling<br \/>\nDaunte Culpepper<br \/>\nDavante Adams<br \/>\nTJ Watt<br \/>\nSteve Largent<br \/>\nWarren Moon\n<\/p>\n<p>\nSe una serie contiene pi\u00f9 di un FOOTBALL AMERICANO MEMORABILIA dello stesso giocatore, riceverete un &#8220;No Double Option&#8221;. Ci\u00f2 significa che sicuramente non otterrai un giocatore duplicato se acquisti pi\u00f9 di una scatola.\n<\/p>\n<p>\nCome funziona una Mini Helmet Mystery Box?<br \/>\nPotete trovare informazioni al riguardo nelle nostre <strong><a href=\"https:\/\/memorabilia-germany.de\/it\/sports-memorabilia-faq-it\/#memorabilia-mystery-box\"><u>FAQ<\/u><\/a><\/strong>!\n<\/p>\n<p>\nPuoi trovare altri memorabilia di Football Americano <strong><a href=\"https:\/\/memorabilia-germany.de\/it\/football-americano-memorabilia\"><u>qui<\/u><\/a><\/strong>!<\/p>\n","protected":false},"excerpt":{"rendered":"<p><strong>Questa serie \u00e8 limitata a un totale di 60 Mini Helm <a href=\"https:\/\/memorabilia-germany.de\/it\/sports-memorabilia-faq-it\/#memorabilia-mystery-box\"><u>Mystery Box<\/u><\/a> limitata. Ogni scatola ha un numero di serie. Trova i mini caschi NFL in edizione limitata di superstar NFL come Joe Burrow, Travis Kelce o Dak Prescott in questa serie!<\/strong><\/p>\n<p><strong>Panoramica rapida:<\/strong><\/p>\n<ul style=\"list-style-type: square;\">\n<li>Contenuto di ogni scatola: mini casco NFL con licenza e firma (marca: Riddell o Schutt). Le immagini ti danno un piccolo spaccato del segreto della serie!<\/li>\n<li>Alle Helme sind von einem aktuellen NFL Star signiert. Inoltre, molti caschi sono anche firmati con le iscrizioni dei giocatori!<\/li>\n<li>Pi\u00f9 della met\u00e0 dei caschi di questa serie sono caschi NFL Mini in edizione limitata (vedi sotto per maggiori informazioni).<\/li>\n<li>Autenticazione degli autografi (solo): <strong><a href=\"https:\/\/memorabilia-germany.de\/it\/autenticazione-della-firma\/#signature-authentication-beckett\">Beckett<\/a><\/strong>, <strong><a href=\"https:\/\/memorabilia-germany.de\/it\/autenticazione-della-firma\/#signature-authentication-james-spence\">James Spence Authentication<\/a><\/strong>, <strong><a href=\"https:\/\/memorabilia-germany.de\/it\/autenticazione-della-firma\/#signature-authentication-psa-dna\">PSA\/DNA<\/a><\/strong> o <strong><a href=\"https:\/\/memorabilia-germany.de\/it\/autenticazione-della-firma\/#signature-authentication-fanatics\">Fanatics<\/a><\/strong>.<\/li>\n<\/ul>\n","protected":false},"featured_media":50153,"template":"","meta":{"_acf_changed":false,"ocean_post_layout":"","ocean_both_sidebars_style":"","ocean_both_sidebars_content_width":0,"ocean_both_sidebars_sidebars_width":0,"ocean_sidebar":"0","ocean_second_sidebar":"0","ocean_disable_margins":"enable","ocean_add_body_class":"","ocean_shortcode_before_top_bar":"","ocean_shortcode_after_top_bar":"","ocean_shortcode_before_header":"","ocean_shortcode_after_header":"","ocean_has_shortcode":"","ocean_shortcode_after_title":"","ocean_shortcode_before_footer_widgets":"","ocean_shortcode_after_footer_widgets":"","ocean_shortcode_before_footer_bottom":"","ocean_shortcode_after_footer_bottom":"","ocean_display_top_bar":"default","ocean_display_header":"default","ocean_header_style":"","ocean_center_header_left_menu":"0","ocean_custom_header_template":"0","ocean_custom_logo":0,"ocean_custom_retina_logo":0,"ocean_custom_logo_max_width":0,"ocean_custom_logo_tablet_max_width":0,"ocean_custom_logo_mobile_max_width":0,"ocean_custom_logo_max_height":0,"ocean_custom_logo_tablet_max_height":0,"ocean_custom_logo_mobile_max_height":0,"ocean_header_custom_menu":"0","ocean_menu_typo_font_family":"0","ocean_menu_typo_font_subset":"","ocean_menu_typo_font_size":0,"ocean_menu_typo_font_size_tablet":0,"ocean_menu_typo_font_size_mobile":0,"ocean_menu_typo_font_size_unit":"px","ocean_menu_typo_font_weight":"","ocean_menu_typo_font_weight_tablet":"","ocean_menu_typo_font_weight_mobile":"","ocean_menu_typo_transform":"","ocean_menu_typo_transform_tablet":"","ocean_menu_typo_transform_mobile":"","ocean_menu_typo_line_height":0,"ocean_menu_typo_line_height_tablet":0,"ocean_menu_typo_line_height_mobile":0,"ocean_menu_typo_line_height_unit":"","ocean_menu_typo_spacing":0,"ocean_menu_typo_spacing_tablet":0,"ocean_menu_typo_spacing_mobile":0,"ocean_menu_typo_spacing_unit":"","ocean_menu_link_color":"","ocean_menu_link_color_hover":"","ocean_menu_link_color_active":"","ocean_menu_link_background":"","ocean_menu_link_hover_background":"","ocean_menu_link_active_background":"","ocean_menu_social_links_bg":"","ocean_menu_social_hover_links_bg":"","ocean_menu_social_links_color":"","ocean_menu_social_hover_links_color":"","ocean_disable_title":"default","ocean_disable_heading":"default","ocean_post_title":"","ocean_post_subheading":"","ocean_post_title_style":"","ocean_post_title_background_color":"","ocean_post_title_background":0,"ocean_post_title_bg_image_position":"","ocean_post_title_bg_image_attachment":"","ocean_post_title_bg_image_repeat":"","ocean_post_title_bg_image_size":"","ocean_post_title_height":0,"ocean_post_title_bg_overlay":0.5,"ocean_post_title_bg_overlay_color":"","ocean_disable_breadcrumbs":"default","ocean_breadcrumbs_color":"","ocean_breadcrumbs_separator_color":"","ocean_breadcrumbs_links_color":"","ocean_breadcrumbs_links_hover_color":"","ocean_display_footer_widgets":"default","ocean_display_footer_bottom":"default","ocean_custom_footer_template":"0","ofc_enable_fullscreen":"disable","ofc_fullscreen_speed":0,"ofc_fullscreen_nav":"enable","ofc_fullscreen_nav_pos":"right","ofc_fullscreen_nav_color":"","ofc_fullscreen_nav_tooltip_color":"","ofc_fullscreen_responsive":0},"product_brand":[],"product_cat":[2984],"product_tag":[],"class_list":{"0":"post-50152","1":"product","2":"type-product","3":"status-publish","4":"has-post-thumbnail","6":"product_cat-mystery-box-di-mini-caschi-nfl-superstar-hunter-series","7":"product_shipping_class-classe-di-spedizione_a","9":"entry","10":"has-media","12":"first","13":"outofstock","14":"taxable","15":"shipping-taxable","16":"product-type-simple","17":"col","18":"span_1_of_4","19":"owp-content-center","20":"owp-thumbs-layout-horizontal","21":"owp-btn-normal","22":"owp-tabs-layout-horizontal"},"acf":[],"_links":{"self":[{"href":"https:\/\/memorabilia-germany.de\/it\/wp-json\/wp\/v2\/product\/50152","targetHints":{"allow":["GET"]}}],"collection":[{"href":"https:\/\/memorabilia-germany.de\/it\/wp-json\/wp\/v2\/product"}],"about":[{"href":"https:\/\/memorabilia-germany.de\/it\/wp-json\/wp\/v2\/types\/product"}],"version-history":[{"count":0,"href":"https:\/\/memorabilia-germany.de\/it\/wp-json\/wp\/v2\/product\/50152\/revisions"}],"wp:featuredmedia":[{"embeddable":true,"href":"https:\/\/memorabilia-germany.de\/it\/wp-json\/wp\/v2\/media\/50153"}],"wp:attachment":[{"href":"https:\/\/memorabilia-germany.de\/it\/wp-json\/wp\/v2\/media?parent=50152"}],"wp:term":[{"taxonomy":"product_brand","embeddable":true,"href":"https:\/\/memorabilia-germany.de\/it\/wp-json\/wp\/v2\/product_brand?post=50152"},{"taxonomy":"product_cat","embeddable":true,"href":"https:\/\/memorabilia-germany.de\/it\/wp-json\/wp\/v2\/product_cat?post=50152"},{"taxonomy":"product_tag","embeddable":true,"href":"https:\/\/memorabilia-germany.de\/it\/wp-json\/wp\/v2\/product_tag?post=50152"}],"curies":[{"name":"wp","href":"https:\/\/api.w.org\/{rel}","templated":true}]}}