{"id":50139,"date":"2022-01-27T18:13:10","date_gmt":"2024-07-12T14:51:35","guid":{"rendered":"https:\/\/memorabilia-germany.de\/produkt\/mystery-box-di-football-americano-firmato-serie-superstar-hunter\/"},"modified":"2025-01-15T09:46:51","modified_gmt":"2025-01-15T08:46:51","slug":"mystery-box-di-football-americano-firmato-serie-superstar-hunter","status":"publish","type":"product","link":"https:\/\/memorabilia-germany.de\/it\/produkt\/mystery-box-di-football-americano-firmato-serie-superstar-hunter\/","title":{"rendered":"Mystery Box di Football Americano firmato: SERIE SUPERSTAR HUNTER"},"content":{"rendered":"<p><strong>Ulteriori informazioni sulla serie FOOTBALL MYSTERY BOX:<\/strong><\/p>\n<ul style=\"list-style-type: square;\">\n<li>Tutte le scatole di questa serie contengono palloni di marca, come Wilson &#8220;The Duke&#8221;, Wilson &#8220;NFL Football Americano&#8221; o NFL &#8220;Team Logo White Panel&#8221;.<\/li>\n<li>Palloni con autografi di diversi giocatori NFL (2 o pi\u00f9) inclusi in questa serie!<\/li>\n<li>Le palline sono state distribuite casualmente tra le scatole.<\/li>\n<li>Tutti i cimeli contenuti in una FOOTBALL MYSTERY BOX sono stati verificati da uno degli autenticatori statunitensi leader del mercato e sono dotati di caratteristiche di sicurezza seriali (Certificate of Authenticity e\/o ologramma di sicurezza). Gli autenticatori sono esclusivamente: Beckett, James Spence Authentication, PSA\/DNA o Fanatics. Ulteriori informazioni su questo importante argomento l&#8217;autenticazione sono disponibili <strong><a href=\"https:\/\/memorabilia-germany.de\/it\/autenticazione-della-firma\/\">qui<\/a><\/strong>.<\/li>\n<li>Con noi ottieni una panoramica COMPLETA dell&#8217;elenco dei giocatori inclusi in questa serie Mystery Box:<\/li>\n<\/ul>\n<p style=\"text-align: center;\">Ben Roethlisberger<br \/>\nEmmitt Smith<br \/>\nCooper Kupp<br \/>\nJ.J. Watt<br \/>\nAlvin Kamara<br \/>\nDavante Adams<br \/>\nD.K. Metcalf<br \/>\nCris Carter<br \/>\nDeebo Samuel<br \/>\nOdell Beckham Jr.<br \/>\nRay Lewis<br \/>\nDeion Sanders<br \/>\nGale \u201cKansas Comet\u201d Sayers<br \/>\nTyler Lockett<br \/>\nJames Connor<br \/>\nD\u2019Andre Swift<br \/>\nMichael Strahan<br \/>\nEmmanuel Sanders<br \/>\nLuke Kuechly<br \/>\nDick Vermeil<br \/>\nY.A. Tittle<br \/>\nNick Bolton<br \/>\nTremaine Edmunds<br \/>\nDonovan McNabb<br \/>\nAndre Reed<br \/>\nThurman Thomas<br \/>\nBruce Matthews<br \/>\nMichael Vick<br \/>\nClyde Edwards-Helaire<br \/>\nD.J. Moore<br \/>\nTedy Bruschi<br \/>\nMarquez Valdes-Scantling<br \/>\nArt Donovan<br \/>\nDavid Johnson<br \/>\nDarius Leonard<br \/>\nMike Singletary<br \/>\nJoe Theismann<br \/>\nTom Flores<br \/>\nDaniel Jones<br \/>\nJalen Hurts\n<\/p>\n<p>\nSe una serie contiene pi\u00f9 di un FOOTBALL AMERICANO MEMORABILIA dello stesso giocatore, riceverete un &#8220;No Double Option&#8221;. Ci\u00f2 significa che sicuramente non otterrai un giocatore duplicato se acquisti pi\u00f9 di una scatola.\n<\/p>\n<p>\nFootball Americano Mystery Box<br \/>\nPer maggiori informazioni consulta le nostre <strong><a href=\"https:\/\/memorabilia-germany.de\/it\/sports-memorabilia-faq-it\/#memorabilia-mystery-box\"><u>FAQ<\/u><\/a><\/strong>!\n<\/p>\n<p>\nPuoi trovare altri memorabilia di Football Americano <strong><a href=\"https:\/\/memorabilia-germany.de\/it\/football-americano-memorabilia\"><u>qui<\/u><\/a><\/strong>!<\/p>\n","protected":false},"excerpt":{"rendered":"<p><strong>Questa serie \u00e8 limitata a un totale di 60 esemplari di Football Americano. <a href=\"https:\/\/memorabilia-germany.de\/it\/sports-memorabilia-faq-it\/#memorabilia-mystery-box\"><u>Mystery Box<\/u><\/a> limitata. Ogni scatola ha un numero di serie. Trova i palloni firmati da leggende della NFL come &#8220;Big Ben&#8221; Roethlisberger o Emmitt Smith e da superstar attuali come Cooper Kupp o Davante Adams!<\/strong><\/p>\n<p><strong>Panoramica rapida:<\/strong><\/p>\n<ul style=\"list-style-type: square;\">\n<li>Contenuto di ogni scatola: Football Americano firmato (Full Size, marca: Wilson, Reebok, Rawlings). Le immagini ti danno un piccolo spaccato del segreto della serie!<\/li>\n<li>Tutti i palloni da football americani sono firmati da almeno una stella o una leggenda della NFL. Inoltre, molti palloni sono anche firmati con le Inscriptions dei giocatori!<\/li>\n<li>Autenticazione degli autografi (solo): <strong><a href=\"https:\/\/memorabilia-germany.de\/it\/autenticazione-della-firma\/#signature-authentication-beckett\">Beckett<\/a><\/strong>, <strong><a href=\"https:\/\/memorabilia-germany.de\/it\/autenticazione-della-firma\/#signature-authentication-james-spence\">James Spence Authentication<\/a><\/strong>, <strong><a href=\"https:\/\/memorabilia-germany.de\/it\/autenticazione-della-firma\/#signature-authentication-psa-dna\">PSA\/DNA<\/a><\/strong> o <strong><a href=\"https:\/\/memorabilia-germany.de\/it\/autenticazione-della-firma\/#signature-authentication-fanatics\">Fanatics<\/a><\/strong>.<\/li>\n<\/ul>\n","protected":false},"featured_media":50140,"template":"","meta":{"_acf_changed":false,"ocean_post_layout":"","ocean_both_sidebars_style":"","ocean_both_sidebars_content_width":0,"ocean_both_sidebars_sidebars_width":0,"ocean_sidebar":"0","ocean_second_sidebar":"0","ocean_disable_margins":"enable","ocean_add_body_class":"","ocean_shortcode_before_top_bar":"","ocean_shortcode_after_top_bar":"","ocean_shortcode_before_header":"","ocean_shortcode_after_header":"","ocean_has_shortcode":"","ocean_shortcode_after_title":"","ocean_shortcode_before_footer_widgets":"","ocean_shortcode_after_footer_widgets":"","ocean_shortcode_before_footer_bottom":"","ocean_shortcode_after_footer_bottom":"","ocean_display_top_bar":"default","ocean_display_header":"default","ocean_header_style":"","ocean_center_header_left_menu":"0","ocean_custom_header_template":"0","ocean_custom_logo":0,"ocean_custom_retina_logo":0,"ocean_custom_logo_max_width":0,"ocean_custom_logo_tablet_max_width":0,"ocean_custom_logo_mobile_max_width":0,"ocean_custom_logo_max_height":0,"ocean_custom_logo_tablet_max_height":0,"ocean_custom_logo_mobile_max_height":0,"ocean_header_custom_menu":"0","ocean_menu_typo_font_family":"0","ocean_menu_typo_font_subset":"","ocean_menu_typo_font_size":0,"ocean_menu_typo_font_size_tablet":0,"ocean_menu_typo_font_size_mobile":0,"ocean_menu_typo_font_size_unit":"px","ocean_menu_typo_font_weight":"","ocean_menu_typo_font_weight_tablet":"","ocean_menu_typo_font_weight_mobile":"","ocean_menu_typo_transform":"","ocean_menu_typo_transform_tablet":"","ocean_menu_typo_transform_mobile":"","ocean_menu_typo_line_height":0,"ocean_menu_typo_line_height_tablet":0,"ocean_menu_typo_line_height_mobile":0,"ocean_menu_typo_line_height_unit":"","ocean_menu_typo_spacing":0,"ocean_menu_typo_spacing_tablet":0,"ocean_menu_typo_spacing_mobile":0,"ocean_menu_typo_spacing_unit":"","ocean_menu_link_color":"","ocean_menu_link_color_hover":"","ocean_menu_link_color_active":"","ocean_menu_link_background":"","ocean_menu_link_hover_background":"","ocean_menu_link_active_background":"","ocean_menu_social_links_bg":"","ocean_menu_social_hover_links_bg":"","ocean_menu_social_links_color":"","ocean_menu_social_hover_links_color":"","ocean_disable_title":"default","ocean_disable_heading":"default","ocean_post_title":"","ocean_post_subheading":"","ocean_post_title_style":"","ocean_post_title_background_color":"","ocean_post_title_background":0,"ocean_post_title_bg_image_position":"","ocean_post_title_bg_image_attachment":"","ocean_post_title_bg_image_repeat":"","ocean_post_title_bg_image_size":"","ocean_post_title_height":0,"ocean_post_title_bg_overlay":0.5,"ocean_post_title_bg_overlay_color":"","ocean_disable_breadcrumbs":"default","ocean_breadcrumbs_color":"","ocean_breadcrumbs_separator_color":"","ocean_breadcrumbs_links_color":"","ocean_breadcrumbs_links_hover_color":"","ocean_display_footer_widgets":"default","ocean_display_footer_bottom":"default","ocean_custom_footer_template":"0","ofc_enable_fullscreen":"disable","ofc_fullscreen_speed":0,"ofc_fullscreen_nav":"enable","ofc_fullscreen_nav_pos":"right","ofc_fullscreen_nav_color":"","ofc_fullscreen_nav_tooltip_color":"","ofc_fullscreen_responsive":0},"product_brand":[],"product_cat":[2983],"product_tag":[],"class_list":{"0":"post-50139","1":"product","2":"type-product","3":"status-publish","4":"has-post-thumbnail","6":"product_cat-mystery-box-di-football-americano-firmato-serie-superstar-hunter","7":"product_shipping_class-classe-di-spedizione_a","9":"entry","10":"has-media","12":"first","13":"instock","14":"taxable","15":"shipping-taxable","16":"purchasable","17":"product-type-simple","18":"col","19":"span_1_of_4","20":"owp-content-center","21":"owp-thumbs-layout-horizontal","22":"owp-btn-normal","23":"owp-tabs-layout-horizontal"},"acf":[],"_links":{"self":[{"href":"https:\/\/memorabilia-germany.de\/it\/wp-json\/wp\/v2\/product\/50139","targetHints":{"allow":["GET"]}}],"collection":[{"href":"https:\/\/memorabilia-germany.de\/it\/wp-json\/wp\/v2\/product"}],"about":[{"href":"https:\/\/memorabilia-germany.de\/it\/wp-json\/wp\/v2\/types\/product"}],"version-history":[{"count":0,"href":"https:\/\/memorabilia-germany.de\/it\/wp-json\/wp\/v2\/product\/50139\/revisions"}],"wp:featuredmedia":[{"embeddable":true,"href":"https:\/\/memorabilia-germany.de\/it\/wp-json\/wp\/v2\/media\/50140"}],"wp:attachment":[{"href":"https:\/\/memorabilia-germany.de\/it\/wp-json\/wp\/v2\/media?parent=50139"}],"wp:term":[{"taxonomy":"product_brand","embeddable":true,"href":"https:\/\/memorabilia-germany.de\/it\/wp-json\/wp\/v2\/product_brand?post=50139"},{"taxonomy":"product_cat","embeddable":true,"href":"https:\/\/memorabilia-germany.de\/it\/wp-json\/wp\/v2\/product_cat?post=50139"},{"taxonomy":"product_tag","embeddable":true,"href":"https:\/\/memorabilia-germany.de\/it\/wp-json\/wp\/v2\/product_tag?post=50139"}],"curies":[{"name":"wp","href":"https:\/\/api.w.org\/{rel}","templated":true}]}}