{"id":48841,"date":"2022-08-23T14:58:52","date_gmt":"2024-06-30T12:28:12","guid":{"rendered":"https:\/\/memorabilia-germany.de\/produkt\/mini-casco-nfl-mystery-box-sweet-deal-series-unlimited\/"},"modified":"2025-01-15T18:06:49","modified_gmt":"2025-01-15T17:06:49","slug":"mini-casco-nfl-mystery-box-sweet-deal-series-unlimited","status":"publish","type":"product","link":"https:\/\/memorabilia-germany.de\/it\/produkt\/mini-casco-nfl-mystery-box-sweet-deal-series-unlimited\/","title":{"rendered":"Mystery BoxMini casco NFL: SWEET DEAL SERIES 2025 (illimitato)"},"content":{"rendered":"<p><strong>Ulteriori informazioni su questa serie di Mini Helmet Mystery Box:<\/strong><\/p>\n<ul style=\"list-style-type: square;\">\n<li>Alcune scatole di questa serie contengono mini caschi Riddell Limited Edition NFL di edizioni come: &#8220;Eclipse Series&#8221;, &#8220;Lunar Eclipse Series&#8221;, &#8220;Camo&#8221;, &#8220;Flash&#8221; &#8220;AMP&#8221;, &#8220;Matte White&#8221;, &#8220;Matte Black&#8221;. Tutti i mini caschi sono caschi di squadre NFL.<\/li>\n<li>I caschi vengono distribuiti nelle caselle in modo casuale.<\/li>\n<li>Tutti i memorabilia contenuti in una Mini Helmet Mystery Box sono stati verificati da un autenticatore statunitense leader di mercato e sono dotati di caratteristiche di sicurezza seriali (Certificate of Authenticity e\/o ologramma di sicurezza). Gli autenticatori sono esclusivamente: Beckett, James Spence Authentication, PSA\/DNA o Fanatics. Ulteriori informazioni su questo importante argomento l&#8217;autenticazione sono disponibili <strong><a href=\"https:\/\/memorabilia-germany.de\/it\/autenticazione-della-firma\/\">qui<\/a><\/strong>.<\/li>\n<li>I giocatori inclusi in questa serie di Mystery Box:<\/li>\n<\/ul>\n<p style=\"text-align: center;\">Caleb Williams<br \/>\nBo Nix<br \/>\nJayden Daniels<br \/>\nSaquon Barkley<br \/>\nDerrick Henry<br \/>\nDavante Adams<br \/>\nDak Prescott<br \/>\nDeion Sanders<br \/>\nD.K. Metcalf<br \/>\nDrew Brees<br \/>\nNick Bosa<br \/>\nJayden Reed<br \/>\nTraves Kelcey<br \/>\nEmmitt Smith<br \/>\nDick Butkus<br \/>\nTyreek Hill<br \/>\nXavier Worthy<br \/>\nLuke Kuechly<br \/>\nMike Singletary<br \/>\nAaron Jones<br \/>\nRay Lewis<br \/>\nKeenan Allen<br \/>\nAaron Donald<br \/>\nRomeo Doubs<br \/>\nGale Sayers<br \/>\nNoah Fanta<br \/>\nMinkah Fitzpatrick<br \/>\nDeebo Samuel<br \/>\nRicky Williams<br \/>\nBob Griese<br \/>\nJaxon Smith-Njigba<br \/>\nLeo Chenal<br \/>\nJaylen Waddle<br \/>\nTrevon Diggs<br \/>\nDarius Leonard<br \/>\nWarren Moon<br \/>\nNick Bolden<br \/>\nJakobi Meyers<br \/>\nTank Dell<br \/>\nHunter Henry<br \/>\nGeorge Pickens<br \/>\nMiles Sanders<br \/>\nZay Flowers<br \/>\nLukas Van Ness<br \/>\n&#8230; e molte altre stelle della NFL!<\/p>\n<p>Mystery Box<br \/>\nCome funziona un mini casco? Puoi trovare maggiori informazioni nelle nostre<strong><a href=\"https:\/\/memorabilia-germany.de\/it\/sports-memorabilia-faq-it\/#memorabilia-mystery-box\"><u>FAQ<\/u><\/a><\/strong>!<\/p>\n<p>Puoi trovare altri memorabilia di Football Americano <strong><a href=\"https:\/\/memorabilia-germany.de\/it\/football-americano-memorabilia\"><u>qui<\/u><\/a><\/strong>!<\/p>\n","protected":false},"excerpt":{"rendered":"<p><strong>Vuoi l&#8217;accordo? Hai capito l&#8217;affare! Su richiesta di alcuni clienti per una <a href=\"https:\/\/memorabilia-germany.de\/it\/sports-memorabilia-faq-it\/#memorabilia-mystery-box\"><u>Mystery Box<\/u><\/a> che possono essere offerte a un prezzo particolarmente vantaggioso, abbiamo creato la &#8220;Sweet Deal Series&#8221;. A differenza delle altre Mystery Box, la serie non \u00e8 limitata, il che ci d\u00e0 un po&#8217; pi\u00f9 di spazio di manovra nel pianificare l&#8217;acquisto dei migliori caschi per te attraverso la nostra rete.<\/strong><\/p>\n<p><strong>Naturalmente, in questa serie troverai solo caschi Riddell o Schutt firmati da stelle o leggende della NFL! E ci sono anche tesori da scoprire in questa serie, come i mini caschi NFL in edizione limitata di superstar come Saquon Barkley, Bo Nix, Davante Adams, Xavier Worthy e molti altri!<\/strong><\/p>\n<p><strong>Panoramica rapida:<\/strong><\/p>\n<ul style=\"list-style-type: square;\">\n<li>Contenuto di ogni scatola: mini casco NFL con licenza e firma (marca: Riddell o Schutt). Le immagini ti danno un piccolo spaccato del segreto della serie!<\/li>\n<li>Alle Helme sind von einem aktuellen NFL Star signiert. Inoltre, molti caschi sono anche firmati con le iscrizioni dei giocatori!<\/li>\n<li>Autenticazione degli autografi (solo): <strong><a href=\"https:\/\/memorabilia-germany.de\/it\/autenticazione-della-firma\/#signature-authentication-beckett\">Beckett<\/a><\/strong>, <strong><a href=\"https:\/\/memorabilia-germany.de\/it\/autenticazione-della-firma\/#signature-authentication-james-spence\">James Spence Authentication<\/a><\/strong>, <strong><a href=\"https:\/\/memorabilia-germany.de\/it\/autenticazione-della-firma\/#signature-authentication-psa-dna\">PSA\/DNA<\/a><\/strong> o <strong><a href=\"https:\/\/memorabilia-germany.de\/it\/autenticazione-della-firma\/#signature-authentication-fanatics\">Fanatics<\/a><\/strong>.<\/li>\n<\/ul>\n","protected":false},"featured_media":48842,"template":"","meta":{"_acf_changed":false,"ocean_post_layout":"","ocean_both_sidebars_style":"","ocean_both_sidebars_content_width":0,"ocean_both_sidebars_sidebars_width":0,"ocean_sidebar":"0","ocean_second_sidebar":"0","ocean_disable_margins":"enable","ocean_add_body_class":"","ocean_shortcode_before_top_bar":"","ocean_shortcode_after_top_bar":"","ocean_shortcode_before_header":"","ocean_shortcode_after_header":"","ocean_has_shortcode":"","ocean_shortcode_after_title":"","ocean_shortcode_before_footer_widgets":"","ocean_shortcode_after_footer_widgets":"","ocean_shortcode_before_footer_bottom":"","ocean_shortcode_after_footer_bottom":"","ocean_display_top_bar":"default","ocean_display_header":"default","ocean_header_style":"","ocean_center_header_left_menu":"0","ocean_custom_header_template":"0","ocean_custom_logo":0,"ocean_custom_retina_logo":0,"ocean_custom_logo_max_width":0,"ocean_custom_logo_tablet_max_width":0,"ocean_custom_logo_mobile_max_width":0,"ocean_custom_logo_max_height":0,"ocean_custom_logo_tablet_max_height":0,"ocean_custom_logo_mobile_max_height":0,"ocean_header_custom_menu":"0","ocean_menu_typo_font_family":"0","ocean_menu_typo_font_subset":"","ocean_menu_typo_font_size":0,"ocean_menu_typo_font_size_tablet":0,"ocean_menu_typo_font_size_mobile":0,"ocean_menu_typo_font_size_unit":"px","ocean_menu_typo_font_weight":"","ocean_menu_typo_font_weight_tablet":"","ocean_menu_typo_font_weight_mobile":"","ocean_menu_typo_transform":"","ocean_menu_typo_transform_tablet":"","ocean_menu_typo_transform_mobile":"","ocean_menu_typo_line_height":0,"ocean_menu_typo_line_height_tablet":0,"ocean_menu_typo_line_height_mobile":0,"ocean_menu_typo_line_height_unit":"","ocean_menu_typo_spacing":0,"ocean_menu_typo_spacing_tablet":0,"ocean_menu_typo_spacing_mobile":0,"ocean_menu_typo_spacing_unit":"","ocean_menu_link_color":"","ocean_menu_link_color_hover":"","ocean_menu_link_color_active":"","ocean_menu_link_background":"","ocean_menu_link_hover_background":"","ocean_menu_link_active_background":"","ocean_menu_social_links_bg":"","ocean_menu_social_hover_links_bg":"","ocean_menu_social_links_color":"","ocean_menu_social_hover_links_color":"","ocean_disable_title":"default","ocean_disable_heading":"default","ocean_post_title":"","ocean_post_subheading":"","ocean_post_title_style":"","ocean_post_title_background_color":"","ocean_post_title_background":0,"ocean_post_title_bg_image_position":"","ocean_post_title_bg_image_attachment":"","ocean_post_title_bg_image_repeat":"","ocean_post_title_bg_image_size":"","ocean_post_title_height":0,"ocean_post_title_bg_overlay":0.5,"ocean_post_title_bg_overlay_color":"","ocean_disable_breadcrumbs":"default","ocean_breadcrumbs_color":"","ocean_breadcrumbs_separator_color":"","ocean_breadcrumbs_links_color":"","ocean_breadcrumbs_links_hover_color":"","ocean_display_footer_widgets":"default","ocean_display_footer_bottom":"default","ocean_custom_footer_template":"0","ofc_enable_fullscreen":"disable","ofc_fullscreen_speed":0,"ofc_fullscreen_nav":"enable","ofc_fullscreen_nav_pos":"right","ofc_fullscreen_nav_color":"","ofc_fullscreen_nav_tooltip_color":"","ofc_fullscreen_responsive":0},"product_brand":[],"product_cat":[2864],"product_tag":[],"class_list":{"0":"post-48841","1":"product","2":"type-product","3":"status-publish","4":"has-post-thumbnail","6":"product_cat-mini-casco-nfl-mystery-box-sweet-deal-series","7":"product_shipping_class-classe-di-spedizione_a","9":"entry","10":"has-media","12":"first","13":"instock","14":"taxable","15":"shipping-taxable","16":"purchasable","17":"product-type-simple","18":"col","19":"span_1_of_4","20":"owp-content-center","21":"owp-thumbs-layout-horizontal","22":"owp-btn-normal","23":"owp-tabs-layout-horizontal"},"acf":[],"_links":{"self":[{"href":"https:\/\/memorabilia-germany.de\/it\/wp-json\/wp\/v2\/product\/48841","targetHints":{"allow":["GET"]}}],"collection":[{"href":"https:\/\/memorabilia-germany.de\/it\/wp-json\/wp\/v2\/product"}],"about":[{"href":"https:\/\/memorabilia-germany.de\/it\/wp-json\/wp\/v2\/types\/product"}],"version-history":[{"count":0,"href":"https:\/\/memorabilia-germany.de\/it\/wp-json\/wp\/v2\/product\/48841\/revisions"}],"wp:featuredmedia":[{"embeddable":true,"href":"https:\/\/memorabilia-germany.de\/it\/wp-json\/wp\/v2\/media\/48842"}],"wp:attachment":[{"href":"https:\/\/memorabilia-germany.de\/it\/wp-json\/wp\/v2\/media?parent=48841"}],"wp:term":[{"taxonomy":"product_brand","embeddable":true,"href":"https:\/\/memorabilia-germany.de\/it\/wp-json\/wp\/v2\/product_brand?post=48841"},{"taxonomy":"product_cat","embeddable":true,"href":"https:\/\/memorabilia-germany.de\/it\/wp-json\/wp\/v2\/product_cat?post=48841"},{"taxonomy":"product_tag","embeddable":true,"href":"https:\/\/memorabilia-germany.de\/it\/wp-json\/wp\/v2\/product_tag?post=48841"}],"curies":[{"name":"wp","href":"https:\/\/api.w.org\/{rel}","templated":true}]}}