{"id":48828,"date":"2022-08-23T16:12:46","date_gmt":"2024-06-30T12:23:37","guid":{"rendered":"https:\/\/memorabilia-germany.de\/produkt\/xxl-football-mystery-box-go-big-or-go-home-box-5-articoli-in-ogni-confezione\/"},"modified":"2024-06-30T14:23:37","modified_gmt":"2024-06-30T12:23:37","slug":"xxl-football-mystery-box-go-big-or-go-home-box-5-articoli-in-ogni-confezione","status":"publish","type":"product","link":"https:\/\/memorabilia-germany.de\/it\/produkt\/xxl-football-mystery-box-go-big-or-go-home-box-5-articoli-in-ogni-confezione\/","title":{"rendered":"XXL Football Mystery Box: GO BIG OR GO HOME BOX (5 articoli in ogni confezione)"},"content":{"rendered":"\t\t<div data-elementor-type=\"product-post\" data-elementor-id=\"48828\" class=\"elementor elementor-48828 elementor-22113\" data-elementor-post-type=\"product\">\n\t\t\t\t\t\t<section class=\"elementor-section elementor-top-section elementor-element elementor-element-5de8f56c elementor-section-boxed elementor-section-height-default elementor-section-height-default\" data-id=\"5de8f56c\" data-element_type=\"section\" data-e-type=\"section\">\n\t\t\t\t\t\t<div class=\"elementor-container elementor-column-gap-default\">\n\t\t\t\t\t<div class=\"elementor-column elementor-col-100 elementor-top-column elementor-element elementor-element-5befde5d\" data-id=\"5befde5d\" data-element_type=\"column\" data-e-type=\"column\">\n\t\t\t<div class=\"elementor-widget-wrap elementor-element-populated\">\n\t\t\t\t\t\t<div class=\"elementor-element elementor-element-20992181 elementor-widget elementor-widget-text-editor\" data-id=\"20992181\" data-element_type=\"widget\" data-e-type=\"widget\" data-widget_type=\"text-editor.default\">\n\t\t\t\t<div class=\"elementor-widget-container\">\n\t\t\t\t\t\t\t\t\t<strong>Ulteriori informazioni sulla serie XXL Football Mystery Box:<\/strong>\n<ul style=\"list-style-type: square;\">\n \t<li>TUTTE le scatole di questa serie contengono mini caschi Riddell in edizione limitata di edizioni come: &#8220;Eclipse Series&#8221;, &#8220;Lunar Eclipse Series&#8221;, &#8220;Camo&#8221;, &#8220;Flash&#8221; &#8220;AMP&#8221;, &#8220;Matte White&#8221;, &#8220;Matte Black&#8221;. Tutti i mini caschi sono caschi di squadre NFL.<\/li>\n \t<li>Gli articoli sono stati distribuiti in modo casuale tra le scatole.<\/li>\n \t<li>Tutti i cimeli contenuti in una FOOTBALL MYSTERY BOX sono stati verificati da uno degli autenticatori statunitensi leader del mercato e sono dotati di caratteristiche di sicurezza seriali (Certificate of Authenticity e\/o ologramma di sicurezza). Gli autenticatori sono esclusivamente: Beckett, James Spence Authentication, PSA\/DNA o Fanatics. Potete trovare ulteriori informazioni sull&#8217;importante tema dell&#8217;autenticazione <strong><a href=\"https:\/\/memorabilia-germany.de\/it\/autenticazione-della-firma\/\">qui<\/a><\/strong>.<\/li>\n \t<li>Qui puoi trovare una panoramica completa dell&#8217;elenco dei giocatori i cui articoli sono inclusi in questa serie di Mystery Box:<\/li>\n<\/ul>\n<ul style=\"text-align: center;\">\n \t<li style=\"list-style-type: none;\">\n<ul style=\"text-align: center;\">\n \t<li>Joe Burrow<\/li>\n \t<li>Dan Marino<\/li>\n \t<li>Emmitt Smith<\/li>\n \t<li>Joe Montana<\/li>\n \t<li>Dak Prescott<\/li>\n \t<li>Cooper Kupp<\/li>\n \t<li>Kyler Murray<\/li>\n \t<li>George Kittle<\/li>\n \t<li>Travis Kelce<\/li>\n \t<li>Christian McCaffrey<\/li>\n \t<li>D.K. Metcalf<\/li>\n \t<li>Trey Lance<\/li>\n \t<li>Aidan Hutchinson<\/li>\n \t<li>Davante Adams<\/li>\n \t<li>Deshaun Watson<\/li>\n \t<li>Tyler Lockett<\/li>\n \t<li>Ray Lewis<\/li>\n \t<li>Joey Bosa<\/li>\n \t<li>Nick Bosa<\/li>\n \t<li>Aaron Donald<\/li>\n \t<li>Daniel Jones<\/li>\n \t<li>Alvin Kamara<\/li>\n \t<li>Mike Singletary<\/li>\n \t<li>Amari Cooper<\/li>\n \t<li>Jalen Hurts<\/li>\n \t<li>Tyreek Hill<\/li>\n \t<li>Justin Jefferson<\/li>\n \t<li>D.J. Moore<\/li>\n \t<li>Antonio Brown<\/li>\n \t<li>Aaron Jones<\/li>\n \t<li>Tua Tagovailoa<\/li>\n \t<li>Greg Olsen<\/li>\n \t<li>Kirk Cousins<\/li>\n \t<li>Minkah Fitzpatrick<\/li>\n \t<li>Deebo Samuel<\/li>\n \t<li>Ricky Williams<\/li>\n \t<li>Sterling Shepard<\/li>\n \t<li>Bob Griese<\/li>\n \t<li>Daunte Culpepper<\/li>\n \t<li>Thurman Thomas<\/li>\n \t<li>Joe Theismann<\/li>\n \t<li>Noah Fant<\/li>\n \t<li>Jerry Jeudy<\/li>\n \t<li>Bruce Matthews<\/li>\n \t<li>Odell Beckham Jr.<\/li>\n \t<li>Kyle \u201cJuice\u201d Juszczyk<\/li>\n \t<li>Clyde Edwards-Helaire<\/li>\n \t<li>Trevon Diggs<\/li>\n \t<li>Cameron Heyward<\/li>\n \t<li>Keenan Allen<\/li>\n \t<li>Cam Akers<\/li>\n \t<li>Marquez Valdes-Scantling<\/li>\n \t<li>Miles Sanders<\/li>\n \t<li>Hunter Renfrow<\/li>\n \t<li>Darius Leonard<\/li>\n \t<li>Michael Vick<\/li>\n \t<li>Tony Boselli<\/li>\n \t<li>Daunte Culpepper<\/li>\n \t<li>Cole Kmet<\/li>\n \t<li>TJ Watt<\/li>\n<\/ul>\n<\/li>\n<\/ul>\n<p><br>\nSe una serie contiene pi\u00f9 di un FOOTBALL AMERICANO MEMORABILIA dello stesso giocatore, riceverete un &#8220;No Double Option&#8221;. <br>Ci\u00f2 significa che sicuramente non otterrai un giocatore duplicato se acquisti pi\u00f9 di una scatola.<br><\/p><p> Nelle scatole XXL, gli articoli sono sempre firmati da 5 diverse stelle della NFL.<\/p>\n<p>\nCome funziona una Mystery Box di FOOTBALL MYSTERY BOX?<\/p>\n<p>Potete trovare informazioni al riguardo nelle nostre <strong><a href=\"https:\/\/memorabilia-germany.de\/it\/sports-memorabilia-faq-it\/#memorabilia-mystery-box\"><u>FAQ<\/u><\/a><\/strong>!<\/p>\n\n<p>Qual \u00e8 la differenza tra maglie Custom e maglie Authentic?<\/p>\n<p>Potete trovare informazioni al riguardo nelle nostre <strong><a href=\"https:\/\/memorabilia-germany.de\/it\/sports-memorabilia-faq-it\/#faq-jersey-types\"><u>FAQ<\/u><\/a><\/strong>!<\/p>\n\nPuoi trovare altri memorabilia di Football Americano <strong><a href=\"https:\/\/memorabilia-germany.de\/it\/football-americano-memorabilia\"><u>qui<\/u><\/a><\/strong>!\t\t\t\t\t\t\t\t<\/div>\n\t\t\t\t<\/div>\n\t\t\t\t\t<\/div>\n\t\t<\/div>\n\t\t\t\t\t<\/div>\n\t\t<\/section>\n\t\t\t\t<\/div>\n\t\t","protected":false},"excerpt":{"rendered":"<p><strong>Il fiore all&#8217;occhiello delle Mystery Box. Questa serie \u00e8 limitata a un totale di 30 scatole XXL Football Americano. <a href=\"https:\/\/memorabilia-germany.de\/it\/sports-memorabilia-faq-it\/#memorabilia-mystery-box\"><u>Mystery Box<\/u><\/a> limitata. Ogni scatola contiene <u>CINQUE<\/u> pezzi di memorabilia del mondo della NFL! In questa serie troverai mini caschi in edizione limitata, palloni e maglie firmate da leggende della NFL come Dan Marino o Emmitt Smith e da superstar attuali della NFL come Joe Burrow, Cooper Kupp o Travis Kelce!<\/strong><\/p>\n<p><strong>Panoramica rapida:<\/strong><\/p>\n<ul style=\"list-style-type: square;\">\n<li>Contenuto di ogni scatola:\n<ul style=\"list-style-type: square;\">\n<li>2 mini-caschi NFL autografati e con licenza Riddell in edizione limitata<\/li>\n<li>2 palloni da calcio americani firmati Full Size di Wilson o Rawlings<\/li>\n<li>1 Custom Football Jersey autografata<\/li>\n<\/ul>\n<\/li>\n<li>Tutti gli articoli sono firmati da una star o da una leggenda della NFL. Inoltre, molti caschi sono anche firmati con le iscrizioni dei giocatori!<\/li>\n<li><strong>TUTTI i<\/strong> caschi di questa serie sono caschi NFL in edizione limitata (vedi sotto per maggiori informazioni).<\/li>\n<li>Autenticazione degli autografi (solo): <strong><a href=\"https:\/\/memorabilia-germany.de\/it\/autenticazione-della-firma\/#signature-authentication-beckett\">Beckett<\/a><\/strong>, <strong><a href=\"https:\/\/memorabilia-germany.de\/it\/autenticazione-della-firma\/#signature-authentication-james-spence\">James Spence Authentication<\/a><\/strong>, <strong><a href=\"https:\/\/memorabilia-germany.de\/it\/autenticazione-della-firma\/#signature-authentication-psa-dna\">PSA\/DNA<\/a><\/strong> o <strong><a href=\"https:\/\/memorabilia-germany.de\/it\/autenticazione-della-firma\/#signature-authentication-fanatics\">Fanatics<\/a><\/strong>.<\/li>\n<\/ul>\n","protected":false},"featured_media":48830,"template":"","meta":{"_acf_changed":false,"ocean_post_layout":"","ocean_both_sidebars_style":"","ocean_both_sidebars_content_width":0,"ocean_both_sidebars_sidebars_width":0,"ocean_sidebar":"0","ocean_second_sidebar":"0","ocean_disable_margins":"enable","ocean_add_body_class":"","ocean_shortcode_before_top_bar":"","ocean_shortcode_after_top_bar":"","ocean_shortcode_before_header":"","ocean_shortcode_after_header":"","ocean_has_shortcode":"","ocean_shortcode_after_title":"","ocean_shortcode_before_footer_widgets":"","ocean_shortcode_after_footer_widgets":"","ocean_shortcode_before_footer_bottom":"","ocean_shortcode_after_footer_bottom":"","ocean_display_top_bar":"default","ocean_display_header":"default","ocean_header_style":"","ocean_center_header_left_menu":"0","ocean_custom_header_template":"0","ocean_custom_logo":0,"ocean_custom_retina_logo":0,"ocean_custom_logo_max_width":0,"ocean_custom_logo_tablet_max_width":0,"ocean_custom_logo_mobile_max_width":0,"ocean_custom_logo_max_height":0,"ocean_custom_logo_tablet_max_height":0,"ocean_custom_logo_mobile_max_height":0,"ocean_header_custom_menu":"0","ocean_menu_typo_font_family":"0","ocean_menu_typo_font_subset":"","ocean_menu_typo_font_size":0,"ocean_menu_typo_font_size_tablet":0,"ocean_menu_typo_font_size_mobile":0,"ocean_menu_typo_font_size_unit":"px","ocean_menu_typo_font_weight":"","ocean_menu_typo_font_weight_tablet":"","ocean_menu_typo_font_weight_mobile":"","ocean_menu_typo_transform":"","ocean_menu_typo_transform_tablet":"","ocean_menu_typo_transform_mobile":"","ocean_menu_typo_line_height":0,"ocean_menu_typo_line_height_tablet":0,"ocean_menu_typo_line_height_mobile":0,"ocean_menu_typo_line_height_unit":"","ocean_menu_typo_spacing":0,"ocean_menu_typo_spacing_tablet":0,"ocean_menu_typo_spacing_mobile":0,"ocean_menu_typo_spacing_unit":"","ocean_menu_link_color":"","ocean_menu_link_color_hover":"","ocean_menu_link_color_active":"","ocean_menu_link_background":"","ocean_menu_link_hover_background":"","ocean_menu_link_active_background":"","ocean_menu_social_links_bg":"","ocean_menu_social_hover_links_bg":"","ocean_menu_social_links_color":"","ocean_menu_social_hover_links_color":"","ocean_disable_title":"default","ocean_disable_heading":"default","ocean_post_title":"","ocean_post_subheading":"","ocean_post_title_style":"","ocean_post_title_background_color":"","ocean_post_title_background":0,"ocean_post_title_bg_image_position":"","ocean_post_title_bg_image_attachment":"","ocean_post_title_bg_image_repeat":"","ocean_post_title_bg_image_size":"","ocean_post_title_height":0,"ocean_post_title_bg_overlay":0.5,"ocean_post_title_bg_overlay_color":"","ocean_disable_breadcrumbs":"default","ocean_breadcrumbs_color":"","ocean_breadcrumbs_separator_color":"","ocean_breadcrumbs_links_color":"","ocean_breadcrumbs_links_hover_color":"","ocean_display_footer_widgets":"default","ocean_display_footer_bottom":"default","ocean_custom_footer_template":"0","ofc_enable_fullscreen":"disable","ofc_fullscreen_speed":0,"ofc_fullscreen_nav":"enable","ofc_fullscreen_nav_pos":"right","ofc_fullscreen_nav_color":"","ofc_fullscreen_nav_tooltip_color":"","ofc_fullscreen_responsive":0},"product_brand":[],"product_cat":[2863],"product_tag":[],"class_list":{"0":"post-48828","1":"product","2":"type-product","3":"status-publish","4":"has-post-thumbnail","6":"product_cat-xxl-football-mystery-box-go-big-or-go-home-box-5-articoli-in-ogni-confezione","7":"product_shipping_class-classe-di-spedizione_a","9":"entry","10":"has-media","12":"first","13":"instock","14":"taxable","15":"shipping-taxable","16":"purchasable","17":"product-type-simple","18":"col","19":"span_1_of_4","20":"owp-content-center","21":"owp-thumbs-layout-horizontal","22":"owp-btn-normal","23":"owp-tabs-layout-horizontal"},"acf":[],"_links":{"self":[{"href":"https:\/\/memorabilia-germany.de\/it\/wp-json\/wp\/v2\/product\/48828","targetHints":{"allow":["GET"]}}],"collection":[{"href":"https:\/\/memorabilia-germany.de\/it\/wp-json\/wp\/v2\/product"}],"about":[{"href":"https:\/\/memorabilia-germany.de\/it\/wp-json\/wp\/v2\/types\/product"}],"version-history":[{"count":0,"href":"https:\/\/memorabilia-germany.de\/it\/wp-json\/wp\/v2\/product\/48828\/revisions"}],"wp:featuredmedia":[{"embeddable":true,"href":"https:\/\/memorabilia-germany.de\/it\/wp-json\/wp\/v2\/media\/48830"}],"wp:attachment":[{"href":"https:\/\/memorabilia-germany.de\/it\/wp-json\/wp\/v2\/media?parent=48828"}],"wp:term":[{"taxonomy":"product_brand","embeddable":true,"href":"https:\/\/memorabilia-germany.de\/it\/wp-json\/wp\/v2\/product_brand?post=48828"},{"taxonomy":"product_cat","embeddable":true,"href":"https:\/\/memorabilia-germany.de\/it\/wp-json\/wp\/v2\/product_cat?post=48828"},{"taxonomy":"product_tag","embeddable":true,"href":"https:\/\/memorabilia-germany.de\/it\/wp-json\/wp\/v2\/product_tag?post=48828"}],"curies":[{"name":"wp","href":"https:\/\/api.w.org\/{rel}","templated":true}]}}