{"id":47507,"date":"2024-06-20T13:13:10","date_gmt":"2024-06-20T11:34:11","guid":{"rendered":"https:\/\/memorabilia-germany.de\/produkt\/odell-beckham-jr-full-size-helmet-showcase-los-angeles-rams-riddell-speed\/"},"modified":"2024-06-20T13:34:11","modified_gmt":"2024-06-20T11:34:11","slug":"odell-beckham-jr-full-size-helmet-showcase-los-angeles-rams-riddell-speed","status":"publish","type":"product","link":"https:\/\/memorabilia-germany.de\/it\/produkt\/odell-beckham-jr-full-size-helmet-showcase-los-angeles-rams-riddell-speed\/","title":{"rendered":"ODELL BECKHAM JR. Full Size Helmet Showcase (Los Angeles Rams), Riddell Speed"},"content":{"rendered":"","protected":false},"excerpt":{"rendered":"<p><strong>Full Size Helmet Showcase in vetro di sicurezza. Casco Full Size dei Los Angeles Rams firmato da Riddell in una custodia. Autografo di Odell Beckham Jr. sul casco. Tutti gli autografi della NFL sono autenticati e hanno un numero di serie. Per ulteriori informazioni, vedere sotto.<\/strong><\/p>\n<ul style=\"list-style-type: square;\">\n<li>Marca del casco: Riddell<\/li>\n<li>Team: Los Angeles Rams<\/li>\n<li>Modello: Los Angeles Rams Replica Speed Helmet, Full Size<\/li>\n<li>Autografo: Odell Beckham Jr., matita colorata bianca <\/li>\n<li>Inscription: \u201cSB LVI Champs&#8221; (Super Bowl Champions Inscription)<\/li>\n<li>Autenticazione: Autenticazione Beckett (con numero di serie)<\/li>\n<li>Data\/luogo della firma: 11\/02\/2023 a Tempe, Arizona, USA<\/li>\n<li>Documenti: Digital Certificate of Authenticity + ologramma di sicurezza con codice QR di Beckett sul casco<\/li>\n<li>Stato del certificato: Witnessed (firmato in presenza di un esperto Beckett) <\/li>\n<li>Dimensioni dello Showcase: circa 36 x 27 x 28 cm<\/li>\n<li>Il casco Full Size viene fornito con una teca per caschi da calcio da esporre; la teca \u00e8 di qualit\u00e0 solida e robusta. Il vetro \u00e8 in acrilico, la base \u00e8 nera e la parete posteriore \u00e8 completamente decorata con uno specchio per mostrare il casco al meglio. Lo Showcase \u00e8 dotato di viti di alta qualit\u00e0 e si chiude completamente. La targhetta frontale \u00e8 in alluminio.<\/li>\n<li>Tutti i caschi firmati della NFL a grandezza naturale sono verificati da uno degli autenticatori leader di mercato negli Stati Uniti e sono dotati di elementi di sicurezza con numero di serie che confermano l&#8217;autenticit\u00e0 degli autografi (Certificate of Authenticity e\/o ologramma di sicurezza). Gli autenticatori di autografi NFL sono disponibili su <strong><a href=\"https:\/\/memorabilia-germany.de\/it\/noi-memorabilia-germany\/\">Memorabilia Germany<\/a><\/strong> esclusivamente: <strong><a href=\"https:\/\/memorabilia-germany.de\/it\/autenticazione-della-firma\/#signature-authentication-beckett\">Beckett<\/a><\/strong>, <strong><a href=\"https:\/\/memorabilia-germany.de\/it\/autenticazione-della-firma\/#signature-authentication-james-spence\">James Spence Authentication<\/a><\/strong>, <strong><a href=\"https:\/\/memorabilia-germany.de\/it\/autenticazione-della-firma\/#signature-authentication-psa-dna\">PSA\/DNA<\/a><\/strong> o <strong><a href=\"https:\/\/memorabilia-germany.de\/it\/autenticazione-della-firma\/#signature-authentication-fanatics\">Fanatics<\/a><\/strong>. Ulteriori informazioni su questo importante argomento <strong><a href=\"https:\/\/memorabilia-germany.de\/it\/autenticazione-della-firma\/\">l&#8217;autenticazione<\/a><\/strong> sono disponibili qui.<\/li>\n<\/ul>\n<p>Puoi trovare altri showcase di Football Americano <strong><a href=\"https:\/\/memorabilia-germany.de\/it\/produkt-kategorie\/football-americano-memorabilia\/football-americano-showcase\/\">qui<\/a><\/strong>.<\/p>\n","protected":false},"featured_media":47459,"template":"","meta":{"_acf_changed":false,"ocean_post_layout":"","ocean_both_sidebars_style":"","ocean_both_sidebars_content_width":0,"ocean_both_sidebars_sidebars_width":0,"ocean_sidebar":"0","ocean_second_sidebar":"0","ocean_disable_margins":"enable","ocean_add_body_class":"","ocean_shortcode_before_top_bar":"","ocean_shortcode_after_top_bar":"","ocean_shortcode_before_header":"","ocean_shortcode_after_header":"","ocean_has_shortcode":"","ocean_shortcode_after_title":"","ocean_shortcode_before_footer_widgets":"","ocean_shortcode_after_footer_widgets":"","ocean_shortcode_before_footer_bottom":"","ocean_shortcode_after_footer_bottom":"","ocean_display_top_bar":"default","ocean_display_header":"default","ocean_header_style":"","ocean_center_header_left_menu":"0","ocean_custom_header_template":"0","ocean_custom_logo":0,"ocean_custom_retina_logo":0,"ocean_custom_logo_max_width":0,"ocean_custom_logo_tablet_max_width":0,"ocean_custom_logo_mobile_max_width":0,"ocean_custom_logo_max_height":0,"ocean_custom_logo_tablet_max_height":0,"ocean_custom_logo_mobile_max_height":0,"ocean_header_custom_menu":"0","ocean_menu_typo_font_family":"0","ocean_menu_typo_font_subset":"","ocean_menu_typo_font_size":0,"ocean_menu_typo_font_size_tablet":0,"ocean_menu_typo_font_size_mobile":0,"ocean_menu_typo_font_size_unit":"px","ocean_menu_typo_font_weight":"","ocean_menu_typo_font_weight_tablet":"","ocean_menu_typo_font_weight_mobile":"","ocean_menu_typo_transform":"","ocean_menu_typo_transform_tablet":"","ocean_menu_typo_transform_mobile":"","ocean_menu_typo_line_height":0,"ocean_menu_typo_line_height_tablet":0,"ocean_menu_typo_line_height_mobile":0,"ocean_menu_typo_line_height_unit":"","ocean_menu_typo_spacing":0,"ocean_menu_typo_spacing_tablet":0,"ocean_menu_typo_spacing_mobile":0,"ocean_menu_typo_spacing_unit":"","ocean_menu_link_color":"","ocean_menu_link_color_hover":"","ocean_menu_link_color_active":"","ocean_menu_link_background":"","ocean_menu_link_hover_background":"","ocean_menu_link_active_background":"","ocean_menu_social_links_bg":"","ocean_menu_social_hover_links_bg":"","ocean_menu_social_links_color":"","ocean_menu_social_hover_links_color":"","ocean_disable_title":"default","ocean_disable_heading":"default","ocean_post_title":"","ocean_post_subheading":"","ocean_post_title_style":"","ocean_post_title_background_color":"","ocean_post_title_background":0,"ocean_post_title_bg_image_position":"","ocean_post_title_bg_image_attachment":"","ocean_post_title_bg_image_repeat":"","ocean_post_title_bg_image_size":"","ocean_post_title_height":0,"ocean_post_title_bg_overlay":0.5,"ocean_post_title_bg_overlay_color":"","ocean_disable_breadcrumbs":"default","ocean_breadcrumbs_color":"","ocean_breadcrumbs_separator_color":"","ocean_breadcrumbs_links_color":"","ocean_breadcrumbs_links_hover_color":"","ocean_display_footer_widgets":"default","ocean_display_footer_bottom":"default","ocean_custom_footer_template":"0","ofc_enable_fullscreen":"disable","ofc_fullscreen_speed":0,"ofc_fullscreen_nav":"enable","ofc_fullscreen_nav_pos":"right","ofc_fullscreen_nav_color":"","ofc_fullscreen_nav_tooltip_color":"","ofc_fullscreen_responsive":0},"product_brand":[],"product_cat":[2768],"product_tag":[],"class_list":{"0":"post-47507","1":"product","2":"type-product","3":"status-publish","4":"has-post-thumbnail","6":"product_cat-odell-beckham-jr-full-size-helmet-showcase-los-angeles-rams-riddell-speed-it","7":"product_shipping_class-classe-di-spedizione_a","9":"entry","10":"has-media","12":"first","13":"outofstock","14":"taxable","15":"shipping-taxable","16":"purchasable","17":"product-type-simple","18":"col","19":"span_1_of_4","20":"owp-content-center","21":"owp-thumbs-layout-horizontal","22":"owp-btn-normal","23":"owp-tabs-layout-horizontal"},"acf":[],"_links":{"self":[{"href":"https:\/\/memorabilia-germany.de\/it\/wp-json\/wp\/v2\/product\/47507","targetHints":{"allow":["GET"]}}],"collection":[{"href":"https:\/\/memorabilia-germany.de\/it\/wp-json\/wp\/v2\/product"}],"about":[{"href":"https:\/\/memorabilia-germany.de\/it\/wp-json\/wp\/v2\/types\/product"}],"version-history":[{"count":0,"href":"https:\/\/memorabilia-germany.de\/it\/wp-json\/wp\/v2\/product\/47507\/revisions"}],"wp:featuredmedia":[{"embeddable":true,"href":"https:\/\/memorabilia-germany.de\/it\/wp-json\/wp\/v2\/media\/47459"}],"wp:attachment":[{"href":"https:\/\/memorabilia-germany.de\/it\/wp-json\/wp\/v2\/media?parent=47507"}],"wp:term":[{"taxonomy":"product_brand","embeddable":true,"href":"https:\/\/memorabilia-germany.de\/it\/wp-json\/wp\/v2\/product_brand?post=47507"},{"taxonomy":"product_cat","embeddable":true,"href":"https:\/\/memorabilia-germany.de\/it\/wp-json\/wp\/v2\/product_cat?post=47507"},{"taxonomy":"product_tag","embeddable":true,"href":"https:\/\/memorabilia-germany.de\/it\/wp-json\/wp\/v2\/product_tag?post=47507"}],"curies":[{"name":"wp","href":"https:\/\/api.w.org\/{rel}","templated":true}]}}