{"id":47294,"date":"2022-08-15T13:26:56","date_gmt":"2024-06-18T15:54:17","guid":{"rendered":"https:\/\/memorabilia-germany.de\/produkt\/1990-nfl-pro-set-the-official-nfl-card-wax-pack\/"},"modified":"2024-06-18T17:54:17","modified_gmt":"2024-06-18T15:54:17","slug":"1990-nfl-pro-set-the-official-nfl-card-wax-pack","status":"publish","type":"product","link":"https:\/\/memorabilia-germany.de\/it\/produkt\/1990-nfl-pro-set-the-official-nfl-card-wax-pack\/","title":{"rendered":"1990 NFL Pro Set &#8211; The Official NFL Card, Wax Pack"},"content":{"rendered":"","protected":false},"excerpt":{"rendered":"<p><strong>Pacchetto non aperto di Trading Cards della NFL, originale del 1990. Leggende come Joe Montana, Dan Marino ed Emmitt Smith hanno giocato nella NFL e i New York Giants hanno sconfitto i Buffalo Bills nel Super Bowl XXV alla fine della stagione. Queste Trading Cards sono state introdotte sul mercato dall&#8217;azienda Pro Set, ormai defunta, e hanno la licenza ufficiale della NFL. Per ulteriori informazioni, vedere sotto.<\/strong><\/p>\n<ul style=\"list-style-type: square;\">\n<li>Contenuto del mazzo: 14 carte<\/li>\n<li>Anno di pubblicazione: 1990<\/li>\n<li>Azienda: Pro Set<\/li>\n<li>Paese: USA<\/li>\n<li>\u201ePhoto &amp; Stat Cards\u201c<\/li>\n<li>Serie: Serie 1 (377 carte in totale)<\/li>\n<li>Pro Set ha prodotto un totale di 10.000 \u201ccarte olografiche del Trofeo Lombardi\u201d per questa serie, che suscit\u00f2 grande entusiasmo tra i collezionisti. Queste carte sono etichettate con un numero di serie e riportano la dicitura &#8220;Collector Edition&#8221; sul retro.<\/li>\n<li>La confezione (&#8220;Wax Pack&#8221;) proviene da una &#8220;Wax Box&#8221; aperta da Memorabilia Germany, che contiene un totale di 36 confezioni. Nonostante l&#8217;et\u00e0, tutti i pacchi sono in condizioni incontaminate.<\/li>\n<li>Trova le figurine originali delle leggende della NFL del 1990 come Joe Montana, Warren Moon o Barry Sanders!<\/li>\n<li>Purtroppo non \u00e8 pi\u00f9 possibile vincere il viaggio al Super Bowl senza la DeLorean di Ritorno al Futuro, poich\u00e9 la partita \u00e8 stata giocata pi\u00f9 di 30 anni fa. Che peccato!<\/li>\n<li>Informazioni di base 1990: la riunificazione della Germania dell&#8217;Est e dell&#8217;Ovest domina i titoli dei giornali, la Germania diventa campione del mondo di calcio per la terza volta dopo il 1954 e il 1974, &#8220;Kevin Alone at Home&#8221; esce nei cinema e &#8220;I Simpson&#8221; festeggiano la prima televisiva sul canale americano FOX. Le nostre Trading Cards &#8220;Vintage&#8221; sono un sogno per tutti i nostalgici e i collezionisti, perch\u00e9 non sono riproduzioni delle carte precedenti, ma tutti i pacchetti sono originali dell&#8217;epoca in cui sono stati pubblicati.<\/li>\n<\/ul>\n<p>Puoi trovare altre Trading Cards del passato <strong><a href=\"https:\/\/memorabilia-germany.de\/it\/trading-cards\">qui<\/a><\/strong>.<\/p>\n","protected":false},"featured_media":47295,"template":"","meta":{"_acf_changed":false,"ocean_post_layout":"","ocean_both_sidebars_style":"","ocean_both_sidebars_content_width":0,"ocean_both_sidebars_sidebars_width":0,"ocean_sidebar":"0","ocean_second_sidebar":"0","ocean_disable_margins":"enable","ocean_add_body_class":"","ocean_shortcode_before_top_bar":"","ocean_shortcode_after_top_bar":"","ocean_shortcode_before_header":"","ocean_shortcode_after_header":"","ocean_has_shortcode":"","ocean_shortcode_after_title":"","ocean_shortcode_before_footer_widgets":"","ocean_shortcode_after_footer_widgets":"","ocean_shortcode_before_footer_bottom":"","ocean_shortcode_after_footer_bottom":"","ocean_display_top_bar":"default","ocean_display_header":"default","ocean_header_style":"","ocean_center_header_left_menu":"0","ocean_custom_header_template":"0","ocean_custom_logo":0,"ocean_custom_retina_logo":0,"ocean_custom_logo_max_width":0,"ocean_custom_logo_tablet_max_width":0,"ocean_custom_logo_mobile_max_width":0,"ocean_custom_logo_max_height":0,"ocean_custom_logo_tablet_max_height":0,"ocean_custom_logo_mobile_max_height":0,"ocean_header_custom_menu":"0","ocean_menu_typo_font_family":"0","ocean_menu_typo_font_subset":"","ocean_menu_typo_font_size":0,"ocean_menu_typo_font_size_tablet":0,"ocean_menu_typo_font_size_mobile":0,"ocean_menu_typo_font_size_unit":"px","ocean_menu_typo_font_weight":"","ocean_menu_typo_font_weight_tablet":"","ocean_menu_typo_font_weight_mobile":"","ocean_menu_typo_transform":"","ocean_menu_typo_transform_tablet":"","ocean_menu_typo_transform_mobile":"","ocean_menu_typo_line_height":0,"ocean_menu_typo_line_height_tablet":0,"ocean_menu_typo_line_height_mobile":0,"ocean_menu_typo_line_height_unit":"","ocean_menu_typo_spacing":0,"ocean_menu_typo_spacing_tablet":0,"ocean_menu_typo_spacing_mobile":0,"ocean_menu_typo_spacing_unit":"","ocean_menu_link_color":"","ocean_menu_link_color_hover":"","ocean_menu_link_color_active":"","ocean_menu_link_background":"","ocean_menu_link_hover_background":"","ocean_menu_link_active_background":"","ocean_menu_social_links_bg":"","ocean_menu_social_hover_links_bg":"","ocean_menu_social_links_color":"","ocean_menu_social_hover_links_color":"","ocean_disable_title":"default","ocean_disable_heading":"default","ocean_post_title":"","ocean_post_subheading":"","ocean_post_title_style":"","ocean_post_title_background_color":"","ocean_post_title_background":0,"ocean_post_title_bg_image_position":"","ocean_post_title_bg_image_attachment":"","ocean_post_title_bg_image_repeat":"","ocean_post_title_bg_image_size":"","ocean_post_title_height":0,"ocean_post_title_bg_overlay":0.5,"ocean_post_title_bg_overlay_color":"","ocean_disable_breadcrumbs":"default","ocean_breadcrumbs_color":"","ocean_breadcrumbs_separator_color":"","ocean_breadcrumbs_links_color":"","ocean_breadcrumbs_links_hover_color":"","ocean_display_footer_widgets":"default","ocean_display_footer_bottom":"default","ocean_custom_footer_template":"0","ofc_enable_fullscreen":"disable","ofc_fullscreen_speed":0,"ofc_fullscreen_nav":"enable","ofc_fullscreen_nav_pos":"right","ofc_fullscreen_nav_color":"","ofc_fullscreen_nav_tooltip_color":"","ofc_fullscreen_responsive":0},"product_brand":[],"product_cat":[2754],"product_tag":[],"class_list":{"0":"post-47294","1":"product","2":"type-product","3":"status-publish","4":"has-post-thumbnail","6":"product_cat-1990-nfl-pro-set-the-official-nfl-card-wax-pack-it","7":"product_shipping_class-versandklasse_b-it","9":"entry","10":"has-media","12":"first","13":"instock","14":"taxable","15":"shipping-taxable","16":"purchasable","17":"product-type-simple","18":"col","19":"span_1_of_4","20":"owp-content-center","21":"owp-thumbs-layout-horizontal","22":"owp-btn-normal","23":"owp-tabs-layout-horizontal"},"acf":[],"_links":{"self":[{"href":"https:\/\/memorabilia-germany.de\/it\/wp-json\/wp\/v2\/product\/47294","targetHints":{"allow":["GET"]}}],"collection":[{"href":"https:\/\/memorabilia-germany.de\/it\/wp-json\/wp\/v2\/product"}],"about":[{"href":"https:\/\/memorabilia-germany.de\/it\/wp-json\/wp\/v2\/types\/product"}],"version-history":[{"count":0,"href":"https:\/\/memorabilia-germany.de\/it\/wp-json\/wp\/v2\/product\/47294\/revisions"}],"wp:featuredmedia":[{"embeddable":true,"href":"https:\/\/memorabilia-germany.de\/it\/wp-json\/wp\/v2\/media\/47295"}],"wp:attachment":[{"href":"https:\/\/memorabilia-germany.de\/it\/wp-json\/wp\/v2\/media?parent=47294"}],"wp:term":[{"taxonomy":"product_brand","embeddable":true,"href":"https:\/\/memorabilia-germany.de\/it\/wp-json\/wp\/v2\/product_brand?post=47294"},{"taxonomy":"product_cat","embeddable":true,"href":"https:\/\/memorabilia-germany.de\/it\/wp-json\/wp\/v2\/product_cat?post=47294"},{"taxonomy":"product_tag","embeddable":true,"href":"https:\/\/memorabilia-germany.de\/it\/wp-json\/wp\/v2\/product_tag?post=47294"}],"curies":[{"name":"wp","href":"https:\/\/api.w.org\/{rel}","templated":true}]}}