{"id":47196,"date":"2023-01-09T14:27:07","date_gmt":"2024-06-18T14:24:07","guid":{"rendered":"https:\/\/memorabilia-germany.de\/produkt\/1995-skybox-nfl-premium-football-trading-cards\/"},"modified":"2024-06-18T16:24:07","modified_gmt":"2024-06-18T14:24:07","slug":"1995-skybox-nfl-premium-football-trading-cards","status":"publish","type":"product","link":"https:\/\/memorabilia-germany.de\/it\/produkt\/1995-skybox-nfl-premium-football-trading-cards\/","title":{"rendered":"1995 Skybox &#8211; NFL Premium Football Trading Cards"},"content":{"rendered":"","protected":false},"excerpt":{"rendered":"<p><strong>Scatola sigillata di Trading Cards NFL, originale del 1995. Leggende come Brett Favre, Steve Young e Dan Marino hanno giocato nella NFL e i Dallas Cowboys hanno sconfitto i Pittsburgh Steelers nel Super Bowl XXX alla fine della stagione. La lega si \u00e8 allargata a un totale di 30 squadre con l&#8217;aggiunta dei Carolina Panthers e dei Jacksonville Jaguars. Inoltre, entrambe le squadre di Los Angeles hanno lasciato la citt\u00e0. I Rams sono stati trasferiti a St. Louis e i Raiders hanno trovato una nuova casa a Oakland. Nessuna squadra avrebbe pi\u00f9 giocato a Los Angeles per pi\u00f9 di 20 anni! Questa scatola di Trading Cards \u00e8 stata lanciata sul mercato da Skybox e ha la licenza ufficiale della NFL. Per ulteriori informazioni, vedere sotto.<\/strong><\/p>\n<ul style=\"list-style-type: square;\">\n<li>Categoria: Hobby Box<\/li>\n<li>Contenuto della confezione: 36 bustine, 10 carte per bustina<\/li>\n<li>Condizioni: non aperto e originariamente incartato in un involucro di plastica<\/li>\n<li>Folie: Factory sealed. La scatola \u00e8 sigillata nella pellicola originale del produttore.<\/li>\n<li>Anno di pubblicazione: 1995<\/li>\n<li>Marchio: Skybox<\/li>\n<li>Paese: USA<\/li>\n<li>Trova rare e preziose Autograph Cards di John Elway in questa serie!<\/li>\n<li>Trova carte originali di leggende della NFL del 1995 come Brett Favre, Steve Young o Larry Brown, oltre alle prime Trading Cards degli allora appena ammessi Carolina Panthers e Jacksonville Jaguars!<\/li>\n<li>Questa serie contiene sottoinsiemi come &#8220;Rookie Receivers&#8221;, &#8220;Paydirt&#8221;, &#8220;Quickstrike&#8221;, &#8220;Promise&#8221; e &#8220;Prime Time Rookies&#8221;.<\/li>\n<li>Informazioni di base 1995: nelle scuole di tutto il mondo, i fan della boy band Take That sono in lacrime quando Robbie Williams annuncia di voler lasciare il gruppo. Il motore di ricerca pi\u00f9 popolare su Internet, che \u00e8 ancora abbastanza nuovo per la maggior parte delle persone, si chiama &#8220;Altavista&#8221; e viene fondato ebay.com. Film come &#8220;Toy Story&#8221; e &#8220;Jumanji&#8221; escono al cinema e &#8220;Emergency Room&#8221; e &#8220;Friends&#8221; vanno a gonfie vele in televisione. Le nostre Trading Cards &#8220;Vintage&#8221; sono un sogno per tutti i nostalgici e i collezionisti, perch\u00e9 non sono riproduzioni delle carte precedenti, ma tutti i pacchetti sono originali dell&#8217;epoca in cui sono stati pubblicati.<\/li>\n<\/ul>\n<p>Puoi trovare altre Trading Cards del passato <strong><a href=\"https:\/\/memorabilia-germany.de\/it\/trading-cards\">qui<\/a><\/strong>.<\/p>\n","protected":false},"featured_media":47197,"template":"","meta":{"_acf_changed":false,"ocean_post_layout":"","ocean_both_sidebars_style":"","ocean_both_sidebars_content_width":0,"ocean_both_sidebars_sidebars_width":0,"ocean_sidebar":"0","ocean_second_sidebar":"0","ocean_disable_margins":"enable","ocean_add_body_class":"","ocean_shortcode_before_top_bar":"","ocean_shortcode_after_top_bar":"","ocean_shortcode_before_header":"","ocean_shortcode_after_header":"","ocean_has_shortcode":"","ocean_shortcode_after_title":"","ocean_shortcode_before_footer_widgets":"","ocean_shortcode_after_footer_widgets":"","ocean_shortcode_before_footer_bottom":"","ocean_shortcode_after_footer_bottom":"","ocean_display_top_bar":"default","ocean_display_header":"default","ocean_header_style":"","ocean_center_header_left_menu":"0","ocean_custom_header_template":"0","ocean_custom_logo":0,"ocean_custom_retina_logo":0,"ocean_custom_logo_max_width":0,"ocean_custom_logo_tablet_max_width":0,"ocean_custom_logo_mobile_max_width":0,"ocean_custom_logo_max_height":0,"ocean_custom_logo_tablet_max_height":0,"ocean_custom_logo_mobile_max_height":0,"ocean_header_custom_menu":"0","ocean_menu_typo_font_family":"0","ocean_menu_typo_font_subset":"","ocean_menu_typo_font_size":0,"ocean_menu_typo_font_size_tablet":0,"ocean_menu_typo_font_size_mobile":0,"ocean_menu_typo_font_size_unit":"px","ocean_menu_typo_font_weight":"","ocean_menu_typo_font_weight_tablet":"","ocean_menu_typo_font_weight_mobile":"","ocean_menu_typo_transform":"","ocean_menu_typo_transform_tablet":"","ocean_menu_typo_transform_mobile":"","ocean_menu_typo_line_height":0,"ocean_menu_typo_line_height_tablet":0,"ocean_menu_typo_line_height_mobile":0,"ocean_menu_typo_line_height_unit":"","ocean_menu_typo_spacing":0,"ocean_menu_typo_spacing_tablet":0,"ocean_menu_typo_spacing_mobile":0,"ocean_menu_typo_spacing_unit":"","ocean_menu_link_color":"","ocean_menu_link_color_hover":"","ocean_menu_link_color_active":"","ocean_menu_link_background":"","ocean_menu_link_hover_background":"","ocean_menu_link_active_background":"","ocean_menu_social_links_bg":"","ocean_menu_social_hover_links_bg":"","ocean_menu_social_links_color":"","ocean_menu_social_hover_links_color":"","ocean_disable_title":"default","ocean_disable_heading":"default","ocean_post_title":"","ocean_post_subheading":"","ocean_post_title_style":"","ocean_post_title_background_color":"","ocean_post_title_background":0,"ocean_post_title_bg_image_position":"","ocean_post_title_bg_image_attachment":"","ocean_post_title_bg_image_repeat":"","ocean_post_title_bg_image_size":"","ocean_post_title_height":0,"ocean_post_title_bg_overlay":0.5,"ocean_post_title_bg_overlay_color":"","ocean_disable_breadcrumbs":"default","ocean_breadcrumbs_color":"","ocean_breadcrumbs_separator_color":"","ocean_breadcrumbs_links_color":"","ocean_breadcrumbs_links_hover_color":"","ocean_display_footer_widgets":"default","ocean_display_footer_bottom":"default","ocean_custom_footer_template":"0","ofc_enable_fullscreen":"disable","ofc_fullscreen_speed":0,"ofc_fullscreen_nav":"enable","ofc_fullscreen_nav_pos":"right","ofc_fullscreen_nav_color":"","ofc_fullscreen_nav_tooltip_color":"","ofc_fullscreen_responsive":0},"product_brand":[],"product_cat":[2745],"product_tag":[],"class_list":{"0":"post-47196","1":"product","2":"type-product","3":"status-publish","4":"has-post-thumbnail","6":"product_cat-1995-skybox-nfl-premium-football-cards-football-hobby-box","7":"product_shipping_class-classe-di-spedizione_a","9":"entry","10":"has-media","12":"first","13":"outofstock","14":"taxable","15":"shipping-taxable","16":"purchasable","17":"product-type-simple","18":"col","19":"span_1_of_4","20":"owp-content-center","21":"owp-thumbs-layout-horizontal","22":"owp-btn-normal","23":"owp-tabs-layout-horizontal"},"acf":[],"_links":{"self":[{"href":"https:\/\/memorabilia-germany.de\/it\/wp-json\/wp\/v2\/product\/47196","targetHints":{"allow":["GET"]}}],"collection":[{"href":"https:\/\/memorabilia-germany.de\/it\/wp-json\/wp\/v2\/product"}],"about":[{"href":"https:\/\/memorabilia-germany.de\/it\/wp-json\/wp\/v2\/types\/product"}],"version-history":[{"count":0,"href":"https:\/\/memorabilia-germany.de\/it\/wp-json\/wp\/v2\/product\/47196\/revisions"}],"wp:featuredmedia":[{"embeddable":true,"href":"https:\/\/memorabilia-germany.de\/it\/wp-json\/wp\/v2\/media\/47197"}],"wp:attachment":[{"href":"https:\/\/memorabilia-germany.de\/it\/wp-json\/wp\/v2\/media?parent=47196"}],"wp:term":[{"taxonomy":"product_brand","embeddable":true,"href":"https:\/\/memorabilia-germany.de\/it\/wp-json\/wp\/v2\/product_brand?post=47196"},{"taxonomy":"product_cat","embeddable":true,"href":"https:\/\/memorabilia-germany.de\/it\/wp-json\/wp\/v2\/product_cat?post=47196"},{"taxonomy":"product_tag","embeddable":true,"href":"https:\/\/memorabilia-germany.de\/it\/wp-json\/wp\/v2\/product_tag?post=47196"}],"curies":[{"name":"wp","href":"https:\/\/api.w.org\/{rel}","templated":true}]}}