{"id":47118,"date":"2023-01-16T15:39:54","date_gmt":"2024-06-18T13:38:05","guid":{"rendered":"https:\/\/memorabilia-germany.de\/produkt\/1986-donruss-mlball-stars-pop-up-puzzle-cards\/"},"modified":"2024-06-18T15:38:05","modified_gmt":"2024-06-18T13:38:05","slug":"1986-donruss-mlball-stars-pop-up-puzzle-cards","status":"publish","type":"product","link":"https:\/\/memorabilia-germany.de\/it\/produkt\/1986-donruss-mlball-stars-pop-up-puzzle-cards\/","title":{"rendered":"1986 Donruss \u2013 MLB<\/br>All-Stars Pop-Up Puzzle &amp; Cards"},"content":{"rendered":"","protected":false},"excerpt":{"rendered":"<p><strong>Scatola sigillata di Trading Cards MLB, originale del 1986. Leggende come Mike Schmidt, Reggie Jackson e Will Clark hanno giocato nella MLB e i New York Mets hanno vinto le World Series contro i Boston Red Sox alla fine della stagione. I Red Sox sono stati a un passo dal campionato per due volte negli extra-inning della sesta partita, ma alla fine hanno perso le World Series per pi\u00f9 di 7 partite. Il culto che circonda la leggendaria maledizione di Babe Ruth &#8220;Maledizione del Bambino&#8221; ha fatto di nuovo parlare di s\u00e9. Da quando Babe Ruth \u00e8 stato venduto ai New York Yankees nel 1920, i Red Sox sono rimasti per quasi 90 anni senza vincere un campionato, nonostante fossero la squadra pi\u00f9 vincente delle major prima della vendita. La maledizione si \u00e8 conclusa solo nel 2004 con la vittoria delle World Series contro i Cardinals. Questa scatola di Trading Cards \u00e8 stata lanciata da Donruss e ha la licenza ufficiale della MLB. Per ulteriori informazioni, vedere sotto.<\/strong><\/p>\n<ul style=\"list-style-type: square;\">\n<li>Categoria: Wax Box<\/li>\n<li>Contenuto della confezione: 36 pacchetti, 15 carte + 1 pezzo di puzzle di Hank Aaron per confezione<\/li>\n<li>Condizioni: non aperto e incartato<\/li>\n<li>Stagnola: la scatola di cera proviene da una scatola &#8220;factory sealed&#8221; con diverse scatole di cera ed \u00e8 stata risigillata non aperta in stagnola da Memorabilia Germany per proteggere le carte. Tutte le confezioni della Wax Box sono chiuse e sigillate in origine.<\/li>\n<li>Anno di pubblicazione: 1986<\/li>\n<li>Marchio: Donruss<\/li>\n<li>Paese: USA<\/li>\n<li>La serie contiene rare carte Diamond Kings con opere d&#8217;arte della Galleria Perez-Steele!<\/li>\n<li>Trova i pezzi del puzzle della leggenda della MLB &#8220;Hammerin'&#8221; Hank Aaron in ogni confezione! Aaron \u00e8 stato 25 volte All Star della MLB ed \u00e8 stato considerato uno dei pi\u00f9 grandi giocatori di baseball degli anni Cinquanta e Sessanta.<\/li>\n<li>Trova le figurine originali delle leggende della MLB del 1986. La serie include carte di giocatori leggendari come Mike Schmidt, Reggie Jackson e Will Clark.<\/li>\n<li>Trova le Rookie Card di nomi di successive stelle della MLB come Jose Canseco, Darren Daulton, Len Dykstra, Cecil Fielder, Andres Galarraga, Fred McGriff o Paul O&#8217;Neill in questa serie!<\/li>\n<li>Informazioni di base 1986: Nintendo rilascia il videogioco cult &#8220;Legend of Zelda&#8221; e viene lanciato l&#8217;Oprah Winfrey Show. Film come &#8220;Top Gun&#8221;, &#8220;Aliens&#8221; e &#8220;Platoon&#8221; appaiono al cinema, mentre Cyndi Lauper, Bon Jovi e i Genesis dominano le classifiche. Le nostre Trading Cards &#8220;Vintage&#8221; sono un sogno per tutti i nostalgici e i collezionisti, perch\u00e9 non sono riproduzioni delle carte precedenti, ma tutti i pacchetti sono originali dell&#8217;epoca in cui sono stati pubblicati.<\/li>\n<\/ul>\n<p>Puoi trovare altre Trading Cards del passato <strong><a href=\"https:\/\/memorabilia-germany.de\/it\/trading-cards\">qui<\/a><\/strong>.<\/p>\n","protected":false},"featured_media":47119,"template":"","meta":{"_acf_changed":false,"ocean_post_layout":"","ocean_both_sidebars_style":"","ocean_both_sidebars_content_width":0,"ocean_both_sidebars_sidebars_width":0,"ocean_sidebar":"0","ocean_second_sidebar":"0","ocean_disable_margins":"enable","ocean_add_body_class":"","ocean_shortcode_before_top_bar":"","ocean_shortcode_after_top_bar":"","ocean_shortcode_before_header":"","ocean_shortcode_after_header":"","ocean_has_shortcode":"","ocean_shortcode_after_title":"","ocean_shortcode_before_footer_widgets":"","ocean_shortcode_after_footer_widgets":"","ocean_shortcode_before_footer_bottom":"","ocean_shortcode_after_footer_bottom":"","ocean_display_top_bar":"default","ocean_display_header":"default","ocean_header_style":"","ocean_center_header_left_menu":"0","ocean_custom_header_template":"0","ocean_custom_logo":0,"ocean_custom_retina_logo":0,"ocean_custom_logo_max_width":0,"ocean_custom_logo_tablet_max_width":0,"ocean_custom_logo_mobile_max_width":0,"ocean_custom_logo_max_height":0,"ocean_custom_logo_tablet_max_height":0,"ocean_custom_logo_mobile_max_height":0,"ocean_header_custom_menu":"0","ocean_menu_typo_font_family":"0","ocean_menu_typo_font_subset":"","ocean_menu_typo_font_size":0,"ocean_menu_typo_font_size_tablet":0,"ocean_menu_typo_font_size_mobile":0,"ocean_menu_typo_font_size_unit":"px","ocean_menu_typo_font_weight":"","ocean_menu_typo_font_weight_tablet":"","ocean_menu_typo_font_weight_mobile":"","ocean_menu_typo_transform":"","ocean_menu_typo_transform_tablet":"","ocean_menu_typo_transform_mobile":"","ocean_menu_typo_line_height":0,"ocean_menu_typo_line_height_tablet":0,"ocean_menu_typo_line_height_mobile":0,"ocean_menu_typo_line_height_unit":"","ocean_menu_typo_spacing":0,"ocean_menu_typo_spacing_tablet":0,"ocean_menu_typo_spacing_mobile":0,"ocean_menu_typo_spacing_unit":"","ocean_menu_link_color":"","ocean_menu_link_color_hover":"","ocean_menu_link_color_active":"","ocean_menu_link_background":"","ocean_menu_link_hover_background":"","ocean_menu_link_active_background":"","ocean_menu_social_links_bg":"","ocean_menu_social_hover_links_bg":"","ocean_menu_social_links_color":"","ocean_menu_social_hover_links_color":"","ocean_disable_title":"default","ocean_disable_heading":"default","ocean_post_title":"","ocean_post_subheading":"","ocean_post_title_style":"","ocean_post_title_background_color":"","ocean_post_title_background":0,"ocean_post_title_bg_image_position":"","ocean_post_title_bg_image_attachment":"","ocean_post_title_bg_image_repeat":"","ocean_post_title_bg_image_size":"","ocean_post_title_height":0,"ocean_post_title_bg_overlay":0.5,"ocean_post_title_bg_overlay_color":"","ocean_disable_breadcrumbs":"default","ocean_breadcrumbs_color":"","ocean_breadcrumbs_separator_color":"","ocean_breadcrumbs_links_color":"","ocean_breadcrumbs_links_hover_color":"","ocean_display_footer_widgets":"default","ocean_display_footer_bottom":"default","ocean_custom_footer_template":"0","ofc_enable_fullscreen":"disable","ofc_fullscreen_speed":0,"ofc_fullscreen_nav":"enable","ofc_fullscreen_nav_pos":"right","ofc_fullscreen_nav_color":"","ofc_fullscreen_nav_tooltip_color":"","ofc_fullscreen_responsive":0},"product_brand":[],"product_cat":[2731],"product_tag":[],"class_list":{"0":"post-47118","1":"product","2":"type-product","3":"status-publish","4":"has-post-thumbnail","6":"product_cat-1986-donruss-mlb-all-stars-pop-up-puzzle-cards-it","7":"product_shipping_class-classe-di-spedizione_a","9":"entry","10":"has-media","12":"first","13":"outofstock","14":"taxable","15":"shipping-taxable","16":"purchasable","17":"product-type-simple","18":"col","19":"span_1_of_4","20":"owp-content-center","21":"owp-thumbs-layout-horizontal","22":"owp-btn-normal","23":"owp-tabs-layout-horizontal"},"acf":[],"_links":{"self":[{"href":"https:\/\/memorabilia-germany.de\/it\/wp-json\/wp\/v2\/product\/47118","targetHints":{"allow":["GET"]}}],"collection":[{"href":"https:\/\/memorabilia-germany.de\/it\/wp-json\/wp\/v2\/product"}],"about":[{"href":"https:\/\/memorabilia-germany.de\/it\/wp-json\/wp\/v2\/types\/product"}],"version-history":[{"count":0,"href":"https:\/\/memorabilia-germany.de\/it\/wp-json\/wp\/v2\/product\/47118\/revisions"}],"wp:featuredmedia":[{"embeddable":true,"href":"https:\/\/memorabilia-germany.de\/it\/wp-json\/wp\/v2\/media\/47119"}],"wp:attachment":[{"href":"https:\/\/memorabilia-germany.de\/it\/wp-json\/wp\/v2\/media?parent=47118"}],"wp:term":[{"taxonomy":"product_brand","embeddable":true,"href":"https:\/\/memorabilia-germany.de\/it\/wp-json\/wp\/v2\/product_brand?post=47118"},{"taxonomy":"product_cat","embeddable":true,"href":"https:\/\/memorabilia-germany.de\/it\/wp-json\/wp\/v2\/product_cat?post=47118"},{"taxonomy":"product_tag","embeddable":true,"href":"https:\/\/memorabilia-germany.de\/it\/wp-json\/wp\/v2\/product_tag?post=47118"}],"curies":[{"name":"wp","href":"https:\/\/api.w.org\/{rel}","templated":true}]}}