{"id":47090,"date":"2023-01-16T12:47:07","date_gmt":"2024-06-18T13:21:58","guid":{"rendered":"https:\/\/memorabilia-germany.de\/produkt\/1989-pro-set-the-official-nfl-card\/"},"modified":"2024-10-13T15:28:36","modified_gmt":"2024-10-13T13:28:36","slug":"1989-pro-set-the-official-nfl-card","status":"publish","type":"product","link":"https:\/\/memorabilia-germany.de\/it\/produkt\/1989-pro-set-the-official-nfl-card\/","title":{"rendered":"1989 Pro Set \u2013 The Official NFL Card"},"content":{"rendered":"","protected":false},"excerpt":{"rendered":"<p><strong>Box sigillata di Trading Cards NFL, originale del 1989. Leggende come Joe Montana, Dan Marino o Emmitt Smith hanno giocato nella NFL e i San Francisco 49ers hanno sconfitto i Denver Broncos alla fine della stagione nel Super Bowl XXIV. Questo cofanetto di Trading Cards \u00e8 stato immesso sul mercato dall&#8217;azienda Pro Set, ormai defunta, e ha la licenza ufficiale della NFL. Per ulteriori informazioni, vedere sotto.<\/strong><\/p>\n<ul style=\"list-style-type: square;\">\n<li>Categoria: Wax Box<\/li>\n<li>Contenuto della scatola: 36 buste, 14 carte per busta<\/li>\n<li>Condizioni: non aperto e originariamente incartato in un involucro di plastica<\/li>\n<li>Stagnola: la scatola di cera proviene da una scatola &#8220;factory sealed&#8221; con diverse scatole di cera ed \u00e8 stata risigillata non aperta in stagnola da Memorabilia Germany per proteggere le carte. Tutte le confezioni della Wax Box sono chiuse e sigillate in origine.<\/li>\n<li>Anno di pubblicazione: 1989<\/li>\n<li>Marchio: Pro Set<\/li>\n<li>Paese: USA<\/li>\n<li>Serie: Serie 2<\/li>\n<li>La serie presenta rare figurine di esordienti di una delle pi\u00f9 grandi classi di esordienti di tutti i tempi e include nomi come Troy Aikman, Barry Sanders, Deion Sanders, Derrick Thomas, Cris Carter, Michael Irvin, Eric Metcalf, Rod Woodson, Flipper Anderson, Don Beebe, Brian Blades e Tim Brown.<\/li>\n<li>Trova le figurine originali delle leggende della NFL del 1989 come Joe Montana, Dan Marino o Emmitt Smith.<\/li>\n<li>La serie contiene le &#8220;1989 Pro Set Prospects Cards&#8221;!<\/li>\n<li>Purtroppo non \u00e8 pi\u00f9 possibile vincere il viaggio al Super Bowl senza la DeLorean di Ritorno al Futuro, poich\u00e9 la partita \u00e8 stata giocata pi\u00f9 di 30 anni fa. Che peccato!<\/li>\n<li>Informazioni di base 1989: l&#8217;anno \u00e8 nel pieno degli &#8220;anni della dinastia&#8221; dei San Francisco 49ers guidati da Joe Montana. Roseanne&#8221; e &#8220;The Cosby Show&#8221; andavano in onda su e gi\u00f9 per la TV, usciva il primo film di Batman con Michael Keaton e il muro di Berlino veniva abbattuto. Le nostre Trading Cards &#8220;Vintage&#8221; sono un sogno per tutti i nostalgici e i collezionisti, perch\u00e9 non sono riproduzioni delle carte precedenti, ma tutti i pacchetti sono originali dell&#8217;epoca in cui sono stati pubblicati.<\/li>\n<\/ul>\n<p>Puoi trovare altre Trading Cards del passato <strong><a href=\"https:\/\/memorabilia-germany.de\/it\/trading-cards\">qui<\/a><\/strong>.<\/p>\n","protected":false},"featured_media":47091,"template":"","meta":{"_acf_changed":false,"ocean_post_layout":"","ocean_both_sidebars_style":"","ocean_both_sidebars_content_width":0,"ocean_both_sidebars_sidebars_width":0,"ocean_sidebar":"0","ocean_second_sidebar":"0","ocean_disable_margins":"enable","ocean_add_body_class":"","ocean_shortcode_before_top_bar":"","ocean_shortcode_after_top_bar":"","ocean_shortcode_before_header":"","ocean_shortcode_after_header":"","ocean_has_shortcode":"","ocean_shortcode_after_title":"","ocean_shortcode_before_footer_widgets":"","ocean_shortcode_after_footer_widgets":"","ocean_shortcode_before_footer_bottom":"","ocean_shortcode_after_footer_bottom":"","ocean_display_top_bar":"default","ocean_display_header":"default","ocean_header_style":"","ocean_center_header_left_menu":"0","ocean_custom_header_template":"0","ocean_custom_logo":0,"ocean_custom_retina_logo":0,"ocean_custom_logo_max_width":0,"ocean_custom_logo_tablet_max_width":0,"ocean_custom_logo_mobile_max_width":0,"ocean_custom_logo_max_height":0,"ocean_custom_logo_tablet_max_height":0,"ocean_custom_logo_mobile_max_height":0,"ocean_header_custom_menu":"0","ocean_menu_typo_font_family":"0","ocean_menu_typo_font_subset":"","ocean_menu_typo_font_size":0,"ocean_menu_typo_font_size_tablet":0,"ocean_menu_typo_font_size_mobile":0,"ocean_menu_typo_font_size_unit":"px","ocean_menu_typo_font_weight":"","ocean_menu_typo_font_weight_tablet":"","ocean_menu_typo_font_weight_mobile":"","ocean_menu_typo_transform":"","ocean_menu_typo_transform_tablet":"","ocean_menu_typo_transform_mobile":"","ocean_menu_typo_line_height":0,"ocean_menu_typo_line_height_tablet":0,"ocean_menu_typo_line_height_mobile":0,"ocean_menu_typo_line_height_unit":"","ocean_menu_typo_spacing":0,"ocean_menu_typo_spacing_tablet":0,"ocean_menu_typo_spacing_mobile":0,"ocean_menu_typo_spacing_unit":"","ocean_menu_link_color":"","ocean_menu_link_color_hover":"","ocean_menu_link_color_active":"","ocean_menu_link_background":"","ocean_menu_link_hover_background":"","ocean_menu_link_active_background":"","ocean_menu_social_links_bg":"","ocean_menu_social_hover_links_bg":"","ocean_menu_social_links_color":"","ocean_menu_social_hover_links_color":"","ocean_disable_title":"default","ocean_disable_heading":"default","ocean_post_title":"","ocean_post_subheading":"","ocean_post_title_style":"","ocean_post_title_background_color":"","ocean_post_title_background":0,"ocean_post_title_bg_image_position":"","ocean_post_title_bg_image_attachment":"","ocean_post_title_bg_image_repeat":"","ocean_post_title_bg_image_size":"","ocean_post_title_height":0,"ocean_post_title_bg_overlay":0.5,"ocean_post_title_bg_overlay_color":"","ocean_disable_breadcrumbs":"default","ocean_breadcrumbs_color":"","ocean_breadcrumbs_separator_color":"","ocean_breadcrumbs_links_color":"","ocean_breadcrumbs_links_hover_color":"","ocean_display_footer_widgets":"default","ocean_display_footer_bottom":"default","ocean_custom_footer_template":"0","ofc_enable_fullscreen":"disable","ofc_fullscreen_speed":0,"ofc_fullscreen_nav":"enable","ofc_fullscreen_nav_pos":"right","ofc_fullscreen_nav_color":"","ofc_fullscreen_nav_tooltip_color":"","ofc_fullscreen_responsive":0},"product_brand":[],"product_cat":[2725],"product_tag":[],"class_list":{"0":"post-47090","1":"product","2":"type-product","3":"status-publish","4":"has-post-thumbnail","6":"product_cat-1989-pro-set-the-official-nfl-card-it","7":"product_shipping_class-classe-di-spedizione_a","9":"entry","10":"has-media","12":"first","13":"outofstock","14":"taxable","15":"shipping-taxable","16":"purchasable","17":"product-type-simple","18":"col","19":"span_1_of_4","20":"owp-content-center","21":"owp-thumbs-layout-horizontal","22":"owp-btn-normal","23":"owp-tabs-layout-horizontal"},"acf":[],"_links":{"self":[{"href":"https:\/\/memorabilia-germany.de\/it\/wp-json\/wp\/v2\/product\/47090","targetHints":{"allow":["GET"]}}],"collection":[{"href":"https:\/\/memorabilia-germany.de\/it\/wp-json\/wp\/v2\/product"}],"about":[{"href":"https:\/\/memorabilia-germany.de\/it\/wp-json\/wp\/v2\/types\/product"}],"version-history":[{"count":0,"href":"https:\/\/memorabilia-germany.de\/it\/wp-json\/wp\/v2\/product\/47090\/revisions"}],"wp:featuredmedia":[{"embeddable":true,"href":"https:\/\/memorabilia-germany.de\/it\/wp-json\/wp\/v2\/media\/47091"}],"wp:attachment":[{"href":"https:\/\/memorabilia-germany.de\/it\/wp-json\/wp\/v2\/media?parent=47090"}],"wp:term":[{"taxonomy":"product_brand","embeddable":true,"href":"https:\/\/memorabilia-germany.de\/it\/wp-json\/wp\/v2\/product_brand?post=47090"},{"taxonomy":"product_cat","embeddable":true,"href":"https:\/\/memorabilia-germany.de\/it\/wp-json\/wp\/v2\/product_cat?post=47090"},{"taxonomy":"product_tag","embeddable":true,"href":"https:\/\/memorabilia-germany.de\/it\/wp-json\/wp\/v2\/product_tag?post=47090"}],"curies":[{"name":"wp","href":"https:\/\/api.w.org\/{rel}","templated":true}]}}