{"id":46989,"date":"2023-01-28T13:07:20","date_gmt":"2024-06-17T14:47:39","guid":{"rendered":"https:\/\/memorabilia-germany.de\/produkt\/1991-nba-hoops-basketball-cards\/"},"modified":"2024-06-25T16:01:45","modified_gmt":"2024-06-25T14:01:45","slug":"1991-nba-hoops-basketball-cards","status":"publish","type":"product","link":"https:\/\/memorabilia-germany.de\/it\/produkt\/1991-nba-hoops-basketball-cards\/","title":{"rendered":"1991 NBA HOOPS &#8211; Basketball Cards"},"content":{"rendered":"","protected":false},"excerpt":{"rendered":"<p><strong>Box sigillata di Trading Cards dell&#8217;NBA, originale del 1991. Leggende come Michael Jordan, Magic Johnson e Larry Bird hanno giocato nell&#8217;NBA e i Chicago Bulls hanno vinto il loro secondo campionato consecutivo alla fine della stagione con una vittoria nelle finali NBA contro i Portland Trail Blazers. Questa Trading Card Box \u00e8 stata sviluppata da NBA Properties Inc. ed \u00e8 concesso in licenza ufficiale dall&#8217;NBA. Sul retro delle confezioni \u00e8 presente una patch del centenario (1891-1991), in quanto lo sport della pallacanestro ha compiuto 100 anni nell&#8217;anno di pubblicazione. Per ulteriori informazioni, vedere sotto.<\/strong><\/p>\n<ul style=\"list-style-type: square;\">\n<li>Categoria: Hobby Box<\/li>\n<li>Contenuto della confezione: 36 bustine, 15 carte per bustina<\/li>\n<li>Condizioni: non aperto e originariamente incartato in un involucro di plastica<\/li>\n<li>Folie: Factory sealed. La scatola \u00e8 sigillata nella pellicola originale del produttore.<\/li>\n<li>Anno di pubblicazione: 1991<\/li>\n<li>Marchio: NBA HOOPS<\/li>\n<li>Paese: USA<\/li>\n<li>Serie: Serie 1<\/li>\n<li>Trova una rara &#8220;Carta del Centenario&#8221; che onora James Naismith, l&#8217;inventore dello sport del basket! Naismith invent\u00f2 lo sport della pallacanestro esattamente 100 anni prima della pubblicazione di questa serie, nel 1891.<\/li>\n<li>Trova le figurine originali delle leggende dell&#8217;NBA del 1991, come Michael Jordan o Larry Bird, ma anche le figurine dei rookie delle successive stelle dell&#8217;NBA, come Kenny Anderson, Stacey Augmon, Terrell Brandon, Larry Johnson, Anthony Mason, Dikembe Mutombo, Steve Smith o John Starks.<\/li>\n<li>Questa serie contiene leggendari sottoinsiemi HOOPS come &#8220;All-Stars East &amp; West&#8221;, &#8220;Draft Picks&#8221;, &#8220;NBA Yearbook&#8221;, &#8220;Public Service Messages&#8221;, &#8220;Supreme Court&#8221;, &#8220;USA Basketball 1976&#8221;, &#8220;Art Cards&#8221; o &#8220;League Leaders&#8221;.<\/li>\n<li>&#8220;NBA Hoops Art Cards&#8221; in questa serie!<\/li>\n<li>Informazioni di base 1991: film come &#8220;Terminator 2&#8221; e &#8220;Il silenzio degli innocenti&#8221; erano nei cinema, gli Scorpions dominavano le classifiche con la loro hit &#8220;Wind of Change&#8221; e l&#8217;Unione Sovietica crollava. Le nostre Trading Cards &#8220;Vintage&#8221; sono un sogno per tutti i nostalgici e i collezionisti, perch\u00e9 non sono riproduzioni delle carte precedenti, ma tutti i pacchetti sono originali dell&#8217;epoca in cui sono stati pubblicati.<\/li>\n<\/ul>\n<p>Puoi trovare altre Trading Cards del passato <strong><a href=\"https:\/\/memorabilia-germany.de\/it\/trading-cards\">qui<\/a><\/strong>.<\/p>\n","protected":false},"featured_media":46990,"template":"","meta":{"_acf_changed":false,"ocean_post_layout":"","ocean_both_sidebars_style":"","ocean_both_sidebars_content_width":0,"ocean_both_sidebars_sidebars_width":0,"ocean_sidebar":"0","ocean_second_sidebar":"0","ocean_disable_margins":"enable","ocean_add_body_class":"","ocean_shortcode_before_top_bar":"","ocean_shortcode_after_top_bar":"","ocean_shortcode_before_header":"","ocean_shortcode_after_header":"","ocean_has_shortcode":"","ocean_shortcode_after_title":"","ocean_shortcode_before_footer_widgets":"","ocean_shortcode_after_footer_widgets":"","ocean_shortcode_before_footer_bottom":"","ocean_shortcode_after_footer_bottom":"","ocean_display_top_bar":"default","ocean_display_header":"default","ocean_header_style":"","ocean_center_header_left_menu":"0","ocean_custom_header_template":"0","ocean_custom_logo":0,"ocean_custom_retina_logo":0,"ocean_custom_logo_max_width":0,"ocean_custom_logo_tablet_max_width":0,"ocean_custom_logo_mobile_max_width":0,"ocean_custom_logo_max_height":0,"ocean_custom_logo_tablet_max_height":0,"ocean_custom_logo_mobile_max_height":0,"ocean_header_custom_menu":"0","ocean_menu_typo_font_family":"0","ocean_menu_typo_font_subset":"","ocean_menu_typo_font_size":0,"ocean_menu_typo_font_size_tablet":0,"ocean_menu_typo_font_size_mobile":0,"ocean_menu_typo_font_size_unit":"px","ocean_menu_typo_font_weight":"","ocean_menu_typo_font_weight_tablet":"","ocean_menu_typo_font_weight_mobile":"","ocean_menu_typo_transform":"","ocean_menu_typo_transform_tablet":"","ocean_menu_typo_transform_mobile":"","ocean_menu_typo_line_height":0,"ocean_menu_typo_line_height_tablet":0,"ocean_menu_typo_line_height_mobile":0,"ocean_menu_typo_line_height_unit":"","ocean_menu_typo_spacing":0,"ocean_menu_typo_spacing_tablet":0,"ocean_menu_typo_spacing_mobile":0,"ocean_menu_typo_spacing_unit":"","ocean_menu_link_color":"","ocean_menu_link_color_hover":"","ocean_menu_link_color_active":"","ocean_menu_link_background":"","ocean_menu_link_hover_background":"","ocean_menu_link_active_background":"","ocean_menu_social_links_bg":"","ocean_menu_social_hover_links_bg":"","ocean_menu_social_links_color":"","ocean_menu_social_hover_links_color":"","ocean_disable_title":"default","ocean_disable_heading":"default","ocean_post_title":"","ocean_post_subheading":"","ocean_post_title_style":"","ocean_post_title_background_color":"","ocean_post_title_background":0,"ocean_post_title_bg_image_position":"","ocean_post_title_bg_image_attachment":"","ocean_post_title_bg_image_repeat":"","ocean_post_title_bg_image_size":"","ocean_post_title_height":0,"ocean_post_title_bg_overlay":0.5,"ocean_post_title_bg_overlay_color":"","ocean_disable_breadcrumbs":"default","ocean_breadcrumbs_color":"","ocean_breadcrumbs_separator_color":"","ocean_breadcrumbs_links_color":"","ocean_breadcrumbs_links_hover_color":"","ocean_display_footer_widgets":"default","ocean_display_footer_bottom":"default","ocean_custom_footer_template":"0","ofc_enable_fullscreen":"disable","ofc_fullscreen_speed":0,"ofc_fullscreen_nav":"enable","ofc_fullscreen_nav_pos":"right","ofc_fullscreen_nav_color":"","ofc_fullscreen_nav_tooltip_color":"","ofc_fullscreen_responsive":0},"product_brand":[],"product_cat":[2720],"product_tag":[],"class_list":{"0":"post-46989","1":"product","2":"type-product","3":"status-publish","4":"has-post-thumbnail","6":"product_cat-1991-nba-hoops-basketball-cards-it","7":"product_shipping_class-classe-di-spedizione_a","9":"entry","10":"has-media","12":"first","13":"outofstock","14":"taxable","15":"shipping-taxable","16":"purchasable","17":"product-type-simple","18":"col","19":"span_1_of_4","20":"owp-content-center","21":"owp-thumbs-layout-horizontal","22":"owp-btn-normal","23":"owp-tabs-layout-horizontal"},"acf":[],"_links":{"self":[{"href":"https:\/\/memorabilia-germany.de\/it\/wp-json\/wp\/v2\/product\/46989","targetHints":{"allow":["GET"]}}],"collection":[{"href":"https:\/\/memorabilia-germany.de\/it\/wp-json\/wp\/v2\/product"}],"about":[{"href":"https:\/\/memorabilia-germany.de\/it\/wp-json\/wp\/v2\/types\/product"}],"version-history":[{"count":0,"href":"https:\/\/memorabilia-germany.de\/it\/wp-json\/wp\/v2\/product\/46989\/revisions"}],"wp:featuredmedia":[{"embeddable":true,"href":"https:\/\/memorabilia-germany.de\/it\/wp-json\/wp\/v2\/media\/46990"}],"wp:attachment":[{"href":"https:\/\/memorabilia-germany.de\/it\/wp-json\/wp\/v2\/media?parent=46989"}],"wp:term":[{"taxonomy":"product_brand","embeddable":true,"href":"https:\/\/memorabilia-germany.de\/it\/wp-json\/wp\/v2\/product_brand?post=46989"},{"taxonomy":"product_cat","embeddable":true,"href":"https:\/\/memorabilia-germany.de\/it\/wp-json\/wp\/v2\/product_cat?post=46989"},{"taxonomy":"product_tag","embeddable":true,"href":"https:\/\/memorabilia-germany.de\/it\/wp-json\/wp\/v2\/product_tag?post=46989"}],"curies":[{"name":"wp","href":"https:\/\/api.w.org\/{rel}","templated":true}]}}