{"id":46025,"date":"2023-05-22T15:07:30","date_gmt":"2024-06-04T12:16:49","guid":{"rendered":"https:\/\/memorabilia-germany.de\/produkt\/wolverine-v3-8-roy-thomas-2\/"},"modified":"2024-06-04T14:16:49","modified_gmt":"2024-06-04T12:16:49","slug":"wolverine-v3-8-roy-thomas-2","status":"publish","type":"product","link":"https:\/\/memorabilia-germany.de\/it\/produkt\/wolverine-v3-8-roy-thomas-2\/","title":{"rendered":"WOLVERINE #v3 #8 (Roy Thomas)"},"content":{"rendered":"","protected":false},"excerpt":{"rendered":"<p><strong>Fumetto firmato e classificato della &#8220;CGC Signature Series&#8221;. Autografo del fumettista Roy Thomas sulla copertina. Tutte le firme sui fumetti CGC di questa serie sono state firmate e testimoniate alla presenza di un esperto CGC. Per ulteriori informazioni, vedere sotto.<\/strong><\/p>\n<ul style=\"list-style-type: square;\">\n<li>Marchio della Grading Company: Certified Guaranty Company (CGC)<\/li>\n<li>Titolo: Wolverine #v3 #8<\/li>\n<li>Editore: MARVEL Comics<\/li>\n<li>Anno di pubblicazione: 2004<\/li>\n<li>Grading Note: 9.8<\/li>\n<li>Firma: Roy Thomas, matita colorata nera<\/li>\n<li>Data della firma: 02.12.2021<\/li>\n<li>Info sull&#8217;artista: Roy Thomas \u00e8 uno dei pi\u00f9 noti scrittori ed editori di fumetti in circolazione. \u00c8 succeduto al leggendario Stan Lee come caporedattore della MARVEL e dagli anni &#8217;60 ha ricevuto numerosi premi di scena per le sue geniali opere a fumetti, soprattutto nel genere Conan il Barbaro. Thomas ha lavorato con Stan Lee sui fumetti di Doctor Strange a met\u00e0 degli anni &#8217;60 e ha lavorato sui titoli dei supereroi pi\u00f9 amati al mondo per quasi 60 anni. \u00c8 stato il compagno pi\u00f9 stretto del fondatore di MARVEL Stan Lee nel corso degli anni e gli ha fatto visita un&#8217;ultima volta nella casa di Lee a Beverly Hills il 10 novembre 2018. Quel giorno Lee si fece fotografare con Roy Thomas e chiese al manager di Thomas di prendersi cura di Thomas (&#8220;Take care of my boy Roy&#8221;). Meno di 48 ore dopo, la leggenda si \u00e8 spenta.<\/li>\n<\/ul>\n<p>Pi\u00f9 CGC Comics ti trover\u00e0 <strong><a href=\"https:\/\/memorabilia-germany.de\/it\/cgc-comics-it\/\">qui<\/a><\/strong>.<\/p>\n","protected":false},"featured_media":46026,"template":"","meta":{"_acf_changed":false,"ocean_post_layout":"","ocean_both_sidebars_style":"","ocean_both_sidebars_content_width":0,"ocean_both_sidebars_sidebars_width":0,"ocean_sidebar":"0","ocean_second_sidebar":"0","ocean_disable_margins":"enable","ocean_add_body_class":"","ocean_shortcode_before_top_bar":"","ocean_shortcode_after_top_bar":"","ocean_shortcode_before_header":"","ocean_shortcode_after_header":"","ocean_has_shortcode":"","ocean_shortcode_after_title":"","ocean_shortcode_before_footer_widgets":"","ocean_shortcode_after_footer_widgets":"","ocean_shortcode_before_footer_bottom":"","ocean_shortcode_after_footer_bottom":"","ocean_display_top_bar":"default","ocean_display_header":"default","ocean_header_style":"","ocean_center_header_left_menu":"0","ocean_custom_header_template":"0","ocean_custom_logo":0,"ocean_custom_retina_logo":0,"ocean_custom_logo_max_width":0,"ocean_custom_logo_tablet_max_width":0,"ocean_custom_logo_mobile_max_width":0,"ocean_custom_logo_max_height":0,"ocean_custom_logo_tablet_max_height":0,"ocean_custom_logo_mobile_max_height":0,"ocean_header_custom_menu":"0","ocean_menu_typo_font_family":"0","ocean_menu_typo_font_subset":"","ocean_menu_typo_font_size":0,"ocean_menu_typo_font_size_tablet":0,"ocean_menu_typo_font_size_mobile":0,"ocean_menu_typo_font_size_unit":"px","ocean_menu_typo_font_weight":"","ocean_menu_typo_font_weight_tablet":"","ocean_menu_typo_font_weight_mobile":"","ocean_menu_typo_transform":"","ocean_menu_typo_transform_tablet":"","ocean_menu_typo_transform_mobile":"","ocean_menu_typo_line_height":0,"ocean_menu_typo_line_height_tablet":0,"ocean_menu_typo_line_height_mobile":0,"ocean_menu_typo_line_height_unit":"","ocean_menu_typo_spacing":0,"ocean_menu_typo_spacing_tablet":0,"ocean_menu_typo_spacing_mobile":0,"ocean_menu_typo_spacing_unit":"","ocean_menu_link_color":"","ocean_menu_link_color_hover":"","ocean_menu_link_color_active":"","ocean_menu_link_background":"","ocean_menu_link_hover_background":"","ocean_menu_link_active_background":"","ocean_menu_social_links_bg":"","ocean_menu_social_hover_links_bg":"","ocean_menu_social_links_color":"","ocean_menu_social_hover_links_color":"","ocean_disable_title":"default","ocean_disable_heading":"default","ocean_post_title":"","ocean_post_subheading":"","ocean_post_title_style":"","ocean_post_title_background_color":"","ocean_post_title_background":0,"ocean_post_title_bg_image_position":"","ocean_post_title_bg_image_attachment":"","ocean_post_title_bg_image_repeat":"","ocean_post_title_bg_image_size":"","ocean_post_title_height":0,"ocean_post_title_bg_overlay":0.5,"ocean_post_title_bg_overlay_color":"","ocean_disable_breadcrumbs":"default","ocean_breadcrumbs_color":"","ocean_breadcrumbs_separator_color":"","ocean_breadcrumbs_links_color":"","ocean_breadcrumbs_links_hover_color":"","ocean_display_footer_widgets":"default","ocean_display_footer_bottom":"default","ocean_custom_footer_template":"0","ofc_enable_fullscreen":"disable","ofc_fullscreen_speed":0,"ofc_fullscreen_nav":"enable","ofc_fullscreen_nav_pos":"right","ofc_fullscreen_nav_color":"","ofc_fullscreen_nav_tooltip_color":"","ofc_fullscreen_responsive":0},"product_brand":[],"product_cat":[100,3347],"product_tag":[],"class_list":{"0":"post-46025","1":"product","2":"type-product","3":"status-publish","4":"has-post-thumbnail","6":"product_cat-unkategorisiert-en","7":"product_cat-wolverine-v3-8-roy-thomas-it","8":"product_shipping_class-classe-di-spedizione_a","10":"entry","11":"has-media","13":"first","14":"outofstock","15":"taxable","16":"shipping-taxable","17":"purchasable","18":"product-type-simple","19":"col","20":"span_1_of_4","21":"owp-content-center","22":"owp-thumbs-layout-horizontal","23":"owp-btn-normal","24":"owp-tabs-layout-horizontal"},"acf":[],"_links":{"self":[{"href":"https:\/\/memorabilia-germany.de\/it\/wp-json\/wp\/v2\/product\/46025","targetHints":{"allow":["GET"]}}],"collection":[{"href":"https:\/\/memorabilia-germany.de\/it\/wp-json\/wp\/v2\/product"}],"about":[{"href":"https:\/\/memorabilia-germany.de\/it\/wp-json\/wp\/v2\/types\/product"}],"version-history":[{"count":0,"href":"https:\/\/memorabilia-germany.de\/it\/wp-json\/wp\/v2\/product\/46025\/revisions"}],"wp:featuredmedia":[{"embeddable":true,"href":"https:\/\/memorabilia-germany.de\/it\/wp-json\/wp\/v2\/media\/46026"}],"wp:attachment":[{"href":"https:\/\/memorabilia-germany.de\/it\/wp-json\/wp\/v2\/media?parent=46025"}],"wp:term":[{"taxonomy":"product_brand","embeddable":true,"href":"https:\/\/memorabilia-germany.de\/it\/wp-json\/wp\/v2\/product_brand?post=46025"},{"taxonomy":"product_cat","embeddable":true,"href":"https:\/\/memorabilia-germany.de\/it\/wp-json\/wp\/v2\/product_cat?post=46025"},{"taxonomy":"product_tag","embeddable":true,"href":"https:\/\/memorabilia-germany.de\/it\/wp-json\/wp\/v2\/product_tag?post=46025"}],"curies":[{"name":"wp","href":"https:\/\/api.w.org\/{rel}","templated":true}]}}