{"id":45665,"date":"2023-06-21T14:04:02","date_gmt":"2024-06-02T13:28:19","guid":{"rendered":"https:\/\/memorabilia-germany.de\/produkt\/2006-upper-deck-basketball-cardssingle-pack-hobby-box\/"},"modified":"2024-08-25T19:15:46","modified_gmt":"2024-08-25T17:15:46","slug":"2006-upper-deck-basketball-cardssingle-pack-hobby-box","status":"publish","type":"product","link":"https:\/\/memorabilia-germany.de\/it\/produkt\/2006-upper-deck-basketball-cardssingle-pack-hobby-box\/","title":{"rendered":"2006 Upper Deck Basketball Cards,<br>Single Pack (Hobby Box)"},"content":{"rendered":"","protected":false},"excerpt":{"rendered":"<p><strong>Pacchetto non aperto di Trading Cards dell&#8217;NBA, originale del 2006 con la possibilit\u00e0 di vincere le carte memorabilia di LeBron James. Che momento leggendario! Nuove superstar come Kobe Bryant e Dirk Nowitzki giocavano nell&#8217;NBA, che era gi\u00e0 piena di stelle come Shaquille O&#8217;Neal e Allen Iverson, e anche un giovane LeBron James fece subito scalpore. Le finali NBA sono state vinte dai San Antonio Spurs, semplicemente imbattibili con i Big Three di Tim Duncan, Manu Gin\u00f3bili e Tony Parker. Per ulteriori informazioni, vedere sotto.<\/strong><\/p>\n<ul style=\"list-style-type: square;\">\n<li>Contenuto della confezione: 8 carte<\/li>\n<li>Anno di pubblicazionevv: 2006<\/li>\n<li>Marca: Upper Deck<\/li>\n<li>Paese: USA<\/li>\n<li>Serie: Serie 1<\/li>\n<li>La confezione (&#8220;Single Pack&#8221;) proviene da una &#8220;Hobby Box&#8221; aperta da Memorabilia Germany, che contiene un totale di 24 confezioni. Nonostante l&#8217;et\u00e0, tutti i pacchi sono in condizioni incontaminate.<\/li>\n<li>Trova preziose Memorabilia Cards di LeBron James:\n<ul style=\"list-style-type: circle;\">\n<li>\u201cUD Game Jerseys\u201d<\/li>\n<li>\u201cLeBrons Commercial Worn Memorabilia\u201d<\/li>\n<li>\u201cLeBrons Commercial Worn Memorabilia\u201d (Duals: numbered to 50)<\/li>\n<li>\u201cLeBrons Commercial Worn Memorabilia\u201d (Quads numbered to 10)<\/li>\n<\/ul>\n<\/li>\n<li>Hot Packs con 8 Insert Cards in una confezione di questa serie!<\/li>\n<li>Inserts e Parallels di questa serie:\n<ul style=\"list-style-type: circle;\">\n<li>\u201eThe LeBrons&#8221;<\/li>\n<li>\u201eMVP Watch\u201d<\/li>\n<li>\u201eFlight Team\u201d<\/li>\n<\/ul>\n<\/li>\n<li>Rookie Cards:\n<ul style=\"list-style-type: circle;\">\n<li>Star Rookies<\/li>\n<li>Star Rookies SP<\/li>\n<\/ul>\n<\/li>\n<li>Trova le figurine originali delle leggende dell&#8217;NBA del 2006 come LeBron James, Kobe Bryant o Dirk Nowitzki, ma anche le figurine dei rookie dell&#8217;anno Daniel Gibson, Adam Morrison e J.J. Redick!<\/li>\n<li>Informazioni di base 2006: la tanto attesa Coppa del Mondo di calcio si svolge in Germania. Tuttavia, la &#8220;favola estiva&#8221; non si concretizza: la nazionale viene battuta in semifinale dall&#8217;Italia, campione del mondo in carica. Altri titoli ancora pi\u00f9 importanti sono stati fatti solo per quanto riguarda le attivit\u00e0 online. \u00c8 stato fondato Twitter e Google ha acquisito YouTube. Le nostre Trading Cards &#8220;Vintage&#8221; sono un sogno per tutti i nostalgici e i collezionisti, perch\u00e9 non sono riproduzioni delle carte precedenti, ma tutti i pacchetti sono originali dell&#8217;epoca in cui sono stati pubblicati.<\/li>\n<\/ul>\n<p>Puoi trovare altre Trading Cards del passato <strong><a href=\"https:\/\/memorabilia-germany.de\/it\/trading-cards\">qui<\/a><\/strong>.<\/p>\n","protected":false},"featured_media":45666,"template":"","meta":{"_acf_changed":false,"ocean_post_layout":"","ocean_both_sidebars_style":"","ocean_both_sidebars_content_width":0,"ocean_both_sidebars_sidebars_width":0,"ocean_sidebar":"0","ocean_second_sidebar":"0","ocean_disable_margins":"enable","ocean_add_body_class":"","ocean_shortcode_before_top_bar":"","ocean_shortcode_after_top_bar":"","ocean_shortcode_before_header":"","ocean_shortcode_after_header":"","ocean_has_shortcode":"","ocean_shortcode_after_title":"","ocean_shortcode_before_footer_widgets":"","ocean_shortcode_after_footer_widgets":"","ocean_shortcode_before_footer_bottom":"","ocean_shortcode_after_footer_bottom":"","ocean_display_top_bar":"default","ocean_display_header":"default","ocean_header_style":"","ocean_center_header_left_menu":"0","ocean_custom_header_template":"0","ocean_custom_logo":0,"ocean_custom_retina_logo":0,"ocean_custom_logo_max_width":0,"ocean_custom_logo_tablet_max_width":0,"ocean_custom_logo_mobile_max_width":0,"ocean_custom_logo_max_height":0,"ocean_custom_logo_tablet_max_height":0,"ocean_custom_logo_mobile_max_height":0,"ocean_header_custom_menu":"0","ocean_menu_typo_font_family":"0","ocean_menu_typo_font_subset":"","ocean_menu_typo_font_size":0,"ocean_menu_typo_font_size_tablet":0,"ocean_menu_typo_font_size_mobile":0,"ocean_menu_typo_font_size_unit":"px","ocean_menu_typo_font_weight":"","ocean_menu_typo_font_weight_tablet":"","ocean_menu_typo_font_weight_mobile":"","ocean_menu_typo_transform":"","ocean_menu_typo_transform_tablet":"","ocean_menu_typo_transform_mobile":"","ocean_menu_typo_line_height":0,"ocean_menu_typo_line_height_tablet":0,"ocean_menu_typo_line_height_mobile":0,"ocean_menu_typo_line_height_unit":"","ocean_menu_typo_spacing":0,"ocean_menu_typo_spacing_tablet":0,"ocean_menu_typo_spacing_mobile":0,"ocean_menu_typo_spacing_unit":"","ocean_menu_link_color":"","ocean_menu_link_color_hover":"","ocean_menu_link_color_active":"","ocean_menu_link_background":"","ocean_menu_link_hover_background":"","ocean_menu_link_active_background":"","ocean_menu_social_links_bg":"","ocean_menu_social_hover_links_bg":"","ocean_menu_social_links_color":"","ocean_menu_social_hover_links_color":"","ocean_disable_title":"default","ocean_disable_heading":"default","ocean_post_title":"","ocean_post_subheading":"","ocean_post_title_style":"","ocean_post_title_background_color":"","ocean_post_title_background":0,"ocean_post_title_bg_image_position":"","ocean_post_title_bg_image_attachment":"","ocean_post_title_bg_image_repeat":"","ocean_post_title_bg_image_size":"","ocean_post_title_height":0,"ocean_post_title_bg_overlay":0.5,"ocean_post_title_bg_overlay_color":"","ocean_disable_breadcrumbs":"default","ocean_breadcrumbs_color":"","ocean_breadcrumbs_separator_color":"","ocean_breadcrumbs_links_color":"","ocean_breadcrumbs_links_hover_color":"","ocean_display_footer_widgets":"default","ocean_display_footer_bottom":"default","ocean_custom_footer_template":"0","ofc_enable_fullscreen":"disable","ofc_fullscreen_speed":0,"ofc_fullscreen_nav":"enable","ofc_fullscreen_nav_pos":"right","ofc_fullscreen_nav_color":"","ofc_fullscreen_nav_tooltip_color":"","ofc_fullscreen_responsive":0},"product_brand":[],"product_cat":[2791],"product_tag":[],"class_list":{"0":"post-45665","1":"product","2":"type-product","3":"status-publish","4":"has-post-thumbnail","6":"product_cat-2006-upper-deck-basketball-cards-single-pack-hobby-box-it","7":"product_shipping_class-versandklasse_b-it","9":"entry","10":"has-media","12":"first","13":"instock","14":"taxable","15":"shipping-taxable","16":"purchasable","17":"product-type-simple","18":"col","19":"span_1_of_4","20":"owp-content-center","21":"owp-thumbs-layout-horizontal","22":"owp-btn-normal","23":"owp-tabs-layout-horizontal"},"acf":[],"_links":{"self":[{"href":"https:\/\/memorabilia-germany.de\/it\/wp-json\/wp\/v2\/product\/45665","targetHints":{"allow":["GET"]}}],"collection":[{"href":"https:\/\/memorabilia-germany.de\/it\/wp-json\/wp\/v2\/product"}],"about":[{"href":"https:\/\/memorabilia-germany.de\/it\/wp-json\/wp\/v2\/types\/product"}],"version-history":[{"count":0,"href":"https:\/\/memorabilia-germany.de\/it\/wp-json\/wp\/v2\/product\/45665\/revisions"}],"wp:featuredmedia":[{"embeddable":true,"href":"https:\/\/memorabilia-germany.de\/it\/wp-json\/wp\/v2\/media\/45666"}],"wp:attachment":[{"href":"https:\/\/memorabilia-germany.de\/it\/wp-json\/wp\/v2\/media?parent=45665"}],"wp:term":[{"taxonomy":"product_brand","embeddable":true,"href":"https:\/\/memorabilia-germany.de\/it\/wp-json\/wp\/v2\/product_brand?post=45665"},{"taxonomy":"product_cat","embeddable":true,"href":"https:\/\/memorabilia-germany.de\/it\/wp-json\/wp\/v2\/product_cat?post=45665"},{"taxonomy":"product_tag","embeddable":true,"href":"https:\/\/memorabilia-germany.de\/it\/wp-json\/wp\/v2\/product_tag?post=45665"}],"curies":[{"name":"wp","href":"https:\/\/api.w.org\/{rel}","templated":true}]}}