{"id":45657,"date":"2023-06-21T14:35:29","date_gmt":"2024-06-02T13:20:40","guid":{"rendered":"https:\/\/memorabilia-germany.de\/produkt\/1997-nba-hoops-basketball-cardswax-pack-2\/"},"modified":"2024-06-25T15:52:44","modified_gmt":"2024-06-25T13:52:44","slug":"1997-nba-hoops-basketball-cardswax-pack-2","status":"publish","type":"product","link":"https:\/\/memorabilia-germany.de\/it\/produkt\/1997-nba-hoops-basketball-cardswax-pack-2\/","title":{"rendered":"1997 NBA HOOPS Basketball Cards,<br>Wax Pack"},"content":{"rendered":"","protected":false},"excerpt":{"rendered":"<p><strong>Pacchetto non aperto di Trading Cards dell&#8217;NBA, originale del 1997, con la possibilit\u00e0 di vincere carte originali autografate della serie Autographics Signature. Leggende come Dennis Rodman, Shaquille O&#8217;Neal e Tim Duncan hanno giocato nell&#8217;NBA e i Chicago Bulls di Michael Jordan hanno vinto la loro terza finale NBA di fila. La vittoria in finale \u00e8 stata anche la sesta in otto anni. Alla fine della stagione, Michael Jordan lasci\u00f2 i Bulls, segnando anche la fine della pi\u00f9 leggendaria dinastia NBA di tutti i tempi. Per ulteriori informazioni, vedere sotto.<\/strong><\/p>\n<ul style=\"list-style-type: square;\">\n<li>Contenuto della confezione: 10 carte<\/li>\n<li>anno di pubblicazione: 1997<\/li>\n<li>Marchio: NBA HOOPS<\/li>\n<li>Paese: USA<\/li>\n<li>Serie: Serie 1<\/li>\n<li>La confezione (&#8220;Wax Pack&#8221;) proviene da una &#8220;Retail Box&#8221; aperta da Memorabilia Germany, che contiene un totale di 22 confezioni. Nonostante l&#8217;et\u00e0, tutti i pacchi sono in condizioni incontaminate.<\/li>\n<li>Autographics Signature Series Cards del 1997 in questa serie!<\/li>\n<li>Trova carte originali di leggende dell&#8217;NBA del 1997 come Michael Jordan, Dennis Rodman o Shaquille O&#8217;Neal.<\/li>\n<li>Retail Exclusive \u201eDish \u2018N\u2019 Swish\u201c Insert Cards di questa serie!<\/li>\n<li>Inoltre, puoi trovare Insert Cards dei Subsets come &#8220;Chill with Hill&#8221;, &#8220;High Voltage&#8221; o &#8220;HOOPerstars&#8221;!<\/li>\n<li>La serie contiene rare carte rookie di superstar successive come Tim Duncan, Keith Van Horn, Ron Mercer, Tracy McGrady e Chauncey Billups.<\/li>\n<li>Informazioni di base 1997: Lady Di perde la vita in un inseguimento con i paparazzi a Parigi, i Teletubbies escono per la prima volta dalla loro caverna, gli inglesi rinunciano all&#8217;amministrazione di Hong Kong e film come &#8220;Titanic&#8221; e &#8220;Men in Black&#8221; entusiasmano il pubblico cinematografico. Le nostre Trading Cards &#8220;Vintage&#8221; sono un sogno per tutti i nostalgici e i collezionisti, perch\u00e9 non sono riproduzioni delle carte precedenti, ma tutti i pacchetti sono originali dell&#8217;epoca in cui sono stati pubblicati.<\/li>\n<\/ul>\n<p>Puoi trovare altre Trading Cards del passato <strong><a href=\"https:\/\/memorabilia-germany.de\/it\/trading-cards\">qui<\/a><\/strong>.<\/p>\n","protected":false},"featured_media":45658,"template":"","meta":{"_acf_changed":false,"ocean_post_layout":"","ocean_both_sidebars_style":"","ocean_both_sidebars_content_width":0,"ocean_both_sidebars_sidebars_width":0,"ocean_sidebar":"0","ocean_second_sidebar":"0","ocean_disable_margins":"enable","ocean_add_body_class":"","ocean_shortcode_before_top_bar":"","ocean_shortcode_after_top_bar":"","ocean_shortcode_before_header":"","ocean_shortcode_after_header":"","ocean_has_shortcode":"","ocean_shortcode_after_title":"","ocean_shortcode_before_footer_widgets":"","ocean_shortcode_after_footer_widgets":"","ocean_shortcode_before_footer_bottom":"","ocean_shortcode_after_footer_bottom":"","ocean_display_top_bar":"default","ocean_display_header":"default","ocean_header_style":"","ocean_center_header_left_menu":"0","ocean_custom_header_template":"0","ocean_custom_logo":0,"ocean_custom_retina_logo":0,"ocean_custom_logo_max_width":0,"ocean_custom_logo_tablet_max_width":0,"ocean_custom_logo_mobile_max_width":0,"ocean_custom_logo_max_height":0,"ocean_custom_logo_tablet_max_height":0,"ocean_custom_logo_mobile_max_height":0,"ocean_header_custom_menu":"0","ocean_menu_typo_font_family":"0","ocean_menu_typo_font_subset":"","ocean_menu_typo_font_size":0,"ocean_menu_typo_font_size_tablet":0,"ocean_menu_typo_font_size_mobile":0,"ocean_menu_typo_font_size_unit":"px","ocean_menu_typo_font_weight":"","ocean_menu_typo_font_weight_tablet":"","ocean_menu_typo_font_weight_mobile":"","ocean_menu_typo_transform":"","ocean_menu_typo_transform_tablet":"","ocean_menu_typo_transform_mobile":"","ocean_menu_typo_line_height":0,"ocean_menu_typo_line_height_tablet":0,"ocean_menu_typo_line_height_mobile":0,"ocean_menu_typo_line_height_unit":"","ocean_menu_typo_spacing":0,"ocean_menu_typo_spacing_tablet":0,"ocean_menu_typo_spacing_mobile":0,"ocean_menu_typo_spacing_unit":"","ocean_menu_link_color":"","ocean_menu_link_color_hover":"","ocean_menu_link_color_active":"","ocean_menu_link_background":"","ocean_menu_link_hover_background":"","ocean_menu_link_active_background":"","ocean_menu_social_links_bg":"","ocean_menu_social_hover_links_bg":"","ocean_menu_social_links_color":"","ocean_menu_social_hover_links_color":"","ocean_disable_title":"default","ocean_disable_heading":"default","ocean_post_title":"","ocean_post_subheading":"","ocean_post_title_style":"","ocean_post_title_background_color":"","ocean_post_title_background":0,"ocean_post_title_bg_image_position":"","ocean_post_title_bg_image_attachment":"","ocean_post_title_bg_image_repeat":"","ocean_post_title_bg_image_size":"","ocean_post_title_height":0,"ocean_post_title_bg_overlay":0.5,"ocean_post_title_bg_overlay_color":"","ocean_disable_breadcrumbs":"default","ocean_breadcrumbs_color":"","ocean_breadcrumbs_separator_color":"","ocean_breadcrumbs_links_color":"","ocean_breadcrumbs_links_hover_color":"","ocean_display_footer_widgets":"default","ocean_display_footer_bottom":"default","ocean_custom_footer_template":"0","ofc_enable_fullscreen":"disable","ofc_fullscreen_speed":0,"ofc_fullscreen_nav":"enable","ofc_fullscreen_nav_pos":"right","ofc_fullscreen_nav_color":"","ofc_fullscreen_nav_tooltip_color":"","ofc_fullscreen_responsive":0},"product_brand":[],"product_cat":[2790],"product_tag":[],"class_list":{"0":"post-45657","1":"product","2":"type-product","3":"status-publish","4":"has-post-thumbnail","6":"product_cat-1997-nba-hoops-basketball-cards-wax-pack-it","7":"product_shipping_class-versandklasse_b-it","9":"entry","10":"has-media","12":"first","13":"outofstock","14":"taxable","15":"shipping-taxable","16":"purchasable","17":"product-type-simple","18":"col","19":"span_1_of_4","20":"owp-content-center","21":"owp-thumbs-layout-horizontal","22":"owp-btn-normal","23":"owp-tabs-layout-horizontal"},"acf":[],"_links":{"self":[{"href":"https:\/\/memorabilia-germany.de\/it\/wp-json\/wp\/v2\/product\/45657","targetHints":{"allow":["GET"]}}],"collection":[{"href":"https:\/\/memorabilia-germany.de\/it\/wp-json\/wp\/v2\/product"}],"about":[{"href":"https:\/\/memorabilia-germany.de\/it\/wp-json\/wp\/v2\/types\/product"}],"version-history":[{"count":0,"href":"https:\/\/memorabilia-germany.de\/it\/wp-json\/wp\/v2\/product\/45657\/revisions"}],"wp:featuredmedia":[{"embeddable":true,"href":"https:\/\/memorabilia-germany.de\/it\/wp-json\/wp\/v2\/media\/45658"}],"wp:attachment":[{"href":"https:\/\/memorabilia-germany.de\/it\/wp-json\/wp\/v2\/media?parent=45657"}],"wp:term":[{"taxonomy":"product_brand","embeddable":true,"href":"https:\/\/memorabilia-germany.de\/it\/wp-json\/wp\/v2\/product_brand?post=45657"},{"taxonomy":"product_cat","embeddable":true,"href":"https:\/\/memorabilia-germany.de\/it\/wp-json\/wp\/v2\/product_cat?post=45657"},{"taxonomy":"product_tag","embeddable":true,"href":"https:\/\/memorabilia-germany.de\/it\/wp-json\/wp\/v2\/product_tag?post=45657"}],"curies":[{"name":"wp","href":"https:\/\/api.w.org\/{rel}","templated":true}]}}