{"id":45627,"date":"2023-06-21T17:41:33","date_gmt":"2024-06-02T13:01:12","guid":{"rendered":"https:\/\/memorabilia-germany.de\/produkt\/1996-nba-hoops-basketball-cardswax-pack\/"},"modified":"2024-06-25T15:48:05","modified_gmt":"2024-06-25T13:48:05","slug":"1996-nba-hoops-basketball-cardswax-pack","status":"publish","type":"product","link":"https:\/\/memorabilia-germany.de\/it\/produkt\/1996-nba-hoops-basketball-cardswax-pack\/","title":{"rendered":"1996 NBA HOOPS Basketball Cards,<\/br>Wax Pack"},"content":{"rendered":"","protected":false},"excerpt":{"rendered":"<p><strong>Pacchetto non aperto di Trading Cards dell&#8217;NBA, originale del 1996, con la possibilit\u00e0 di vincere carte originali autografate della serie Autographics Signature. La stagione 1996\/1997 \u00e8 nota per il suo raccolto di esordienti particolarmente forti intorno a Kobe Bryant e Allen Iverson, ed \u00e8 stata utilizzata anche per sviluppare il 50\u00b0 anniversario dell&#8217;NBA, anche se \u00e8 gi\u00e0 il 50\u00b0 anniversario dell&#8217;NBA. 51a stagione. Leggende come Michael Jordan, Karl Malone e Grant Hill giocarono nella lega e i Chicago Bulls vinsero le finali NBA contro gli Utah Jazz alla fine della stagione, come spesso accadeva in quel periodo. I Lakers ingaggiarono il free agent Shaquille O&#8217;Neal, che insieme a Kobe form\u00f2 negli anni successivi uno dei duo NBA pi\u00f9 brillanti di tutti i tempi. Nota a margine: Dennis Rodman \u00e8 stato sospeso per 11 partite per aver preso a pugni un cameraman durante una partita contro i Timberwolves in Minnesota. Per ulteriori informazioni, vedere sotto.<\/strong><\/p>\n<ul style=\"list-style-type: square;\">\n<li>Contenuto della confezione: 9 carte<\/li>\n<li>Anno di pubblicazione: 1996<\/li>\n<li>Marchio: NBA HOOPS<\/li>\n<li>Paese: USA<\/li>\n<li>Serie: Serie 1<\/li>\n<li>La confezione (&#8220;Wax Pack&#8221;) proviene da una &#8220;Hobby Box&#8221; aperta da Memorabilia Germany, che contiene un totale di 24 confezioni. Nonostante l&#8217;et\u00e0, tutti i pacchi sono in condizioni incontaminate.<\/li>\n<li>Autographics Signature Series Cards del 1996 in questa serie!<\/li>\n<li>Trova una famosa carta &#8220;Grant Hill Z-Force&#8221; in questa serie!<\/li>\n<li>Trova carte originali di leggende dell&#8217;NBA del 1996 come Michael Jordan, Grant Hill, Shaq o Karl Malone.<\/li>\n<li>Trova anche le leggendarie HOOPS Insert Cards di sottoinsiemi come &#8220;HIPnotised&#8221;, &#8220;Heat to Heat&#8221; o &#8220;Rookie Headliners&#8221;!<\/li>\n<li>La stagione 1996\/97 \u00e8 nota per il suo raccolto di esordienti particolarmente forte. Leggende come Kobe Bryant e Allen Iverson sono state scelte e hanno lasciato il segno nella storia dell&#8217;NBA negli anni a venire.<\/li>\n<li>Informazioni di base 1996: gli scienziati riescono a clonare la famosa pecora &#8220;Dolly&#8221;, Nintendo lancia la console di gioco &#8220;Nintendo 64&#8221; e nei cinema vengono proiettati classici come &#8220;Independence Day&#8221;, &#8220;Scream&#8221; e &#8220;Mission:Impossible&#8221;. Le canzoni di Celine Dion, Coolio e Aaliyah sono in classifica. Le nostre Trading Cards &#8220;Vintage&#8221; sono un sogno per tutti i nostalgici e i collezionisti, perch\u00e9 non sono riproduzioni delle carte precedenti, ma tutti i pacchetti sono originali dell&#8217;epoca in cui sono stati pubblicati.<\/li>\n<\/ul>\n<p>Puoi trovare altre Trading Cards del passato <strong><a href=\"https:\/\/memorabilia-germany.de\/it\/trading-cards\">qui<\/a><\/strong>.<\/p>\n","protected":false},"featured_media":45628,"template":"","meta":{"_acf_changed":false,"ocean_post_layout":"","ocean_both_sidebars_style":"","ocean_both_sidebars_content_width":0,"ocean_both_sidebars_sidebars_width":0,"ocean_sidebar":"0","ocean_second_sidebar":"0","ocean_disable_margins":"enable","ocean_add_body_class":"","ocean_shortcode_before_top_bar":"","ocean_shortcode_after_top_bar":"","ocean_shortcode_before_header":"","ocean_shortcode_after_header":"","ocean_has_shortcode":"","ocean_shortcode_after_title":"","ocean_shortcode_before_footer_widgets":"","ocean_shortcode_after_footer_widgets":"","ocean_shortcode_before_footer_bottom":"","ocean_shortcode_after_footer_bottom":"","ocean_display_top_bar":"default","ocean_display_header":"default","ocean_header_style":"","ocean_center_header_left_menu":"0","ocean_custom_header_template":"0","ocean_custom_logo":0,"ocean_custom_retina_logo":0,"ocean_custom_logo_max_width":0,"ocean_custom_logo_tablet_max_width":0,"ocean_custom_logo_mobile_max_width":0,"ocean_custom_logo_max_height":0,"ocean_custom_logo_tablet_max_height":0,"ocean_custom_logo_mobile_max_height":0,"ocean_header_custom_menu":"0","ocean_menu_typo_font_family":"0","ocean_menu_typo_font_subset":"","ocean_menu_typo_font_size":0,"ocean_menu_typo_font_size_tablet":0,"ocean_menu_typo_font_size_mobile":0,"ocean_menu_typo_font_size_unit":"px","ocean_menu_typo_font_weight":"","ocean_menu_typo_font_weight_tablet":"","ocean_menu_typo_font_weight_mobile":"","ocean_menu_typo_transform":"","ocean_menu_typo_transform_tablet":"","ocean_menu_typo_transform_mobile":"","ocean_menu_typo_line_height":0,"ocean_menu_typo_line_height_tablet":0,"ocean_menu_typo_line_height_mobile":0,"ocean_menu_typo_line_height_unit":"","ocean_menu_typo_spacing":0,"ocean_menu_typo_spacing_tablet":0,"ocean_menu_typo_spacing_mobile":0,"ocean_menu_typo_spacing_unit":"","ocean_menu_link_color":"","ocean_menu_link_color_hover":"","ocean_menu_link_color_active":"","ocean_menu_link_background":"","ocean_menu_link_hover_background":"","ocean_menu_link_active_background":"","ocean_menu_social_links_bg":"","ocean_menu_social_hover_links_bg":"","ocean_menu_social_links_color":"","ocean_menu_social_hover_links_color":"","ocean_disable_title":"default","ocean_disable_heading":"default","ocean_post_title":"","ocean_post_subheading":"","ocean_post_title_style":"","ocean_post_title_background_color":"","ocean_post_title_background":0,"ocean_post_title_bg_image_position":"","ocean_post_title_bg_image_attachment":"","ocean_post_title_bg_image_repeat":"","ocean_post_title_bg_image_size":"","ocean_post_title_height":0,"ocean_post_title_bg_overlay":0.5,"ocean_post_title_bg_overlay_color":"","ocean_disable_breadcrumbs":"default","ocean_breadcrumbs_color":"","ocean_breadcrumbs_separator_color":"","ocean_breadcrumbs_links_color":"","ocean_breadcrumbs_links_hover_color":"","ocean_display_footer_widgets":"default","ocean_display_footer_bottom":"default","ocean_custom_footer_template":"0","ofc_enable_fullscreen":"disable","ofc_fullscreen_speed":0,"ofc_fullscreen_nav":"enable","ofc_fullscreen_nav_pos":"right","ofc_fullscreen_nav_color":"","ofc_fullscreen_nav_tooltip_color":"","ofc_fullscreen_responsive":0},"product_brand":[],"product_cat":[2787],"product_tag":[],"class_list":{"0":"post-45627","1":"product","2":"type-product","3":"status-publish","4":"has-post-thumbnail","6":"product_cat-1996-nba-hoops-basketball-cards-wax-pack-it","7":"product_shipping_class-versandklasse_b-it","9":"entry","10":"has-media","12":"first","13":"outofstock","14":"taxable","15":"shipping-taxable","16":"purchasable","17":"product-type-simple","18":"col","19":"span_1_of_4","20":"owp-content-center","21":"owp-thumbs-layout-horizontal","22":"owp-btn-normal","23":"owp-tabs-layout-horizontal"},"acf":[],"_links":{"self":[{"href":"https:\/\/memorabilia-germany.de\/it\/wp-json\/wp\/v2\/product\/45627","targetHints":{"allow":["GET"]}}],"collection":[{"href":"https:\/\/memorabilia-germany.de\/it\/wp-json\/wp\/v2\/product"}],"about":[{"href":"https:\/\/memorabilia-germany.de\/it\/wp-json\/wp\/v2\/types\/product"}],"version-history":[{"count":0,"href":"https:\/\/memorabilia-germany.de\/it\/wp-json\/wp\/v2\/product\/45627\/revisions"}],"wp:featuredmedia":[{"embeddable":true,"href":"https:\/\/memorabilia-germany.de\/it\/wp-json\/wp\/v2\/media\/45628"}],"wp:attachment":[{"href":"https:\/\/memorabilia-germany.de\/it\/wp-json\/wp\/v2\/media?parent=45627"}],"wp:term":[{"taxonomy":"product_brand","embeddable":true,"href":"https:\/\/memorabilia-germany.de\/it\/wp-json\/wp\/v2\/product_brand?post=45627"},{"taxonomy":"product_cat","embeddable":true,"href":"https:\/\/memorabilia-germany.de\/it\/wp-json\/wp\/v2\/product_cat?post=45627"},{"taxonomy":"product_tag","embeddable":true,"href":"https:\/\/memorabilia-germany.de\/it\/wp-json\/wp\/v2\/product_tag?post=45627"}],"curies":[{"name":"wp","href":"https:\/\/api.w.org\/{rel}","templated":true}]}}