{"id":45226,"date":"2023-09-14T16:51:19","date_gmt":"2024-05-31T15:33:12","guid":{"rendered":"https:\/\/memorabilia-germany.de\/produkt\/1998-topps-stadium-club-nba-basketball-cardsxl-single-pack\/"},"modified":"2025-02-17T16:37:42","modified_gmt":"2025-02-17T15:37:42","slug":"1998-topps-stadium-club-nba-basketball-cardsxl-single-pack","status":"publish","type":"product","link":"https:\/\/memorabilia-germany.de\/it\/produkt\/1998-topps-stadium-club-nba-basketball-cardsxl-single-pack\/","title":{"rendered":"1998 topps Stadium Club NBA Basketball Cards,<\/br>XL Single Pack"},"content":{"rendered":"","protected":false},"excerpt":{"rendered":"<p><strong>Pacchetto non aperto di Trading Cards dell&#8217;NBA, originale del 1998, con la possibilit\u00e0 di vincere le Autograph Cards di Kobe Bryant. Leggende come Kobe Bryant, Tim Duncan e Karl Malone hanno giocato nell&#8217;NBA. Durante il lockout, Michael Jordan annunci\u00f2 la fine della sua carriera attiva per la seconda volta, ma torn\u00f2 ai Washington Wizards per altre due stagioni. Nelle finali NBA, i San Antonio Spurs hanno vinto con le loro &#8220;Twin Towers&#8221; Tim Duncan e David Robinson contro i New York Knicks, che sono stati la prima e unica testa di serie numero 8 fino al 2023 a raggiungere i playoff e le finali. Per ulteriori informazioni, vedere sotto.<\/strong><\/p>\n<ul style=\"list-style-type: square;\">\n<li>Contenuto del mazzo: 15 carte<\/li>\n<li>Anno di pubblicazione: 1998<\/li>\n<li>Marchio: topps<\/li>\n<li>Paese: USA<\/li>\n<li>Serie: 1<\/li>\n<li>La confezione (&#8220;XL Single Pack&#8221;) proviene da una &#8220;HTA\/Jumbo Box&#8221; aperta da Memorabilia Germany, che contiene un totale di 12 confezioni. Nonostante l\u2019et\u00e0, tutti i pacchi sono in condizioni perfette.<\/li>\n<li>Trova le Autograph Cards di Kobe Bryant in questa serie!<\/li>\n<li>Trova le figurine di Dirk Nowitzki in questa serie!<\/li>\n<li>La serie contiene Autograph Cards e Memorabilia Cards, oltre a rarissime tavole di stampa del 1998!<\/li>\n<li>Topps 1998 Stadium Club Inserts:\n<ul style=\"list-style-type: circle;\">\n<li>1998 topps Printing Plates<\/li>\n<li>Co-Signers: doppelt signiert<\/li>\n<li>One of a Kind: numerato e limitato<\/li>\n<li>Stadium Club Chrome &amp; Refractors<\/li>\n<li>Luminous, Luminescent &amp; Illuminator Triumvirates<\/li>\n<li>Statliners<\/li>\n<li>Never Compromise<\/li>\n<li>1998 NBA Draft Picks<\/li>\n<\/ul>\n<\/li>\n<li>Trova carte originali di leggende dell&#8217;NBA del 1998 come Kobe Bryant, Allen Iverson, Alonzo Mourning o Karl Malone. La serie contiene anche le carte rookie delle successive superstar NBA del Draft NBA 1998, la classe di Dirk Nowitzki.<\/li>\n<li>Informazioni di base 1998: i primi lettori MP3 vengono immessi sul mercato in Giappone e i primi blog appaiono su Internet, da poco diffuso. Il primo episodio di &#8220;Sex and the City&#8221; \u00e8 stato trasmesso dalla televisione statunitense, ma \u00e8 passato del tempo prima che venisse trasmesso in Europa. Titanic vinse numerosi Oscar, i Modern Talking si riunirono in Germania e Cher pubblic\u00f2 il suo famoso album &#8220;Believe&#8221;. La Coppa del Mondo di calcio si \u00e8 tenuta in Francia in estate, ma il vero evento calcistico dell&#8217;anno si \u00e8 svolto in aprile. A Madrid, il famoso gol \u00e8 crollato poco prima del calcio d&#8217;inizio della semifinale di Champions League del Real contro il BVB, causando un ritardo di 70 minuti sul calcio d&#8217;inizio e facendo sudare i presentatori televisivi di tutto il mondo. Le nostre Trading Cards &#8220;Vintage&#8221; sono un sogno per tutti i nostalgici e i collezionisti, perch\u00e9 non sono riproduzioni delle carte precedenti, ma tutti i pacchetti sono originali dell&#8217;epoca in cui sono stati pubblicati.<\/li>\n<\/ul>\n<p>Puoi trovare altre Trading Cards del passato <strong><a href=\"https:\/\/memorabilia-germany.de\/it\/trading-cards\">qui<\/a><\/strong>.<\/p>\n","protected":false},"featured_media":45227,"template":"","meta":{"_acf_changed":false,"ocean_post_layout":"","ocean_both_sidebars_style":"","ocean_both_sidebars_content_width":0,"ocean_both_sidebars_sidebars_width":0,"ocean_sidebar":"0","ocean_second_sidebar":"0","ocean_disable_margins":"enable","ocean_add_body_class":"","ocean_shortcode_before_top_bar":"","ocean_shortcode_after_top_bar":"","ocean_shortcode_before_header":"","ocean_shortcode_after_header":"","ocean_has_shortcode":"","ocean_shortcode_after_title":"","ocean_shortcode_before_footer_widgets":"","ocean_shortcode_after_footer_widgets":"","ocean_shortcode_before_footer_bottom":"","ocean_shortcode_after_footer_bottom":"","ocean_display_top_bar":"default","ocean_display_header":"default","ocean_header_style":"","ocean_center_header_left_menu":"0","ocean_custom_header_template":"0","ocean_custom_logo":0,"ocean_custom_retina_logo":0,"ocean_custom_logo_max_width":0,"ocean_custom_logo_tablet_max_width":0,"ocean_custom_logo_mobile_max_width":0,"ocean_custom_logo_max_height":0,"ocean_custom_logo_tablet_max_height":0,"ocean_custom_logo_mobile_max_height":0,"ocean_header_custom_menu":"0","ocean_menu_typo_font_family":"0","ocean_menu_typo_font_subset":"","ocean_menu_typo_font_size":0,"ocean_menu_typo_font_size_tablet":0,"ocean_menu_typo_font_size_mobile":0,"ocean_menu_typo_font_size_unit":"px","ocean_menu_typo_font_weight":"","ocean_menu_typo_font_weight_tablet":"","ocean_menu_typo_font_weight_mobile":"","ocean_menu_typo_transform":"","ocean_menu_typo_transform_tablet":"","ocean_menu_typo_transform_mobile":"","ocean_menu_typo_line_height":0,"ocean_menu_typo_line_height_tablet":0,"ocean_menu_typo_line_height_mobile":0,"ocean_menu_typo_line_height_unit":"","ocean_menu_typo_spacing":0,"ocean_menu_typo_spacing_tablet":0,"ocean_menu_typo_spacing_mobile":0,"ocean_menu_typo_spacing_unit":"","ocean_menu_link_color":"","ocean_menu_link_color_hover":"","ocean_menu_link_color_active":"","ocean_menu_link_background":"","ocean_menu_link_hover_background":"","ocean_menu_link_active_background":"","ocean_menu_social_links_bg":"","ocean_menu_social_hover_links_bg":"","ocean_menu_social_links_color":"","ocean_menu_social_hover_links_color":"","ocean_disable_title":"default","ocean_disable_heading":"default","ocean_post_title":"","ocean_post_subheading":"","ocean_post_title_style":"","ocean_post_title_background_color":"","ocean_post_title_background":0,"ocean_post_title_bg_image_position":"","ocean_post_title_bg_image_attachment":"","ocean_post_title_bg_image_repeat":"","ocean_post_title_bg_image_size":"","ocean_post_title_height":0,"ocean_post_title_bg_overlay":0.5,"ocean_post_title_bg_overlay_color":"","ocean_disable_breadcrumbs":"default","ocean_breadcrumbs_color":"","ocean_breadcrumbs_separator_color":"","ocean_breadcrumbs_links_color":"","ocean_breadcrumbs_links_hover_color":"","ocean_display_footer_widgets":"default","ocean_display_footer_bottom":"default","ocean_custom_footer_template":"0","ofc_enable_fullscreen":"disable","ofc_fullscreen_speed":0,"ofc_fullscreen_nav":"enable","ofc_fullscreen_nav_pos":"right","ofc_fullscreen_nav_color":"","ofc_fullscreen_nav_tooltip_color":"","ofc_fullscreen_responsive":0},"product_brand":[],"product_cat":[2778],"product_tag":[],"class_list":{"0":"post-45226","1":"product","2":"type-product","3":"status-publish","4":"has-post-thumbnail","6":"product_cat-1998-topps-stadium-club-nba-basketball-cards-xl-single-pack-it","7":"product_shipping_class-versandklasse_b-it","9":"entry","10":"has-media","12":"first","13":"outofstock","14":"taxable","15":"shipping-taxable","16":"purchasable","17":"product-type-simple","18":"col","19":"span_1_of_4","20":"owp-content-center","21":"owp-thumbs-layout-horizontal","22":"owp-btn-normal","23":"owp-tabs-layout-horizontal"},"acf":[],"_links":{"self":[{"href":"https:\/\/memorabilia-germany.de\/it\/wp-json\/wp\/v2\/product\/45226","targetHints":{"allow":["GET"]}}],"collection":[{"href":"https:\/\/memorabilia-germany.de\/it\/wp-json\/wp\/v2\/product"}],"about":[{"href":"https:\/\/memorabilia-germany.de\/it\/wp-json\/wp\/v2\/types\/product"}],"version-history":[{"count":0,"href":"https:\/\/memorabilia-germany.de\/it\/wp-json\/wp\/v2\/product\/45226\/revisions"}],"wp:featuredmedia":[{"embeddable":true,"href":"https:\/\/memorabilia-germany.de\/it\/wp-json\/wp\/v2\/media\/45227"}],"wp:attachment":[{"href":"https:\/\/memorabilia-germany.de\/it\/wp-json\/wp\/v2\/media?parent=45226"}],"wp:term":[{"taxonomy":"product_brand","embeddable":true,"href":"https:\/\/memorabilia-germany.de\/it\/wp-json\/wp\/v2\/product_brand?post=45226"},{"taxonomy":"product_cat","embeddable":true,"href":"https:\/\/memorabilia-germany.de\/it\/wp-json\/wp\/v2\/product_cat?post=45226"},{"taxonomy":"product_tag","embeddable":true,"href":"https:\/\/memorabilia-germany.de\/it\/wp-json\/wp\/v2\/product_tag?post=45226"}],"curies":[{"name":"wp","href":"https:\/\/api.w.org\/{rel}","templated":true}]}}