{"id":45063,"date":"2023-10-26T13:30:45","date_gmt":"2024-05-31T14:40:19","guid":{"rendered":"https:\/\/memorabilia-germany.de\/produkt\/miles-sanders-football-showcase-carolina-panthers-firmato-football-americano-nfl-super-grip-cover\/"},"modified":"2024-05-31T16:40:19","modified_gmt":"2024-05-31T14:40:19","slug":"miles-sanders-football-showcase-carolina-panthers-firmato-football-americano-nfl-super-grip-cover","status":"publish","type":"product","link":"https:\/\/memorabilia-germany.de\/it\/produkt\/miles-sanders-football-showcase-carolina-panthers-firmato-football-americano-nfl-super-grip-cover\/","title":{"rendered":"MILES SANDERS Football Showcase (Carolina Panthers) firmato football americano, NFL Super Grip Cover"},"content":{"rendered":"","protected":false},"excerpt":{"rendered":"<p><strong>Showcase per football americano in vetro di sicurezza. Football americano firmato con logo NFL da Wilson in una custodia. Autografo di Miles Sanders sul football americano. Tutti gli autografi della NFL sono autenticati e hanno un numero di serie. Per ulteriori informazioni, vedere sotto.<\/strong><\/p>\n<ul style=\"list-style-type: square;\">\n<li>Marchio di football americano: Wilson<\/li>\n<li>Team: Carolina Panthers<\/li>\n<li>Modello: NFL Super Grip Cover Football Americano, Full Size<\/li>\n<li>Autografo: Miles Sanders, matita color argento<\/li>\n<li>Inscription: \u201e26\u201c (Player Number)<\/li>\n<li>Data\/luogo della firma: 10\/01\/2023 a Philadelphia, Pennsylvania, USA<\/li>\n<li>Autenticazione: Beckett (con numero di serie)<\/li>\n<li>Documenti: Digital Certificate of Authenticity + ologramma di sicurezza con codice QR sul calcio americano<\/li>\n<li>Stato del certificato: Certificato con testimonianza (firmato in presenza di un esperto Beckett)<\/li>\n<li>Dimensioni dello Showcase: circa 34,5 x 21 x 25 cm<\/li>\n<li>Trading Cards e supporto per la palla inclusi<\/li>\n<li>Il Football Americano viene fornito con una American Football Showcase a scopo espositivo; la vetrina \u00e8 di qualit\u00e0 solida e robusta. Il vetro \u00e8 in acrilico e la base e il pannello posteriore sono neri per mostrare al meglio il Football Americano. Lo Showcase \u00e8 dotato di viti di alta qualit\u00e0 e si chiude completamente. Anche il portapalle \u00e8 di qualit\u00e0 solida. La targhetta frontale \u00e8 in alluminio.<\/li>\n<li>Tutti i palloni da calcio firmati americani sono verificati da uno degli autenticatori leader del mercato e sono dotati di elementi di sicurezza numerati in serie che confermano l&#8217;autenticit\u00e0 degli autografi (Certificate of Authenticity e\/o ologramma di sicurezza). Gli autenticatori di autografi NFL sono disponibili su <strong><a href=\"https:\/\/memorabilia-germany.de\/it\/noi-memorabilia-germany\/\">Memorabilia Germany<\/a><\/strong> esclusivamente: <strong><a href=\"https:\/\/memorabilia-germany.de\/it\/autenticazione-della-firma\/#signature-authentication-beckett\">Beckett<\/a><\/strong>, <strong><a href=\"https:\/\/memorabilia-germany.de\/it\/autenticazione-della-firma\/#signature-authentication-james-spence\">James Spence Authentication<\/a><\/strong>, <strong><a href=\"https:\/\/memorabilia-germany.de\/it\/autenticazione-della-firma\/#signature-authentication-psa-dna\">PSA\/DNA<\/a><\/strong> o <strong><a href=\"https:\/\/memorabilia-germany.de\/it\/autenticazione-della-firma\/#signature-authentication-fanatics\">Fanatics<\/a><\/strong>. Potete trovare ulteriori informazioni sull&#8217;importante tema dell&#8217;autenticazione <strong><a href=\"https:\/\/memorabilia-germany.de\/it\/autenticazione-della-firma\/\">qui<\/a><\/strong>.<\/li>\n<\/ul>\n<p>Puoi trovare altri showcase di Football Americano <strong><a href=\"https:\/\/memorabilia-germany.de\/it\/produkt-kategorie\/football-americano-memorabilia\/football-americano-showcase\/\">qui<\/a><\/strong>.<\/p>\n","protected":false},"featured_media":45064,"template":"","meta":{"_acf_changed":false,"ocean_post_layout":"","ocean_both_sidebars_style":"","ocean_both_sidebars_content_width":0,"ocean_both_sidebars_sidebars_width":0,"ocean_sidebar":"0","ocean_second_sidebar":"0","ocean_disable_margins":"enable","ocean_add_body_class":"","ocean_shortcode_before_top_bar":"","ocean_shortcode_after_top_bar":"","ocean_shortcode_before_header":"","ocean_shortcode_after_header":"","ocean_has_shortcode":"","ocean_shortcode_after_title":"","ocean_shortcode_before_footer_widgets":"","ocean_shortcode_after_footer_widgets":"","ocean_shortcode_before_footer_bottom":"","ocean_shortcode_after_footer_bottom":"","ocean_display_top_bar":"default","ocean_display_header":"default","ocean_header_style":"","ocean_center_header_left_menu":"0","ocean_custom_header_template":"0","ocean_custom_logo":0,"ocean_custom_retina_logo":0,"ocean_custom_logo_max_width":0,"ocean_custom_logo_tablet_max_width":0,"ocean_custom_logo_mobile_max_width":0,"ocean_custom_logo_max_height":0,"ocean_custom_logo_tablet_max_height":0,"ocean_custom_logo_mobile_max_height":0,"ocean_header_custom_menu":"0","ocean_menu_typo_font_family":"0","ocean_menu_typo_font_subset":"","ocean_menu_typo_font_size":0,"ocean_menu_typo_font_size_tablet":0,"ocean_menu_typo_font_size_mobile":0,"ocean_menu_typo_font_size_unit":"px","ocean_menu_typo_font_weight":"","ocean_menu_typo_font_weight_tablet":"","ocean_menu_typo_font_weight_mobile":"","ocean_menu_typo_transform":"","ocean_menu_typo_transform_tablet":"","ocean_menu_typo_transform_mobile":"","ocean_menu_typo_line_height":0,"ocean_menu_typo_line_height_tablet":0,"ocean_menu_typo_line_height_mobile":0,"ocean_menu_typo_line_height_unit":"","ocean_menu_typo_spacing":0,"ocean_menu_typo_spacing_tablet":0,"ocean_menu_typo_spacing_mobile":0,"ocean_menu_typo_spacing_unit":"","ocean_menu_link_color":"","ocean_menu_link_color_hover":"","ocean_menu_link_color_active":"","ocean_menu_link_background":"","ocean_menu_link_hover_background":"","ocean_menu_link_active_background":"","ocean_menu_social_links_bg":"","ocean_menu_social_hover_links_bg":"","ocean_menu_social_links_color":"","ocean_menu_social_hover_links_color":"","ocean_disable_title":"default","ocean_disable_heading":"default","ocean_post_title":"","ocean_post_subheading":"","ocean_post_title_style":"","ocean_post_title_background_color":"","ocean_post_title_background":0,"ocean_post_title_bg_image_position":"","ocean_post_title_bg_image_attachment":"","ocean_post_title_bg_image_repeat":"","ocean_post_title_bg_image_size":"","ocean_post_title_height":0,"ocean_post_title_bg_overlay":0.5,"ocean_post_title_bg_overlay_color":"","ocean_disable_breadcrumbs":"default","ocean_breadcrumbs_color":"","ocean_breadcrumbs_separator_color":"","ocean_breadcrumbs_links_color":"","ocean_breadcrumbs_links_hover_color":"","ocean_display_footer_widgets":"default","ocean_display_footer_bottom":"default","ocean_custom_footer_template":"0","ofc_enable_fullscreen":"disable","ofc_fullscreen_speed":0,"ofc_fullscreen_nav":"enable","ofc_fullscreen_nav_pos":"right","ofc_fullscreen_nav_color":"","ofc_fullscreen_nav_tooltip_color":"","ofc_fullscreen_responsive":0},"product_brand":[],"product_cat":[100,3277],"product_tag":[],"class_list":{"0":"post-45063","1":"product","2":"type-product","3":"status-publish","4":"has-post-thumbnail","6":"product_cat-unkategorisiert-en","7":"product_cat-miles-sanders-football-showcase-carolina-panthers-firmato-football-americano-nfl-super-grip-cover","8":"product_shipping_class-classe-di-spedizione_a","10":"entry","11":"has-media","13":"first","14":"instock","15":"taxable","16":"shipping-taxable","17":"purchasable","18":"product-type-simple","19":"col","20":"span_1_of_4","21":"owp-content-center","22":"owp-thumbs-layout-horizontal","23":"owp-btn-normal","24":"owp-tabs-layout-horizontal"},"acf":[],"_links":{"self":[{"href":"https:\/\/memorabilia-germany.de\/it\/wp-json\/wp\/v2\/product\/45063","targetHints":{"allow":["GET"]}}],"collection":[{"href":"https:\/\/memorabilia-germany.de\/it\/wp-json\/wp\/v2\/product"}],"about":[{"href":"https:\/\/memorabilia-germany.de\/it\/wp-json\/wp\/v2\/types\/product"}],"version-history":[{"count":0,"href":"https:\/\/memorabilia-germany.de\/it\/wp-json\/wp\/v2\/product\/45063\/revisions"}],"wp:featuredmedia":[{"embeddable":true,"href":"https:\/\/memorabilia-germany.de\/it\/wp-json\/wp\/v2\/media\/45064"}],"wp:attachment":[{"href":"https:\/\/memorabilia-germany.de\/it\/wp-json\/wp\/v2\/media?parent=45063"}],"wp:term":[{"taxonomy":"product_brand","embeddable":true,"href":"https:\/\/memorabilia-germany.de\/it\/wp-json\/wp\/v2\/product_brand?post=45063"},{"taxonomy":"product_cat","embeddable":true,"href":"https:\/\/memorabilia-germany.de\/it\/wp-json\/wp\/v2\/product_cat?post=45063"},{"taxonomy":"product_tag","embeddable":true,"href":"https:\/\/memorabilia-germany.de\/it\/wp-json\/wp\/v2\/product_tag?post=45063"}],"curies":[{"name":"wp","href":"https:\/\/api.w.org\/{rel}","templated":true}]}}