{"id":45049,"date":"2023-10-26T15:46:42","date_gmt":"2024-05-31T14:35:13","guid":{"rendered":"https:\/\/memorabilia-germany.de\/produkt\/o-j-simpson-football-showcase-buffalo-bills-firmato-football-americano-logo-football\/"},"modified":"2024-05-31T16:35:13","modified_gmt":"2024-05-31T14:35:13","slug":"o-j-simpson-football-showcase-buffalo-bills-firmato-football-americano-logo-football","status":"publish","type":"product","link":"https:\/\/memorabilia-germany.de\/it\/produkt\/o-j-simpson-football-showcase-buffalo-bills-firmato-football-americano-logo-football\/","title":{"rendered":"O.J. SIMPSON Football Showcase (Buffalo Bills) firmato football americano, Logo Football"},"content":{"rendered":"","protected":false},"excerpt":{"rendered":"<p><strong>Showcase per football americano in vetro di sicurezza. Football Americano firmato con il logo dei Buffalo Bills da Rawlings in una custodia. Autografo di O.J. Simpson sul pallone da calcio. Tutti gli autografi della NFL sono autenticati e hanno un numero di serie. Per ulteriori informazioni, vedere sotto.<\/strong><\/p>\n<ul style=\"list-style-type: square;\">\n<li>Marca del Football Americano: Rawlings Sporting Goods<\/li>\n<li>Team: Buffalo Bills<\/li>\n<li>Modello: Buffalo Bills White Panel Logo Football Americano, Full Size<\/li>\n<li>Autografo: O.J. Simpson, matita colorata nera<\/li>\n<li>Inscription: \u201eHOF 85\u2018\u201c (Hall of Fame Inscription)<\/li>\n<li>Data\/luogo della firma: ottobre 2017 a Las Vegas, Nevada, USA (firma privata)<\/li>\n<li>Autenticazione: James Spence Authentication (con numero di serie)<\/li>\n<li>Documenti: Certificate of Authenticity + ologramma di sicurezza sul calcio Americano<\/li>\n<li>Stato del certificato: Witnessed Protection Program (firmato in presenza di un esperto di James Spence)<\/li>\n<li>Dimensioni dello Showcase: circa 34,5 x 21 x 25 cm<\/li>\n<li>Trading Cards e supporto per la palla inclusi<\/li>\n<li>Il Football Americano viene fornito con una American Football Showcase a scopo espositivo; la vetrina \u00e8 di qualit\u00e0 solida e robusta. Il vetro \u00e8 in acrilico e la base e il pannello posteriore sono neri per mostrare al meglio il Football Americano. Lo Showcase \u00e8 dotato di viti di alta qualit\u00e0 e si chiude completamente. Anche il portapalle \u00e8 di qualit\u00e0 solida. La targhetta frontale \u00e8 in alluminio.<\/li>\n<li>Tutti i palloni da calcio firmati americani sono verificati da uno degli autenticatori leader del mercato e sono dotati di elementi di sicurezza numerati in serie che confermano l&#8217;autenticit\u00e0 degli autografi (Certificate of Authenticity e\/o ologramma di sicurezza). Gli autenticatori di autografi NFL sono disponibili su <strong><a href=\"https:\/\/memorabilia-germany.de\/it\/noi-memorabilia-germany\/\">Memorabilia Germany<\/a><\/strong> esclusivamente: <strong><a href=\"https:\/\/memorabilia-germany.de\/it\/autenticazione-della-firma\/#signature-authentication-beckett\">Beckett<\/a><\/strong>, <strong><a href=\"https:\/\/memorabilia-germany.de\/it\/autenticazione-della-firma\/#signature-authentication-james-spence\">James Spence Authentication<\/a><\/strong>, <strong><a href=\"https:\/\/memorabilia-germany.de\/it\/autenticazione-della-firma\/#signature-authentication-psa-dna\">PSA\/DNA<\/a><\/strong> o <strong><a href=\"https:\/\/memorabilia-germany.de\/it\/autenticazione-della-firma\/#signature-authentication-fanatics\">Fanatics<\/a><\/strong>. Potete trovare ulteriori informazioni sull&#8217;importante tema dell&#8217;autenticazione <strong><a href=\"https:\/\/memorabilia-germany.de\/it\/autenticazione-della-firma\/\">qui<\/a><\/strong>.<\/li>\n<\/ul>\n<p>Puoi trovare altri showcase di Football Americano <strong><a href=\"https:\/\/memorabilia-germany.de\/it\/produkt-kategorie\/football-americano-memorabilia\/football-americano-showcase\/\">qui<\/a><\/strong>.<\/p>\n","protected":false},"featured_media":45050,"template":"","meta":{"_acf_changed":false,"ocean_post_layout":"","ocean_both_sidebars_style":"","ocean_both_sidebars_content_width":0,"ocean_both_sidebars_sidebars_width":0,"ocean_sidebar":"0","ocean_second_sidebar":"0","ocean_disable_margins":"enable","ocean_add_body_class":"","ocean_shortcode_before_top_bar":"","ocean_shortcode_after_top_bar":"","ocean_shortcode_before_header":"","ocean_shortcode_after_header":"","ocean_has_shortcode":"","ocean_shortcode_after_title":"","ocean_shortcode_before_footer_widgets":"","ocean_shortcode_after_footer_widgets":"","ocean_shortcode_before_footer_bottom":"","ocean_shortcode_after_footer_bottom":"","ocean_display_top_bar":"default","ocean_display_header":"default","ocean_header_style":"","ocean_center_header_left_menu":"0","ocean_custom_header_template":"0","ocean_custom_logo":0,"ocean_custom_retina_logo":0,"ocean_custom_logo_max_width":0,"ocean_custom_logo_tablet_max_width":0,"ocean_custom_logo_mobile_max_width":0,"ocean_custom_logo_max_height":0,"ocean_custom_logo_tablet_max_height":0,"ocean_custom_logo_mobile_max_height":0,"ocean_header_custom_menu":"0","ocean_menu_typo_font_family":"0","ocean_menu_typo_font_subset":"","ocean_menu_typo_font_size":0,"ocean_menu_typo_font_size_tablet":0,"ocean_menu_typo_font_size_mobile":0,"ocean_menu_typo_font_size_unit":"px","ocean_menu_typo_font_weight":"","ocean_menu_typo_font_weight_tablet":"","ocean_menu_typo_font_weight_mobile":"","ocean_menu_typo_transform":"","ocean_menu_typo_transform_tablet":"","ocean_menu_typo_transform_mobile":"","ocean_menu_typo_line_height":0,"ocean_menu_typo_line_height_tablet":0,"ocean_menu_typo_line_height_mobile":0,"ocean_menu_typo_line_height_unit":"","ocean_menu_typo_spacing":0,"ocean_menu_typo_spacing_tablet":0,"ocean_menu_typo_spacing_mobile":0,"ocean_menu_typo_spacing_unit":"","ocean_menu_link_color":"","ocean_menu_link_color_hover":"","ocean_menu_link_color_active":"","ocean_menu_link_background":"","ocean_menu_link_hover_background":"","ocean_menu_link_active_background":"","ocean_menu_social_links_bg":"","ocean_menu_social_hover_links_bg":"","ocean_menu_social_links_color":"","ocean_menu_social_hover_links_color":"","ocean_disable_title":"default","ocean_disable_heading":"default","ocean_post_title":"","ocean_post_subheading":"","ocean_post_title_style":"","ocean_post_title_background_color":"","ocean_post_title_background":0,"ocean_post_title_bg_image_position":"","ocean_post_title_bg_image_attachment":"","ocean_post_title_bg_image_repeat":"","ocean_post_title_bg_image_size":"","ocean_post_title_height":0,"ocean_post_title_bg_overlay":0.5,"ocean_post_title_bg_overlay_color":"","ocean_disable_breadcrumbs":"default","ocean_breadcrumbs_color":"","ocean_breadcrumbs_separator_color":"","ocean_breadcrumbs_links_color":"","ocean_breadcrumbs_links_hover_color":"","ocean_display_footer_widgets":"default","ocean_display_footer_bottom":"default","ocean_custom_footer_template":"0","ofc_enable_fullscreen":"disable","ofc_fullscreen_speed":0,"ofc_fullscreen_nav":"enable","ofc_fullscreen_nav_pos":"right","ofc_fullscreen_nav_color":"","ofc_fullscreen_nav_tooltip_color":"","ofc_fullscreen_responsive":0},"product_brand":[],"product_cat":[100,3279],"product_tag":[],"class_list":{"0":"post-45049","1":"product","2":"type-product","3":"status-publish","4":"has-post-thumbnail","6":"product_cat-unkategorisiert-en","7":"product_cat-o-j-simpson-football-showcase-buffalo-bills-firmato-football-americano-logo-football","8":"product_shipping_class-classe-di-spedizione_a","10":"entry","11":"has-media","13":"first","14":"outofstock","15":"taxable","16":"shipping-taxable","17":"purchasable","18":"product-type-simple","19":"col","20":"span_1_of_4","21":"owp-content-center","22":"owp-thumbs-layout-horizontal","23":"owp-btn-normal","24":"owp-tabs-layout-horizontal"},"acf":[],"_links":{"self":[{"href":"https:\/\/memorabilia-germany.de\/it\/wp-json\/wp\/v2\/product\/45049","targetHints":{"allow":["GET"]}}],"collection":[{"href":"https:\/\/memorabilia-germany.de\/it\/wp-json\/wp\/v2\/product"}],"about":[{"href":"https:\/\/memorabilia-germany.de\/it\/wp-json\/wp\/v2\/types\/product"}],"version-history":[{"count":0,"href":"https:\/\/memorabilia-germany.de\/it\/wp-json\/wp\/v2\/product\/45049\/revisions"}],"wp:featuredmedia":[{"embeddable":true,"href":"https:\/\/memorabilia-germany.de\/it\/wp-json\/wp\/v2\/media\/45050"}],"wp:attachment":[{"href":"https:\/\/memorabilia-germany.de\/it\/wp-json\/wp\/v2\/media?parent=45049"}],"wp:term":[{"taxonomy":"product_brand","embeddable":true,"href":"https:\/\/memorabilia-germany.de\/it\/wp-json\/wp\/v2\/product_brand?post=45049"},{"taxonomy":"product_cat","embeddable":true,"href":"https:\/\/memorabilia-germany.de\/it\/wp-json\/wp\/v2\/product_cat?post=45049"},{"taxonomy":"product_tag","embeddable":true,"href":"https:\/\/memorabilia-germany.de\/it\/wp-json\/wp\/v2\/product_tag?post=45049"}],"curies":[{"name":"wp","href":"https:\/\/api.w.org\/{rel}","templated":true}]}}