{"id":44970,"date":"2023-10-31T14:48:26","date_gmt":"2023-10-31T13:48:26","guid":{"rendered":"https:\/\/memorabilia-germany.de\/produkt\/king-in-black-5-kirkham-variant-cover-ryan-stegman-tyler-kirkham-donny-cates-2\/"},"modified":"2024-05-31T15:52:26","modified_gmt":"2024-05-31T13:52:26","slug":"king-in-black-5-kirkham-variant-cover-ryan-stegman-tyler-kirkham-donny-cates-2","status":"publish","type":"product","link":"https:\/\/memorabilia-germany.de\/it\/produkt\/king-in-black-5-kirkham-variant-cover-ryan-stegman-tyler-kirkham-donny-cates-2\/","title":{"rendered":"KING IN BLACK # 5 &#8211; Kirkham Variant Cover (Ryan Stegman + Tyler Kirkham + Donny Cates)"},"content":{"rendered":"","protected":false},"excerpt":{"rendered":"<p><strong>Fumetto firmato e classificato della &#8220;CGC Signature Series&#8221;. Autografi dei fumettisti Ryan Stegman, Tyler Kirkham e Donny Cates sulla copertina. Tutte le firme sui fumetti CGC di questa serie sono state firmate e testimoniate alla presenza di un esperto CGC. Per ulteriori informazioni, vedere sotto.<\/strong><\/p>\n<ul style=\"list-style-type: square;\">\n<li>Marchio della Grading Company: Certified Guaranty Company (CGC)<\/li>\n<li>Titolo: King in Black #5 (Tyler Kirkham Variant Cover)<\/li>\n<li>Editore: MARVEL Comics<\/li>\n<li>Anno di pubblicazione: 2021<\/li>\n<li>Grading Note: 9.8<\/li>\n<li>Firma: Ryan Stegman + Tyler Kirkham + Donny Cates, matita nera colorata<\/li>\n<li>Data della firma: 12\/02\/2022 (Stegman), 19\/02\/2022 (Kirkham) e 27\/02\/2022 (Cates)<\/li>\n<li>Info sull&#8217;artista: Ryan Stegman \u00e8 un artista e scrittore di fumetti. \u00c8 diventato famoso per il suo lavoro per MARVEL Comics. Le sue opere includono i titoli MARVEL pi\u00f9 famosi come Spiderman, Hulk, Fantastic Four, Wolverine, X-Men e Absolute Carnage. Stegman ha vinto il Diamond Gem Award per il fumetto dell&#8217;anno nel 2013 con un titolo di Spiderman.<\/li>\n<li>Info sull&#8217;artista: Tyler Kirkham \u00e8 considerato un personaggio di spicco nel panorama dei fumetti. Negli anni della giovinezza, si \u00e8 rivolto con insistenza a diverse case editrici importanti. Grazie ad acclamati progetti indie, \u00e8 stato poi assunto da Top Cow, dove \u00e8 stato rapidamente impiegato per titoli famosi come Tomb Raider e Witchblade. In seguito, gli indirizzi pi\u00f9 importanti si sono susseguiti rapidamente. Per la MARVEL ha lavorato a titoli come Spiderman, Fantastic Four e X-Men, mentre per la DC Comics, Batman, Superman e Justice League fanno parte della lista dei lavori pi\u00f9 noti. <\/li>\n<li>Info sull&#8217;artista: Donny Cates \u00e8 un fumettista, scrittore e podcaster. Cates \u00e8 particolarmente famoso nel panorama dei fumetti per il suo lavoro per MARVEL Comics e Dark Horse. Il suo lavoro comprende titoli come Captain America, Doctor Strange, Hulk, Venom, Guardiani della Galassia e Absolute Carnage. Cates ha partecipato anche a diverse pubblicazioni di Star Trek per IDW. Insieme a Ryan Stegman, Cates gestisce il portale internet di successo &#8220;KLC Press&#8221;, che si occupa del mondo dei fumetti e offre podcast.<\/li>\n<\/ul>\n<p>Pi\u00f9 CGC Comics ti trover\u00e0 <strong><a href=\"https:\/\/memorabilia-germany.de\/it\/cgc-comics-it\/\">qui<\/a><\/strong>.<\/p>\n","protected":false},"featured_media":44971,"template":"","meta":{"_acf_changed":false,"ocean_post_layout":"","ocean_both_sidebars_style":"","ocean_both_sidebars_content_width":0,"ocean_both_sidebars_sidebars_width":0,"ocean_sidebar":"0","ocean_second_sidebar":"0","ocean_disable_margins":"enable","ocean_add_body_class":"","ocean_shortcode_before_top_bar":"","ocean_shortcode_after_top_bar":"","ocean_shortcode_before_header":"","ocean_shortcode_after_header":"","ocean_has_shortcode":"","ocean_shortcode_after_title":"","ocean_shortcode_before_footer_widgets":"","ocean_shortcode_after_footer_widgets":"","ocean_shortcode_before_footer_bottom":"","ocean_shortcode_after_footer_bottom":"","ocean_display_top_bar":"default","ocean_display_header":"default","ocean_header_style":"","ocean_center_header_left_menu":"0","ocean_custom_header_template":"0","ocean_custom_logo":0,"ocean_custom_retina_logo":0,"ocean_custom_logo_max_width":0,"ocean_custom_logo_tablet_max_width":0,"ocean_custom_logo_mobile_max_width":0,"ocean_custom_logo_max_height":0,"ocean_custom_logo_tablet_max_height":0,"ocean_custom_logo_mobile_max_height":0,"ocean_header_custom_menu":"0","ocean_menu_typo_font_family":"0","ocean_menu_typo_font_subset":"","ocean_menu_typo_font_size":0,"ocean_menu_typo_font_size_tablet":0,"ocean_menu_typo_font_size_mobile":0,"ocean_menu_typo_font_size_unit":"px","ocean_menu_typo_font_weight":"","ocean_menu_typo_font_weight_tablet":"","ocean_menu_typo_font_weight_mobile":"","ocean_menu_typo_transform":"","ocean_menu_typo_transform_tablet":"","ocean_menu_typo_transform_mobile":"","ocean_menu_typo_line_height":0,"ocean_menu_typo_line_height_tablet":0,"ocean_menu_typo_line_height_mobile":0,"ocean_menu_typo_line_height_unit":"","ocean_menu_typo_spacing":0,"ocean_menu_typo_spacing_tablet":0,"ocean_menu_typo_spacing_mobile":0,"ocean_menu_typo_spacing_unit":"","ocean_menu_link_color":"","ocean_menu_link_color_hover":"","ocean_menu_link_color_active":"","ocean_menu_link_background":"","ocean_menu_link_hover_background":"","ocean_menu_link_active_background":"","ocean_menu_social_links_bg":"","ocean_menu_social_hover_links_bg":"","ocean_menu_social_links_color":"","ocean_menu_social_hover_links_color":"","ocean_disable_title":"default","ocean_disable_heading":"default","ocean_post_title":"","ocean_post_subheading":"","ocean_post_title_style":"","ocean_post_title_background_color":"","ocean_post_title_background":0,"ocean_post_title_bg_image_position":"","ocean_post_title_bg_image_attachment":"","ocean_post_title_bg_image_repeat":"","ocean_post_title_bg_image_size":"","ocean_post_title_height":0,"ocean_post_title_bg_overlay":0.5,"ocean_post_title_bg_overlay_color":"","ocean_disable_breadcrumbs":"default","ocean_breadcrumbs_color":"","ocean_breadcrumbs_separator_color":"","ocean_breadcrumbs_links_color":"","ocean_breadcrumbs_links_hover_color":"","ocean_display_footer_widgets":"default","ocean_display_footer_bottom":"default","ocean_custom_footer_template":"0","ofc_enable_fullscreen":"disable","ofc_fullscreen_speed":0,"ofc_fullscreen_nav":"enable","ofc_fullscreen_nav_pos":"right","ofc_fullscreen_nav_color":"","ofc_fullscreen_nav_tooltip_color":"","ofc_fullscreen_responsive":0},"product_brand":[],"product_cat":[3235],"product_tag":[],"class_list":{"0":"post-44970","1":"product","2":"type-product","3":"status-publish","4":"has-post-thumbnail","6":"product_cat-king-in-black-5-kirkham-variant-cover-ryan-stegman-tyler-kirkham-donny-cates-it","7":"product_shipping_class-classe-di-spedizione_a","9":"entry","10":"has-media","12":"first","13":"outofstock","14":"taxable","15":"shipping-taxable","16":"purchasable","17":"product-type-simple","18":"col","19":"span_1_of_4","20":"owp-content-center","21":"owp-thumbs-layout-horizontal","22":"owp-btn-normal","23":"owp-tabs-layout-horizontal"},"acf":[],"_links":{"self":[{"href":"https:\/\/memorabilia-germany.de\/it\/wp-json\/wp\/v2\/product\/44970","targetHints":{"allow":["GET"]}}],"collection":[{"href":"https:\/\/memorabilia-germany.de\/it\/wp-json\/wp\/v2\/product"}],"about":[{"href":"https:\/\/memorabilia-germany.de\/it\/wp-json\/wp\/v2\/types\/product"}],"version-history":[{"count":0,"href":"https:\/\/memorabilia-germany.de\/it\/wp-json\/wp\/v2\/product\/44970\/revisions"}],"wp:featuredmedia":[{"embeddable":true,"href":"https:\/\/memorabilia-germany.de\/it\/wp-json\/wp\/v2\/media\/44971"}],"wp:attachment":[{"href":"https:\/\/memorabilia-germany.de\/it\/wp-json\/wp\/v2\/media?parent=44970"}],"wp:term":[{"taxonomy":"product_brand","embeddable":true,"href":"https:\/\/memorabilia-germany.de\/it\/wp-json\/wp\/v2\/product_brand?post=44970"},{"taxonomy":"product_cat","embeddable":true,"href":"https:\/\/memorabilia-germany.de\/it\/wp-json\/wp\/v2\/product_cat?post=44970"},{"taxonomy":"product_tag","embeddable":true,"href":"https:\/\/memorabilia-germany.de\/it\/wp-json\/wp\/v2\/product_tag?post=44970"}],"curies":[{"name":"wp","href":"https:\/\/api.w.org\/{rel}","templated":true}]}}