{"id":44908,"date":"2023-11-01T12:44:51","date_gmt":"2024-05-31T13:37:21","guid":{"rendered":"https:\/\/memorabilia-germany.de\/produkt\/amazing-spider-man-700-stan-lee-todd-mcfarlane-altri-4-artisti\/"},"modified":"2025-02-07T12:16:14","modified_gmt":"2025-02-07T11:16:14","slug":"amazing-spider-man-700-stan-lee-todd-mcfarlane-altri-4-artisti","status":"publish","type":"product","link":"https:\/\/memorabilia-germany.de\/it\/produkt\/amazing-spider-man-700-stan-lee-todd-mcfarlane-altri-4-artisti\/","title":{"rendered":"<\/br>AMAZING SPIDER-MAN #700 (Stan Lee + Todd McFarlane + altri 4 artisti)"},"content":{"rendered":"","protected":false},"excerpt":{"rendered":"<p><strong>Fumetto multiplo firmato e classificato della &#8220;CGC Signature Series&#8221;. Autografi del fondatore di MARVEL Stan Lee, del presidente di Image Comics e della leggenda di Spider-Man Todd McFarlane e di altri famosi fumettisti in copertina. Tutte le firme sui fumetti CGC di questa serie sono state firmate e testimoniate alla presenza di un esperto CGC. Per ulteriori informazioni, vedere sotto.<\/strong><\/p>\n<ul style=\"list-style-type: square;\">\n<li>Marchio della Grading Company: Certified Guaranty Company (CGC)<\/li>\n<li>Titolo: The Amazing Spider-Man #700<\/li>\n<li>Editore: MARVEL Comics<\/li>\n<li>Anno di pubblicazione: 2013<\/li>\n<li>Nota di valutazione: 9.4<\/li>\n<li>Firme: Stan Lee + Todd McFarlane + Giuseppe Camuncoli + Edgar Delgado + Victor Olazaba + Dan Slott, matita rossa colorata (tutti)<\/li>\n<li>Data delle firme: 30\/03\/2013 (Stan Lee + Delgado + Olazaba + Slott), 08\/02\/2013 (Todd McFarlane) e 16\/03\/2013 (Camuncoli)<\/li>\n<li>Informazioni sull&#8217;artista: Stan Lee non \u00e8 stato solo il fondatore della MARVEL Comics, ha plasmato l&#8217;intera scena ed \u00e8 considerato la persona pi\u00f9 importante nel mondo dei fumetti di tutti i tempi. Insieme ad altri leggendari fumettisti come Jack Kirby e Steve Ditko, Stan Lee ha inventato personaggi dei fumetti come Spider-Man, Iron Man, Thor, Black Panther, Daredevil, gli X-Men, Hulk e i Fantastici Quattro. Lee \u00e8 stato regolarmente celebrato anche per i suoi cameo nei film MARVEL. Oltre ai numerosi premi, nel 2011 ha ricevuto anche una stella sulla Hollywood Walk of Fame. Nel novembre 2018, il padre MARVEL \u00e8 morto a Los Angeles, ma la leggenda continua a vivere!<\/li>\n<li>Info sull&#8217;artista: Todd McFarlane \u00e8 considerato uno degli artisti di fumetti pi\u00f9 influenti e di successo di tutti i tempi. Negli anni &#8217;80 e &#8217;90, McFarlane ha portato il franchise di Spider-Man a un nuovo livello con il suo lavoro.<br \/>\nNel 1992, Todd McFarlane ha fondato, insieme ad altri grandi nomi del mondo dei fumetti, l&#8217;etichetta indipendente Image Comics, nota oggi per diversi franchise importanti come Spawn, Witchblade e The Walking Dead. \u00c8 presidente della casa editrice. McFarlane ha gi\u00e0 vinto molti premi per il suo lavoro. Il premio &#8220;Artist of the Year&#8221; della NFL per il suo lavoro di copertina del programma dei Baltimore Ravens e un Grammy Award per il miglior &#8220;Short Form Music Video&#8221; sono particolarmente eccezionali. Ha progettato il video di &#8220;Freak on a Leash&#8221; della band Korn.<\/li>\n<li>Info sull&#8217;artista: Le altre firme di questo fumetto sono di artisti altrettanto famosi. Dan Slott \u00e8 considerato uno degli autori di fumetti di maggior successo dell&#8217;ultimo decennio. Le sue opere includono &#8220;The Amazing Spider-Man #1&#8221; (2014), &#8220;Fantastic Four #1&#8221; (2018) e &#8220;The Amazing Spider-Man #700&#8221; (2013).<br \/>\nTutti i numeri occupano le prime posizioni della famosa classifica &#8220;Top 100 Best-Selling Comics of the Decade&#8221; di Diamond Comic. Giuseppe Camuncoli sta lavorando con successo anche a fumetti dell&#8217;universo di Spider-Man. Le sue altre opere includono titoli di tutti i principali editori.<br \/>\nOltre a MARVEL, lavora anche per DC Comics e Image Comics di Todd McFarlane. La serie di firme \u00e8 completata da Edgar Delgado e Victor Olazaba. Entrambi gli artisti sono affermati alla MARVEL e sono noti per il loro lavoro sui fumetti di Spider-Man e Venom. Tuttavia, il suo lavoro comprende anche pezzi per Star Wars, Guardiani della Galassia e I Fantastici Quattro.<\/li>\n<\/ul>\n<p>Pi\u00f9 CGC Comics ti trover\u00e0 <strong><a href=\"https:\/\/memorabilia-germany.de\/it\/cgc-comics-it\/\">qui<\/a><\/strong>.<\/p>\n","protected":false},"featured_media":44909,"template":"","meta":{"_acf_changed":false,"ocean_post_layout":"","ocean_both_sidebars_style":"","ocean_both_sidebars_content_width":0,"ocean_both_sidebars_sidebars_width":0,"ocean_sidebar":"0","ocean_second_sidebar":"0","ocean_disable_margins":"enable","ocean_add_body_class":"","ocean_shortcode_before_top_bar":"","ocean_shortcode_after_top_bar":"","ocean_shortcode_before_header":"","ocean_shortcode_after_header":"","ocean_has_shortcode":"","ocean_shortcode_after_title":"","ocean_shortcode_before_footer_widgets":"","ocean_shortcode_after_footer_widgets":"","ocean_shortcode_before_footer_bottom":"","ocean_shortcode_after_footer_bottom":"","ocean_display_top_bar":"default","ocean_display_header":"default","ocean_header_style":"","ocean_center_header_left_menu":"0","ocean_custom_header_template":"0","ocean_custom_logo":0,"ocean_custom_retina_logo":0,"ocean_custom_logo_max_width":0,"ocean_custom_logo_tablet_max_width":0,"ocean_custom_logo_mobile_max_width":0,"ocean_custom_logo_max_height":0,"ocean_custom_logo_tablet_max_height":0,"ocean_custom_logo_mobile_max_height":0,"ocean_header_custom_menu":"0","ocean_menu_typo_font_family":"0","ocean_menu_typo_font_subset":"","ocean_menu_typo_font_size":0,"ocean_menu_typo_font_size_tablet":0,"ocean_menu_typo_font_size_mobile":0,"ocean_menu_typo_font_size_unit":"px","ocean_menu_typo_font_weight":"","ocean_menu_typo_font_weight_tablet":"","ocean_menu_typo_font_weight_mobile":"","ocean_menu_typo_transform":"","ocean_menu_typo_transform_tablet":"","ocean_menu_typo_transform_mobile":"","ocean_menu_typo_line_height":0,"ocean_menu_typo_line_height_tablet":0,"ocean_menu_typo_line_height_mobile":0,"ocean_menu_typo_line_height_unit":"","ocean_menu_typo_spacing":0,"ocean_menu_typo_spacing_tablet":0,"ocean_menu_typo_spacing_mobile":0,"ocean_menu_typo_spacing_unit":"","ocean_menu_link_color":"","ocean_menu_link_color_hover":"","ocean_menu_link_color_active":"","ocean_menu_link_background":"","ocean_menu_link_hover_background":"","ocean_menu_link_active_background":"","ocean_menu_social_links_bg":"","ocean_menu_social_hover_links_bg":"","ocean_menu_social_links_color":"","ocean_menu_social_hover_links_color":"","ocean_disable_title":"default","ocean_disable_heading":"default","ocean_post_title":"","ocean_post_subheading":"","ocean_post_title_style":"","ocean_post_title_background_color":"","ocean_post_title_background":0,"ocean_post_title_bg_image_position":"","ocean_post_title_bg_image_attachment":"","ocean_post_title_bg_image_repeat":"","ocean_post_title_bg_image_size":"","ocean_post_title_height":0,"ocean_post_title_bg_overlay":0.5,"ocean_post_title_bg_overlay_color":"","ocean_disable_breadcrumbs":"default","ocean_breadcrumbs_color":"","ocean_breadcrumbs_separator_color":"","ocean_breadcrumbs_links_color":"","ocean_breadcrumbs_links_hover_color":"","ocean_display_footer_widgets":"default","ocean_display_footer_bottom":"default","ocean_custom_footer_template":"0","ofc_enable_fullscreen":"disable","ofc_fullscreen_speed":0,"ofc_fullscreen_nav":"enable","ofc_fullscreen_nav_pos":"right","ofc_fullscreen_nav_color":"","ofc_fullscreen_nav_tooltip_color":"","ofc_fullscreen_responsive":0},"product_brand":[],"product_cat":[3211],"product_tag":[],"class_list":{"0":"post-44908","1":"product","2":"type-product","3":"status-publish","4":"has-post-thumbnail","6":"product_cat-amazing-spider-man-700-stan-lee-todd-mcfarlane-altri-4-artisti","7":"product_shipping_class-classe-di-spedizione_a","9":"entry","10":"has-media","12":"first","13":"instock","14":"taxable","15":"shipping-taxable","16":"purchasable","17":"product-type-simple","18":"col","19":"span_1_of_4","20":"owp-content-center","21":"owp-thumbs-layout-horizontal","22":"owp-btn-normal","23":"owp-tabs-layout-horizontal"},"acf":[],"_links":{"self":[{"href":"https:\/\/memorabilia-germany.de\/it\/wp-json\/wp\/v2\/product\/44908","targetHints":{"allow":["GET"]}}],"collection":[{"href":"https:\/\/memorabilia-germany.de\/it\/wp-json\/wp\/v2\/product"}],"about":[{"href":"https:\/\/memorabilia-germany.de\/it\/wp-json\/wp\/v2\/types\/product"}],"version-history":[{"count":0,"href":"https:\/\/memorabilia-germany.de\/it\/wp-json\/wp\/v2\/product\/44908\/revisions"}],"wp:featuredmedia":[{"embeddable":true,"href":"https:\/\/memorabilia-germany.de\/it\/wp-json\/wp\/v2\/media\/44909"}],"wp:attachment":[{"href":"https:\/\/memorabilia-germany.de\/it\/wp-json\/wp\/v2\/media?parent=44908"}],"wp:term":[{"taxonomy":"product_brand","embeddable":true,"href":"https:\/\/memorabilia-germany.de\/it\/wp-json\/wp\/v2\/product_brand?post=44908"},{"taxonomy":"product_cat","embeddable":true,"href":"https:\/\/memorabilia-germany.de\/it\/wp-json\/wp\/v2\/product_cat?post=44908"},{"taxonomy":"product_tag","embeddable":true,"href":"https:\/\/memorabilia-germany.de\/it\/wp-json\/wp\/v2\/product_tag?post=44908"}],"curies":[{"name":"wp","href":"https:\/\/api.w.org\/{rel}","templated":true}]}}