{"id":44852,"date":"2023-11-11T13:01:42","date_gmt":"2024-05-31T13:08:42","guid":{"rendered":"https:\/\/memorabilia-germany.de\/produkt\/football-americano-mystery-box-serie-2023-24-any-given-sunday-make-it-double-chance\/"},"modified":"2024-05-31T15:08:42","modified_gmt":"2024-05-31T13:08:42","slug":"football-americano-mystery-box-serie-2023-24-any-given-sunday-make-it-double-chance","status":"publish","type":"product","link":"https:\/\/memorabilia-germany.de\/it\/produkt\/football-americano-mystery-box-serie-2023-24-any-given-sunday-make-it-double-chance\/","title":{"rendered":"FOOTBALL AMERICANO MYSTERY BOX: Serie 2023-24 ANY GIVEN SUNDAY (Make it double Chance!)"},"content":{"rendered":"<p><strong>Ulteriori informazioni su questa serie di Mystery Box in jersey:<\/strong><\/p>\n<ul style=\"list-style-type: square;\">\n<li>Nota: le maglie da calcio americane custom sono maglie autografate da collezionare o incorniciare che non presentano loghi o etichette della squadra. Potete trovare le differenze rispetto alle maglie Authentic <a href=\"https:\/\/memorabilia-germany.de\/it\/sports-memorabilia-faq-it\/#faq-jersey-types\"><strong><u>qui<\/u><\/strong><\/a>.<u><\/u><\/li>\n<li>Le maglie sono state distribuite casualmente tra le scatole.<\/li>\n<li>Tutti i cimeli contenuti in una Jersey Mystery Box sono stati verificati da un autenticatore statunitense leader di mercato e sono dotati di funzionalit\u00e0 di sicurezza con numero di serie (Certificate of Authenticity e\/o ologramma di sicurezza). Gli autenticatori sono esclusivamente: Beckett, James Spence Authentication, PSA\/DNA o Fanatics. Potete trovare ulteriori informazioni sull&#8217;importante tema dell&#8217;autenticazione <strong><a href=\"https:\/\/memorabilia-germany.de\/it\/autenticazione-della-firma\/\">qui<\/a><\/strong>.<\/li>\n<li>Con noi ottieni una panoramica COMPLETA dell&#8217;elenco dei giocatori inclusi in questa serie Mystery Box:<\/li>\n<\/ul>\n<p style=\"text-align: center;\">Joe Montana<br \/>\nTravis Kelce<br \/>\nD.K. Metcalf<br \/>\nTyreek Hill<br \/>\nMac Jones<br \/>\nC.J. Stroud<br \/>\nChristian McCaffrey<br \/>\nDavante Adams<br \/>\nO. J. Simpson<br \/>\nAaron Jones<br \/>\nAlvin Kamara<br \/>\nDevon Witherspoon<br \/>\nMinkah Fitzpatrick<br \/>\nDavid Montgomery<br \/>\nJustin Fields<br \/>\nSaquon Barkley<br \/>\nDeebo Samuel<br \/>\nJaxon Smith-Njigba<br \/>\nOdell Beckham Jr.<br \/>\nJaylen Waddle<br \/>\nCeeDee Lamb<br \/>\nRhamondre Stevenson<br \/>\nTyler Lockett<br \/>\nDaniel Jones<br \/>\nJayden Reed<br \/>\nMiles Sanders<br \/>\nTrevon Diggs<br \/>\nIsiah Pacheco<br \/>\nMarquez Valdes-Scantling<br \/>\nSteve Largent<br \/>\nD.J. Moore<br \/>\nAllen Lazard<br \/>\nRashee Rice<br \/>\nKeenan Allen<br \/>\nCam Akers<br \/>\nDarius Leonard<br \/>\nRaymond &#8220;Ray-Ray&#8221; McCloud III<br \/>\nThurman Thomas<br \/>\nJavonte Williams<br \/>\nNick Bolton<br \/>\nTony Boselli<br \/>\nBob Griese<br \/>\nVince Papale<br \/>\nCameron Heyward<br \/>\nDrew Pearson<br \/>\nTravis Etienne Jr.<br \/>\nMichael Vick<br \/>\nRicky Williams<br \/>\nPatrick Surtain II<br \/>\nCordarrelle Patterson<br \/>\nD\u2019Andre Swift<\/p>\n<p>Se una serie contiene pi\u00f9 di un FOOTBALL AMERICANO MEMORABILIA dello stesso giocatore, riceverete un &#8220;No Double Option&#8221;. Ci\u00f2 significa che sicuramente non otterrai un giocatore duplicato se acquisti pi\u00f9 di una scatola.<\/p>\n<p>Come funziona una Mystery Box in jersey?<\/p>\n<p>Potete trovare informazioni al riguardo nelle nostre <strong><a href=\"https:\/\/memorabilia-germany.de\/it\/sports-memorabilia-faq-it\/#memorabilia-mystery-box\"><u>FAQ<\/u><\/a><\/strong>!<\/p>\n<p>Qual \u00e8 la differenza tra maglie Custom e maglie Authentic?<\/p>\n<p>Potete trovare informazioni al riguardo nelle nostre <strong><a href=\"https:\/\/memorabilia-germany.de\/it\/sports-memorabilia-faq-it\/#faq-jersey-types\"><u>FAQ<\/u><\/a><\/strong>!<\/p>\n<p>\u00c8 possibile trovare altri memorabilia di Football Americano <strong><a href=\"https:\/\/memorabilia-germany.de\/de\/football-memorabilia\/\">qui<\/a><\/strong>.<\/p>\n","protected":false},"excerpt":{"rendered":"<p><strong>Questa serie \u00e8 limitato a 65 maglia da football americano <a href=\"https:\/\/memorabilia-germany.de\/it\/sports-memorabilia-faq-it\/#memorabilia-mystery-box\"><u>Mystery Boxes<\/u><\/a>.<br \/>\nOgni scatola ha un numero di serie.<br \/>\nTrova maglie da football americano autografate da superstar della NFL come Travis Kelce, Tyreek Hill, D.K. Metcalf o Christian McCaffrey in questa serie.<\/strong><\/p>\n<p><strong>Panoramica rapida:<\/strong><\/p>\n<ul style=\"list-style-type: square;\">\n<li>Contenuto di ogni scatola: signiertes <a href=\"https:\/\/memorabilia-germany.de\/it\/sports-memorabilia-faq-it\/#faq-jersey-types\"><strong><u>Custom Football Trikot <\/u><\/strong><\/a> autografata. Le immagini ti danno un piccolo spaccato del segreto della serie!<\/li>\n<li>Tutte le maglie sono firmate da almeno una stella o leggenda della NFL attuale. Inoltre, molte maglie sono anche autografate con le Inscriptions dei giocatori!<\/li>\n<li><strong>Make it double Chance<\/strong>: alcune scatole contengono non solo 1, ma 2 maglie autografate!<\/li>\n<li>Autenticazione (esclusiva): <strong><a href=\"https:\/\/memorabilia-germany.de\/it\/autenticazione-della-firma\/#signature-authentication-beckett\">Beckett<\/a><\/strong>, <strong><a href=\"https:\/\/memorabilia-germany.de\/it\/autenticazione-della-firma\/#signature-authentication-james-spence\">James Spence Authentication<\/a><\/strong>, <strong><a href=\"https:\/\/memorabilia-germany.de\/it\/autenticazione-della-firma\/#signature-authentication-psa-dna\">PSA\/DNA<\/a><\/strong> o <strong><a href=\"https:\/\/memorabilia-germany.de\/it\/autenticazione-della-firma\/#signature-authentication-fanatics\">Fanatics<\/a><\/strong>.<\/li>\n<\/ul>\n","protected":false},"featured_media":44853,"template":"","meta":{"_acf_changed":false,"ocean_post_layout":"","ocean_both_sidebars_style":"","ocean_both_sidebars_content_width":0,"ocean_both_sidebars_sidebars_width":0,"ocean_sidebar":"0","ocean_second_sidebar":"0","ocean_disable_margins":"enable","ocean_add_body_class":"","ocean_shortcode_before_top_bar":"","ocean_shortcode_after_top_bar":"","ocean_shortcode_before_header":"","ocean_shortcode_after_header":"","ocean_has_shortcode":"","ocean_shortcode_after_title":"","ocean_shortcode_before_footer_widgets":"","ocean_shortcode_after_footer_widgets":"","ocean_shortcode_before_footer_bottom":"","ocean_shortcode_after_footer_bottom":"","ocean_display_top_bar":"default","ocean_display_header":"default","ocean_header_style":"","ocean_center_header_left_menu":"0","ocean_custom_header_template":"0","ocean_custom_logo":0,"ocean_custom_retina_logo":0,"ocean_custom_logo_max_width":0,"ocean_custom_logo_tablet_max_width":0,"ocean_custom_logo_mobile_max_width":0,"ocean_custom_logo_max_height":0,"ocean_custom_logo_tablet_max_height":0,"ocean_custom_logo_mobile_max_height":0,"ocean_header_custom_menu":"0","ocean_menu_typo_font_family":"0","ocean_menu_typo_font_subset":"","ocean_menu_typo_font_size":0,"ocean_menu_typo_font_size_tablet":0,"ocean_menu_typo_font_size_mobile":0,"ocean_menu_typo_font_size_unit":"px","ocean_menu_typo_font_weight":"","ocean_menu_typo_font_weight_tablet":"","ocean_menu_typo_font_weight_mobile":"","ocean_menu_typo_transform":"","ocean_menu_typo_transform_tablet":"","ocean_menu_typo_transform_mobile":"","ocean_menu_typo_line_height":0,"ocean_menu_typo_line_height_tablet":0,"ocean_menu_typo_line_height_mobile":0,"ocean_menu_typo_line_height_unit":"","ocean_menu_typo_spacing":0,"ocean_menu_typo_spacing_tablet":0,"ocean_menu_typo_spacing_mobile":0,"ocean_menu_typo_spacing_unit":"","ocean_menu_link_color":"","ocean_menu_link_color_hover":"","ocean_menu_link_color_active":"","ocean_menu_link_background":"","ocean_menu_link_hover_background":"","ocean_menu_link_active_background":"","ocean_menu_social_links_bg":"","ocean_menu_social_hover_links_bg":"","ocean_menu_social_links_color":"","ocean_menu_social_hover_links_color":"","ocean_disable_title":"default","ocean_disable_heading":"default","ocean_post_title":"","ocean_post_subheading":"","ocean_post_title_style":"","ocean_post_title_background_color":"","ocean_post_title_background":0,"ocean_post_title_bg_image_position":"","ocean_post_title_bg_image_attachment":"","ocean_post_title_bg_image_repeat":"","ocean_post_title_bg_image_size":"","ocean_post_title_height":0,"ocean_post_title_bg_overlay":0.5,"ocean_post_title_bg_overlay_color":"","ocean_disable_breadcrumbs":"default","ocean_breadcrumbs_color":"","ocean_breadcrumbs_separator_color":"","ocean_breadcrumbs_links_color":"","ocean_breadcrumbs_links_hover_color":"","ocean_display_footer_widgets":"default","ocean_display_footer_bottom":"default","ocean_custom_footer_template":"0","ofc_enable_fullscreen":"disable","ofc_fullscreen_speed":0,"ofc_fullscreen_nav":"enable","ofc_fullscreen_nav_pos":"right","ofc_fullscreen_nav_color":"","ofc_fullscreen_nav_tooltip_color":"","ofc_fullscreen_responsive":0},"product_brand":[],"product_cat":[3379],"product_tag":[],"class_list":{"0":"post-44852","1":"product","2":"type-product","3":"status-publish","4":"has-post-thumbnail","6":"product_cat-maglia-da-football-americano-mystery-box-2023-24-any-given-sunday-series-make-it-double-chance","7":"product_shipping_class-classe-di-spedizione_a","9":"entry","10":"has-media","12":"first","13":"outofstock","14":"taxable","15":"shipping-taxable","16":"product-type-simple","17":"col","18":"span_1_of_4","19":"owp-content-center","20":"owp-thumbs-layout-horizontal","21":"owp-btn-normal","22":"owp-tabs-layout-horizontal"},"acf":[],"_links":{"self":[{"href":"https:\/\/memorabilia-germany.de\/it\/wp-json\/wp\/v2\/product\/44852","targetHints":{"allow":["GET"]}}],"collection":[{"href":"https:\/\/memorabilia-germany.de\/it\/wp-json\/wp\/v2\/product"}],"about":[{"href":"https:\/\/memorabilia-germany.de\/it\/wp-json\/wp\/v2\/types\/product"}],"version-history":[{"count":0,"href":"https:\/\/memorabilia-germany.de\/it\/wp-json\/wp\/v2\/product\/44852\/revisions"}],"wp:featuredmedia":[{"embeddable":true,"href":"https:\/\/memorabilia-germany.de\/it\/wp-json\/wp\/v2\/media\/44853"}],"wp:attachment":[{"href":"https:\/\/memorabilia-germany.de\/it\/wp-json\/wp\/v2\/media?parent=44852"}],"wp:term":[{"taxonomy":"product_brand","embeddable":true,"href":"https:\/\/memorabilia-germany.de\/it\/wp-json\/wp\/v2\/product_brand?post=44852"},{"taxonomy":"product_cat","embeddable":true,"href":"https:\/\/memorabilia-germany.de\/it\/wp-json\/wp\/v2\/product_cat?post=44852"},{"taxonomy":"product_tag","embeddable":true,"href":"https:\/\/memorabilia-germany.de\/it\/wp-json\/wp\/v2\/product_tag?post=44852"}],"curies":[{"name":"wp","href":"https:\/\/api.w.org\/{rel}","templated":true}]}}