{"id":44656,"date":"2023-11-30T19:10:14","date_gmt":"2024-05-29T11:26:18","guid":{"rendered":"https:\/\/memorabilia-germany.de\/produkt\/nfl-trading-cards-pocket-packblack-edition5-unopened-packs\/"},"modified":"2024-05-29T13:26:18","modified_gmt":"2024-05-29T11:26:18","slug":"nfl-trading-cards-pocket-packblack-edition5-unopened-packs","status":"publish","type":"product","link":"https:\/\/memorabilia-germany.de\/it\/produkt\/nfl-trading-cards-pocket-packblack-edition5-unopened-packs\/","title":{"rendered":"NFL Trading Cards Pocket Pack<\/br>\u201cBlack Edition\u201d<\/br>(5 unopened packs)"},"content":{"rendered":"<p style=\"text-align: center;\"><strong>Tutte le confezioni di questa serie provengono esclusivamente dalle seguenti scatole di Trading Cards:<\/strong><br \/>\n2023 Panini Donruss Elite Football (Hobby Box)<br \/>\n2014 Topps Chrome Football (Hobby Box)<br \/>\n2016 Panini Donruss Optic Football (Mega Box)<br \/>\n2023 Panini Score Football (Retail Box)<br \/>\n1996 Skybox Impact Rookies (Hobby Box)<br \/>\n1992 Topps Football Picture Cards (Wax Box)<br \/>\n1989 NFL Pro Set \u2013 The Official NFL Card (Wax Box)<br \/>\n1991 Pinnacle NFL Football Player Cards (Hobby Box)<br \/>\n2023 Panini Donruss Elite Football (Blaster Box)<br \/>\n1995 Collector\u2019s Edge Black Label NFL Trading Cards (Hobby Box)<br \/>\n1990 SCORE NFL Football Player Cards (Wax Box)<br \/>\n1994 Classic\u2019s NFL Experience Collection (Hobby Box)<br \/>\n2023 Panini Chronicles Draft Football (Blaster Box)<br \/>\n1991 Upper Deck NFL Football Premiere Edition (Hobby Box)<br \/>\n1991 NFL Pacific Pro Football Plus Player Cards (Wax Box)<br \/>\n1994 Skybox Premium Football (Hobby Box)<br \/>\n1996 Leaf Football Cards (Hobby Box)<br \/>\n1990 NFL Pro Set \u2013 The Official NFL Card (Wax Box)<br \/>\n1992 Topps Stadium Club Football (Hobby Box)\n<\/p>\n<p><strong>Nota<\/strong>: tutte le confezioni di Trading Cards sono state controllate da Memorabilia Germany per verificarne le condizioni e le Mystery Box contengono solo confezioni in ottime condizioni che non sono mai state aperte. Tieni presente, tuttavia, che le carte hanno fino a 35 anni e quindi non possiamo garantire le condizioni dei pacchetti.<\/p>\n<p>Come funziona una Mystery-Box?<br \/>\nPotete trovare informazioni al riguardo nelle nostre <strong><a href=\"https:\/\/memorabilia-germany.de\/it\/sports-memorabilia-faq-it\/#memorabilia-mystery-box\"><u>FAQ<\/u><\/a><\/strong>!<\/p>\n","protected":false},"excerpt":{"rendered":"<p><strong>Questa serie \u00e8 limitata a un totale di 50 pocket pack di carte collezionabili NFL. Ogni confezione \u00e8 sigillata e ha un numero di serie. I pacchetti contengono confezioni non aperte delle edizioni di Trading Cards pi\u00f9 esclusive di oggi e delle edizioni esaurite dei decenni passati. Qui puoi trovare carte rare degli anni &#8217;80, &#8217;90 e 2000, ad esempio di Joe Montana, Tom Brady, Peyton Manning o Dan Marino, cos\u00ec come le ultime carte autografe, paralleli o altri inserti delle superstar di oggi! <\/strong><\/p>\n<p><strong>Informazioni sul prodotto:<\/strong><\/p>\n<ul style=\"list-style-type: square;\">\n<li>Contenuto di ogni confezione: 5 confezioni non aperte dalla fine degli anni &#8217;80 all&#8217;attuale stagione NFL (vedi elenco dettagliato di seguito).<\/li>\n<li>Solo tutti i pacchetti provengono da scatole &#8220;factory sealed&#8221;.<\/li>\n<li>Trova figurine originali delle stelle della NFL degli ultimi quasi 40 anni come Joe Montana, Tom Brady, Dan Marino, Patrick Mahomes, Peyton Manning, Emmitt Smith, Tyreek Hill, John Elway, Christian McCaffrey, DK Metcalf, Aaron Rodgers, Drew Brees , Rob Gronkowski, CJ Stroud, Travis Kelce, Joe Burrow o Jalen Hurts.<\/li>\n<\/ul>\n<p>&nbsp;<\/p>\n<p><strong>Highlight Chances:<\/strong><\/p>\n<ul style=\"list-style-type: square;\">\n<li>2023 Panini Donruss Elite Football Turn of the Century Autographs:\n<ul style=\"list-style-type: circle;\">\n<li>Turn of the Century Autographs Purple numbered to 10<\/li>\n<li>Turn of the Century Autographs Gold numbered to 5<\/li>\n<li>Turn of the Century Autographs Black numbered to 1<\/li>\n<\/ul>\n<\/li>\n<li>2023 Panini Donruss Elite Football Insert Cards:\n<ul style=\"list-style-type: circle;\">\n<li>Razzle Dazzle &amp; Elite One of One Rookies<\/li>\n<li>Colored Pen Pals<\/li>\n<li>2003 Elite Throwback Rookies<\/li>\n<li>Moxie Prime Max + MVPBound<\/li>\n<li>One-of-One Team Lineage Signatures Black <\/li>\n<\/ul>\n<\/li>\n<li>Trova gli Inserts Panini Donruss 2003 Elite Throwback di stelle vecchie e nuove con il design di inizio millennio! Inoltre Throwback Inserts sono numerati:\n<ul style=\"list-style-type: circle;\">\n<li>2003 Elite Rookies Aspirations Die-Cut Max numbered to 99<\/li>\n<li>2003 Elite Rookies Status Die-Cut Max numbered to 99<\/li>\n<li>2003 Elite Rookies Gold numbered to 10<\/li>\n<li>2003 Elite Black One-of-One<\/li>\n<\/ul>\n<\/li>\n<li>2014 Topps Chrome Football Autograph, Limited Inserts &amp; Patch Cards Highlights:\n<ul style=\"list-style-type: circle;\">\n<li>1963 Topps Throwback Football SuperFractor numbered to 1<\/li>\n<li>1965 Topps Throwback Football SuperFractor numbered to 1<\/li>\n<li>1985 Topps Throwback Football Refractor Autographs<\/li>\n<li>Fantasy Focus Superfractor numbered to 1<\/li>\n<li>Chrome Rookie Die-Cut Refractor Autographs numbered to 15<\/li>\n<li>1,000 Yard Club &amp; 4,000 Yard Club Red Refractor Numbered Autographs<\/li>\n<li>Rookie Autograph Patch Cards + Dual &amp; Triple Rookie Autographs<\/li>\n<\/ul>\n<\/li>\n<li>2016 Panini Donruss Optic Football Memorabilia Cards and Colored Parallels:\n<ul style=\"list-style-type: circle;\">\n<li>Memorabilia Exclusive<\/li>\n<li>Red + Yellow Rookie Parallels<\/li>\n<li>Red + Yellow Rated Rookie Parallels<\/li>\n<li>Blue + Green Donruss Threads Parallels<\/li>\n<li>Blue + Green Rookie Threads Parallels<\/li>\n<li>La classe di esordienti comprende nomi come Ezekiel Elliott, Dak Prescott, Tyreek Hill, Joey Bosa, Jared Goff e Michael Thomas!<\/li>\n<\/ul>\n<\/li>\n<li>2023 Panini Score Football Parallels &amp; Insert Cards:\n<ul style=\"list-style-type: circle;\">\n<li>All-Hands Team Lenticulars + Top 100 Exclusives<\/li>\n<li>First Ballot + Sack Attack<\/li>\n<li>Celebration, Protential &amp; Huddle Up<\/li>\n<li>Throwback Rookies<\/li>\n<li>It&#8217;s Good<\/li>\n<\/ul>\n<\/li>\n<\/ul>\n","protected":false},"featured_media":44657,"template":"","meta":{"_acf_changed":false,"ocean_post_layout":"","ocean_both_sidebars_style":"","ocean_both_sidebars_content_width":0,"ocean_both_sidebars_sidebars_width":0,"ocean_sidebar":"0","ocean_second_sidebar":"0","ocean_disable_margins":"enable","ocean_add_body_class":"","ocean_shortcode_before_top_bar":"","ocean_shortcode_after_top_bar":"","ocean_shortcode_before_header":"","ocean_shortcode_after_header":"","ocean_has_shortcode":"","ocean_shortcode_after_title":"","ocean_shortcode_before_footer_widgets":"","ocean_shortcode_after_footer_widgets":"","ocean_shortcode_before_footer_bottom":"","ocean_shortcode_after_footer_bottom":"","ocean_display_top_bar":"default","ocean_display_header":"default","ocean_header_style":"","ocean_center_header_left_menu":"0","ocean_custom_header_template":"0","ocean_custom_logo":0,"ocean_custom_retina_logo":0,"ocean_custom_logo_max_width":0,"ocean_custom_logo_tablet_max_width":0,"ocean_custom_logo_mobile_max_width":0,"ocean_custom_logo_max_height":0,"ocean_custom_logo_tablet_max_height":0,"ocean_custom_logo_mobile_max_height":0,"ocean_header_custom_menu":"0","ocean_menu_typo_font_family":"0","ocean_menu_typo_font_subset":"","ocean_menu_typo_font_size":0,"ocean_menu_typo_font_size_tablet":0,"ocean_menu_typo_font_size_mobile":0,"ocean_menu_typo_font_size_unit":"px","ocean_menu_typo_font_weight":"","ocean_menu_typo_font_weight_tablet":"","ocean_menu_typo_font_weight_mobile":"","ocean_menu_typo_transform":"","ocean_menu_typo_transform_tablet":"","ocean_menu_typo_transform_mobile":"","ocean_menu_typo_line_height":0,"ocean_menu_typo_line_height_tablet":0,"ocean_menu_typo_line_height_mobile":0,"ocean_menu_typo_line_height_unit":"","ocean_menu_typo_spacing":0,"ocean_menu_typo_spacing_tablet":0,"ocean_menu_typo_spacing_mobile":0,"ocean_menu_typo_spacing_unit":"","ocean_menu_link_color":"","ocean_menu_link_color_hover":"","ocean_menu_link_color_active":"","ocean_menu_link_background":"","ocean_menu_link_hover_background":"","ocean_menu_link_active_background":"","ocean_menu_social_links_bg":"","ocean_menu_social_hover_links_bg":"","ocean_menu_social_links_color":"","ocean_menu_social_hover_links_color":"","ocean_disable_title":"default","ocean_disable_heading":"default","ocean_post_title":"","ocean_post_subheading":"","ocean_post_title_style":"","ocean_post_title_background_color":"","ocean_post_title_background":0,"ocean_post_title_bg_image_position":"","ocean_post_title_bg_image_attachment":"","ocean_post_title_bg_image_repeat":"","ocean_post_title_bg_image_size":"","ocean_post_title_height":0,"ocean_post_title_bg_overlay":0.5,"ocean_post_title_bg_overlay_color":"","ocean_disable_breadcrumbs":"default","ocean_breadcrumbs_color":"","ocean_breadcrumbs_separator_color":"","ocean_breadcrumbs_links_color":"","ocean_breadcrumbs_links_hover_color":"","ocean_display_footer_widgets":"default","ocean_display_footer_bottom":"default","ocean_custom_footer_template":"0","ofc_enable_fullscreen":"disable","ofc_fullscreen_speed":0,"ofc_fullscreen_nav":"enable","ofc_fullscreen_nav_pos":"right","ofc_fullscreen_nav_color":"","ofc_fullscreen_nav_tooltip_color":"","ofc_fullscreen_responsive":0},"product_brand":[],"product_cat":[3327],"product_tag":[],"class_list":{"0":"post-44656","1":"product","2":"type-product","3":"status-publish","4":"has-post-thumbnail","6":"product_cat-nfl-trading-cards-pocket-pack-black-edition-5-unopened-packs-it","7":"product_shipping_class-classe-di-spedizione_a","9":"entry","10":"has-media","12":"first","13":"outofstock","14":"taxable","15":"shipping-taxable","16":"product-type-simple","17":"col","18":"span_1_of_4","19":"owp-content-center","20":"owp-thumbs-layout-horizontal","21":"owp-btn-normal","22":"owp-tabs-layout-horizontal"},"acf":[],"_links":{"self":[{"href":"https:\/\/memorabilia-germany.de\/it\/wp-json\/wp\/v2\/product\/44656","targetHints":{"allow":["GET"]}}],"collection":[{"href":"https:\/\/memorabilia-germany.de\/it\/wp-json\/wp\/v2\/product"}],"about":[{"href":"https:\/\/memorabilia-germany.de\/it\/wp-json\/wp\/v2\/types\/product"}],"version-history":[{"count":0,"href":"https:\/\/memorabilia-germany.de\/it\/wp-json\/wp\/v2\/product\/44656\/revisions"}],"wp:featuredmedia":[{"embeddable":true,"href":"https:\/\/memorabilia-germany.de\/it\/wp-json\/wp\/v2\/media\/44657"}],"wp:attachment":[{"href":"https:\/\/memorabilia-germany.de\/it\/wp-json\/wp\/v2\/media?parent=44656"}],"wp:term":[{"taxonomy":"product_brand","embeddable":true,"href":"https:\/\/memorabilia-germany.de\/it\/wp-json\/wp\/v2\/product_brand?post=44656"},{"taxonomy":"product_cat","embeddable":true,"href":"https:\/\/memorabilia-germany.de\/it\/wp-json\/wp\/v2\/product_cat?post=44656"},{"taxonomy":"product_tag","embeddable":true,"href":"https:\/\/memorabilia-germany.de\/it\/wp-json\/wp\/v2\/product_tag?post=44656"}],"curies":[{"name":"wp","href":"https:\/\/api.w.org\/{rel}","templated":true}]}}