{"id":44593,"date":"2023-12-11T12:53:04","date_gmt":"2024-05-28T14:17:10","guid":{"rendered":"https:\/\/memorabilia-germany.de\/produkt\/2014-topps-chrome-nfl-trading-cards-single-pack-2\/"},"modified":"2024-06-18T15:57:12","modified_gmt":"2024-06-18T13:57:12","slug":"2014-topps-chrome-nfl-trading-cards-single-pack-2","status":"publish","type":"product","link":"https:\/\/memorabilia-germany.de\/it\/produkt\/2014-topps-chrome-nfl-trading-cards-single-pack-2\/","title":{"rendered":"2014 topps Chrome NFL Trading Cards, Single Pack"},"content":{"rendered":"","protected":false},"excerpt":{"rendered":"<p><strong>Confezione non aperta di figurine collezionabili NFL, originali del 2014. Perch\u00e9 non fanno correre la palla? Questo \u00e8 esattamente il pensiero che ha attraversato la mente di quasi tutti i fan dei Seahawks quando la stagione NFL 2014 si \u00e8 decisa all&#8217;ultimo secondo nel Super Bowl XLIX. Seattle si trovava sulla linea delle 1 yard con la possibilit\u00e0 di vincere il Super Bowl con un touchdown. Il running back Marshawn Lynch era pronto e i Seahawks&#8230; passano la palla e vengono intercettati dall&#8217;angolo dei Patriots Malcolm Butler. La stagione \u00e8 subito storia: i Pats vincono e la giocata \u00e8 considerata la peggiore della NFL!<\/strong><br \/>\n<strong>La stagione vera e propria \u00e8 stata spettacolare come sempre. Aaron Rodgers, Big Ben Roethlisberger, Tom Brady, Peyton Manning, Michael Vick e Drew Brees. Il campionato era ricco di quarterback leggendari. E con esordienti come Jadeveon Clowney, Khalil Mack, Mike Evans, Derek Carr, Davante Adams e Odell Beckham Jr. la lega si \u00e8 arricchita di una classe di draft insolitamente forte. Per ulteriori informazioni, vedere sotto.<\/strong><\/p>\n<ul style=\"list-style-type: square;\">\n<li>Contenuto della confezione: 4 NFL Trading Cards<\/li>\n<li>Anno di pubblicazione: 2014<\/li>\n<li>Marca: topps Chrome<\/li>\n<li>Paese: USA<\/li>\n<li>La confezione (&#8220;Single Pack&#8221;) proviene da una &#8220;Hobby Box&#8221; aperta da Memorabilia Germany, che contiene un totale di 24 confezioni. Nonostante l&#8217;et\u00e0, tutti i pacchi sono in condizioni incontaminate.<\/li>\n<li>Trova carte originali di leggende della NFL del 2014 come Tom Brady, Aaron Rodgers, Drew Brees, J.J. Watt, Rob Gronkowski o Tony Romo.<\/li>\n<li>Autographs, Limited Inserts &amp; Patch Cards Highlights:\n<ul style=\"list-style-type: circle;\">\n<li>1963 Topps Throwback Football SuperFractor numbered to 1<\/li>\n<li>1965 Topps Throwback Football SuperFractor numbered to 1<\/li>\n<li>1985 Topps Throwback Football Refractor Autographs<\/li>\n<li>Fantasy Focus Superfractor numbered to 1<\/li>\n<li>Chrome Rookie Die-Cut Refractor Autographs numbered to 15<\/li>\n<li>1,000 Yard Club &amp; 4,000 Yard Club Red Refractor Numbered Autographs<\/li>\n<li>Rookie Autograph Patch Cards + Dual &amp; Triple Rookie Autographs<\/li>\n<\/ul>\n<\/li>\n<li>La serie \u00e8 inoltre ricca di ulteriori Parallels e carte di variazione. Varianti Rookie e Veteran, rifrattori Hobby Exclusive Sepia-Tone, Blue Waves o BCA Bordered Parallels, solo per citarne alcuni.<\/li>\n<li>Trova le carte degli esordienti della classe del Draft NFL del 2014, considerata una delle classi pi\u00f9 forti di tutti i tempi. Giocatori come Odell Beckham Jr, Davante Adams, Derek Carr, Khalil Mack, Aaron Donalds, Mike Evans e Jadeveon Clowney sono arrivati nella lega.<\/li>\n<li>Informazioni di base 2014: la Germania \u00e8 finalmente di nuovo campione del mondo di calcio! Dopo una devastante vittoria per 7 a 2 contro il Brasile, la squadra DFB \u00e8 finalmente tornata ad essere la numero uno al mondo dopo una lunga attesa contro l&#8217;Argentina a Rio de Janeiro. Nei cinema, i Guardiani della Galassia stanno catturando i cuori del pubblico, mentre artisti come Beyonce, Ariana Grande, Eminem e Coldplay sono in testa in termini di musica. Le nostre Trading Cards &#8220;Vintage&#8221; sono un sogno per tutti i nostalgici e i collezionisti, perch\u00e9 non sono riproduzioni delle carte precedenti, ma tutti i pacchetti sono originali dell&#8217;epoca in cui sono stati pubblicati.<\/li>\n<\/ul>\n<p>Puoi trovare altre Trading Cards del passato <strong><a href=\"https:\/\/memorabilia-germany.de\/it\/trading-cards\">qui<\/a><\/strong>.<\/p>\n","protected":false},"featured_media":44594,"template":"","meta":{"_acf_changed":false,"ocean_post_layout":"","ocean_both_sidebars_style":"","ocean_both_sidebars_content_width":0,"ocean_both_sidebars_sidebars_width":0,"ocean_sidebar":"0","ocean_second_sidebar":"0","ocean_disable_margins":"enable","ocean_add_body_class":"","ocean_shortcode_before_top_bar":"","ocean_shortcode_after_top_bar":"","ocean_shortcode_before_header":"","ocean_shortcode_after_header":"","ocean_has_shortcode":"","ocean_shortcode_after_title":"","ocean_shortcode_before_footer_widgets":"","ocean_shortcode_after_footer_widgets":"","ocean_shortcode_before_footer_bottom":"","ocean_shortcode_after_footer_bottom":"","ocean_display_top_bar":"default","ocean_display_header":"default","ocean_header_style":"","ocean_center_header_left_menu":"0","ocean_custom_header_template":"0","ocean_custom_logo":0,"ocean_custom_retina_logo":0,"ocean_custom_logo_max_width":0,"ocean_custom_logo_tablet_max_width":0,"ocean_custom_logo_mobile_max_width":0,"ocean_custom_logo_max_height":0,"ocean_custom_logo_tablet_max_height":0,"ocean_custom_logo_mobile_max_height":0,"ocean_header_custom_menu":"0","ocean_menu_typo_font_family":"0","ocean_menu_typo_font_subset":"","ocean_menu_typo_font_size":0,"ocean_menu_typo_font_size_tablet":0,"ocean_menu_typo_font_size_mobile":0,"ocean_menu_typo_font_size_unit":"px","ocean_menu_typo_font_weight":"","ocean_menu_typo_font_weight_tablet":"","ocean_menu_typo_font_weight_mobile":"","ocean_menu_typo_transform":"","ocean_menu_typo_transform_tablet":"","ocean_menu_typo_transform_mobile":"","ocean_menu_typo_line_height":0,"ocean_menu_typo_line_height_tablet":0,"ocean_menu_typo_line_height_mobile":0,"ocean_menu_typo_line_height_unit":"","ocean_menu_typo_spacing":0,"ocean_menu_typo_spacing_tablet":0,"ocean_menu_typo_spacing_mobile":0,"ocean_menu_typo_spacing_unit":"","ocean_menu_link_color":"","ocean_menu_link_color_hover":"","ocean_menu_link_color_active":"","ocean_menu_link_background":"","ocean_menu_link_hover_background":"","ocean_menu_link_active_background":"","ocean_menu_social_links_bg":"","ocean_menu_social_hover_links_bg":"","ocean_menu_social_links_color":"","ocean_menu_social_hover_links_color":"","ocean_disable_title":"default","ocean_disable_heading":"default","ocean_post_title":"","ocean_post_subheading":"","ocean_post_title_style":"","ocean_post_title_background_color":"","ocean_post_title_background":0,"ocean_post_title_bg_image_position":"","ocean_post_title_bg_image_attachment":"","ocean_post_title_bg_image_repeat":"","ocean_post_title_bg_image_size":"","ocean_post_title_height":0,"ocean_post_title_bg_overlay":0.5,"ocean_post_title_bg_overlay_color":"","ocean_disable_breadcrumbs":"default","ocean_breadcrumbs_color":"","ocean_breadcrumbs_separator_color":"","ocean_breadcrumbs_links_color":"","ocean_breadcrumbs_links_hover_color":"","ocean_display_footer_widgets":"default","ocean_display_footer_bottom":"default","ocean_custom_footer_template":"0","ofc_enable_fullscreen":"disable","ofc_fullscreen_speed":0,"ofc_fullscreen_nav":"enable","ofc_fullscreen_nav_pos":"right","ofc_fullscreen_nav_color":"","ofc_fullscreen_nav_tooltip_color":"","ofc_fullscreen_responsive":0},"product_brand":[],"product_cat":[2734],"product_tag":[],"class_list":{"0":"post-44593","1":"product","2":"type-product","3":"status-publish","4":"has-post-thumbnail","6":"product_cat-2014-topps-chrome-nfl-trading-cards-single-pack-it","7":"product_shipping_class-versandklasse_b-it","9":"entry","10":"has-media","12":"first","13":"instock","14":"taxable","15":"shipping-taxable","16":"purchasable","17":"product-type-simple","18":"col","19":"span_1_of_4","20":"owp-content-center","21":"owp-thumbs-layout-horizontal","22":"owp-btn-normal","23":"owp-tabs-layout-horizontal"},"acf":[],"_links":{"self":[{"href":"https:\/\/memorabilia-germany.de\/it\/wp-json\/wp\/v2\/product\/44593","targetHints":{"allow":["GET"]}}],"collection":[{"href":"https:\/\/memorabilia-germany.de\/it\/wp-json\/wp\/v2\/product"}],"about":[{"href":"https:\/\/memorabilia-germany.de\/it\/wp-json\/wp\/v2\/types\/product"}],"version-history":[{"count":0,"href":"https:\/\/memorabilia-germany.de\/it\/wp-json\/wp\/v2\/product\/44593\/revisions"}],"wp:featuredmedia":[{"embeddable":true,"href":"https:\/\/memorabilia-germany.de\/it\/wp-json\/wp\/v2\/media\/44594"}],"wp:attachment":[{"href":"https:\/\/memorabilia-germany.de\/it\/wp-json\/wp\/v2\/media?parent=44593"}],"wp:term":[{"taxonomy":"product_brand","embeddable":true,"href":"https:\/\/memorabilia-germany.de\/it\/wp-json\/wp\/v2\/product_brand?post=44593"},{"taxonomy":"product_cat","embeddable":true,"href":"https:\/\/memorabilia-germany.de\/it\/wp-json\/wp\/v2\/product_cat?post=44593"},{"taxonomy":"product_tag","embeddable":true,"href":"https:\/\/memorabilia-germany.de\/it\/wp-json\/wp\/v2\/product_tag?post=44593"}],"curies":[{"name":"wp","href":"https:\/\/api.w.org\/{rel}","templated":true}]}}