{"id":44490,"date":"2024-01-16T14:34:03","date_gmt":"2024-01-16T13:34:03","guid":{"rendered":"https:\/\/memorabilia-germany.de\/produkt\/1999-upper-deck-wayne-gretzky-living-legend-hockey-single-pack-2\/"},"modified":"2024-06-25T18:08:23","modified_gmt":"2024-06-25T16:08:23","slug":"1999-upper-deck-wayne-gretzky-living-legend-hockey-single-pack-2","status":"publish","type":"product","link":"https:\/\/memorabilia-germany.de\/it\/produkt\/1999-upper-deck-wayne-gretzky-living-legend-hockey-single-pack-2\/","title":{"rendered":"1999 Upper Deck Wayne Gretzky Living Legend Hockey, Single Pack"},"content":{"rendered":"","protected":false},"excerpt":{"rendered":"<p><strong>Pacchetto non aperto NHL Trading Cards, originale del 1999. Questa serie \u00e8 concessa in licenza dalla NHL, ma riguarda esclusivamente &#8220;The Great One&#8221;. Wayne Gretzky \u2013 il miglior giocatore di hockey su ghiaccio di tutti i tempi, la leggenda! Le Trading Cards e gli Sports Memorabilia Cards del &#8220;Numero 99&#8221; raggiungono regolarmente prezzi record e, a un quarto di secolo dalla sua carriera, non c&#8217;\u00e8 nessun altro giocatore in grado di tenergli testa.<\/strong><br \/>\n<strong>Questa serie di Trading Cards \u00e8 estremamente rara ed \u00e8 stata lanciata da Upper Deck nel 1999 per celebrare la fine della carriera attiva di Gretzky. Nello stesso anno, Wayne Gretzky \u00e8 stato inserito nella Hockey Hall of Fame, diventando cos\u00ec il giocatore con la pi\u00f9 breve attesa di inserimento di tutti i tempi. Per ulteriori informazioni, vedere sotto.<\/strong><\/p>\n<ul style=\"list-style-type: square;\">\n<li>Contenuto della confezione: 6 Wayne Gretzky Trading Cards<\/li>\n<li>Anno di pubblicazione: 1999<\/li>\n<li>Marca: Upper Deck<\/li>\n<li>Paese: USA<\/li>\n<li>La confezione (&#8220;Single Pack&#8221;) proviene da una &#8220;Hobby Box&#8221; aperta da Memorabilia Germany, che contiene un totale di 24 confezioni. Nonostante l&#8217;et\u00e0, tutti i pacchi sono in condizioni incontaminate.<\/li>\n<li>La serie si concentra esclusivamente su Wayne Gretzky e offre un&#8217;opportunit\u00e0 senza precedenti di godersi i rari successi del &#8220;The Great One&#8221;.<\/li>\n<li>Trova Wayne Gretzky Game Used Insert Cards &amp; Autographs in questa serie!<\/li>\n<li>Upper Deck Wayne Gretzky Living Legend Hobby Exclusive Autograph Cards, Game Used Memorabilia Cards &amp; Inserts (numerati diversamente):\n<ul style=\"list-style-type: circle;\">\n<li>Gretzky Authentic Puck<\/li>\n<li>Gretzky Authentic Stick<\/li>\n<li>Wearing the Leaf<\/li>\n<li>Magic Moments<\/li>\n<li>Only One 99 (1 of 1\u2018s)<\/li>\n<li>Great Stats<\/li>\n<li>A Leader by Example<\/li>\n<li>The Great One<\/li>\n<li>Goodwill Ambassador<\/li>\n<li>Great Accolades<\/li>\n<\/ul>\n<\/li>\n<li>Informazioni di base 1999: nell&#8217;ultimo anno del XX secolo, l&#8217;umanit\u00e0 si sta preparando per il millennio. Le voci sul collasso dei sistemi informatici e altri scenari si susseguono, ma si riveleranno false a fine anno. La leggenda dell&#8217;hockey su ghiaccio Wayne Gretzky termina la sua carriera ed \u00e8 ancora considerato il miglior giocatore NHL di tutti i tempi. Classici come &#8220;Blair Witch Project&#8221; e &#8220;Matrix&#8221; continuano a essere prodotti nei cinema e le canzoni di Britney Spears, dei Backstreet Boys e delle Destiny&#8217;s Child sono presenti nelle classifiche. Le nostre Trading Cards &#8220;Vintage&#8221; sono un sogno per tutti i nostalgici e i collezionisti, perch\u00e9 non sono riproduzioni delle carte precedenti, ma tutti i pacchetti sono originali dell&#8217;epoca in cui sono stati pubblicati.<\/li>\n<\/ul>\n<p>Puoi trovare altre Trading Cards del passato <strong><a href=\"https:\/\/memorabilia-germany.de\/it\/trading-cards\">qui<\/a><\/strong>.<\/p>\n","protected":false},"featured_media":44491,"template":"","meta":{"_acf_changed":false,"ocean_post_layout":"","ocean_both_sidebars_style":"","ocean_both_sidebars_content_width":0,"ocean_both_sidebars_sidebars_width":0,"ocean_sidebar":"0","ocean_second_sidebar":"0","ocean_disable_margins":"enable","ocean_add_body_class":"","ocean_shortcode_before_top_bar":"","ocean_shortcode_after_top_bar":"","ocean_shortcode_before_header":"","ocean_shortcode_after_header":"","ocean_has_shortcode":"","ocean_shortcode_after_title":"","ocean_shortcode_before_footer_widgets":"","ocean_shortcode_after_footer_widgets":"","ocean_shortcode_before_footer_bottom":"","ocean_shortcode_after_footer_bottom":"","ocean_display_top_bar":"default","ocean_display_header":"default","ocean_header_style":"","ocean_center_header_left_menu":"0","ocean_custom_header_template":"0","ocean_custom_logo":0,"ocean_custom_retina_logo":0,"ocean_custom_logo_max_width":0,"ocean_custom_logo_tablet_max_width":0,"ocean_custom_logo_mobile_max_width":0,"ocean_custom_logo_max_height":0,"ocean_custom_logo_tablet_max_height":0,"ocean_custom_logo_mobile_max_height":0,"ocean_header_custom_menu":"0","ocean_menu_typo_font_family":"0","ocean_menu_typo_font_subset":"","ocean_menu_typo_font_size":0,"ocean_menu_typo_font_size_tablet":0,"ocean_menu_typo_font_size_mobile":0,"ocean_menu_typo_font_size_unit":"px","ocean_menu_typo_font_weight":"","ocean_menu_typo_font_weight_tablet":"","ocean_menu_typo_font_weight_mobile":"","ocean_menu_typo_transform":"","ocean_menu_typo_transform_tablet":"","ocean_menu_typo_transform_mobile":"","ocean_menu_typo_line_height":0,"ocean_menu_typo_line_height_tablet":0,"ocean_menu_typo_line_height_mobile":0,"ocean_menu_typo_line_height_unit":"","ocean_menu_typo_spacing":0,"ocean_menu_typo_spacing_tablet":0,"ocean_menu_typo_spacing_mobile":0,"ocean_menu_typo_spacing_unit":"","ocean_menu_link_color":"","ocean_menu_link_color_hover":"","ocean_menu_link_color_active":"","ocean_menu_link_background":"","ocean_menu_link_hover_background":"","ocean_menu_link_active_background":"","ocean_menu_social_links_bg":"","ocean_menu_social_hover_links_bg":"","ocean_menu_social_links_color":"","ocean_menu_social_hover_links_color":"","ocean_disable_title":"default","ocean_disable_heading":"default","ocean_post_title":"","ocean_post_subheading":"","ocean_post_title_style":"","ocean_post_title_background_color":"","ocean_post_title_background":0,"ocean_post_title_bg_image_position":"","ocean_post_title_bg_image_attachment":"","ocean_post_title_bg_image_repeat":"","ocean_post_title_bg_image_size":"","ocean_post_title_height":0,"ocean_post_title_bg_overlay":0.5,"ocean_post_title_bg_overlay_color":"","ocean_disable_breadcrumbs":"default","ocean_breadcrumbs_color":"","ocean_breadcrumbs_separator_color":"","ocean_breadcrumbs_links_color":"","ocean_breadcrumbs_links_hover_color":"","ocean_display_footer_widgets":"default","ocean_display_footer_bottom":"default","ocean_custom_footer_template":"0","ofc_enable_fullscreen":"disable","ofc_fullscreen_speed":0,"ofc_fullscreen_nav":"enable","ofc_fullscreen_nav_pos":"right","ofc_fullscreen_nav_color":"","ofc_fullscreen_nav_tooltip_color":"","ofc_fullscreen_responsive":0},"product_brand":[],"product_cat":[2812],"product_tag":[],"class_list":{"0":"post-44490","1":"product","2":"type-product","3":"status-publish","4":"has-post-thumbnail","6":"product_cat-1999-upper-deck-wayne-gretzky-living-legend-hockey-single-pack-it","7":"product_shipping_class-versandklasse_b-it","9":"entry","10":"has-media","12":"first","13":"instock","14":"taxable","15":"shipping-taxable","16":"purchasable","17":"product-type-simple","18":"col","19":"span_1_of_4","20":"owp-content-center","21":"owp-thumbs-layout-horizontal","22":"owp-btn-normal","23":"owp-tabs-layout-horizontal"},"acf":[],"_links":{"self":[{"href":"https:\/\/memorabilia-germany.de\/it\/wp-json\/wp\/v2\/product\/44490","targetHints":{"allow":["GET"]}}],"collection":[{"href":"https:\/\/memorabilia-germany.de\/it\/wp-json\/wp\/v2\/product"}],"about":[{"href":"https:\/\/memorabilia-germany.de\/it\/wp-json\/wp\/v2\/types\/product"}],"version-history":[{"count":0,"href":"https:\/\/memorabilia-germany.de\/it\/wp-json\/wp\/v2\/product\/44490\/revisions"}],"wp:featuredmedia":[{"embeddable":true,"href":"https:\/\/memorabilia-germany.de\/it\/wp-json\/wp\/v2\/media\/44491"}],"wp:attachment":[{"href":"https:\/\/memorabilia-germany.de\/it\/wp-json\/wp\/v2\/media?parent=44490"}],"wp:term":[{"taxonomy":"product_brand","embeddable":true,"href":"https:\/\/memorabilia-germany.de\/it\/wp-json\/wp\/v2\/product_brand?post=44490"},{"taxonomy":"product_cat","embeddable":true,"href":"https:\/\/memorabilia-germany.de\/it\/wp-json\/wp\/v2\/product_cat?post=44490"},{"taxonomy":"product_tag","embeddable":true,"href":"https:\/\/memorabilia-germany.de\/it\/wp-json\/wp\/v2\/product_tag?post=44490"}],"curies":[{"name":"wp","href":"https:\/\/api.w.org\/{rel}","templated":true}]}}