{"id":44477,"date":"2023-10-12T18:37:40","date_gmt":"2023-10-12T16:37:40","guid":{"rendered":"https:\/\/memorabilia-germany.de\/produkt\/anthony-edwardsbasketball-showcase-minnesota-timberwolvesfirmato-basket-wilson-authentic\/"},"modified":"2025-07-26T12:50:28","modified_gmt":"2025-07-26T10:50:28","slug":"anthony-edwardsbasketball-showcase-minnesota-timberwolvesfirmato-basket-wilson-authentic","status":"publish","type":"product","link":"https:\/\/memorabilia-germany.de\/it\/produkt\/anthony-edwardsbasketball-showcase-minnesota-timberwolvesfirmato-basket-wilson-authentic\/","title":{"rendered":"ANTHONY EDWARDS<\/br>Basketball Showcase (Minnesota Timberwolves)<\/br>firmato, Wilson Authentic ANTMAN"},"content":{"rendered":"","protected":false},"excerpt":{"rendered":"<p><strong>Basketball Showcase in vetro di sicurezza. Pallacanestro autografata con logo NBA di Wilson nella custodia. Autografo di Anthony Edwards sulla palla da basket. Oltre alla firma, Edwards ha scritto il suo soprannome &#8220;Antman&#8221; sul pallone. Tutti gli autografi NBA sono autenticati e hanno un numero di serie. Per ulteriori informazioni, vedere sotto.<\/strong><\/p>\n<ul style=\"list-style-type: square;\">\n<li>Marca di basket: Wilson<\/li>\n<li>Team: Minnesota Timberwolves<\/li>\n<li>Modello: NBA Authentic Series Basketball, Full Size<\/li>\n<li>Autografo: Anthony Edwards, matita color argento<\/li>\n<li>Iscrizione: &#8220;Antman&#8221; (soprannome)<\/li>\n<li>Autenticazione: Fanatics Authentic (con numero di serie)<\/li>\n<li>Documenti: Certificate of Authenticity digitale + ologramma di sicurezza con codice QR sul pallone da basket<\/li>\n<li>Dimensioni Showcase: circa 28 x 27,5 x 31 cm<\/li>\n<li>Trading Cards e supporto per la palla inclusi<\/li>\n<li>Il pallone da basket viene fornito con una Basketball Showcase da esporre, di qualit\u00e0 solida e robusta. Il vetro \u00e8 in acrilico, la base e la parete posteriore sono nere per mettere in risalto idealmente il pallone da basket. Lo Showcase \u00e8 dotato di viti di alta qualit\u00e0 e si chiude completamente. Anche il portapalle \u00e8 di qualit\u00e0 solida. La targhetta frontale \u00e8 in alluminio.<\/li>\n<li>Ogni pallone da basket firmato \u00e8 verificato da uno degli autenticatori statunitensi leader di mercato e viene fornito con caratteristiche di sicurezza numerate in serie che confermano l&#8217;autenticit\u00e0 dell&#8217;autografo (Certificate of Authenticity e\/o ologramma di sicurezza). Gli autenticatori di autografi NBA sono disponibili su <strong><a href=\"https:\/\/memorabilia-germany.de\/it\/noi-memorabilia-germany\/\">Memorabilia Germany<\/a><\/strong> esclusivamente: <strong><a href=\"https:\/\/memorabilia-germany.de\/it\/autenticazione-della-firma\/#signature-authentication-beckett\">Beckett<\/a><\/strong>, <strong><a href=\"https:\/\/memorabilia-germany.de\/it\/autenticazione-della-firma\/#signature-authentication-james-spence\">James Spence Authentication<\/a><\/strong>, <strong><a href=\"https:\/\/memorabilia-germany.de\/it\/autenticazione-della-firma\/#signature-authentication-psa-dna\">PSA\/DNA<\/a><\/strong> o <strong><a href=\"https:\/\/memorabilia-germany.de\/it\/autenticazione-della-firma\/#signature-authentication-fanatics\">Fanatics<\/a><\/strong>. Ulteriori informazioni su questo importante argomento l&#8217;autenticazione sono disponibili <strong><a href=\"https:\/\/memorabilia-germany.de\/it\/autenticazione-della-firma\/\">qui<\/a><\/strong>.<\/li>\n<\/ul>\n<p>Puoi trovare altre Basketball Showcase <strong><a href=\"https:\/\/memorabilia-germany.de\/it\/produkt-kategorie\/basketball-memorabilia-it\/basketball-showcase-it\/\">qui<\/a><\/strong>.<\/p>\n","protected":false},"featured_media":62016,"template":"","meta":{"_acf_changed":false,"ocean_post_layout":"","ocean_both_sidebars_style":"","ocean_both_sidebars_content_width":0,"ocean_both_sidebars_sidebars_width":0,"ocean_sidebar":"0","ocean_second_sidebar":"0","ocean_disable_margins":"enable","ocean_add_body_class":"","ocean_shortcode_before_top_bar":"","ocean_shortcode_after_top_bar":"","ocean_shortcode_before_header":"","ocean_shortcode_after_header":"","ocean_has_shortcode":"","ocean_shortcode_after_title":"","ocean_shortcode_before_footer_widgets":"","ocean_shortcode_after_footer_widgets":"","ocean_shortcode_before_footer_bottom":"","ocean_shortcode_after_footer_bottom":"","ocean_display_top_bar":"default","ocean_display_header":"default","ocean_header_style":"","ocean_center_header_left_menu":"0","ocean_custom_header_template":"0","ocean_custom_logo":0,"ocean_custom_retina_logo":0,"ocean_custom_logo_max_width":0,"ocean_custom_logo_tablet_max_width":0,"ocean_custom_logo_mobile_max_width":0,"ocean_custom_logo_max_height":0,"ocean_custom_logo_tablet_max_height":0,"ocean_custom_logo_mobile_max_height":0,"ocean_header_custom_menu":"0","ocean_menu_typo_font_family":"0","ocean_menu_typo_font_subset":"","ocean_menu_typo_font_size":0,"ocean_menu_typo_font_size_tablet":0,"ocean_menu_typo_font_size_mobile":0,"ocean_menu_typo_font_size_unit":"px","ocean_menu_typo_font_weight":"","ocean_menu_typo_font_weight_tablet":"","ocean_menu_typo_font_weight_mobile":"","ocean_menu_typo_transform":"","ocean_menu_typo_transform_tablet":"","ocean_menu_typo_transform_mobile":"","ocean_menu_typo_line_height":0,"ocean_menu_typo_line_height_tablet":0,"ocean_menu_typo_line_height_mobile":0,"ocean_menu_typo_line_height_unit":"","ocean_menu_typo_spacing":0,"ocean_menu_typo_spacing_tablet":0,"ocean_menu_typo_spacing_mobile":0,"ocean_menu_typo_spacing_unit":"","ocean_menu_link_color":"","ocean_menu_link_color_hover":"","ocean_menu_link_color_active":"","ocean_menu_link_background":"","ocean_menu_link_hover_background":"","ocean_menu_link_active_background":"","ocean_menu_social_links_bg":"","ocean_menu_social_hover_links_bg":"","ocean_menu_social_links_color":"","ocean_menu_social_hover_links_color":"","ocean_disable_title":"default","ocean_disable_heading":"default","ocean_post_title":"","ocean_post_subheading":"","ocean_post_title_style":"","ocean_post_title_background_color":"","ocean_post_title_background":0,"ocean_post_title_bg_image_position":"","ocean_post_title_bg_image_attachment":"","ocean_post_title_bg_image_repeat":"","ocean_post_title_bg_image_size":"","ocean_post_title_height":0,"ocean_post_title_bg_overlay":0.5,"ocean_post_title_bg_overlay_color":"","ocean_disable_breadcrumbs":"default","ocean_breadcrumbs_color":"","ocean_breadcrumbs_separator_color":"","ocean_breadcrumbs_links_color":"","ocean_breadcrumbs_links_hover_color":"","ocean_display_footer_widgets":"default","ocean_display_footer_bottom":"default","ocean_custom_footer_template":"0","ofc_enable_fullscreen":"disable","ofc_fullscreen_speed":0,"ofc_fullscreen_nav":"enable","ofc_fullscreen_nav_pos":"right","ofc_fullscreen_nav_color":"","ofc_fullscreen_nav_tooltip_color":"","ofc_fullscreen_responsive":0},"product_brand":[],"product_cat":[3008],"product_tag":[],"class_list":{"0":"post-44477","1":"product","2":"type-product","3":"status-publish","4":"has-post-thumbnail","6":"product_cat-anthony-edwards-basketball-showcase-minnesota-timberwolves-basket-firmato-wilson-authentic-antman-it","7":"product_shipping_class-classe-di-spedizione_a","9":"entry","10":"has-media","12":"first","13":"instock","14":"taxable","15":"shipping-taxable","16":"purchasable","17":"product-type-simple","18":"col","19":"span_1_of_4","20":"owp-content-center","21":"owp-thumbs-layout-horizontal","22":"owp-btn-normal","23":"owp-tabs-layout-horizontal"},"acf":[],"_links":{"self":[{"href":"https:\/\/memorabilia-germany.de\/it\/wp-json\/wp\/v2\/product\/44477","targetHints":{"allow":["GET"]}}],"collection":[{"href":"https:\/\/memorabilia-germany.de\/it\/wp-json\/wp\/v2\/product"}],"about":[{"href":"https:\/\/memorabilia-germany.de\/it\/wp-json\/wp\/v2\/types\/product"}],"version-history":[{"count":0,"href":"https:\/\/memorabilia-germany.de\/it\/wp-json\/wp\/v2\/product\/44477\/revisions"}],"wp:featuredmedia":[{"embeddable":true,"href":"https:\/\/memorabilia-germany.de\/it\/wp-json\/wp\/v2\/media\/62016"}],"wp:attachment":[{"href":"https:\/\/memorabilia-germany.de\/it\/wp-json\/wp\/v2\/media?parent=44477"}],"wp:term":[{"taxonomy":"product_brand","embeddable":true,"href":"https:\/\/memorabilia-germany.de\/it\/wp-json\/wp\/v2\/product_brand?post=44477"},{"taxonomy":"product_cat","embeddable":true,"href":"https:\/\/memorabilia-germany.de\/it\/wp-json\/wp\/v2\/product_cat?post=44477"},{"taxonomy":"product_tag","embeddable":true,"href":"https:\/\/memorabilia-germany.de\/it\/wp-json\/wp\/v2\/product_tag?post=44477"}],"curies":[{"name":"wp","href":"https:\/\/api.w.org\/{rel}","templated":true}]}}