{"id":44397,"date":"2024-01-16T15:07:06","date_gmt":"2024-01-16T14:07:06","guid":{"rendered":"https:\/\/memorabilia-germany.de\/produkt\/1996-97-upper-deck-nhl-hockey-single-pack\/"},"modified":"2024-06-25T18:07:07","modified_gmt":"2024-06-25T16:07:07","slug":"1996-97-upper-deck-nhl-hockey-single-pack","status":"publish","type":"product","link":"https:\/\/memorabilia-germany.de\/it\/produkt\/1996-97-upper-deck-nhl-hockey-single-pack\/","title":{"rendered":"1996\/97 Upper Deck NHL Hockey, Single Pack"},"content":{"rendered":"","protected":false},"excerpt":{"rendered":"<p><strong>Pacchetto non aperto NHL Trading Cards, originale del 1996. Leggende come Wayne Gretzky, Mario Lemieux e Dominik Hasek hanno giocato nella NHL. E ti ricordi ancora degli Hartford Whalers? La stagione 1996\/97 \u00e8 stata l&#8217;ultima in cui la squadra dello stato americano del Connecticut ha giocato nella NHL. Ma \u00e8 stata anche la prima stagione della nuova squadra di espansione Phoenix Coyotes, che \u00e8 stata in grado di assicurarsi subito un posto nei playoff, ma ha dovuto ritirarsi presto contro i Ducks. I Detroit Red Wings hanno vinto la Stanley Cup alla fine della stagione con un netto successo in 4 partite contro i Philadelphia Flyers. Per ulteriori informazioni, vedere sotto.<\/strong><\/p>\n<ul style=\"list-style-type: square;\">\n<li>Contenuto della confezione: 12 NHL Hockey Cards<\/li>\n<li>Anno di pubblicazione: 1996<\/li>\n<li>Marca: Upper Deck<\/li>\n<li>Paese: USA<\/li>\n<li>La confezione (&#8220;Single Pack&#8221;) proviene da una &#8220;Retail Box&#8221; aperta da Memorabilia Germany, che contiene un totale di 28 confezioni. Nonostante l&#8217;et\u00e0, tutti i pacchi sono in condizioni incontaminate.<\/li>\n<li>Trova le carte Inserts usate di Wayne Gretzky in questa serie!<\/li>\n<li>Upper Deck SP Authentic Autograph Card Highlights:\n<ul style=\"list-style-type: circle;\">\n<li>Game Worn Jersey Insert Cards<\/li>\n<li>Hart Hopefuls Inserts: Bronze, Silver &amp; Gold (differentially numbered)<\/li>\n<li>Generation Next <\/li>\n<li>Power Performers<\/li>\n<li>Star Rookies<\/li>\n<li>Through the Glass<\/li>\n<li>On-Ice Insights<\/li>\n<\/ul>\n<\/li>\n<li>La serie contiene carte rookie di leggende della NHL come Joe Thornton, Patrick Marleau, Daniel Tkaczuk e Dainius Zubrus.<\/li>\n<li>Inoltre, la serie non contiene solo le prime Trading Cards di Wayne Gretzky con la famosa maglia dei New York Rangers, ma anche i premi &#8220;Meet the Stars&#8221; con cui puoi vincere un incontro con Gretzky. Ma solo se puoi anche viaggiare indietro nel tempo fino al 1996. Altrimenti la promozione \u00e8 purtroppo scaduta.<\/li>\n<li>Informazioni di base 1996: gli scienziati riescono a clonare la famosa pecora &#8220;Dolly&#8221;, Nintendo lancia la console di gioco &#8220;Nintendo 64&#8221; e nei cinema vengono proiettati classici come &#8220;Independence Day&#8221;, &#8220;Scream&#8221; e &#8220;Mission:Impossible&#8221;. Le canzoni di Celine Dion, Coolio e Aaliyah sono in classifica. Le nostre Trading Cards &#8220;Vintage&#8221; sono un sogno per tutti i nostalgici e i collezionisti, perch\u00e9 non sono riproduzioni delle carte precedenti, ma tutti i pacchetti sono originali dell&#8217;epoca in cui sono stati pubblicati.<\/li>\n<\/ul>\n<p>Puoi trovare altre Trading Cards del passato <strong><a href=\"https:\/\/memorabilia-germany.de\/it\/trading-cards\">qui<\/a><\/strong>.<\/p>\n","protected":false},"featured_media":44398,"template":"","meta":{"_acf_changed":false,"ocean_post_layout":"","ocean_both_sidebars_style":"","ocean_both_sidebars_content_width":0,"ocean_both_sidebars_sidebars_width":0,"ocean_sidebar":"0","ocean_second_sidebar":"0","ocean_disable_margins":"enable","ocean_add_body_class":"","ocean_shortcode_before_top_bar":"","ocean_shortcode_after_top_bar":"","ocean_shortcode_before_header":"","ocean_shortcode_after_header":"","ocean_has_shortcode":"","ocean_shortcode_after_title":"","ocean_shortcode_before_footer_widgets":"","ocean_shortcode_after_footer_widgets":"","ocean_shortcode_before_footer_bottom":"","ocean_shortcode_after_footer_bottom":"","ocean_display_top_bar":"default","ocean_display_header":"default","ocean_header_style":"","ocean_center_header_left_menu":"0","ocean_custom_header_template":"0","ocean_custom_logo":0,"ocean_custom_retina_logo":0,"ocean_custom_logo_max_width":0,"ocean_custom_logo_tablet_max_width":0,"ocean_custom_logo_mobile_max_width":0,"ocean_custom_logo_max_height":0,"ocean_custom_logo_tablet_max_height":0,"ocean_custom_logo_mobile_max_height":0,"ocean_header_custom_menu":"0","ocean_menu_typo_font_family":"0","ocean_menu_typo_font_subset":"","ocean_menu_typo_font_size":0,"ocean_menu_typo_font_size_tablet":0,"ocean_menu_typo_font_size_mobile":0,"ocean_menu_typo_font_size_unit":"px","ocean_menu_typo_font_weight":"","ocean_menu_typo_font_weight_tablet":"","ocean_menu_typo_font_weight_mobile":"","ocean_menu_typo_transform":"","ocean_menu_typo_transform_tablet":"","ocean_menu_typo_transform_mobile":"","ocean_menu_typo_line_height":0,"ocean_menu_typo_line_height_tablet":0,"ocean_menu_typo_line_height_mobile":0,"ocean_menu_typo_line_height_unit":"","ocean_menu_typo_spacing":0,"ocean_menu_typo_spacing_tablet":0,"ocean_menu_typo_spacing_mobile":0,"ocean_menu_typo_spacing_unit":"","ocean_menu_link_color":"","ocean_menu_link_color_hover":"","ocean_menu_link_color_active":"","ocean_menu_link_background":"","ocean_menu_link_hover_background":"","ocean_menu_link_active_background":"","ocean_menu_social_links_bg":"","ocean_menu_social_hover_links_bg":"","ocean_menu_social_links_color":"","ocean_menu_social_hover_links_color":"","ocean_disable_title":"default","ocean_disable_heading":"default","ocean_post_title":"","ocean_post_subheading":"","ocean_post_title_style":"","ocean_post_title_background_color":"","ocean_post_title_background":0,"ocean_post_title_bg_image_position":"","ocean_post_title_bg_image_attachment":"","ocean_post_title_bg_image_repeat":"","ocean_post_title_bg_image_size":"","ocean_post_title_height":0,"ocean_post_title_bg_overlay":0.5,"ocean_post_title_bg_overlay_color":"","ocean_disable_breadcrumbs":"default","ocean_breadcrumbs_color":"","ocean_breadcrumbs_separator_color":"","ocean_breadcrumbs_links_color":"","ocean_breadcrumbs_links_hover_color":"","ocean_display_footer_widgets":"default","ocean_display_footer_bottom":"default","ocean_custom_footer_template":"0","ofc_enable_fullscreen":"disable","ofc_fullscreen_speed":0,"ofc_fullscreen_nav":"enable","ofc_fullscreen_nav_pos":"right","ofc_fullscreen_nav_color":"","ofc_fullscreen_nav_tooltip_color":"","ofc_fullscreen_responsive":0},"product_brand":[],"product_cat":[2657],"product_tag":[],"class_list":{"0":"post-44397","1":"product","2":"type-product","3":"status-publish","4":"has-post-thumbnail","6":"product_cat-1996-97-upper-deck-nhl-hockey-single-pack-it","7":"product_shipping_class-versandklasse_b-it","9":"entry","10":"has-media","12":"first","13":"instock","14":"taxable","15":"shipping-taxable","16":"purchasable","17":"product-type-simple","18":"col","19":"span_1_of_4","20":"owp-content-center","21":"owp-thumbs-layout-horizontal","22":"owp-btn-normal","23":"owp-tabs-layout-horizontal"},"acf":[],"_links":{"self":[{"href":"https:\/\/memorabilia-germany.de\/it\/wp-json\/wp\/v2\/product\/44397","targetHints":{"allow":["GET"]}}],"collection":[{"href":"https:\/\/memorabilia-germany.de\/it\/wp-json\/wp\/v2\/product"}],"about":[{"href":"https:\/\/memorabilia-germany.de\/it\/wp-json\/wp\/v2\/types\/product"}],"version-history":[{"count":0,"href":"https:\/\/memorabilia-germany.de\/it\/wp-json\/wp\/v2\/product\/44397\/revisions"}],"wp:featuredmedia":[{"embeddable":true,"href":"https:\/\/memorabilia-germany.de\/it\/wp-json\/wp\/v2\/media\/44398"}],"wp:attachment":[{"href":"https:\/\/memorabilia-germany.de\/it\/wp-json\/wp\/v2\/media?parent=44397"}],"wp:term":[{"taxonomy":"product_brand","embeddable":true,"href":"https:\/\/memorabilia-germany.de\/it\/wp-json\/wp\/v2\/product_brand?post=44397"},{"taxonomy":"product_cat","embeddable":true,"href":"https:\/\/memorabilia-germany.de\/it\/wp-json\/wp\/v2\/product_cat?post=44397"},{"taxonomy":"product_tag","embeddable":true,"href":"https:\/\/memorabilia-germany.de\/it\/wp-json\/wp\/v2\/product_tag?post=44397"}],"curies":[{"name":"wp","href":"https:\/\/api.w.org\/{rel}","templated":true}]}}