{"id":44339,"date":"2024-01-27T13:15:37","date_gmt":"2024-05-22T12:11:23","guid":{"rendered":"https:\/\/memorabilia-germany.de\/produkt\/gaming-trading-cards-mystery-boxpokemon-tcg-edition-10-unopened-packs\/"},"modified":"2024-07-30T17:19:03","modified_gmt":"2024-07-30T15:19:03","slug":"gaming-trading-cards-mystery-boxpokemon-tcg-edition-10-unopened-packs","status":"publish","type":"product","link":"https:\/\/memorabilia-germany.de\/it\/produkt\/gaming-trading-cards-mystery-boxpokemon-tcg-edition-10-unopened-packs\/","title":{"rendered":"Gaming Trading Cards Mystery Box<\/br>\u201cPok\u00e9mon TCG Edition\u201d (10 unopened packs)"},"content":{"rendered":"<p style=\"text-align: center;\"><strong>Tutte le confezioni di questa serie provengono esclusivamente dalle seguenti scatole di Pok\u00e9mon Trading Cards:<\/strong><br \/>\nSun &amp; Moon: Celestial Storm (Booster Box)<br \/>\nXY Fates Collide (Booster Box)<br \/>\nScarlet &amp; Violet: Paldean Fates (Elite Trainer Box)<br \/>\nSword &amp; Shield: Rebel Clash (Elite Trainer Box)<br \/>\nSword &amp; Shield: Evolving Skies (Booster Box)<br \/>\nPokemon Go (Center Elite Trainer Box Plus)<br \/>\nSun &amp; Moon (Booster Box)<br \/>\nCelebrations Collection: Lance&#8217;s Charizard V Box<br \/>\nSword &amp; Shield: Chilling Reign (Elite Trainer Box)<br \/>\nSun &amp; Moon: Crimson Invasion (Booster Box)<br \/>\nShining Fates: Crobat (Premium Box)<br \/>\nScarlet &amp; Violet: Paradox Rift (Booster Box)<br \/>\nShining Fates (Elite Trainer Box)<br \/>\nScarlet &amp; Violet: Obsidian Flames (Elite Trainer Box)<br \/>\nSword &amp; Shield: Vivid Voltage (Booster Box)<br \/>\nCrown Zenith (Elite Trainer Box)<br \/>\nPok\u00e9mon Go (Elite Trainer Box)<br \/>\nScarlet &amp; Violet (Elite Trainer Box)<br \/>\nSword &amp; Shield: Silver Tempest (Booster Box)<br \/>\nScarlet &amp; Violet (Booster Box)<br \/>\nScarlet &amp; Violet: Paldea Evolved (Booster Box)<br \/>\nSword &amp; Shield: Battle Styles (Booster Box)<br \/>\nScarlet &amp; Violet: Paradox Rift (Elite Trainer Box)<\/p>\n<p>Come funziona una Mystery-Box?<br \/>\nPotete trovare informazioni al riguardo nelle nostre <strong><a href=\"https:\/\/memorabilia-germany.de\/it\/sports-memorabilia-faq-it\/#memorabilia-mystery-box\"><u>FAQ<\/u><\/a><\/strong>!<\/p>\n","protected":false},"excerpt":{"rendered":"<p><strong>Questa serie \u00e8 limitata a un totale di 50 Pok\u00e9mon TCG <a href=\"https:\/\/memorabilia-germany.de\/it\/sports-memorabilia-faq-it\/#memorabilia-mystery-box\"><u>Mystery Boxes<\/u><\/a>. Ogni scatola \u00e8 sigillata e ha un numero di serie. Le scatole contengono Booster Pack non aperti provenienti da edizioni del gioco di carte collezionabili Pokemon esaurite in tutto il mondo negli anni passati e dalle principali espansioni del Pokemon TCG del 2024. Da &#8220;XY Fates Collide&#8221; a &#8220;Sun &amp; Moon: Celestial Storm&#8221; e da &#8220;Sword &amp; Shield: Rebel Clash&#8221; a &#8220;Scarlet &amp; Violet: Paldean Fates&#8221;: qui potrai scoprire i veri tesori del Pok\u00e9mon Trading Cards Game!<\/strong><br \/>\n<strong>Oltre al contenuto vero e proprio, alcune scatole contengono anche <a href=\"https:\/\/memorabilia-germany.de\/it\/sports-memorabilia-faq-it\/#redemption\"><u>Redemption Vouchers<\/u><\/a> pronti per te. I Redemption Voucher provengono in realt\u00e0 dall&#8217;industria delle trading cards sportive e possono essere scambiati con scatole complete di Pok\u00e9mon TCG con un massimo di 36 Booster Pack. Naturalmente sigillato in origine, cio\u00e8 &#8220;factory sealed&#8221;. Gotta catch &#8216;em all!<\/strong><\/p>\n<p><i><strong>Nota:<\/strong> il Pok\u00e9mon Market offre innumerevoli Mystery Box per il gioco di carte collezionabili. Queste scatole, per usare un eufemismo, non sono paragonabili alla serie Mystery Box. Questa serie \u00e8 strettamente limitata e contiene solo Booster Pack delle scatole elencate di seguito. Tutti i 50 box sono quindi equipaggiati con uno standard elevato.<\/i><\/p>\n<p><strong>Informazioni sul prodotto:<\/strong><\/p>\n<ul style=\"list-style-type: square;\">\n<li>Contenuto di ogni scatola: 10 Booster Packs non aperte dagli ultimi 10 anni ad oggi (vedi elenco dettagliato di seguito).<\/li>\n<li>Tutti i pacchetti provengono solo da scatole &#8220;factory sealed&#8221;.<\/li>\n<li>Tutte le carte di questa serie sono in inglese (massimo valore collezionistico).<\/li>\n<li>3 scatole su 50 contengono anche una Memorabilia Germany <a href=\"https:\/\/memorabilia-germany.de\/it\/sports-memorabilia-faq-it\/#redemption\"><strong><u>Redemption Voucher<\/u><\/strong><\/a> oltre ai 10 Booster Pack. Un Voucher pu\u00f2 essere scambiato con diverse scatole complete &#8220;factory sealed&#8221; con un massimo di 36 Booster Pack.<\/li>\n<li>Online Special: una scatola della serie contiene anche varie Code Cards di diverse Trainer Boxes per il gioco online Pok\u00e9mon TCG Live!<\/li>\n<li>Molte scatole della serie contengono anche materiale di gioco del Pok\u00e9mon TCG come dadi, monete rare, TCG Energy Cards o Promo Cards.<\/li>\n<li>Trova le carte collezionabili dei Pokemon delle edizioni esaurite in tutto il mondo degli anni passati e le migliori carte attuali che sono state rilasciate solo nel 2024. Che si tratti di &#8220;rare&#8221;, &#8220;secret rare&#8221; o &#8220;ultra rare&#8221;, qui potrai scoprire i veri tesori del Pokemon TCG! Esempi di carte che possono essere nascoste nelle Mystery Box sono Rayquaza GX, Lisia, Copycat, Blaziken GX, Scizor GX, Umbreon EX, M Alakazam EX, Glaceon EX, Team Rocket&#8217;s Handiwork, Lugia BREAK, Umbreon VMAX, Sylveon VMAX, Dragapult VMAX o Copperajah VMAX.<\/li>\n<\/ul>\n<p>&nbsp;<\/p>\n<p><strong>Highlight Chances:<\/strong><\/p>\n<ul style=\"list-style-type: square;\">\n<li><a href=\"https:\/\/memorabilia-germany.de\/it\/sports-memorabilia-faq-it\/#redemption\"><strong><u>Redemption Vouchers<\/u><\/strong><\/a>: Trova i Redemption Voucher e riscattali per ottenere scatole Pok\u00e8mon complete!<\/li>\n<li>Sun &amp; Moon: Celestial Storm:\n<ul style=\"list-style-type: circle;\">\n<li>Rayquaza-GX, Articuno-GX, Blaziken-GX, Scizor-GX &amp; Stakataka-GX<\/li>\n<li>New Prism Star Cards incl. Latios, Latias &amp; Jirachi<\/li>\n<li>Ultra Beasts, Celestial Storm Trainer Cards &amp; Rainbow-Energy Karten<\/li>\n<\/ul>\n<\/li>\n<li>Pok\u00e9mon XY Fates Collide:\n<ul style=\"list-style-type: circle;\">\n<li>M Alakazam EX, Umbreon EX, Glaceon EX, Team Rocket&#8217;s Handiwork &amp; Lugia BREAK<\/li>\n<li>New Fates Collide Pok\u00e9mon TURBO<\/li>\n<\/ul>\n<\/li>\n<li>Scarlet &amp; Violet: Paldean Fates:\n<ul style=\"list-style-type: circle;\">\n<li>Shiny Pikachu, Shiny Ceruledge, Shiny Tinkaton, Shiny Dondozo &amp; Shiny Tatsugiri<\/li>\n<li>Shiny Tera Pokemon ex: Charizard, Forretress &amp; Espathra<\/li>\n<\/ul>\n<\/li>\n<li>Sword &amp; Shield: Rebel Clash:\n<ul style=\"list-style-type: circle;\">\n<li>Rebel Clash Pok\u00e9mon V: Toxtricity V, Dubwool V, Boltund V &amp; Sandaconda V<\/li>\n<li>Copperajah VMAX + Dragapult VMAX<\/li>\n<\/ul>\n<\/li>\n<li>Sword &amp; Shield: Evolving Skies:\n<ul style=\"list-style-type: circle;\">\n<li>Rayquaza VMAX, Duraludon VMAX, Umbreon VMAX, Sylveon VMAX, Glaceon VMAX &amp; Leafeon VMAX<\/li>\n<li>Evolving Skies Pok\u00e9mon V Cards<\/li>\n<\/ul>\n<\/li>\n<li>Sun &amp; Moon:\n<ul style=\"list-style-type: circle;\">\n<li>Ultra Ball, Lillie, Umbreon GX, Espeon GX &amp; Psychic Energy<\/li>\n<\/ul>\n<\/li>\n<\/ul>\n","protected":false},"featured_media":44340,"template":"","meta":{"_acf_changed":false,"ocean_post_layout":"","ocean_both_sidebars_style":"","ocean_both_sidebars_content_width":0,"ocean_both_sidebars_sidebars_width":0,"ocean_sidebar":"0","ocean_second_sidebar":"0","ocean_disable_margins":"enable","ocean_add_body_class":"","ocean_shortcode_before_top_bar":"","ocean_shortcode_after_top_bar":"","ocean_shortcode_before_header":"","ocean_shortcode_after_header":"","ocean_has_shortcode":"","ocean_shortcode_after_title":"","ocean_shortcode_before_footer_widgets":"","ocean_shortcode_after_footer_widgets":"","ocean_shortcode_before_footer_bottom":"","ocean_shortcode_after_footer_bottom":"","ocean_display_top_bar":"default","ocean_display_header":"default","ocean_header_style":"","ocean_center_header_left_menu":"0","ocean_custom_header_template":"0","ocean_custom_logo":0,"ocean_custom_retina_logo":0,"ocean_custom_logo_max_width":0,"ocean_custom_logo_tablet_max_width":0,"ocean_custom_logo_mobile_max_width":0,"ocean_custom_logo_max_height":0,"ocean_custom_logo_tablet_max_height":0,"ocean_custom_logo_mobile_max_height":0,"ocean_header_custom_menu":"0","ocean_menu_typo_font_family":"0","ocean_menu_typo_font_subset":"","ocean_menu_typo_font_size":0,"ocean_menu_typo_font_size_tablet":0,"ocean_menu_typo_font_size_mobile":0,"ocean_menu_typo_font_size_unit":"px","ocean_menu_typo_font_weight":"","ocean_menu_typo_font_weight_tablet":"","ocean_menu_typo_font_weight_mobile":"","ocean_menu_typo_transform":"","ocean_menu_typo_transform_tablet":"","ocean_menu_typo_transform_mobile":"","ocean_menu_typo_line_height":0,"ocean_menu_typo_line_height_tablet":0,"ocean_menu_typo_line_height_mobile":0,"ocean_menu_typo_line_height_unit":"","ocean_menu_typo_spacing":0,"ocean_menu_typo_spacing_tablet":0,"ocean_menu_typo_spacing_mobile":0,"ocean_menu_typo_spacing_unit":"","ocean_menu_link_color":"","ocean_menu_link_color_hover":"","ocean_menu_link_color_active":"","ocean_menu_link_background":"","ocean_menu_link_hover_background":"","ocean_menu_link_active_background":"","ocean_menu_social_links_bg":"","ocean_menu_social_hover_links_bg":"","ocean_menu_social_links_color":"","ocean_menu_social_hover_links_color":"","ocean_disable_title":"default","ocean_disable_heading":"default","ocean_post_title":"","ocean_post_subheading":"","ocean_post_title_style":"","ocean_post_title_background_color":"","ocean_post_title_background":0,"ocean_post_title_bg_image_position":"","ocean_post_title_bg_image_attachment":"","ocean_post_title_bg_image_repeat":"","ocean_post_title_bg_image_size":"","ocean_post_title_height":0,"ocean_post_title_bg_overlay":0.5,"ocean_post_title_bg_overlay_color":"","ocean_disable_breadcrumbs":"default","ocean_breadcrumbs_color":"","ocean_breadcrumbs_separator_color":"","ocean_breadcrumbs_links_color":"","ocean_breadcrumbs_links_hover_color":"","ocean_display_footer_widgets":"default","ocean_display_footer_bottom":"default","ocean_custom_footer_template":"0","ofc_enable_fullscreen":"disable","ofc_fullscreen_speed":0,"ofc_fullscreen_nav":"enable","ofc_fullscreen_nav_pos":"right","ofc_fullscreen_nav_color":"","ofc_fullscreen_nav_tooltip_color":"","ofc_fullscreen_responsive":0},"product_brand":[],"product_cat":[2651,3207],"product_tag":[],"class_list":{"0":"post-44339","1":"product","2":"type-product","3":"status-publish","4":"has-post-thumbnail","6":"product_cat-gaming-trading-cards-mystery-box-pokemon-tcg-edition-10-unopened-packs-it","7":"product_cat-absolute-carnage-1-ryan-stegman-donny-cates-it","8":"product_shipping_class-classe-di-spedizione_a","10":"entry","11":"has-media","13":"first","14":"outofstock","15":"taxable","16":"shipping-taxable","17":"purchasable","18":"product-type-simple","19":"col","20":"span_1_of_4","21":"owp-content-center","22":"owp-thumbs-layout-horizontal","23":"owp-btn-normal","24":"owp-tabs-layout-horizontal"},"acf":[],"_links":{"self":[{"href":"https:\/\/memorabilia-germany.de\/it\/wp-json\/wp\/v2\/product\/44339","targetHints":{"allow":["GET"]}}],"collection":[{"href":"https:\/\/memorabilia-germany.de\/it\/wp-json\/wp\/v2\/product"}],"about":[{"href":"https:\/\/memorabilia-germany.de\/it\/wp-json\/wp\/v2\/types\/product"}],"version-history":[{"count":0,"href":"https:\/\/memorabilia-germany.de\/it\/wp-json\/wp\/v2\/product\/44339\/revisions"}],"wp:featuredmedia":[{"embeddable":true,"href":"https:\/\/memorabilia-germany.de\/it\/wp-json\/wp\/v2\/media\/44340"}],"wp:attachment":[{"href":"https:\/\/memorabilia-germany.de\/it\/wp-json\/wp\/v2\/media?parent=44339"}],"wp:term":[{"taxonomy":"product_brand","embeddable":true,"href":"https:\/\/memorabilia-germany.de\/it\/wp-json\/wp\/v2\/product_brand?post=44339"},{"taxonomy":"product_cat","embeddable":true,"href":"https:\/\/memorabilia-germany.de\/it\/wp-json\/wp\/v2\/product_cat?post=44339"},{"taxonomy":"product_tag","embeddable":true,"href":"https:\/\/memorabilia-germany.de\/it\/wp-json\/wp\/v2\/product_tag?post=44339"}],"curies":[{"name":"wp","href":"https:\/\/api.w.org\/{rel}","templated":true}]}}