{"id":44155,"date":"2024-01-27T16:19:11","date_gmt":"2024-05-16T13:34:59","guid":{"rendered":"https:\/\/memorabilia-germany.de\/produkt\/pokemon-tcg-pocket-packscarlet-violet-edition-5-unopened-packs\/"},"modified":"2024-05-16T15:34:59","modified_gmt":"2024-05-16T13:34:59","slug":"pokemon-tcg-pocket-packscarlet-violet-edition-5-unopened-packs","status":"publish","type":"product","link":"https:\/\/memorabilia-germany.de\/it\/produkt\/pokemon-tcg-pocket-packscarlet-violet-edition-5-unopened-packs\/","title":{"rendered":"Pok\u00e9mon TCG Pocket Pack<\/br>\u201cScarlet &amp; Violet Edition\u201d (5 unopened packs)"},"content":{"rendered":"<p style=\"text-align: center;\"><strong>Tutte le confezioni di questa serie provengono esclusivamente dalle seguenti scatole di Pok\u00e9mon Trading Cards:<\/strong><br \/>\nScarlet &amp; Violet: Paldean Fates (Elite Trainer Box)<br \/>\nScarlet &amp; Violet: 151 Ultra (Premium Collection Box)<br \/>\nScarlet &amp; Violet: Paradox Rift (Booster Box)<br \/>\nScarlet &amp; Violet: Obsidian Flames (Elite Trainer Box)<br \/>\nScarlet &amp; Violet (Elite Trainer Box)<br \/>\nScarlet &amp; Violet (Booster Box)<br \/>\nScarlet &amp; Violet: Paldea Evolved (Booster Box)<br \/>\nScarlet &amp; Violet: Paradox Rift (Elite Trainer Box)<\/p>\n<p>Come funziona una Mystery-Box?<br \/>\nPotete trovare informazioni al riguardo nelle nostre <strong><a href=\"https:\/\/memorabilia-germany.de\/it\/sports-memorabilia-faq-it\/#memorabilia-mystery-box\"><u>FAQ<\/u><\/a><\/strong>!<\/p>\n","protected":false},"excerpt":{"rendered":"<p><strong>Questa serie \u00e8 limitata a un totale di 50 Pok\u00e9mon TCG Pocket Pack. Ogni confezione \u00e8 sigillata e ha un numero di serie. Questa serie \u00e8 dedicata all&#8217;ultima espansione del gioco di carte collezionabili Pok\u00e9mon: Scarlet &amp; Violet (in Germania &#8220;Karmesin &amp; Purpur&#8221;). Trova i Pok\u00e9mon pi\u00f9 rari della regione di Paldea e scopri nuovi Pok\u00e9mon-ex, a quasi 20 anni dalla loro comparsa in EX Ruby and Sapphire (EX Rubino e Zaffiro).<\/strong><\/p>\n<p><strong>I pacchetti contengono Booster Pack non aperti di varie scatole Scarlet &amp; Violet fino all&#8217;ultima edizione &#8220;Paldean Fates&#8221;. In questa serie puoi trovare anche <a href=\"https:\/\/memorabilia-germany.de\/it\/sports-memorabilia-faq-it\/#redemption\"><u>Redemption Voucher<\/u><\/a> che puoi scambiare con una Scatola Pok\u00e9mon completa dell&#8217;espansione Scarlet &amp; Violet. Gotta catch &#8216;em all!<\/strong> <\/p>\n<p><i><strong>Nota<\/strong>: Il Pok\u00e9mon Market offre innumerevoli Mystery Box per il gioco di carte collezionabili. Queste scatole, per usare un eufemismo, non sono paragonabili alla serie Pocket Pack. Questa serie \u00e8 strettamente limitata e contiene solo Booster Pack delle scatole elencate di seguito. Tutti i 50 Pocket Pack sono quindi equipaggiati con uno standard elevato.<\/i><\/p>\n<p><strong>Informazioni sul prodotto:<\/strong><\/p>\n<ul style=\"list-style-type: square;\">\n<li>Contenuto di ogni confezione: 5 Booster Pack non aperti provenienti da scatole dell&#8217;attuale espansione del Pok\u00e9mon TCG Scarlet &amp; Violet (vedi sotto per un elenco dettagliato).<\/li>\n<li>Solo tutti i pacchetti provengono da scatole &#8220;factory sealed&#8221;.<\/li>\n<li>Tutte le carte di questa serie sono in inglese (massimo valore collezionistico).<\/li>\n<li>2 scatole su 50 contengono una Memorabilia Germany oltre ai 5 Booster Pack <a href=\"https:\/\/memorabilia-germany.de\/it\/sports-memorabilia-faq-it\/#redemption\"><strong><u>Redemption Voucher<\/u><\/strong><\/a>. Un Voucher pu\u00f2 essere scambiato con diverse scatole complete &#8220;factory sealed&#8221; di Scarlet &amp; Violet con un massimo di 36 Booster Pack.<\/li>\n<\/ul>\n<p><strong>Highlight Chances:<\/strong><\/p>\n<ul style=\"list-style-type: square;\">\n<li><a href=\"https:\/\/memorabilia-germany.de\/it\/sports-memorabilia-faq-it\/#redemption\"><strong><u>Redemption Vouchers<\/u><\/strong><\/a>Trova i Redemption Voucher e riscattali per ottenere scatole complete del TCG Pok\u00e9mon Scarlet &amp; Violet con numerosi Booster Pack!<\/li>\n<li>Scarlet &amp; Violet: 151 Ultra Premium Collection:\n<ul style=\"list-style-type: circle;\">\n<li>Mew Specials (incl. Mex-ex)<\/li>\n<li>Tutti i Pok\u00e9mon della regione di Kanto: reinterpretati in Paldea!<\/li>\n<\/ul>\n<\/li>\n<li>Scarlet &amp; Violet: Paldean Fates:\n<ul style=\"list-style-type: circle;\">\n<li>Shiny Pikachu, Shiny Ceruledge, Shiny Tinkaton, Shiny Dondozo &amp; Shiny Tatsugiri<\/li>\n<li>Shiny Tera Pokemon ex: Charizard, Forretress &amp; Espathra<\/li>\n<\/ul>\n<\/li>\n<li>Scarlet &amp; Violet Elite Trainer Box:\n<ul style=\"list-style-type: circle;\">\n<li>Seltene Pok\u00e9mon Art Work Cards!<\/li>\n<li>Pok\u00e9mon Koraidon &amp; Miraidon als Pokemon ex<\/li>\n<li>Arcanine, Gyarados, Sprigatito, Fuecoco &amp; Quaxly<\/li>\n<\/ul>\n<\/li>\n<li>Scarlet &amp; Violet: Paradox Rift:\n<ul style=\"list-style-type: circle;\">\n<li>Roaring Moon ex, Mela, Gholdengo ex, Iron Valiant &amp; Iron Hands ex<\/li>\n<li>Garchomp ex, Mewtwo ex, Armarouge ex &amp; Gholdengo ex<\/li>\n<\/ul>\n<\/li>\n<\/ul>\n","protected":false},"featured_media":44156,"template":"","meta":{"_acf_changed":false,"ocean_post_layout":"","ocean_both_sidebars_style":"","ocean_both_sidebars_content_width":0,"ocean_both_sidebars_sidebars_width":0,"ocean_sidebar":"0","ocean_second_sidebar":"0","ocean_disable_margins":"enable","ocean_add_body_class":"","ocean_shortcode_before_top_bar":"","ocean_shortcode_after_top_bar":"","ocean_shortcode_before_header":"","ocean_shortcode_after_header":"","ocean_has_shortcode":"","ocean_shortcode_after_title":"","ocean_shortcode_before_footer_widgets":"","ocean_shortcode_after_footer_widgets":"","ocean_shortcode_before_footer_bottom":"","ocean_shortcode_after_footer_bottom":"","ocean_display_top_bar":"default","ocean_display_header":"default","ocean_header_style":"","ocean_center_header_left_menu":"0","ocean_custom_header_template":"0","ocean_custom_logo":0,"ocean_custom_retina_logo":0,"ocean_custom_logo_max_width":0,"ocean_custom_logo_tablet_max_width":0,"ocean_custom_logo_mobile_max_width":0,"ocean_custom_logo_max_height":0,"ocean_custom_logo_tablet_max_height":0,"ocean_custom_logo_mobile_max_height":0,"ocean_header_custom_menu":"0","ocean_menu_typo_font_family":"0","ocean_menu_typo_font_subset":"","ocean_menu_typo_font_size":0,"ocean_menu_typo_font_size_tablet":0,"ocean_menu_typo_font_size_mobile":0,"ocean_menu_typo_font_size_unit":"px","ocean_menu_typo_font_weight":"","ocean_menu_typo_font_weight_tablet":"","ocean_menu_typo_font_weight_mobile":"","ocean_menu_typo_transform":"","ocean_menu_typo_transform_tablet":"","ocean_menu_typo_transform_mobile":"","ocean_menu_typo_line_height":0,"ocean_menu_typo_line_height_tablet":0,"ocean_menu_typo_line_height_mobile":0,"ocean_menu_typo_line_height_unit":"","ocean_menu_typo_spacing":0,"ocean_menu_typo_spacing_tablet":0,"ocean_menu_typo_spacing_mobile":0,"ocean_menu_typo_spacing_unit":"","ocean_menu_link_color":"","ocean_menu_link_color_hover":"","ocean_menu_link_color_active":"","ocean_menu_link_background":"","ocean_menu_link_hover_background":"","ocean_menu_link_active_background":"","ocean_menu_social_links_bg":"","ocean_menu_social_hover_links_bg":"","ocean_menu_social_links_color":"","ocean_menu_social_hover_links_color":"","ocean_disable_title":"default","ocean_disable_heading":"default","ocean_post_title":"","ocean_post_subheading":"","ocean_post_title_style":"","ocean_post_title_background_color":"","ocean_post_title_background":0,"ocean_post_title_bg_image_position":"","ocean_post_title_bg_image_attachment":"","ocean_post_title_bg_image_repeat":"","ocean_post_title_bg_image_size":"","ocean_post_title_height":0,"ocean_post_title_bg_overlay":0.5,"ocean_post_title_bg_overlay_color":"","ocean_disable_breadcrumbs":"default","ocean_breadcrumbs_color":"","ocean_breadcrumbs_separator_color":"","ocean_breadcrumbs_links_color":"","ocean_breadcrumbs_links_hover_color":"","ocean_display_footer_widgets":"default","ocean_display_footer_bottom":"default","ocean_custom_footer_template":"0","ofc_enable_fullscreen":"disable","ofc_fullscreen_speed":0,"ofc_fullscreen_nav":"enable","ofc_fullscreen_nav_pos":"right","ofc_fullscreen_nav_color":"","ofc_fullscreen_nav_tooltip_color":"","ofc_fullscreen_responsive":0},"product_brand":[],"product_cat":[3336],"product_tag":[],"class_list":{"0":"post-44155","1":"product","2":"type-product","3":"status-publish","4":"has-post-thumbnail","6":"product_cat-pokemon-tcg-pocket-pack-scarlet-violet-edition-5-unopened-packs-it","7":"product_shipping_class-classe-di-spedizione_a","9":"entry","10":"has-media","12":"first","13":"outofstock","14":"taxable","15":"shipping-taxable","16":"purchasable","17":"product-type-simple","18":"col","19":"span_1_of_4","20":"owp-content-center","21":"owp-thumbs-layout-horizontal","22":"owp-btn-normal","23":"owp-tabs-layout-horizontal"},"acf":[],"_links":{"self":[{"href":"https:\/\/memorabilia-germany.de\/it\/wp-json\/wp\/v2\/product\/44155","targetHints":{"allow":["GET"]}}],"collection":[{"href":"https:\/\/memorabilia-germany.de\/it\/wp-json\/wp\/v2\/product"}],"about":[{"href":"https:\/\/memorabilia-germany.de\/it\/wp-json\/wp\/v2\/types\/product"}],"version-history":[{"count":0,"href":"https:\/\/memorabilia-germany.de\/it\/wp-json\/wp\/v2\/product\/44155\/revisions"}],"wp:featuredmedia":[{"embeddable":true,"href":"https:\/\/memorabilia-germany.de\/it\/wp-json\/wp\/v2\/media\/44156"}],"wp:attachment":[{"href":"https:\/\/memorabilia-germany.de\/it\/wp-json\/wp\/v2\/media?parent=44155"}],"wp:term":[{"taxonomy":"product_brand","embeddable":true,"href":"https:\/\/memorabilia-germany.de\/it\/wp-json\/wp\/v2\/product_brand?post=44155"},{"taxonomy":"product_cat","embeddable":true,"href":"https:\/\/memorabilia-germany.de\/it\/wp-json\/wp\/v2\/product_cat?post=44155"},{"taxonomy":"product_tag","embeddable":true,"href":"https:\/\/memorabilia-germany.de\/it\/wp-json\/wp\/v2\/product_tag?post=44155"}],"curies":[{"name":"wp","href":"https:\/\/api.w.org\/{rel}","templated":true}]}}