{"id":41526,"date":"2024-03-29T14:15:19","date_gmt":"2024-03-29T13:36:59","guid":{"rendered":"https:\/\/memorabilia-germany.de\/produkt\/anthony-davisbasketball-showcase-los-angeles-lakersbasket-firmato-all-american-high-edition\/"},"modified":"2025-05-08T13:53:22","modified_gmt":"2025-05-08T11:53:22","slug":"anthony-davisbasketball-showcase-los-angeles-lakersbasket-firmato-all-american-high-edition","status":"publish","type":"product","link":"https:\/\/memorabilia-germany.de\/it\/produkt\/anthony-davisbasketball-showcase-los-angeles-lakersbasket-firmato-all-american-high-edition\/","title":{"rendered":"ANTHONY DAVIS<\/br>Basketball Showcase (Dallas Mavericks)<\/br>pallone da basket autografato, All American High Edition"},"content":{"rendered":"","protected":false},"excerpt":{"rendered":"<p><strong>Basketball Showcase in vetro di sicurezza. Pallacanestro firmata con logo degli All American High School Basketball Games 2011, svoltisi allo United Center di Chicago, nella custodia. Autografato da Anthony Davis sul pallone da basket.<\/strong><\/p>\n<p><strong>Il 30 marzo 2011, nel salotto di Michael Jordan, allo United Center di Chicago, si sono svolti gli &#8220;All American High School Basketball Games&#8221;. L&#8217;evento \u00e8 stato sponsorizzato da McDonald&#8217;s e alcuni palloni sono stati rilasciati a scopo promozionale. Alla partita ha partecipato nientemeno che Anthony &#8220;AD&#8221; Davis dei Dallas Mavericks! L&#8217;All-Star e il campione NBA del 2020 hanno firmato questo pezzo molto raro. Per ulteriori informazioni, vedere sotto.<\/strong><\/p>\n<ul style=\"list-style-type: square;\">\n<li>Marchio di basket: Anaconda Sports<\/li>\n<li>Team: Dallas Mavericks<\/li>\n<li>Modello: 2011 All American High School Basketball Games Edition Basketball, Full Size<\/li>\n<li>Autografo: Anthony Davis, matita nera<\/li>\n<li>Autenticazione: PSA\/DNA (con numero di serie)<\/li>\n<li>Documenti: Certificate of Authenticity + ologramma di sicurezza sul pallone da basket<\/li>\n<li>Dimensioni Showcase: circa 28 x 27,5 x 31 cm<\/li>\n<li>Trading Cards e supporto per la palla inclusi<\/li>\n<li>Il pallone da basket viene fornito con una Basketball Showcase da esporre, di qualit\u00e0 solida e robusta. Il vetro \u00e8 in acrilico, la base e la parete posteriore sono nere per mettere in risalto idealmente il pallone da basket. Lo Showcase \u00e8 dotato di viti di alta qualit\u00e0 e si chiude completamente. Anche il portapalle \u00e8 di qualit\u00e0 solida. La targhetta frontale \u00e8 in alluminio.<\/li>\n<li>Ogni pallone da basket firmato \u00e8 verificato da uno degli autenticatori statunitensi leader di mercato e viene fornito con caratteristiche di sicurezza numerate in serie che confermano l&#8217;autenticit\u00e0 dell&#8217;autografo (Certificate of Authenticity e\/o ologramma di sicurezza). Gli autenticatori di autografi NBA sono disponibili su <strong><a href=\"https:\/\/memorabilia-germany.de\/it\/noi-memorabilia-germany\/\">Memorabilia Germany<\/a><\/strong> esclusivamente: <strong><a href=\"https:\/\/memorabilia-germany.de\/it\/autenticazione-della-firma\/#signature-authentication-beckett\">Beckett<\/a><\/strong>, <strong><a href=\"https:\/\/memorabilia-germany.de\/it\/autenticazione-della-firma\/#signature-authentication-james-spence\">James Spence Authentication<\/a><\/strong>, <strong><a href=\"https:\/\/memorabilia-germany.de\/it\/autenticazione-della-firma\/#signature-authentication-psa-dna\">PSA\/DNA<\/a><\/strong> o <strong><a href=\"https:\/\/memorabilia-germany.de\/it\/autenticazione-della-firma\/#signature-authentication-fanatics\">Fanatics<\/a><\/strong>. Ulteriori informazioni su questo importante argomento l&#8217;autenticazione sono disponibili <strong><a href=\"https:\/\/memorabilia-germany.de\/it\/autenticazione-della-firma\/\">qui<\/a><\/strong>.<\/li>\n<\/ul>\n<p>Puoi trovare altre Basketball Showcase <strong><a href=\"https:\/\/memorabilia-germany.de\/it\/produkt-kategorie\/basketball-memorabilia-it\/basketball-showcase-it\/\">qui<\/a><\/strong>.<\/p>\n","protected":false},"featured_media":41476,"template":"","meta":{"_acf_changed":false,"ocean_post_layout":"","ocean_both_sidebars_style":"","ocean_both_sidebars_content_width":0,"ocean_both_sidebars_sidebars_width":0,"ocean_sidebar":"0","ocean_second_sidebar":"0","ocean_disable_margins":"enable","ocean_add_body_class":"","ocean_shortcode_before_top_bar":"","ocean_shortcode_after_top_bar":"","ocean_shortcode_before_header":"","ocean_shortcode_after_header":"","ocean_has_shortcode":"","ocean_shortcode_after_title":"","ocean_shortcode_before_footer_widgets":"","ocean_shortcode_after_footer_widgets":"","ocean_shortcode_before_footer_bottom":"","ocean_shortcode_after_footer_bottom":"","ocean_display_top_bar":"default","ocean_display_header":"default","ocean_header_style":"","ocean_center_header_left_menu":"0","ocean_custom_header_template":"0","ocean_custom_logo":0,"ocean_custom_retina_logo":0,"ocean_custom_logo_max_width":0,"ocean_custom_logo_tablet_max_width":0,"ocean_custom_logo_mobile_max_width":0,"ocean_custom_logo_max_height":0,"ocean_custom_logo_tablet_max_height":0,"ocean_custom_logo_mobile_max_height":0,"ocean_header_custom_menu":"0","ocean_menu_typo_font_family":"0","ocean_menu_typo_font_subset":"","ocean_menu_typo_font_size":0,"ocean_menu_typo_font_size_tablet":0,"ocean_menu_typo_font_size_mobile":0,"ocean_menu_typo_font_size_unit":"px","ocean_menu_typo_font_weight":"","ocean_menu_typo_font_weight_tablet":"","ocean_menu_typo_font_weight_mobile":"","ocean_menu_typo_transform":"","ocean_menu_typo_transform_tablet":"","ocean_menu_typo_transform_mobile":"","ocean_menu_typo_line_height":0,"ocean_menu_typo_line_height_tablet":0,"ocean_menu_typo_line_height_mobile":0,"ocean_menu_typo_line_height_unit":"","ocean_menu_typo_spacing":0,"ocean_menu_typo_spacing_tablet":0,"ocean_menu_typo_spacing_mobile":0,"ocean_menu_typo_spacing_unit":"","ocean_menu_link_color":"","ocean_menu_link_color_hover":"","ocean_menu_link_color_active":"","ocean_menu_link_background":"","ocean_menu_link_hover_background":"","ocean_menu_link_active_background":"","ocean_menu_social_links_bg":"","ocean_menu_social_hover_links_bg":"","ocean_menu_social_links_color":"","ocean_menu_social_hover_links_color":"","ocean_disable_title":"default","ocean_disable_heading":"default","ocean_post_title":"","ocean_post_subheading":"","ocean_post_title_style":"","ocean_post_title_background_color":"","ocean_post_title_background":0,"ocean_post_title_bg_image_position":"","ocean_post_title_bg_image_attachment":"","ocean_post_title_bg_image_repeat":"","ocean_post_title_bg_image_size":"","ocean_post_title_height":0,"ocean_post_title_bg_overlay":0.5,"ocean_post_title_bg_overlay_color":"","ocean_disable_breadcrumbs":"default","ocean_breadcrumbs_color":"","ocean_breadcrumbs_separator_color":"","ocean_breadcrumbs_links_color":"","ocean_breadcrumbs_links_hover_color":"","ocean_display_footer_widgets":"default","ocean_display_footer_bottom":"default","ocean_custom_footer_template":"0","ofc_enable_fullscreen":"disable","ofc_fullscreen_speed":0,"ofc_fullscreen_nav":"enable","ofc_fullscreen_nav_pos":"right","ofc_fullscreen_nav_color":"","ofc_fullscreen_nav_tooltip_color":"","ofc_fullscreen_responsive":0},"product_brand":[],"product_cat":[3924],"product_tag":[],"class_list":{"0":"post-41526","1":"product","2":"type-product","3":"status-publish","4":"has-post-thumbnail","6":"product_cat-anthony-davis-basketball-showcase-dallas-mavericks-all-american-high-edition-it","7":"product_shipping_class-classe-di-spedizione_a","9":"entry","10":"has-media","12":"first","13":"instock","14":"taxable","15":"shipping-taxable","16":"purchasable","17":"product-type-simple","18":"col","19":"span_1_of_4","20":"owp-content-center","21":"owp-thumbs-layout-horizontal","22":"owp-btn-normal","23":"owp-tabs-layout-horizontal"},"acf":[],"_links":{"self":[{"href":"https:\/\/memorabilia-germany.de\/it\/wp-json\/wp\/v2\/product\/41526","targetHints":{"allow":["GET"]}}],"collection":[{"href":"https:\/\/memorabilia-germany.de\/it\/wp-json\/wp\/v2\/product"}],"about":[{"href":"https:\/\/memorabilia-germany.de\/it\/wp-json\/wp\/v2\/types\/product"}],"version-history":[{"count":0,"href":"https:\/\/memorabilia-germany.de\/it\/wp-json\/wp\/v2\/product\/41526\/revisions"}],"wp:featuredmedia":[{"embeddable":true,"href":"https:\/\/memorabilia-germany.de\/it\/wp-json\/wp\/v2\/media\/41476"}],"wp:attachment":[{"href":"https:\/\/memorabilia-germany.de\/it\/wp-json\/wp\/v2\/media?parent=41526"}],"wp:term":[{"taxonomy":"product_brand","embeddable":true,"href":"https:\/\/memorabilia-germany.de\/it\/wp-json\/wp\/v2\/product_brand?post=41526"},{"taxonomy":"product_cat","embeddable":true,"href":"https:\/\/memorabilia-germany.de\/it\/wp-json\/wp\/v2\/product_cat?post=41526"},{"taxonomy":"product_tag","embeddable":true,"href":"https:\/\/memorabilia-germany.de\/it\/wp-json\/wp\/v2\/product_tag?post=41526"}],"curies":[{"name":"wp","href":"https:\/\/api.w.org\/{rel}","templated":true}]}}