{"id":41401,"date":"2024-03-27T13:43:28","date_gmt":"2024-03-27T13:17:21","guid":{"rendered":"https:\/\/memorabilia-germany.de\/produkt\/captain-america-sam-wilson-7chris-evans\/"},"modified":"2025-02-07T12:23:12","modified_gmt":"2025-02-07T11:23:12","slug":"captain-america-sam-wilson-7chris-evans","status":"publish","type":"product","link":"https:\/\/memorabilia-germany.de\/it\/produkt\/captain-america-sam-wilson-7chris-evans\/","title":{"rendered":"CAPTAIN AMERICA: SAM WILSON # 7<\/br>(Chris Evans)"},"content":{"rendered":"","protected":false},"excerpt":{"rendered":"<p><strong>Fumetto firmato e classificato della &#8220;CGC Signature Series&#8221;. Autografo della star di Hollywood Chris Evans sulla copertina. Chris Evans interpreta Capitan America nei film della Marvel Universe. Tutte le firme sui fumetti CGC di questa serie sono state firmate e testimoniate alla presenza di un esperto CGC. Per ulteriori informazioni, vedere sotto.<\/strong><\/p>\n<ul style=\"list-style-type: square;\">\n<li>Marchio della Grading Company: Certified Guaranty Company (CGC)<\/li>\n<li>Titolo: Captain America: Sam Wilson #7<\/li>\n<li>Editore: MARVEL Comics<\/li>\n<li>Anno di pubblicazione: 2016<\/li>\n<li>Grading Note: 9.8<\/li>\n<li>Firma: Chris Evans, matita di colore nero<\/li>\n<li>Data della firma: 4 giugno 2016<\/li>\n<li>Informazioni sull&#8217;artista: Chris Evans, che \u00e8 stato nominato &#8220;Sexiest Man Alive&#8221; dalla People Magazine nel novembre 2022, \u00e8 considerato una delle pi\u00f9 grandi star di Hollywood attuali. Nei film dell&#8217;Marvel Universe interpreta il ruolo di Capitan America. \u00c8 il protagonista principale di tutti i film della serie Captain America. Inoltre, Capitan America pu\u00f2 essere visto come un membro degli Avengers in molti altri film dell&#8217;Marvel Universe.<\/li>\n<\/ul>\n<p>Pi\u00f9 CGC Comics ti trover\u00e0 <strong><a href=\"https:\/\/memorabilia-germany.de\/it\/cgc-comics-it\/\">qui<\/a><\/strong>.<\/p>\n","protected":false},"featured_media":41356,"template":"","meta":{"_acf_changed":false,"ocean_post_layout":"","ocean_both_sidebars_style":"","ocean_both_sidebars_content_width":0,"ocean_both_sidebars_sidebars_width":0,"ocean_sidebar":"0","ocean_second_sidebar":"0","ocean_disable_margins":"enable","ocean_add_body_class":"","ocean_shortcode_before_top_bar":"","ocean_shortcode_after_top_bar":"","ocean_shortcode_before_header":"","ocean_shortcode_after_header":"","ocean_has_shortcode":"","ocean_shortcode_after_title":"","ocean_shortcode_before_footer_widgets":"","ocean_shortcode_after_footer_widgets":"","ocean_shortcode_before_footer_bottom":"","ocean_shortcode_after_footer_bottom":"","ocean_display_top_bar":"default","ocean_display_header":"default","ocean_header_style":"","ocean_center_header_left_menu":"0","ocean_custom_header_template":"0","ocean_custom_logo":0,"ocean_custom_retina_logo":0,"ocean_custom_logo_max_width":0,"ocean_custom_logo_tablet_max_width":0,"ocean_custom_logo_mobile_max_width":0,"ocean_custom_logo_max_height":0,"ocean_custom_logo_tablet_max_height":0,"ocean_custom_logo_mobile_max_height":0,"ocean_header_custom_menu":"0","ocean_menu_typo_font_family":"0","ocean_menu_typo_font_subset":"","ocean_menu_typo_font_size":0,"ocean_menu_typo_font_size_tablet":0,"ocean_menu_typo_font_size_mobile":0,"ocean_menu_typo_font_size_unit":"px","ocean_menu_typo_font_weight":"","ocean_menu_typo_font_weight_tablet":"","ocean_menu_typo_font_weight_mobile":"","ocean_menu_typo_transform":"","ocean_menu_typo_transform_tablet":"","ocean_menu_typo_transform_mobile":"","ocean_menu_typo_line_height":0,"ocean_menu_typo_line_height_tablet":0,"ocean_menu_typo_line_height_mobile":0,"ocean_menu_typo_line_height_unit":"","ocean_menu_typo_spacing":0,"ocean_menu_typo_spacing_tablet":0,"ocean_menu_typo_spacing_mobile":0,"ocean_menu_typo_spacing_unit":"","ocean_menu_link_color":"","ocean_menu_link_color_hover":"","ocean_menu_link_color_active":"","ocean_menu_link_background":"","ocean_menu_link_hover_background":"","ocean_menu_link_active_background":"","ocean_menu_social_links_bg":"","ocean_menu_social_hover_links_bg":"","ocean_menu_social_links_color":"","ocean_menu_social_hover_links_color":"","ocean_disable_title":"default","ocean_disable_heading":"default","ocean_post_title":"","ocean_post_subheading":"","ocean_post_title_style":"","ocean_post_title_background_color":"","ocean_post_title_background":0,"ocean_post_title_bg_image_position":"","ocean_post_title_bg_image_attachment":"","ocean_post_title_bg_image_repeat":"","ocean_post_title_bg_image_size":"","ocean_post_title_height":0,"ocean_post_title_bg_overlay":0.5,"ocean_post_title_bg_overlay_color":"","ocean_disable_breadcrumbs":"default","ocean_breadcrumbs_color":"","ocean_breadcrumbs_separator_color":"","ocean_breadcrumbs_links_color":"","ocean_breadcrumbs_links_hover_color":"","ocean_display_footer_widgets":"default","ocean_display_footer_bottom":"default","ocean_custom_footer_template":"0","ofc_enable_fullscreen":"disable","ofc_fullscreen_speed":0,"ofc_fullscreen_nav":"enable","ofc_fullscreen_nav_pos":"right","ofc_fullscreen_nav_color":"","ofc_fullscreen_nav_tooltip_color":"","ofc_fullscreen_responsive":0},"product_brand":[],"product_cat":[3714],"product_tag":[],"class_list":{"0":"post-41401","1":"product","2":"type-product","3":"status-publish","4":"has-post-thumbnail","6":"product_cat-captain-america-sam-wilson-7-chris-evans-it","7":"product_shipping_class-classe-di-spedizione_a","9":"entry","10":"has-media","12":"first","13":"instock","14":"taxable","15":"shipping-taxable","16":"purchasable","17":"product-type-simple","18":"col","19":"span_1_of_4","20":"owp-content-center","21":"owp-thumbs-layout-horizontal","22":"owp-btn-normal","23":"owp-tabs-layout-horizontal"},"acf":[],"_links":{"self":[{"href":"https:\/\/memorabilia-germany.de\/it\/wp-json\/wp\/v2\/product\/41401","targetHints":{"allow":["GET"]}}],"collection":[{"href":"https:\/\/memorabilia-germany.de\/it\/wp-json\/wp\/v2\/product"}],"about":[{"href":"https:\/\/memorabilia-germany.de\/it\/wp-json\/wp\/v2\/types\/product"}],"version-history":[{"count":0,"href":"https:\/\/memorabilia-germany.de\/it\/wp-json\/wp\/v2\/product\/41401\/revisions"}],"wp:featuredmedia":[{"embeddable":true,"href":"https:\/\/memorabilia-germany.de\/it\/wp-json\/wp\/v2\/media\/41356"}],"wp:attachment":[{"href":"https:\/\/memorabilia-germany.de\/it\/wp-json\/wp\/v2\/media?parent=41401"}],"wp:term":[{"taxonomy":"product_brand","embeddable":true,"href":"https:\/\/memorabilia-germany.de\/it\/wp-json\/wp\/v2\/product_brand?post=41401"},{"taxonomy":"product_cat","embeddable":true,"href":"https:\/\/memorabilia-germany.de\/it\/wp-json\/wp\/v2\/product_cat?post=41401"},{"taxonomy":"product_tag","embeddable":true,"href":"https:\/\/memorabilia-germany.de\/it\/wp-json\/wp\/v2\/product_tag?post=41401"}],"curies":[{"name":"wp","href":"https:\/\/api.w.org\/{rel}","templated":true}]}}