{"id":40942,"date":"2024-03-26T14:19:20","date_gmt":"2024-03-26T13:19:20","guid":{"rendered":"https:\/\/memorabilia-germany.de\/boxe-memorabilia\/"},"modified":"2024-07-27T14:50:49","modified_gmt":"2024-07-27T12:50:49","slug":"boxe-memorabilia-it","status":"publish","type":"page","link":"https:\/\/memorabilia-germany.de\/it\/boxe-memorabilia-it\/","title":{"rendered":"BOXE MEMORABILIA"},"content":{"rendered":"\t\t<div data-elementor-type=\"wp-page\" data-elementor-id=\"40942\" class=\"elementor elementor-40942 elementor-11153\" data-elementor-post-type=\"page\">\n\t\t\t\t\t\t<section class=\"elementor-section elementor-top-section elementor-element elementor-element-d1f22b0 elementor-section-boxed elementor-section-height-default elementor-section-height-default\" data-id=\"d1f22b0\" data-element_type=\"section\" data-e-type=\"section\">\n\t\t\t\t\t\t<div class=\"elementor-container elementor-column-gap-no\">\n\t\t\t\t\t<div class=\"elementor-column elementor-col-100 elementor-top-column elementor-element elementor-element-8e2a57f\" data-id=\"8e2a57f\" data-element_type=\"column\" data-e-type=\"column\">\n\t\t\t<div class=\"elementor-widget-wrap elementor-element-populated\">\n\t\t\t\t\t\t<div class=\"elementor-element elementor-element-9f7c178 elementor-widget elementor-widget-heading\" data-id=\"9f7c178\" data-element_type=\"widget\" data-e-type=\"widget\" data-widget_type=\"heading.default\">\n\t\t\t\t<div class=\"elementor-widget-container\">\n\t\t\t\t\t<h1 class=\"elementor-heading-title elementor-size-default\">Boxe Memorabilia<\/h1>\t\t\t\t<\/div>\n\t\t\t\t<\/div>\n\t\t\t\t\t<\/div>\n\t\t<\/div>\n\t\t\t\t\t<\/div>\n\t\t<\/section>\n\t\t\t\t<section class=\"elementor-section elementor-top-section elementor-element elementor-element-d4be1d4 elementor-section-boxed elementor-section-height-default elementor-section-height-default\" data-id=\"d4be1d4\" data-element_type=\"section\" data-e-type=\"section\">\n\t\t\t\t\t\t<div class=\"elementor-container elementor-column-gap-no\">\n\t\t\t\t\t<div class=\"elementor-column elementor-col-100 elementor-top-column elementor-element elementor-element-1528345\" data-id=\"1528345\" data-element_type=\"column\" data-e-type=\"column\">\n\t\t\t<div class=\"elementor-widget-wrap elementor-element-populated\">\n\t\t\t\t\t\t<div class=\"elementor-element elementor-element-8cbece9 elementor-widget elementor-widget-text-editor\" data-id=\"8cbece9\" data-element_type=\"widget\" data-e-type=\"widget\" data-widget_type=\"text-editor.default\">\n\t\t\t\t<div class=\"elementor-widget-container\">\n\t\t\t\t\t\t\t\t\t<p>I Boxe Memorabilia sono articoli autografati da pugili famosi, come i guantoni di Mike Tyson autografati dallo stesso \u201cIron\u201d Mike.<\/p>\n\t\t\t\t\t\t\t\t<\/div>\n\t\t\t\t<\/div>\n\t\t\t\t\t<\/div>\n\t\t<\/div>\n\t\t\t\t\t<\/div>\n\t\t<\/section>\n\t\t\t\t<section class=\"elementor-section elementor-top-section elementor-element elementor-element-2ad676b elementor-section-boxed elementor-section-height-default elementor-section-height-default\" data-id=\"2ad676b\" data-element_type=\"section\" data-e-type=\"section\">\n\t\t\t\t\t\t<div class=\"elementor-container elementor-column-gap-default\">\n\t\t\t\t\t<div class=\"elementor-column elementor-col-100 elementor-top-column elementor-element elementor-element-28b5af1\" data-id=\"28b5af1\" data-element_type=\"column\" data-e-type=\"column\">\n\t\t\t<div class=\"elementor-widget-wrap elementor-element-populated\">\n\t\t\t\t\t\t<div class=\"elementor-element elementor-element-cb52039 elementor-grid-3 elementor-product-loop-item--align-center elementor-grid-mobile-2 elementor-grid-tablet-3 elementor-products-grid elementor-wc-products elementor-widget elementor-widget-wc-categories\" data-id=\"cb52039\" data-element_type=\"widget\" data-e-type=\"widget\" data-widget_type=\"wc-categories.default\">\n\t\t\t\t<div class=\"elementor-widget-container\">\n\t\t\t\t\t<div class=\"woocommerce columns-3\">\r\n<ul class=\"products elementor-grid oceanwp-row clr grid tablet-col tablet-2-col mobile-col mobile-1-col\">\r\n<li class=\"product-category product first col span_1_of_3\">\n\t<a aria-label=\"Visita categoria del prodotto BOXE MYSTERY BOX\" href=\"https:\/\/memorabilia-germany.de\/it\/produkt-kategorie\/boxe-memorabilia-it\/boxe-mystery-box-it\/\"><div class=\"product-inner clr\"><div class=\"woo-entry-image clr\"><a href=\"https:\/\/memorabilia-germany.de\/it\/produkt-kategorie\/boxe-memorabilia-it\/boxe-mystery-box-it\/\"><img decoding=\"async\" src=\"https:\/\/memorabilia-germany.de\/wp-content\/uploads\/memorabilia-mystery-box-boxing-300x300.jpg\" alt=\"BOXE MYSTERY BOX\" width=\"300\" height=\"\" srcset=\"https:\/\/memorabilia-germany.de\/wp-content\/uploads\/memorabilia-mystery-box-boxing-300x300.jpg 300w, https:\/\/memorabilia-germany.de\/wp-content\/uploads\/memorabilia-mystery-box-boxing-100x100.jpg 100w, https:\/\/memorabilia-germany.de\/wp-content\/uploads\/memorabilia-mystery-box-boxing.jpg 400w\" sizes=\"(max-width: 300px) 100vw, 300px\" \/><\/a><\/div><div class=\"woo-entry-inner clr\"><a href=\"https:\/\/memorabilia-germany.de\/it\/produkt-kategorie\/boxe-memorabilia-it\/boxe-mystery-box-it\/\"><\/a><\/div><\/div><\/a><\/li>\n<li class=\"product-category product col span_1_of_3\">\n\t<a aria-label=\"Visita categoria del prodotto BOXE SHOWCASE\" href=\"https:\/\/memorabilia-germany.de\/it\/produkt-kategorie\/boxe-memorabilia-it\/boxe-showcase\/\"><div class=\"product-inner clr\"><div class=\"woo-entry-image clr\"><a href=\"https:\/\/memorabilia-germany.de\/it\/produkt-kategorie\/boxe-memorabilia-it\/boxe-showcase\/\"><img decoding=\"async\" src=\"https:\/\/memorabilia-germany.de\/wp-content\/uploads\/boxing-memorabilia-300x300.jpg\" alt=\"BOXE SHOWCASE\" width=\"300\" height=\"\" srcset=\"https:\/\/memorabilia-germany.de\/wp-content\/uploads\/boxing-memorabilia-300x300.jpg 300w, https:\/\/memorabilia-germany.de\/wp-content\/uploads\/elementor\/thumbs\/boxing-memorabilia-prb9zwht1jnmt1hg75h3v3jwuz3bnhbyktejev597s.jpg 100w, https:\/\/memorabilia-germany.de\/wp-content\/uploads\/elementor\/thumbs\/boxing-memorabilia-r306qvm5ysx00lr6cvvr81n7tmht4fxt7ierk9r3as.jpg 50w, https:\/\/memorabilia-germany.de\/wp-content\/uploads\/elementor\/thumbs\/boxing-memorabilia-qvsgeftn730mm9tbo1ns0rzhs9b2ud52evthp9pei8.jpg 120w, https:\/\/memorabilia-germany.de\/wp-content\/uploads\/boxing-memorabilia.jpg 400w\" sizes=\"(max-width: 300px) 100vw, 300px\" \/><\/a><\/div><div class=\"woo-entry-inner clr\"><a href=\"https:\/\/memorabilia-germany.de\/it\/produkt-kategorie\/boxe-memorabilia-it\/boxe-showcase\/\"><\/a><\/div><\/div><\/a><\/li>\n<li class=\"product-category product last col span_1_of_3\">\n\t<a aria-label=\"Visita categoria del prodotto GUANTONI DA BOXE firmati\" href=\"https:\/\/memorabilia-germany.de\/it\/produkt-kategorie\/boxe-memorabilia-it\/guantoni-da-boxe-firmati\/\"><div class=\"product-inner clr\"><div class=\"woo-entry-image clr\"><a href=\"https:\/\/memorabilia-germany.de\/it\/produkt-kategorie\/boxe-memorabilia-it\/guantoni-da-boxe-firmati\/\"><img decoding=\"async\" src=\"https:\/\/memorabilia-germany.de\/wp-content\/uploads\/boxing-memorabilia-01-300x300.jpg\" alt=\"GUANTONI DA BOXE firmati\" width=\"300\" height=\"\" srcset=\"https:\/\/memorabilia-germany.de\/wp-content\/uploads\/boxing-memorabilia-01-300x300.jpg 300w, https:\/\/memorabilia-germany.de\/wp-content\/uploads\/boxing-memorabilia-01-100x100.jpg 100w, https:\/\/memorabilia-germany.de\/wp-content\/uploads\/boxing-memorabilia-01.jpg 400w\" sizes=\"(max-width: 300px) 100vw, 300px\" \/><\/a><\/div><div class=\"woo-entry-inner clr\"><a href=\"https:\/\/memorabilia-germany.de\/it\/produkt-kategorie\/boxe-memorabilia-it\/guantoni-da-boxe-firmati\/\"><\/a><\/div><\/div><\/a><\/li>\n<\/ul>\n<\/div>\t\t\t\t<\/div>\n\t\t\t\t<\/div>\n\t\t\t\t\t<\/div>\n\t\t<\/div>\n\t\t\t\t\t<\/div>\n\t\t<\/section>\n\t\t\t\t<section class=\"elementor-section elementor-top-section elementor-element elementor-element-bd2b62f elementor-section-boxed elementor-section-height-default elementor-section-height-default\" data-id=\"bd2b62f\" data-element_type=\"section\" data-e-type=\"section\">\n\t\t\t\t\t\t<div class=\"elementor-container elementor-column-gap-no\">\n\t\t\t\t\t<div class=\"elementor-column elementor-col-100 elementor-top-column elementor-element elementor-element-6841978\" data-id=\"6841978\" data-element_type=\"column\" data-e-type=\"column\">\n\t\t\t<div class=\"elementor-widget-wrap elementor-element-populated\">\n\t\t\t\t\t\t<div class=\"elementor-element elementor-element-7d6c175 elementor-widget elementor-widget-text-editor\" data-id=\"7d6c175\" data-element_type=\"widget\" data-e-type=\"widget\" data-widget_type=\"text-editor.default\">\n\t\t\t\t<div class=\"elementor-widget-container\">\n\t\t\t\t\t\t\t\t\t<p style=\"text-align: left;\">Puoi trovare altri autografi di boxe <strong><a href=\"https:\/\/memorabilia-germany.de\/it\/produkt-kategorie\/boxe-memorabilia\/boxe-showcase\">qui<\/a><\/strong>.<\/p>\nBoxe Memorabilia:\n<strong><a href=\"https:\/\/memorabilia-germany.de\/it\/noi-memorabilia-germania\">Memorabilia Germany<\/a><\/strong> vende articoli per fan firmati dai pugili pi\u00f9 famosi della storia delle arti marziali, come i guantoni da boxe di <strong><a href=\"https:\/\/www.miketyson.com\" target=\"\u201d_blank\u201d\" rel=\"\u201dnoopener\u201d noopener\">Mike Tyson<\/a><\/strong> o articoli di Evander Holyfield, George Foreman o Anthony Joshua.\nPuoi trovare gli autografi pi\u00f9 hot delle star della scena della boxe nel nostro negozio.\nTutti i cimeli della boxe vengono spediti gratuitamente in Germania e arriveranno con te il pi\u00f9 rapidamente possibile. Offriamo anche spedizioni molto veloci al di fuori della Germania.\nAbbiamo selezionato per te una meravigliosa gamma che comprende cimeli della boxe di vario tipo.\nScopri la nostra selezione di <strong><a href=\"https:\/\/memorabilia-germany.de\/it\/produkt-kategorie\/boxe-memorabilia\/guantoni-da-boxe-firmati\">guantoni da boxe autografati<\/a><\/strong> e le nostre <strong><a href=\"https:\/\/memorabilia-germany.de\/it\/produkt-kategorie\/boxe-memorabilia\/boxe-showcase\">Boxe Showcases<\/a><\/strong>.\nTutti gli autografi venduti a Memorabilia Germany sono stati autenticati da uno dei principali autenticatori mondiali come <strong><a href=\"https:\/\/memorabilia-germany.de\/it\/autenticazione-della-firma\/#signature-authentication-beckett\">Beckett<\/a><\/strong>, <strong><a href=\"https:\/\/memorabilia-germany.de\/it\/autenticazione-della-firma\/#signature-authentication-james-spence\">James Spence Authentication<\/a><\/strong> o <strong><a href=\"https:\/\/memorabilia-germany.de\/it\/autenticazione-della-firma\/#signature-authentication-psa-dna\">PSA\/DNA<\/a><\/strong>.\nTeniamo sempre d&#8217;occhio anche le ultime edizioni speciali di Everlast e di altri produttori di marchi, in modo da fornirti sempre i cimeli della boxe pi\u00f9 alla moda.\n<strong><a href=\"https:\/\/memorabilia-germany.de\/it\/noi-memorabilia-germania\">Memorabilia Germany<\/a><\/strong> \u00e8 un negozio di cimeli di sport, film e serie con sede in Germania.\nI nostri articoli sono articoli per fan firmati che sono stati autografati da atleti famosi o famose star di Hollywood.\nLa nostra offerta comprende principalmente articoli per fan dei settori del <a href=\"https:\/\/memorabilia-germany.de\/it\/football-americano-memorabilia\"><strong>NFL Football<\/strong><\/a>, <a href=\"https:\/\/memorabilia-germany.de\/it\/basketball-memorabilia\"><strong>NBA Basketball<\/strong><\/a>, <a href=\"https:\/\/memorabilia-germany.de\/de\/boxe-memorabilia-it\"><strong>Boxing<\/strong><\/a> e di <a href=\"https:\/\/memorabilia-germany.de\/it\/entertainment-memorabilia-it\"><strong>Hollywood<\/strong><\/a>.\nInoltre, cerchiamo sempre di offrire qualche altro autografo curioso, ad esempio di politici o artisti famosi.\nImportiamo gli articoli pi\u00f9 alla moda della storia dello sport tramite una rete internazionale.\nNon importa cosa ti regali nel nostro negozio. Assicurati che i tuoi oggetti susciteranno grande stupore. La tua collezione delizier\u00e0 non solo te ma anche tutti i tuoi amici. Non \u00e8 mai stato cos\u00ec facile mettere le mani sulla Boxe Memorabilia pi\u00f9 bella del mondo. Amplia la tua collezione con gli oggetti dei pi\u00f9 grandi pugili di tutti i tempi e trasforma la tua casa in un&#8217;emozionante fancave.\t\t\t\t\t\t\t\t<\/div>\n\t\t\t\t<\/div>\n\t\t\t\t\t<\/div>\n\t\t<\/div>\n\t\t\t\t\t<\/div>\n\t\t<\/section>\n\t\t\t\t<\/div>\n\t\t","protected":false},"excerpt":{"rendered":"<p>Boxe Memorabilia I Boxe Memorabilia sono articoli autografati da pugili famosi, come i guantoni di Mike Tyson autografati dallo stesso \u201cIron\u201d Mike. Puoi trovare altri autografi di boxe qui. Boxe Memorabilia: Memorabilia Germany vende articoli per fan firmati dai pugili pi\u00f9 famosi della storia delle arti marziali, come i guantoni da boxe di Mike Tyson [&hellip;]<\/p>\n","protected":false},"author":1,"featured_media":0,"parent":0,"menu_order":0,"comment_status":"closed","ping_status":"closed","template":"elementor_header_footer","meta":{"_acf_changed":false,"ocean_post_layout":"","ocean_both_sidebars_style":"","ocean_both_sidebars_content_width":0,"ocean_both_sidebars_sidebars_width":0,"ocean_sidebar":"0","ocean_second_sidebar":"0","ocean_disable_margins":"enable","ocean_add_body_class":"","ocean_shortcode_before_top_bar":"","ocean_shortcode_after_top_bar":"","ocean_shortcode_before_header":"","ocean_shortcode_after_header":"","ocean_has_shortcode":"","ocean_shortcode_after_title":"","ocean_shortcode_before_footer_widgets":"","ocean_shortcode_after_footer_widgets":"","ocean_shortcode_before_footer_bottom":"","ocean_shortcode_after_footer_bottom":"","ocean_display_top_bar":"default","ocean_display_header":"default","ocean_header_style":"","ocean_center_header_left_menu":"0","ocean_custom_header_template":"0","ocean_custom_logo":0,"ocean_custom_retina_logo":0,"ocean_custom_logo_max_width":0,"ocean_custom_logo_tablet_max_width":0,"ocean_custom_logo_mobile_max_width":0,"ocean_custom_logo_max_height":0,"ocean_custom_logo_tablet_max_height":0,"ocean_custom_logo_mobile_max_height":0,"ocean_header_custom_menu":"0","ocean_menu_typo_font_family":"0","ocean_menu_typo_font_subset":"","ocean_menu_typo_font_size":0,"ocean_menu_typo_font_size_tablet":0,"ocean_menu_typo_font_size_mobile":0,"ocean_menu_typo_font_size_unit":"px","ocean_menu_typo_font_weight":"","ocean_menu_typo_font_weight_tablet":"","ocean_menu_typo_font_weight_mobile":"","ocean_menu_typo_transform":"","ocean_menu_typo_transform_tablet":"","ocean_menu_typo_transform_mobile":"","ocean_menu_typo_line_height":0,"ocean_menu_typo_line_height_tablet":0,"ocean_menu_typo_line_height_mobile":0,"ocean_menu_typo_line_height_unit":"","ocean_menu_typo_spacing":0,"ocean_menu_typo_spacing_tablet":0,"ocean_menu_typo_spacing_mobile":0,"ocean_menu_typo_spacing_unit":"","ocean_menu_link_color":"","ocean_menu_link_color_hover":"","ocean_menu_link_color_active":"","ocean_menu_link_background":"","ocean_menu_link_hover_background":"","ocean_menu_link_active_background":"","ocean_menu_social_links_bg":"","ocean_menu_social_hover_links_bg":"","ocean_menu_social_links_color":"","ocean_menu_social_hover_links_color":"","ocean_disable_title":"default","ocean_disable_heading":"default","ocean_post_title":"","ocean_post_subheading":"","ocean_post_title_style":"","ocean_post_title_background_color":"","ocean_post_title_background":0,"ocean_post_title_bg_image_position":"","ocean_post_title_bg_image_attachment":"","ocean_post_title_bg_image_repeat":"","ocean_post_title_bg_image_size":"","ocean_post_title_height":0,"ocean_post_title_bg_overlay":0.5,"ocean_post_title_bg_overlay_color":"","ocean_disable_breadcrumbs":"default","ocean_breadcrumbs_color":"","ocean_breadcrumbs_separator_color":"","ocean_breadcrumbs_links_color":"","ocean_breadcrumbs_links_hover_color":"","ocean_display_footer_widgets":"default","ocean_display_footer_bottom":"default","ocean_custom_footer_template":"0","ofc_enable_fullscreen":"disable","ofc_fullscreen_speed":0,"ofc_fullscreen_nav":"enable","ofc_fullscreen_nav_pos":"right","ofc_fullscreen_nav_color":"","ofc_fullscreen_nav_tooltip_color":"","ofc_fullscreen_responsive":0,"footnotes":""},"class_list":["post-40942","page","type-page","status-publish","hentry","entry","owp-thumbs-layout-horizontal","owp-btn-normal","owp-tabs-layout-horizontal","has-no-thumbnails"],"acf":[],"_links":{"self":[{"href":"https:\/\/memorabilia-germany.de\/it\/wp-json\/wp\/v2\/pages\/40942","targetHints":{"allow":["GET"]}}],"collection":[{"href":"https:\/\/memorabilia-germany.de\/it\/wp-json\/wp\/v2\/pages"}],"about":[{"href":"https:\/\/memorabilia-germany.de\/it\/wp-json\/wp\/v2\/types\/page"}],"author":[{"embeddable":true,"href":"https:\/\/memorabilia-germany.de\/it\/wp-json\/wp\/v2\/users\/1"}],"replies":[{"embeddable":true,"href":"https:\/\/memorabilia-germany.de\/it\/wp-json\/wp\/v2\/comments?post=40942"}],"version-history":[{"count":0,"href":"https:\/\/memorabilia-germany.de\/it\/wp-json\/wp\/v2\/pages\/40942\/revisions"}],"wp:attachment":[{"href":"https:\/\/memorabilia-germany.de\/it\/wp-json\/wp\/v2\/media?parent=40942"}],"curies":[{"name":"wp","href":"https:\/\/api.w.org\/{rel}","templated":true}]}}