{"id":40776,"date":"2024-03-25T16:14:12","date_gmt":"2024-03-25T15:14:12","guid":{"rendered":"https:\/\/memorabilia-germany.de\/noi-memorabilia-germany\/"},"modified":"2024-07-24T16:56:39","modified_gmt":"2024-07-24T14:56:39","slug":"noi-memorabilia-germany","status":"publish","type":"page","link":"https:\/\/memorabilia-germany.de\/it\/noi-memorabilia-germany\/","title":{"rendered":"NOI MEMORABILIA GERMANY"},"content":{"rendered":"\t\t<div data-elementor-type=\"wp-page\" data-elementor-id=\"40776\" class=\"elementor elementor-40776 elementor-13973\" data-elementor-post-type=\"page\">\n\t\t\t\t\t\t<section class=\"elementor-section elementor-top-section elementor-element elementor-element-0089453 elementor-section-boxed elementor-section-height-default elementor-section-height-default\" data-id=\"0089453\" data-element_type=\"section\" data-e-type=\"section\">\n\t\t\t\t\t\t<div class=\"elementor-container elementor-column-gap-no\">\n\t\t\t\t\t<div class=\"elementor-column elementor-col-100 elementor-top-column elementor-element elementor-element-6d4f7bd\" data-id=\"6d4f7bd\" data-element_type=\"column\" data-e-type=\"column\">\n\t\t\t<div class=\"elementor-widget-wrap elementor-element-populated\">\n\t\t\t\t\t\t<div class=\"elementor-element elementor-element-790ec02 elementor-widget elementor-widget-heading\" data-id=\"790ec02\" data-element_type=\"widget\" data-e-type=\"widget\" data-widget_type=\"heading.default\">\n\t\t\t\t<div class=\"elementor-widget-container\">\n\t\t\t\t\t<h1 class=\"elementor-heading-title elementor-size-default\">A proposito di Memorabilia Germany<\/h1>\t\t\t\t<\/div>\n\t\t\t\t<\/div>\n\t\t\t\t\t<\/div>\n\t\t<\/div>\n\t\t\t\t\t<\/div>\n\t\t<\/section>\n\t\t\t\t<section class=\"elementor-section elementor-top-section elementor-element elementor-element-4ab7acd elementor-section-boxed elementor-section-height-default elementor-section-height-default\" data-id=\"4ab7acd\" data-element_type=\"section\" data-e-type=\"section\">\n\t\t\t\t\t\t<div class=\"elementor-container elementor-column-gap-custom\">\n\t\t\t\t\t<div class=\"elementor-column elementor-col-50 elementor-top-column elementor-element elementor-element-50415a6\" data-id=\"50415a6\" data-element_type=\"column\" data-e-type=\"column\">\n\t\t\t<div class=\"elementor-widget-wrap elementor-element-populated\">\n\t\t\t\t\t\t<div class=\"elementor-element elementor-element-30848bb elementor-widget elementor-widget-text-editor\" data-id=\"30848bb\" data-element_type=\"widget\" data-e-type=\"widget\" data-widget_type=\"text-editor.default\">\n\t\t\t\t<div class=\"elementor-widget-container\">\n\t\t\t\t\t\t\t\t\t<p>\u00c8 bello che tu voglia conoscere Memorabilia Germany. Perch\u00e9 questo significa che ci hai trovato in rete e vuoi saperne di pi\u00f9 su di noi e sui nostri Sports Memorabilia! Quindi benvenuto sul nostro sito web! Qui trovi alcune informazioni su di noi e vorremmo anche sottolineare ancora una volta che troverai molte informazioni importanti sui cimeli nelle <strong><a href=\"https:\/\/memorabilia-germany.de\/it\/sports-memorabilia-faq\">FAQ<\/a><\/strong> e nella sezione \u201e<strong><a href=\"https:\/\/memorabilia-germany.de\/it\/autenticazione-della-firma\/\">Autenticazione della firma<\/a><\/strong>\u201c. Perch\u00e9, per quanto sia bello collezionare oggetti firmati. Ci sono molti pericoli se non si conosce il venditore degli articoli e ci sono molti dettagli da considerare. Quindi non solo puoi fare acquisti qui senza esitazione, ma anche informarti sui cimeli sportivi per hobby in generale.<\/p>\n\t\t\t\t\t\t\t\t<\/div>\n\t\t\t\t<\/div>\n\t\t\t\t\t<\/div>\n\t\t<\/div>\n\t\t\t\t<div class=\"elementor-column elementor-col-50 elementor-top-column elementor-element elementor-element-cd6c83a\" data-id=\"cd6c83a\" data-element_type=\"column\" data-e-type=\"column\">\n\t\t\t<div class=\"elementor-widget-wrap elementor-element-populated\">\n\t\t\t\t\t\t<div class=\"elementor-element elementor-element-639dea8 elementor-widget elementor-widget-text-editor\" data-id=\"639dea8\" data-element_type=\"widget\" data-e-type=\"widget\" data-widget_type=\"text-editor.default\">\n\t\t\t\t<div class=\"elementor-widget-container\">\n\t\t\t\t\t\t\t\t\t<p><iframe title=\"YouTube video player\" src=\"https:\/\/www.youtube-nocookie.com\/embed\/UdqTnQ2LPjU?rel=0\" width=\"400\" height=\"225\" frameborder=\"0\" allowfullscreen=\"allowfullscreen\"><\/iframe><\/p>\n\t\t\t\t\t\t\t\t<\/div>\n\t\t\t\t<\/div>\n\t\t\t\t\t<\/div>\n\t\t<\/div>\n\t\t\t\t\t<\/div>\n\t\t<\/section>\n\t\t\t\t<section class=\"elementor-section elementor-top-section elementor-element elementor-element-e6583e5 elementor-section-boxed elementor-section-height-default elementor-section-height-default\" data-id=\"e6583e5\" data-element_type=\"section\" data-e-type=\"section\">\n\t\t\t\t\t\t<div class=\"elementor-container elementor-column-gap-default\">\n\t\t\t\t\t<div class=\"elementor-column elementor-col-100 elementor-top-column elementor-element elementor-element-3381a80\" data-id=\"3381a80\" data-element_type=\"column\" data-e-type=\"column\">\n\t\t\t<div class=\"elementor-widget-wrap elementor-element-populated\">\n\t\t\t\t\t\t<div class=\"elementor-element elementor-element-0c26753 elementor-widget elementor-widget-text-editor\" data-id=\"0c26753\" data-element_type=\"widget\" data-e-type=\"widget\" data-widget_type=\"text-editor.default\">\n\t\t\t\t<div class=\"elementor-widget-container\">\n\t\t\t\t\t\t\t\t\t<h2>Memorabilia Germany da Magonza sul Reno<\/h2>\nA Memorabilia Germany vendiamo cimeli firmati dai settori dello sport, del cinema e della musica. Siamo lieti che nel tempo relativamente breve della nostra esistenza dalla fine del 2020, siamo gi\u00e0 stati in grado di conquistare clienti in pi\u00f9 di 30 paesi in tre continenti. Dalla Finlandia al Portogallo e dall\u2019Irlanda alla Grecia. Abbiamo gi\u00e0 clienti in molte nazioni. Abbiamo ricevuto ordini anche dagli Stati Uniti. La nostra sede \u00e8 a Magonza sul Reno.\n\nNoi stessi siamo fan. Appassionati di sport di derivazione americana, come la <strong><a href=\"https:\/\/www.nfl.com\" target=\"\u201d_blank\u201d\" rel=\"\u201dnoopener\u201d noopener\">NFL<\/a><\/strong> o l&#8217; <strong><a href=\"https:\/\/www.nba.com\" target=\"\u201d_blank\u201d\" rel=\"\u201dnoopener\u201d noopener\">NBA<\/a><\/strong>,ma ovviamente anche appassionati di sport europei o internazionali. Il primo e pi\u00f9 importante, ovviamente, \u00e8 King Football.\n\nDi conseguenza, siamo anche collezionisti di cimeli sportivi firmati e da molti anni abbiamo acquisito ampie conoscenze e contatti sulla scena internazionale. Il primo e pi\u00f9 importante, ovviamente, \u00e8 King Football. Di conseguenza, siamo anche collezionisti di cimeli sportivi firmati e da molti anni abbiamo acquisito ampie conoscenze e contatti sulla scena internazionale. Sulla base di esperienze positive e negative, nel dicembre 2020, ovvero nel bel mezzo della pandemia, abbiamo deciso di portare avanti la scena europea degli oggetti da collezione e di lanciare Memorabilia Germany, un rivenditore specializzato in articoli per fan firmati. Quindi \u00e8 un modo per ottenere cimeli sportivi originali firmati, senza i rischi che il commercio internazionale comporta e senza la gestione doganale o tempi di attesa infiniti. Sicuro nello shopping e sicuro quando si tratta di autenticare gli autografi.<\/br><\/br>\n<h2>Memorabilia Germany come rifugio sicuro per tutti i tifosi in Europa<\/h2>\nSiamo un rifugio sicuro per i cimeli sportivi in Germania e in Europa. Una fonte affidabile di merchandising firmato della migliore qualit\u00e0 dai tuoi team. Nessuna contraffazione, nessuna merce di qualit\u00e0 inferiore e un referente vincolante e tangibile.\n\nMemorabilia Germany ha sede a Magonza, in Germania, e vende dalla Germania. Gli articoli ordinati vengono spediti in modo rapido e sicuro attraverso la nostra rete di fornitori in tutta Europa e oltre.\nSe hai domande a cui non \u00e8 possibile rispondere nelle FAQ, inviaci un\u2019e-mail o contattaci in qualsiasi altro modo. Non vediamo l\u2019ora di conoscerti!\t\t\t\t\t\t\t\t<\/div>\n\t\t\t\t<\/div>\n\t\t\t\t<div class=\"elementor-element elementor-element-4b4f8da elementor-widget elementor-widget-image\" data-id=\"4b4f8da\" data-element_type=\"widget\" data-e-type=\"widget\" data-widget_type=\"image.default\">\n\t\t\t\t<div class=\"elementor-widget-container\">\n\t\t\t\t\t\t\t\t\t\t\t\t\t\t\t<img fetchpriority=\"high\" decoding=\"async\" width=\"2000\" height=\"800\" src=\"https:\/\/memorabilia-germany.de\/wp-content\/uploads\/memorabilia-germany-us.jpg\" class=\"attachment-full size-full wp-image-18063\" alt=\"\" srcset=\"https:\/\/memorabilia-germany.de\/wp-content\/uploads\/memorabilia-germany-us.jpg 2000w, https:\/\/memorabilia-germany.de\/wp-content\/uploads\/memorabilia-germany-us-300x120.jpg 300w, https:\/\/memorabilia-germany.de\/wp-content\/uploads\/memorabilia-germany-us-400x160.jpg 400w\" sizes=\"(max-width: 2000px) 100vw, 2000px\" \/>\t\t\t\t\t\t\t\t\t\t\t\t\t\t\t<\/div>\n\t\t\t\t<\/div>\n\t\t\t\t<div class=\"elementor-element elementor-element-1a429f9 elementor-widget elementor-widget-spacer\" data-id=\"1a429f9\" data-element_type=\"widget\" data-e-type=\"widget\" data-widget_type=\"spacer.default\">\n\t\t\t\t<div class=\"elementor-widget-container\">\n\t\t\t\t\t\t\t<div class=\"elementor-spacer\">\n\t\t\t<div class=\"elementor-spacer-inner\"><\/div>\n\t\t<\/div>\n\t\t\t\t\t\t<\/div>\n\t\t\t\t<\/div>\n\t\t\t\t\t<\/div>\n\t\t<\/div>\n\t\t\t\t\t<\/div>\n\t\t<\/section>\n\t\t\t\t<\/div>\n\t\t","protected":false},"excerpt":{"rendered":"<p>A proposito di Memorabilia Germany \u00c8 bello che tu voglia conoscere Memorabilia Germany. Perch\u00e9 questo significa che ci hai trovato in rete e vuoi saperne di pi\u00f9 su di noi e sui nostri Sports Memorabilia! Quindi benvenuto sul nostro sito web! Qui trovi alcune informazioni su di noi e vorremmo anche sottolineare ancora una volta [&hellip;]<\/p>\n","protected":false},"author":1,"featured_media":0,"parent":0,"menu_order":0,"comment_status":"closed","ping_status":"closed","template":"","meta":{"_acf_changed":false,"ocean_post_layout":"","ocean_both_sidebars_style":"","ocean_both_sidebars_content_width":0,"ocean_both_sidebars_sidebars_width":0,"ocean_sidebar":"0","ocean_second_sidebar":"0","ocean_disable_margins":"enable","ocean_add_body_class":"","ocean_shortcode_before_top_bar":"","ocean_shortcode_after_top_bar":"","ocean_shortcode_before_header":"","ocean_shortcode_after_header":"","ocean_has_shortcode":"","ocean_shortcode_after_title":"","ocean_shortcode_before_footer_widgets":"","ocean_shortcode_after_footer_widgets":"","ocean_shortcode_before_footer_bottom":"","ocean_shortcode_after_footer_bottom":"","ocean_display_top_bar":"default","ocean_display_header":"default","ocean_header_style":"","ocean_center_header_left_menu":"0","ocean_custom_header_template":"0","ocean_custom_logo":0,"ocean_custom_retina_logo":0,"ocean_custom_logo_max_width":0,"ocean_custom_logo_tablet_max_width":0,"ocean_custom_logo_mobile_max_width":0,"ocean_custom_logo_max_height":0,"ocean_custom_logo_tablet_max_height":0,"ocean_custom_logo_mobile_max_height":0,"ocean_header_custom_menu":"0","ocean_menu_typo_font_family":"0","ocean_menu_typo_font_subset":"","ocean_menu_typo_font_size":0,"ocean_menu_typo_font_size_tablet":0,"ocean_menu_typo_font_size_mobile":0,"ocean_menu_typo_font_size_unit":"px","ocean_menu_typo_font_weight":"","ocean_menu_typo_font_weight_tablet":"","ocean_menu_typo_font_weight_mobile":"","ocean_menu_typo_transform":"","ocean_menu_typo_transform_tablet":"","ocean_menu_typo_transform_mobile":"","ocean_menu_typo_line_height":0,"ocean_menu_typo_line_height_tablet":0,"ocean_menu_typo_line_height_mobile":0,"ocean_menu_typo_line_height_unit":"","ocean_menu_typo_spacing":0,"ocean_menu_typo_spacing_tablet":0,"ocean_menu_typo_spacing_mobile":0,"ocean_menu_typo_spacing_unit":"","ocean_menu_link_color":"","ocean_menu_link_color_hover":"","ocean_menu_link_color_active":"","ocean_menu_link_background":"","ocean_menu_link_hover_background":"","ocean_menu_link_active_background":"","ocean_menu_social_links_bg":"","ocean_menu_social_hover_links_bg":"","ocean_menu_social_links_color":"","ocean_menu_social_hover_links_color":"","ocean_disable_title":"default","ocean_disable_heading":"default","ocean_post_title":"","ocean_post_subheading":"","ocean_post_title_style":"","ocean_post_title_background_color":"","ocean_post_title_background":0,"ocean_post_title_bg_image_position":"","ocean_post_title_bg_image_attachment":"","ocean_post_title_bg_image_repeat":"","ocean_post_title_bg_image_size":"","ocean_post_title_height":0,"ocean_post_title_bg_overlay":0.5,"ocean_post_title_bg_overlay_color":"","ocean_disable_breadcrumbs":"default","ocean_breadcrumbs_color":"","ocean_breadcrumbs_separator_color":"","ocean_breadcrumbs_links_color":"","ocean_breadcrumbs_links_hover_color":"","ocean_display_footer_widgets":"default","ocean_display_footer_bottom":"default","ocean_custom_footer_template":"0","ofc_enable_fullscreen":"disable","ofc_fullscreen_speed":0,"ofc_fullscreen_nav":"enable","ofc_fullscreen_nav_pos":"right","ofc_fullscreen_nav_color":"","ofc_fullscreen_nav_tooltip_color":"","ofc_fullscreen_responsive":0,"footnotes":""},"class_list":["post-40776","page","type-page","status-publish","hentry","entry","owp-thumbs-layout-horizontal","owp-btn-normal","owp-tabs-layout-horizontal","has-no-thumbnails"],"acf":[],"_links":{"self":[{"href":"https:\/\/memorabilia-germany.de\/it\/wp-json\/wp\/v2\/pages\/40776","targetHints":{"allow":["GET"]}}],"collection":[{"href":"https:\/\/memorabilia-germany.de\/it\/wp-json\/wp\/v2\/pages"}],"about":[{"href":"https:\/\/memorabilia-germany.de\/it\/wp-json\/wp\/v2\/types\/page"}],"author":[{"embeddable":true,"href":"https:\/\/memorabilia-germany.de\/it\/wp-json\/wp\/v2\/users\/1"}],"replies":[{"embeddable":true,"href":"https:\/\/memorabilia-germany.de\/it\/wp-json\/wp\/v2\/comments?post=40776"}],"version-history":[{"count":0,"href":"https:\/\/memorabilia-germany.de\/it\/wp-json\/wp\/v2\/pages\/40776\/revisions"}],"wp:attachment":[{"href":"https:\/\/memorabilia-germany.de\/it\/wp-json\/wp\/v2\/media?parent=40776"}],"curies":[{"name":"wp","href":"https:\/\/api.w.org\/{rel}","templated":true}]}}