{"id":40770,"date":"2024-03-25T13:23:43","date_gmt":"2024-03-25T12:23:43","guid":{"rendered":"https:\/\/memorabilia-germany.de\/basketball-memorabilia-2\/"},"modified":"2024-11-28T18:51:25","modified_gmt":"2024-11-28T17:51:25","slug":"basketball-memorabilia-it","status":"publish","type":"page","link":"https:\/\/memorabilia-germany.de\/it\/basketball-memorabilia-it\/","title":{"rendered":"BASKETBALL MEMORABILIA"},"content":{"rendered":"\t\t<div data-elementor-type=\"wp-page\" data-elementor-id=\"40770\" class=\"elementor elementor-40770 elementor-11104\" data-elementor-post-type=\"page\">\n\t\t\t\t\t\t<section class=\"elementor-section elementor-top-section elementor-element elementor-element-97ec0ed elementor-section-boxed elementor-section-height-default elementor-section-height-default\" data-id=\"97ec0ed\" data-element_type=\"section\" data-e-type=\"section\">\n\t\t\t\t\t\t<div class=\"elementor-container elementor-column-gap-no\">\n\t\t\t\t\t<div class=\"elementor-column elementor-col-100 elementor-top-column elementor-element elementor-element-dd93ad5\" data-id=\"dd93ad5\" data-element_type=\"column\" data-e-type=\"column\">\n\t\t\t<div class=\"elementor-widget-wrap elementor-element-populated\">\n\t\t\t\t\t\t<div class=\"elementor-element elementor-element-17c6ccb elementor-widget elementor-widget-heading\" data-id=\"17c6ccb\" data-element_type=\"widget\" data-e-type=\"widget\" data-widget_type=\"heading.default\">\n\t\t\t\t<div class=\"elementor-widget-container\">\n\t\t\t\t\t<h1 class=\"elementor-heading-title elementor-size-default\">Basketball Memorabilia | NBA Memorabilia<\/h1>\t\t\t\t<\/div>\n\t\t\t\t<\/div>\n\t\t\t\t\t<\/div>\n\t\t<\/div>\n\t\t\t\t\t<\/div>\n\t\t<\/section>\n\t\t\t\t<section class=\"elementor-section elementor-top-section elementor-element elementor-element-ac8745a elementor-section-boxed elementor-section-height-default elementor-section-height-default\" data-id=\"ac8745a\" data-element_type=\"section\" data-e-type=\"section\">\n\t\t\t\t\t\t<div class=\"elementor-container elementor-column-gap-no\">\n\t\t\t\t\t<div class=\"elementor-column elementor-col-100 elementor-top-column elementor-element elementor-element-0836a49\" data-id=\"0836a49\" data-element_type=\"column\" data-e-type=\"column\">\n\t\t\t<div class=\"elementor-widget-wrap elementor-element-populated\">\n\t\t\t\t\t\t<div class=\"elementor-element elementor-element-35065f2 elementor-widget elementor-widget-text-editor\" data-id=\"35065f2\" data-element_type=\"widget\" data-e-type=\"widget\" data-widget_type=\"text-editor.default\">\n\t\t\t\t<div class=\"elementor-widget-container\">\n\t\t\t\t\t\t\t\t\t<p>Basketball Memorabilia sono articoli firmati dalle squadre dell&#8217;NBA. Che si tratti di un pallone da basket o di una maglia autografata. Qui puoi trovare gli autografi NBA pi\u00f9 caldi!<\/p>\n\t\t\t\t\t\t\t\t<\/div>\n\t\t\t\t<\/div>\n\t\t\t\t\t<\/div>\n\t\t<\/div>\n\t\t\t\t\t<\/div>\n\t\t<\/section>\n\t\t\t\t<section class=\"elementor-section elementor-top-section elementor-element elementor-element-91ca7cb elementor-section-boxed elementor-section-height-default elementor-section-height-default\" data-id=\"91ca7cb\" data-element_type=\"section\" data-e-type=\"section\">\n\t\t\t\t\t\t<div class=\"elementor-container elementor-column-gap-no\">\n\t\t\t\t\t<div class=\"elementor-column elementor-col-100 elementor-top-column elementor-element elementor-element-81a6aa2\" data-id=\"81a6aa2\" data-element_type=\"column\" data-e-type=\"column\">\n\t\t\t<div class=\"elementor-widget-wrap elementor-element-populated\">\n\t\t\t\t\t\t<div class=\"elementor-element elementor-element-f8ef3dd elementor-grid-3 elementor-product-loop-item--align-center elementor-grid-mobile-2 elementor-grid-tablet-3 elementor-products-grid elementor-wc-products elementor-widget elementor-widget-wc-categories\" data-id=\"f8ef3dd\" data-element_type=\"widget\" data-e-type=\"widget\" data-widget_type=\"wc-categories.default\">\n\t\t\t\t<div class=\"elementor-widget-container\">\n\t\t\t\t\t<div class=\"woocommerce columns-3\">\r\n<ul class=\"products elementor-grid oceanwp-row clr grid tablet-col tablet-2-col mobile-col mobile-1-col\">\r\n<li class=\"product-category product first col span_1_of_3\">\n\t<a aria-label=\"Visita categoria del prodotto BASKETBALL MYSTERY BOX\" href=\"https:\/\/memorabilia-germany.de\/it\/produkt-kategorie\/basketball-memorabilia-it\/basketball-mystery-box-it\/\"><div class=\"product-inner clr\"><div class=\"woo-entry-image clr\"><a href=\"https:\/\/memorabilia-germany.de\/it\/produkt-kategorie\/basketball-memorabilia-it\/basketball-mystery-box-it\/\"><img decoding=\"async\" src=\"https:\/\/memorabilia-germany.de\/wp-content\/uploads\/memorabilia-mystery-box-nba-300x300.jpg\" alt=\"BASKETBALL MYSTERY BOX\" width=\"300\" height=\"\" srcset=\"https:\/\/memorabilia-germany.de\/wp-content\/uploads\/memorabilia-mystery-box-nba-300x300.jpg 300w, https:\/\/memorabilia-germany.de\/wp-content\/uploads\/memorabilia-mystery-box-nba-100x100.jpg 100w, https:\/\/memorabilia-germany.de\/wp-content\/uploads\/memorabilia-mystery-box-nba.jpg 400w\" sizes=\"(max-width: 300px) 100vw, 300px\" \/><\/a><\/div><div class=\"woo-entry-inner clr\"><a href=\"https:\/\/memorabilia-germany.de\/it\/produkt-kategorie\/basketball-memorabilia-it\/basketball-mystery-box-it\/\"><\/a><\/div><\/div><\/a><\/li>\n<li class=\"product-category product col span_1_of_3\">\n\t<a aria-label=\"Visita categoria del prodotto BASKETBALL TRADING CARDS\" href=\"https:\/\/memorabilia-germany.de\/it\/produkt-kategorie\/basketball-memorabilia-it\/basketball-trading-cards-it\/\"><div class=\"product-inner clr\"><div class=\"woo-entry-image clr\"><a href=\"https:\/\/memorabilia-germany.de\/it\/produkt-kategorie\/basketball-memorabilia-it\/basketball-trading-cards-it\/\"><img decoding=\"async\" src=\"https:\/\/memorabilia-germany.de\/wp-content\/uploads\/02_Trading_Cards_Basketball_90-300x300.jpg\" alt=\"BASKETBALL TRADING CARDS\" width=\"300\" height=\"\" srcset=\"https:\/\/memorabilia-germany.de\/wp-content\/uploads\/02_Trading_Cards_Basketball_90-300x300.jpg 300w, https:\/\/memorabilia-germany.de\/wp-content\/uploads\/02_Trading_Cards_Basketball_90-100x100.jpg 100w, https:\/\/memorabilia-germany.de\/wp-content\/uploads\/02_Trading_Cards_Basketball_90.jpg 400w\" sizes=\"(max-width: 300px) 100vw, 300px\" \/><\/a><\/div><div class=\"woo-entry-inner clr\"><a href=\"https:\/\/memorabilia-germany.de\/it\/produkt-kategorie\/basketball-memorabilia-it\/basketball-trading-cards-it\/\"><\/a><\/div><\/div><\/a><\/li>\n<li class=\"product-category product last col span_1_of_3\">\n\t<a aria-label=\"Visita categoria del prodotto MAGLIE CON CORNICE BASKETBALL\" href=\"https:\/\/memorabilia-germany.de\/it\/produkt-kategorie\/basketball-memorabilia-it\/maglie-con-cornice-basketball\/\"><div class=\"product-inner clr\"><div class=\"woo-entry-image clr\"><a href=\"https:\/\/memorabilia-germany.de\/it\/produkt-kategorie\/basketball-memorabilia-it\/maglie-con-cornice-basketball\/\"><img decoding=\"async\" src=\"https:\/\/memorabilia-germany.de\/wp-content\/uploads\/gerahmtes-trikot-basketball-300x300.jpg\" alt=\"MAGLIE CON CORNICE BASKETBALL\" width=\"300\" height=\"\" srcset=\"https:\/\/memorabilia-germany.de\/wp-content\/uploads\/gerahmtes-trikot-basketball-300x300.jpg 300w, https:\/\/memorabilia-germany.de\/wp-content\/uploads\/gerahmtes-trikot-basketball-250x250.jpg 250w, https:\/\/memorabilia-germany.de\/wp-content\/uploads\/gerahmtes-trikot-basketball-100x100.jpg 100w, https:\/\/memorabilia-germany.de\/wp-content\/uploads\/gerahmtes-trikot-basketball.jpg 400w\" sizes=\"(max-width: 300px) 100vw, 300px\" \/><\/a><\/div><div class=\"woo-entry-inner clr\"><a href=\"https:\/\/memorabilia-germany.de\/it\/produkt-kategorie\/basketball-memorabilia-it\/maglie-con-cornice-basketball\/\"><\/a><\/div><\/div><\/a><\/li>\n<li class=\"product-category product first col span_1_of_3\">\n\t<a aria-label=\"Visita categoria del prodotto MAGLIA FIRMATA: BASKETBALL\" href=\"https:\/\/memorabilia-germany.de\/it\/produkt-kategorie\/basketball-memorabilia-it\/maglia-firmata-basketball\/\"><div class=\"product-inner clr\"><div class=\"woo-entry-image clr\"><a href=\"https:\/\/memorabilia-germany.de\/it\/produkt-kategorie\/basketball-memorabilia-it\/maglia-firmata-basketball\/\"><img decoding=\"async\" src=\"https:\/\/memorabilia-germany.de\/wp-content\/uploads\/basketball-memorabilia-01-300x300.jpg\" alt=\"MAGLIA FIRMATA: BASKETBALL\" width=\"300\" height=\"\" srcset=\"https:\/\/memorabilia-germany.de\/wp-content\/uploads\/basketball-memorabilia-01-300x300.jpg 300w, https:\/\/memorabilia-germany.de\/wp-content\/uploads\/basketball-memorabilia-01-100x100.jpg 100w, https:\/\/memorabilia-germany.de\/wp-content\/uploads\/basketball-memorabilia-01.jpg 400w\" sizes=\"(max-width: 300px) 100vw, 300px\" \/><\/a><\/div><div class=\"woo-entry-inner clr\"><a href=\"https:\/\/memorabilia-germany.de\/it\/produkt-kategorie\/basketball-memorabilia-it\/maglia-firmata-basketball\/\"><\/a><\/div><\/div><\/a><\/li>\n<li class=\"product-category product col span_1_of_3\">\n\t<a aria-label=\"Visita categoria del prodotto BASKETBALL SHOWCASE\" href=\"https:\/\/memorabilia-germany.de\/it\/produkt-kategorie\/basketball-memorabilia-it\/basketball-showcase-it\/\"><div class=\"product-inner clr\"><div class=\"woo-entry-image clr\"><a href=\"https:\/\/memorabilia-germany.de\/it\/produkt-kategorie\/basketball-memorabilia-it\/basketball-showcase-it\/\"><img decoding=\"async\" src=\"https:\/\/memorabilia-germany.de\/wp-content\/uploads\/nba-memorabilia-300x300.jpg\" alt=\"BASKETBALL SHOWCASE\" width=\"300\" height=\"\" srcset=\"https:\/\/memorabilia-germany.de\/wp-content\/uploads\/nba-memorabilia-300x300.jpg 300w, https:\/\/memorabilia-germany.de\/wp-content\/uploads\/elementor\/thumbs\/nba-memorabilia-prb9zwht1jnmt1hg75h3v3jwuz3bnhbyktejev597s.jpg 100w, https:\/\/memorabilia-germany.de\/wp-content\/uploads\/elementor\/thumbs\/nba-memorabilia-prb9zwhssrwchfupbdavfvs8ni8zx4oteghi6l1t7k.jpg 80w, https:\/\/memorabilia-germany.de\/wp-content\/uploads\/elementor\/thumbs\/nba-memorabilia-r306qxhucgzkntog1wp0d1650e8jju59vrpqitoayc.jpg 50w, https:\/\/memorabilia-germany.de\/wp-content\/uploads\/elementor\/thumbs\/nba-memorabilia-prb9zwhtnh1um1kbelwox4z3dn74zcxtipp4hkdv8c.jpg 150w, https:\/\/memorabilia-germany.de\/wp-content\/uploads\/elementor\/thumbs\/nba-memorabilia-qvsgegrhdx1wxvryik2el9qydn6g228sr0gz6jo0c0.jpg 120w, https:\/\/memorabilia-germany.de\/wp-content\/uploads\/nba-memorabilia.jpg 400w\" sizes=\"(max-width: 300px) 100vw, 300px\" \/><\/a><\/div><div class=\"woo-entry-inner clr\"><a href=\"https:\/\/memorabilia-germany.de\/it\/produkt-kategorie\/basketball-memorabilia-it\/basketball-showcase-it\/\"><\/a><\/div><\/div><\/a><\/li>\n<li class=\"product-category product last col span_1_of_3\">\n\t<a aria-label=\"Visita categoria del prodotto BASKET FIRMATO\" href=\"https:\/\/memorabilia-germany.de\/it\/produkt-kategorie\/basketball-memorabilia-it\/basket-firmato\/\"><div class=\"product-inner clr\"><div class=\"woo-entry-image clr\"><a href=\"https:\/\/memorabilia-germany.de\/it\/produkt-kategorie\/basketball-memorabilia-it\/basket-firmato\/\"><img decoding=\"async\" src=\"https:\/\/memorabilia-germany.de\/wp-content\/uploads\/basketball-memorabilia-300x300.jpg\" alt=\"BASKET FIRMATO\" width=\"300\" height=\"\" srcset=\"https:\/\/memorabilia-germany.de\/wp-content\/uploads\/basketball-memorabilia-300x300.jpg 300w, https:\/\/memorabilia-germany.de\/wp-content\/uploads\/basketball-memorabilia-100x100.jpg 100w, https:\/\/memorabilia-germany.de\/wp-content\/uploads\/basketball-memorabilia.jpg 400w\" sizes=\"(max-width: 300px) 100vw, 300px\" \/><\/a><\/div><div class=\"woo-entry-inner clr\"><a href=\"https:\/\/memorabilia-germany.de\/it\/produkt-kategorie\/basketball-memorabilia-it\/basket-firmato\/\"><\/a><\/div><\/div><\/a><\/li>\n<\/ul>\n<\/div>\t\t\t\t<\/div>\n\t\t\t\t<\/div>\n\t\t\t\t\t<\/div>\n\t\t<\/div>\n\t\t\t\t\t<\/div>\n\t\t<\/section>\n\t\t\t\t<section class=\"elementor-section elementor-top-section elementor-element elementor-element-f402f2a elementor-section-boxed elementor-section-height-default elementor-section-height-default\" data-id=\"f402f2a\" data-element_type=\"section\" data-e-type=\"section\">\n\t\t\t\t\t\t<div class=\"elementor-container elementor-column-gap-no\">\n\t\t\t\t\t<div class=\"elementor-column elementor-col-100 elementor-top-column elementor-element elementor-element-2176bb3\" data-id=\"2176bb3\" data-element_type=\"column\" data-e-type=\"column\">\n\t\t\t<div class=\"elementor-widget-wrap elementor-element-populated\">\n\t\t\t\t\t\t<div class=\"elementor-element elementor-element-aacd28f elementor-widget elementor-widget-text-editor\" data-id=\"aacd28f\" data-element_type=\"widget\" data-e-type=\"widget\" data-widget_type=\"text-editor.default\">\n\t\t\t\t<div class=\"elementor-widget-container\">\n\t\t\t\t\t\t\t\t\tBasketball Memorabilia: <p><a href=\"https:\/\/memorabilia-germany.de\/it\/noi-memorabilia-germania\"><strong>Memorabilia Germany<\/strong><\/a> vende articoli per tifosi autografati dai giocatori NBA pi\u00f9 famosi nella storia del basket.<\/p>\n<p>Puoi trovare gli autografi NBA pi\u00f9 interessanti nel nostro <a href=\"https:\/\/memorabilia-germany.de\/it\"><strong>Shop<\/strong><\/a>.<\/p>\n<p>Tutti i cimeli <strong><a href=\"https:\/\/www.nba.com\" target=\"\u201d_blank\u201d\" rel=\"\u201dnoopener\u201d noopener\">NBA<\/a><\/strong> vengono spediti gratuitamente in Germania e arriveranno con te il pi\u00f9 rapidamente possibile.<\/p>\n<p>Offriamo anche spedizioni molto veloci al di fuori della Germania.<\/p>\n<p>Abbiamo selezionato per te una meravigliosa gamma che comprende cimeli del basket di vario tipo.<\/p>\n<p>Scopri la nostra selezione di <a href=\"\/de?product_cat=basketball-firmato\"><strong>palloni da basket firmati<\/strong><\/a> e <a href=\"https:\/\/memorabilia-germany.de\/it\/produkt-kategorie\/basketball-memorabilia-it\/maglia-firmata-basketball\/\"><strong>maglie autografate<\/strong><\/a>.<\/p>\n<p>Tutti gli autografi NBA venduti su Memorabilia Germany sono firmati da uno dei principali autenticatori al mondo, come ad esempio <a href=\"https:\/\/memorabilia-germany.de\/it\/autenticazione-della-firma\/#signature-authentication-beckett\"><strong>Beckett<\/strong><\/a>, <a href=\"https:\/\/memorabilia-germany.de\/it\/autenticazione-della-firma\/#signature-authentication-james-spence\"><strong>James Spence Authentication<\/strong><\/a> o <a href=\"https:\/\/memorabilia-germany.de\/it\/autenticazione-della-firma\/#signature-authentication-psa-dna\"><strong>PSA\/DNA<\/strong><\/a> autenticati.<\/p>\n<p>Inoltre, teniamo sempre d&#8217;occhio le ultime edizioni speciali dei palloni Spalding <a href=\"\/de?product_cat=basketball-firmato\"><strong>palloni da basket NBA<\/strong><\/a>Memorabilia in modo che tu abbia sempre a disposizione i palloni NBA pi\u00f9 caldi.<\/p>\n<p><a href=\"https:\/\/memorabilia-germany.de\/it\/noi-memorabilia-germania\"><strong>Memorabilia Germany<\/strong><\/a> \u00e8 un negozio di cimeli di sport, film e serie con sede in Germania.<\/p>\n<p>I nostri articoli sono articoli per fan firmati che sono stati autografati da atleti famosi o famose star di Hollywood.<\/p>\n<p>La nostra gamma di prodotti comprende principalmente il merchandising dei tifosi delle seguenti aree <a href=\"https:\/\/memorabilia-germany.de\/it\/football-americano-memorabilia\"><strong>NFL Football<\/strong><\/a>, <a href=\"https:\/\/memorabilia-germany.de\/it\/basketball-memorabilia\"><strong>Basket NBA<\/strong><\/a>, <a href=\"https:\/\/memorabilia-germany.de\/de\/boxe-memorabilia-it\"><strong>boxe<\/strong><\/a> e <a href=\"https:\/\/memorabilia-germany.de\/it\/entertainment-memorabilia-it\/\"><strong>Hollywood<\/strong><\/a>.<\/p>\n<p>Inoltre, cerchiamo sempre di offrire qualche altro autografo curioso, ad esempio di politici o artisti famosi.<\/p>\n<p>Importiamo gli articoli pi\u00f9 alla moda della storia dello sport tramite una rete internazionale.<\/p>\n<p>Non importa cosa ti regali nel nostro negozio. <br>Assicurati che i tuoi oggetti susciteranno grande stupore.<\/p> <p>La tua collezione delizier\u00e0 non solo te ma anche tutti i tuoi amici.<\/p> <p>Mettere le mani sui cimeli NBA pi\u00f9 belli del mondo non \u00e8 mai stato cos\u00ec facile.<\/p> <p>Amplia la tua collezione di basket e trasforma la tua casa in un&#8217;emozionante fancave.<\/p>\n<p>Puoi trovare altri Sports Memorabilia <strong><a href=\"https:\/\/memorabilia-germany.de\/it\"><strong>qui<\/strong><\/a><\/strong>.<\/p>\t\t\t\t\t\t\t\t<\/div>\n\t\t\t\t<\/div>\n\t\t\t\t\t<\/div>\n\t\t<\/div>\n\t\t\t\t\t<\/div>\n\t\t<\/section>\n\t\t\t\t<\/div>\n\t\t","protected":false},"excerpt":{"rendered":"<p>Basketball Memorabilia | NBA Memorabilia Basketball Memorabilia sono articoli firmati dalle squadre dell&#8217;NBA. Che si tratti di un pallone da basket o di una maglia autografata. Qui puoi trovare gli autografi NBA pi\u00f9 caldi! Basketball Memorabilia: Memorabilia Germany vende articoli per tifosi autografati dai giocatori NBA pi\u00f9 famosi nella storia del basket. Puoi trovare gli [&hellip;]<\/p>\n","protected":false},"author":1,"featured_media":0,"parent":0,"menu_order":0,"comment_status":"closed","ping_status":"closed","template":"elementor_header_footer","meta":{"_acf_changed":false,"ocean_post_layout":"","ocean_both_sidebars_style":"","ocean_both_sidebars_content_width":0,"ocean_both_sidebars_sidebars_width":0,"ocean_sidebar":"0","ocean_second_sidebar":"0","ocean_disable_margins":"enable","ocean_add_body_class":"","ocean_shortcode_before_top_bar":"","ocean_shortcode_after_top_bar":"","ocean_shortcode_before_header":"","ocean_shortcode_after_header":"","ocean_has_shortcode":"","ocean_shortcode_after_title":"","ocean_shortcode_before_footer_widgets":"","ocean_shortcode_after_footer_widgets":"","ocean_shortcode_before_footer_bottom":"","ocean_shortcode_after_footer_bottom":"","ocean_display_top_bar":"default","ocean_display_header":"default","ocean_header_style":"","ocean_center_header_left_menu":"0","ocean_custom_header_template":"0","ocean_custom_logo":0,"ocean_custom_retina_logo":0,"ocean_custom_logo_max_width":0,"ocean_custom_logo_tablet_max_width":0,"ocean_custom_logo_mobile_max_width":0,"ocean_custom_logo_max_height":0,"ocean_custom_logo_tablet_max_height":0,"ocean_custom_logo_mobile_max_height":0,"ocean_header_custom_menu":"0","ocean_menu_typo_font_family":"0","ocean_menu_typo_font_subset":"","ocean_menu_typo_font_size":0,"ocean_menu_typo_font_size_tablet":0,"ocean_menu_typo_font_size_mobile":0,"ocean_menu_typo_font_size_unit":"px","ocean_menu_typo_font_weight":"","ocean_menu_typo_font_weight_tablet":"","ocean_menu_typo_font_weight_mobile":"","ocean_menu_typo_transform":"","ocean_menu_typo_transform_tablet":"","ocean_menu_typo_transform_mobile":"","ocean_menu_typo_line_height":0,"ocean_menu_typo_line_height_tablet":0,"ocean_menu_typo_line_height_mobile":0,"ocean_menu_typo_line_height_unit":"","ocean_menu_typo_spacing":0,"ocean_menu_typo_spacing_tablet":0,"ocean_menu_typo_spacing_mobile":0,"ocean_menu_typo_spacing_unit":"","ocean_menu_link_color":"","ocean_menu_link_color_hover":"","ocean_menu_link_color_active":"","ocean_menu_link_background":"","ocean_menu_link_hover_background":"","ocean_menu_link_active_background":"","ocean_menu_social_links_bg":"","ocean_menu_social_hover_links_bg":"","ocean_menu_social_links_color":"","ocean_menu_social_hover_links_color":"","ocean_disable_title":"default","ocean_disable_heading":"default","ocean_post_title":"","ocean_post_subheading":"","ocean_post_title_style":"","ocean_post_title_background_color":"","ocean_post_title_background":0,"ocean_post_title_bg_image_position":"","ocean_post_title_bg_image_attachment":"","ocean_post_title_bg_image_repeat":"","ocean_post_title_bg_image_size":"","ocean_post_title_height":0,"ocean_post_title_bg_overlay":0.5,"ocean_post_title_bg_overlay_color":"","ocean_disable_breadcrumbs":"default","ocean_breadcrumbs_color":"","ocean_breadcrumbs_separator_color":"","ocean_breadcrumbs_links_color":"","ocean_breadcrumbs_links_hover_color":"","ocean_display_footer_widgets":"default","ocean_display_footer_bottom":"default","ocean_custom_footer_template":"0","ofc_enable_fullscreen":"disable","ofc_fullscreen_speed":0,"ofc_fullscreen_nav":"enable","ofc_fullscreen_nav_pos":"right","ofc_fullscreen_nav_color":"","ofc_fullscreen_nav_tooltip_color":"","ofc_fullscreen_responsive":0,"footnotes":""},"class_list":["post-40770","page","type-page","status-publish","hentry","entry","owp-thumbs-layout-horizontal","owp-btn-normal","owp-tabs-layout-horizontal","has-no-thumbnails"],"acf":[],"_links":{"self":[{"href":"https:\/\/memorabilia-germany.de\/it\/wp-json\/wp\/v2\/pages\/40770","targetHints":{"allow":["GET"]}}],"collection":[{"href":"https:\/\/memorabilia-germany.de\/it\/wp-json\/wp\/v2\/pages"}],"about":[{"href":"https:\/\/memorabilia-germany.de\/it\/wp-json\/wp\/v2\/types\/page"}],"author":[{"embeddable":true,"href":"https:\/\/memorabilia-germany.de\/it\/wp-json\/wp\/v2\/users\/1"}],"replies":[{"embeddable":true,"href":"https:\/\/memorabilia-germany.de\/it\/wp-json\/wp\/v2\/comments?post=40770"}],"version-history":[{"count":0,"href":"https:\/\/memorabilia-germany.de\/it\/wp-json\/wp\/v2\/pages\/40770\/revisions"}],"wp:attachment":[{"href":"https:\/\/memorabilia-germany.de\/it\/wp-json\/wp\/v2\/media?parent=40770"}],"curies":[{"name":"wp","href":"https:\/\/api.w.org\/{rel}","templated":true}]}}