{"id":69320,"date":"2026-05-09T14:23:18","date_gmt":"2026-05-09T12:23:18","guid":{"rendered":"https:\/\/memorabilia-germany.de\/produkt\/alperen-senguen-houston-rocketsrockets-pro-style-jersey-icon-edition-custom\/"},"modified":"2026-05-09T14:26:46","modified_gmt":"2026-05-09T12:26:46","slug":"alperen-senguen-houston-rocketsrockets-pro-style-jersey-icon-edition-custom","status":"publish","type":"product","link":"https:\/\/memorabilia-germany.de\/fr\/produit\/alperen-senguen-houston-rocketsrockets-pro-style-jersey-icon-edition-custom\/","title":{"rendered":"ALPEREN SENG\u00dcN (Houston Rockets)<\/br>Rockets Pro Style Jersey, Icon Edition Custom"},"content":{"rendered":"","protected":false},"excerpt":{"rendered":"<p><strong>Alperen Seng\u00fcn repr\u00e9sente une nouvelle g\u00e9n\u00e9ration de basket-ball international &#8211; cr\u00e9atif, passionn\u00e9 et plein de joie de jouer. Avec son sens du jeu exceptionnel, ses passes spectaculaires et sa technique impressionnante, il enthousiasme les fans bien au-del\u00e0 de la NBA. Pour de nombreux fans de basket turcs en particulier, Seng\u00fcn est depuis longtemps plus qu&rsquo;un simple talent : il est le visage d&rsquo;une nouvelle \u00e8re et porte fi\u00e8rement le basket turc sur la plus grande sc\u00e8ne du monde.  <\/strong><\/p>\n<p><strong>Ce Show Frame de haute qualit\u00e9 allie la passion internationale du basket-ball \u00e0 la classe moderne de la NBA :<\/strong><\/p>\n<p><strong>Maillot de basketball Pro Style sign\u00e9, encadr\u00e9 dans un show frame avec look 3D. Autographe d&rsquo;Alperen Seng\u00fcn sur le maillot. Tous les autographes NBA sont authentifi\u00e9s et disposent d&rsquo;un num\u00e9ro de s\u00e9rie. Pour plus d&rsquo;informations, voir ci-dessous.<\/strong><\/p>\n<ul style=\"padding-left: 25px; list-style-type: square;\">\n<li>Team Style: Orlando, \u201cIcon Version\u201d<\/li>\n<li>Mod\u00e8le : Pro Style Custom Basketball Jersey (les noms et num\u00e9ros des joueurs sont cousus, pas imprim\u00e9s)<\/li>\n<li>Autographe : Alperen Seng\u00fcn, crayon de couleur noir<\/li>\n<li>Authentification : Beckett (avec num\u00e9ro de s\u00e9rie)<\/li>\n<li>Documents : Digital Certificate of Authenticity + hologramme de s\u00e9curit\u00e9 QR Code sur le jersey<\/li>\n<li>Taille du jersey : XL<\/li>\n<li>Taille du Show-Frames : environ 75x95x5cm<\/li>\n<li>Le Basketball Jersey est livr\u00e9 dans un \u00ab\u00a0Show-Frame\u00a0\u00bb noir, c&rsquo;est-\u00e0-dire un cadre d&rsquo;objet en bois am\u00e9nag\u00e9 \u00e0 des fins d&rsquo;exposition, avec une suspension murale \u00e0 l&rsquo;arri\u00e8re. Pour des raisons de s\u00e9curit\u00e9, la vitre frontale est fabriqu\u00e9e en verre acrylique afin de prot\u00e9ger le jersey des coupures en cas de casse.<\/li>\n<li>Le cadre a \u00e9t\u00e9 am\u00e9nag\u00e9 dans la \u00ab Memorabilia Germany Showframe Manufaktur \u00bb et les mat\u00e9riaux ont \u00e9t\u00e9 travaill\u00e9s de mani\u00e8re \u00e0 cr\u00e9er un aspect 3D raffin\u00e9 dans le cadre, afin de mettre id\u00e9alement en valeur le maillot. La plaquette int\u00e9gr\u00e9e dans le Show Frame est en aluminium et indique le nom du joueur ainsi que quelques autres informations.<\/li>\n<li>Tous les maillots de basketball sign\u00e9s sont v\u00e9rifi\u00e9s par l&rsquo;un des principaux authentificateurs am\u00e9ricains du march\u00e9 et sont livr\u00e9s avec des \u00e9l\u00e9ments de s\u00e9curit\u00e9 num\u00e9rot\u00e9s en s\u00e9rie qui confirment l&rsquo;authenticit\u00e9 des autographes (Certificate of Authenticity et\/ou hologramme de s\u00e9curit\u00e9). Authenticator d&rsquo;autographes de la NBA sont disponibles chez <strong><a href=\"https:\/\/memorabilia-germany.de\/fr\/nous-memorabilia-germany\/\">Memorabilia Germany<\/a><\/strong> exclusivement : <strong><a href=\"https:\/\/memorabilia-germany.de\/fr\/authentification-des-signatures\/#signature-authentication-beckett\">Beckett<\/a><\/strong>, <strong><a href=\"https:\/\/memorabilia-germany.de\/fr\/authentification-des-signatures\/#signature-authentication-james-spence\">James Spence Authentication<\/a><\/strong>, <strong><a href=\"https:\/\/memorabilia-germany.de\/fr\/authentification-des-signatures\/#signature-authentication-psa-dna\">PSA\/DNA<\/a><\/strong> ou <strong><a href=\"https:\/\/memorabilia-germany.de\/fr\/authentification-des-signatures\/#signature-authentication-fanatics\">Fanatics<\/a><\/strong>. Plus d&rsquo;infos sur ce th\u00e8me important Authentification vous trouverez <strong><a href=\"https:\/\/memorabilia-germany.de\/fr\/authentification-des-signatures\/\">ici<\/a><\/strong>.<\/li>\n<\/ul>\n<p>Quelle est la diff\u00e9rence entre les maillots Custom et les maillots Authentic?<br \/>\nVous trouverez des informations \u00e0 ce sujet dans nos <strong><a href=\"https:\/\/memorabilia-germany.de\/fr\/sports-memorabilia-faq\/#faq-jersey-types\">FAQ<\/a><\/strong><\/p>\n<p>Vous trouverez plus de Memorabilia sign\u00e9s Basketball <strong><a href=\"https:\/\/memorabilia-germany.de\/fr\/basket-ball-memorabilia\/\">ici<\/a><\/strong>.<\/p>\n","protected":false},"featured_media":69277,"template":"","meta":{"_acf_changed":false,"ocean_post_layout":"","ocean_both_sidebars_style":"","ocean_both_sidebars_content_width":0,"ocean_both_sidebars_sidebars_width":0,"ocean_sidebar":"0","ocean_second_sidebar":"0","ocean_disable_margins":"enable","ocean_add_body_class":"","ocean_shortcode_before_top_bar":"","ocean_shortcode_after_top_bar":"","ocean_shortcode_before_header":"","ocean_shortcode_after_header":"","ocean_has_shortcode":"","ocean_shortcode_after_title":"","ocean_shortcode_before_footer_widgets":"","ocean_shortcode_after_footer_widgets":"","ocean_shortcode_before_footer_bottom":"","ocean_shortcode_after_footer_bottom":"","ocean_display_top_bar":"default","ocean_display_header":"default","ocean_header_style":"","ocean_center_header_left_menu":"0","ocean_custom_header_template":"0","ocean_custom_logo":0,"ocean_custom_retina_logo":0,"ocean_custom_logo_max_width":0,"ocean_custom_logo_tablet_max_width":0,"ocean_custom_logo_mobile_max_width":0,"ocean_custom_logo_max_height":0,"ocean_custom_logo_tablet_max_height":0,"ocean_custom_logo_mobile_max_height":0,"ocean_header_custom_menu":"0","ocean_menu_typo_font_family":"0","ocean_menu_typo_font_subset":"","ocean_menu_typo_font_size":0,"ocean_menu_typo_font_size_tablet":0,"ocean_menu_typo_font_size_mobile":0,"ocean_menu_typo_font_size_unit":"px","ocean_menu_typo_font_weight":"","ocean_menu_typo_font_weight_tablet":"","ocean_menu_typo_font_weight_mobile":"","ocean_menu_typo_transform":"","ocean_menu_typo_transform_tablet":"","ocean_menu_typo_transform_mobile":"","ocean_menu_typo_line_height":0,"ocean_menu_typo_line_height_tablet":0,"ocean_menu_typo_line_height_mobile":0,"ocean_menu_typo_line_height_unit":"","ocean_menu_typo_spacing":0,"ocean_menu_typo_spacing_tablet":0,"ocean_menu_typo_spacing_mobile":0,"ocean_menu_typo_spacing_unit":"","ocean_menu_link_color":"","ocean_menu_link_color_hover":"","ocean_menu_link_color_active":"","ocean_menu_link_background":"","ocean_menu_link_hover_background":"","ocean_menu_link_active_background":"","ocean_menu_social_links_bg":"","ocean_menu_social_hover_links_bg":"","ocean_menu_social_links_color":"","ocean_menu_social_hover_links_color":"","ocean_disable_title":"default","ocean_disable_heading":"default","ocean_post_title":"","ocean_post_subheading":"","ocean_post_title_style":"","ocean_post_title_background_color":"","ocean_post_title_background":0,"ocean_post_title_bg_image_position":"","ocean_post_title_bg_image_attachment":"","ocean_post_title_bg_image_repeat":"","ocean_post_title_bg_image_size":"","ocean_post_title_height":0,"ocean_post_title_bg_overlay":0.5,"ocean_post_title_bg_overlay_color":"","ocean_disable_breadcrumbs":"default","ocean_breadcrumbs_color":"","ocean_breadcrumbs_separator_color":"","ocean_breadcrumbs_links_color":"","ocean_breadcrumbs_links_hover_color":"","ocean_display_footer_widgets":"default","ocean_display_footer_bottom":"default","ocean_custom_footer_template":"0","ofc_enable_fullscreen":"disable","ofc_fullscreen_speed":0,"ofc_fullscreen_nav":"enable","ofc_fullscreen_nav_pos":"right","ofc_fullscreen_nav_color":"","ofc_fullscreen_nav_tooltip_color":"","ofc_fullscreen_responsive":0},"product_brand":[],"product_cat":[4404],"product_tag":[],"class_list":{"0":"post-69320","1":"product","2":"type-product","3":"status-publish","4":"has-post-thumbnail","6":"product_cat-alperen-senguen-houston-rockets-rockets-pro-style-jersey-icon-edition-custom","7":"product_shipping_class-classe-dexpedition_a","9":"entry","10":"has-media","12":"first","13":"instock","14":"taxable","15":"shipping-taxable","16":"purchasable","17":"product-type-simple","18":"col","19":"span_1_of_4","20":"owp-content-center","21":"owp-thumbs-layout-horizontal","22":"owp-btn-normal","23":"owp-tabs-layout-horizontal"},"acf":[],"_links":{"self":[{"href":"https:\/\/memorabilia-germany.de\/fr\/wp-json\/wp\/v2\/product\/69320","targetHints":{"allow":["GET"]}}],"collection":[{"href":"https:\/\/memorabilia-germany.de\/fr\/wp-json\/wp\/v2\/product"}],"about":[{"href":"https:\/\/memorabilia-germany.de\/fr\/wp-json\/wp\/v2\/types\/product"}],"version-history":[{"count":0,"href":"https:\/\/memorabilia-germany.de\/fr\/wp-json\/wp\/v2\/product\/69320\/revisions"}],"wp:featuredmedia":[{"embeddable":true,"href":"https:\/\/memorabilia-germany.de\/fr\/wp-json\/wp\/v2\/media\/69277"}],"wp:attachment":[{"href":"https:\/\/memorabilia-germany.de\/fr\/wp-json\/wp\/v2\/media?parent=69320"}],"wp:term":[{"taxonomy":"product_brand","embeddable":true,"href":"https:\/\/memorabilia-germany.de\/fr\/wp-json\/wp\/v2\/product_brand?post=69320"},{"taxonomy":"product_cat","embeddable":true,"href":"https:\/\/memorabilia-germany.de\/fr\/wp-json\/wp\/v2\/product_cat?post=69320"},{"taxonomy":"product_tag","embeddable":true,"href":"https:\/\/memorabilia-germany.de\/fr\/wp-json\/wp\/v2\/product_tag?post=69320"}],"curies":[{"name":"wp","href":"https:\/\/api.w.org\/{rel}","templated":true}]}}